
{"id":1049,"date":"2016-07-24T15:26:44","date_gmt":"2016-07-24T15:26:44","guid":{"rendered":"http:\/\/martaberrocal.org\/es\/?page_id=1049"},"modified":"2017-01-30T21:41:49","modified_gmt":"2017-01-30T21:41:49","slug":"docencia-art-i-curriculum-cursos-oberts","status":"publish","type":"page","link":"https:\/\/martaberrocal.org\/cat\/docencia-art-i-curriculum-cursos-oberts\/","title":{"rendered":"Cursos, tallers i confer\u00e8ncias"},"content":{"rendered":"<p>En aquest apartat apareixen els cursos, tallers i confer\u00e8ncies que he impartit, oberts a professorat de diferents nivells i centres educatius.<\/p>\n<p>La major part d&#8217;ells els he impartit a Catalunya, per\u00f2 he tingut tamb\u00e9 el plaer i el privilegi de fer alguns a Gal\u00edcia i Andalusia.<\/p>\n<p>La majoria s&#8217;han organitzat a proposta de centres de professors, encarregats de detectar les necessitats de formaci\u00f3 del professorat i donar-li resposta. Ells s\u00f3n els que s&#8217;han posat en contacte amb mi per fer-me enc\u00e0rrecs espec\u00edfics.<\/p>\n<p>No obstant aix\u00f2, la tem\u00e0tica d&#8217;alguns d&#8217;aquests cursos l&#8217;he proposat jo, quan per exemple m&#8217;han ofert participar en accions de formaci\u00f3 \u00e0mplies, que englobaven diferents \u00e0rees de coneixement i inclo\u00efen l&#8217;educaci\u00f3 art\u00edstica.<\/p>\n<p>&nbsp;<\/p>\n<p><strong>Cursos <\/strong><\/p>\n<hr \/>\n<ul>\n<li><strong>Im\u00e1genes en Educaci\u00f3n Infantil<\/strong>. Organitzat pel Centre de Professorat d&#8217;Almeria.\n<ul>\n<li>Mar\u00e7 2005<\/li>\n<\/ul>\n<\/li>\n<li>Participo com a ponent al curs: <strong>Imagen y dibujo infantil<\/strong>.\u00a0 Organitzat pel Centre de Professorat d&#8217;Almeria.\n<ul>\n<li>2004<\/li>\n<\/ul>\n<\/li>\n<li>\u00a0<strong>El disseny curricular d&#8217;Educaci\u00f3 Visual i Pl\u00e0stica: Metodologies d&#8217;an\u00e0lisi, processos de deconstrucci\u00f3 i reconstrucci\u00f3 heur\u00edst<\/strong>ica.\n<ul>\n<li>Abril a maig de 2000<\/li>\n<\/ul>\n<\/li>\n<li><strong>Propostes i alternatives per treballar l&#8217;espai i el volum a secund\u00e0ria<\/strong>. Barcelona.\n<ul>\n<li>Del 6 al 16 setembre 1999<\/li>\n<li>Del 4 al 14 setembre 2000<\/li>\n<\/ul>\n<\/li>\n<li><strong>Did\u00e0ctica de la pl\u00e0stica. Continu\u00eftat<\/strong>. Cornell\u00e0 de Llobregat.\n<ul>\n<li>Novembre 1999 a mar\u00e7 del 2000<\/li>\n<\/ul>\n<\/li>\n<li><strong>Did\u00e0ctica de la pl\u00e0stica. Recursos<\/strong>. Cornell\u00e0 de Llobregat.\n<ul>\n<li>Octubre 1998 a mar\u00e7 de 1999<\/li>\n<\/ul>\n<\/li>\n<li><strong>Pl\u00e0stica a Prim\u00e0ria: T\u00e8cniques i recursos.<\/strong> Cornell\u00e0 de Llobregat.\n<ul>\n<li>Novembre de 1997 a febrer de 1998<\/li>\n<\/ul>\n<\/li>\n<li><strong>Creacions tridimensionals amb materials de rebuig<\/strong>.\n<ul>\n<li>Del 9 al 20 setembre 1996<\/li>\n<li>Febrer a abril de 1997<\/li>\n<\/ul>\n<\/li>\n<\/ul>\n<p>&nbsp;<\/p>\n<p><strong>Tallers<\/strong><\/p>\n<hr \/>\n<ul>\n<li><strong>Claves para potenciar o desenvolvemento da competencia cultural i art\u00edstica na educaci\u00f3n infantil<\/strong>. En el marc dels <em>VII Encontros de Educaci\u00f3n Infantil<\/em>. Organitzat per la Conselleria d&#8217;Educaci\u00f3 i Ordenaci\u00f3 Universit\u00e0ria de la Xunta de Gal\u00edcia. Santiago de Compostel\u00b7la.\n<ul>\n<li>25 i 26 setembre 2009<\/li>\n<\/ul>\n<\/li>\n<li><strong>Obradoiro de expresi\u00f3n pl\u00e1stica na escola infantil: cor, forma e volume<\/strong><em>.<\/em> Organitzat per la Conselleria d&#8217;Educaci\u00f3 i Ordenaci\u00f3 Universit\u00e0ria de la Xunta de Gal\u00edcia i el Centre de Formaci\u00f3 i Recursos da Coru\u00f1a. La Corunya.\n<ul>\n<li>Mar\u00e7 2006<\/li>\n<\/ul>\n<\/li>\n<li><strong>Treballar a cor<\/strong>. En el marc dels <em>V Encontros de Educaci\u00f3n Infantil<\/em>. Organitzat per la Conselleria d&#8217;Educaci\u00f3 i Ordenaci\u00f3 Universit\u00e0ria de la Xunta de Gal\u00edcia. Santiago de Compostel\u00b7la.\n<ul>\n<li>Juny 2006<\/li>\n<\/ul>\n<\/li>\n<li><strong>Taller<\/strong>. En el marc dels <em>I Encontros de Educaci\u00f3n Infantil<\/em>: <em>a expresi\u00f3n pl\u00e1stica a debate<\/em>. Organitzat per la Conselleria d&#8217;Educaci\u00f3 i Ordenaci\u00f3 Universit\u00e0ria de la Xunta de Gal\u00edcia. Santiago de Compostel\u00b7la.\n<ul>\n<li>24 i 25 maig 2002<\/li>\n<\/ul>\n<\/li>\n<\/ul>\n<p>&nbsp;<\/p>\n<p><strong>Confer\u00e8ncies<\/strong><\/p>\n<hr \/>\n<ul>\n<li>Formant part del curs: Barcelona a la m\u00e0: La ciutat com a recurs, imparteixo dues confer\u00e8ncies: <strong>Recursos did\u00e0ctics per a dissenyar activitats a partir dels itineraris realitzats<\/strong>. Impartit al Museu Barbier-Mueller de Barcelona. Mar\u00e7 1999<\/li>\n<li><strong>Confer\u00e8ncia<\/strong>. En el marc dels <em>I Encontros de Educaci\u00f3n Infantil<\/em>: a expresi\u00f3n pl\u00e1stica a debate. Organitzat per la Conselleria d&#8217;Educaci\u00f3 i Ordenaci\u00f3 Universit\u00e0ria de la Xunta de Gal\u00edcia. Santiago de Compostel\u00b7la. 24 i 25 de maig de 2002<strong>\u00a0<\/strong><\/li>\n<\/ul>\n","protected":false},"excerpt":{"rendered":"<p>En aquest apartat apareixen els cursos, tallers i confer\u00e8ncies que he impartit, oberts a professorat de diferents nivells i centres educatius. La major part d&#8217;ells els he impartit a Catalunya, per\u00f2 he tingut tamb\u00e9 el plaer i el privilegi de fer alguns a Gal\u00edcia i Andalusia. La majoria s&#8217;han organitzat a proposta de centres de &hellip; <a href=\"https:\/\/martaberrocal.org\/cat\/docencia-art-i-curriculum-cursos-oberts\/\" class=\"more-link\">Continua la lectura de <span class=\"screen-reader-text\">Cursos, tallers i confer\u00e8ncias<\/span> <span class=\"meta-nav\">&rarr;<\/span><\/a><\/p>\n","protected":false},"author":1,"featured_media":0,"parent":0,"menu_order":0,"comment_status":"closed","ping_status":"closed","template":"","meta":{"footnotes":""},"class_list":["post-1049","page","type-page","status-publish","hentry"],"_links":{"self":[{"href":"https:\/\/martaberrocal.org\/cat\/wp-json\/wp\/v2\/pages\/1049","targetHints":{"allow":["GET"]}}],"collection":[{"href":"https:\/\/martaberrocal.org\/cat\/wp-json\/wp\/v2\/pages"}],"about":[{"href":"https:\/\/martaberrocal.org\/cat\/wp-json\/wp\/v2\/types\/page"}],"author":[{"embeddable":true,"href":"https:\/\/martaberrocal.org\/cat\/wp-json\/wp\/v2\/users\/1"}],"replies":[{"embeddable":true,"href":"https:\/\/martaberrocal.org\/cat\/wp-json\/wp\/v2\/comments?post=1049"}],"version-history":[{"count":3,"href":"https:\/\/martaberrocal.org\/cat\/wp-json\/wp\/v2\/pages\/1049\/revisions"}],"predecessor-version":[{"id":1832,"href":"https:\/\/martaberrocal.org\/cat\/wp-json\/wp\/v2\/pages\/1049\/revisions\/1832"}],"wp:attachment":[{"href":"https:\/\/martaberrocal.org\/cat\/wp-json\/wp\/v2\/media?parent=1049"}],"curies":[{"name":"wp","href":"https:\/\/api.w.org\/{rel}","templated":true}]}}