
{"id":105,"date":"2016-05-17T16:38:47","date_gmt":"2016-05-17T16:38:47","guid":{"rendered":"http:\/\/marta.ecoresiduos.es\/?page_id=105"},"modified":"2017-03-28T20:09:41","modified_gmt":"2017-03-28T20:09:41","slug":"museu-ambulant","status":"publish","type":"page","link":"https:\/\/martaberrocal.org\/cat\/museu-ambulant\/","title":{"rendered":"Museu Ambulant"},"content":{"rendered":"<p>&nbsp;<\/p>\n<figure id=\"attachment_41\" aria-describedby=\"caption-attachment-41\" style=\"width: 294px\" class=\"wp-caption alignleft\"><a href=\"https:\/\/martaberrocal.org\/cat\/wp-content\/uploads\/2016\/05\/Museu-Ambulant-1.jpg\"><img loading=\"lazy\" decoding=\"async\" class=\"wp-image-41\" src=\"https:\/\/martaberrocal.org\/cat\/wp-content\/uploads\/2016\/05\/Museu-Ambulant-1.jpg\" alt=\"Calaixera del projecte Museu Ambulant \" width=\"294\" height=\"320\" srcset=\"https:\/\/martaberrocal.org\/cat\/wp-content\/uploads\/2016\/05\/Museu-Ambulant-1.jpg 420w, https:\/\/martaberrocal.org\/cat\/wp-content\/uploads\/2016\/05\/Museu-Ambulant-1-276x300.jpg 276w\" sizes=\"auto, (max-width: 294px) 100vw, 294px\" \/><\/a><figcaption id=\"caption-attachment-41\" class=\"wp-caption-text\">Calaixera del projecte Museu Ambulant<\/figcaption><\/figure>\n<p><strong><a href=\"http:\/\/www.blogmuseuciencies.org\/2010\/07\/el-museo-ambulant-un-exemple-de-bones-practiques\/\" target=\"_blank\">Museu Ambulant<\/a>\u00a0<\/strong> \u00e9s un projecte realitzat per al \u00a0<a href=\"http:\/\/museuciencies.cat\/\" target=\"_blank\">Museu de Ci\u00e8ncies Naturals de Barcelona<\/a>.<\/p>\n<p>El <strong>Museu Ambulant<\/strong> neix l\u2019any 2009 amb la intenci\u00f3 d\u2019acostar-se a grups de persones que por motius diferents no poden visitar el Museu de Ci\u00e8ncies Naturals de Barcelona (Secci\u00f3 de zoologia). Consisteix en una calaixera amb rodes, dissenyada per ser transportada amb facilitat. Ofereix vuit calaixos que contenen materials per ser manipulats i estudiats (esp\u00e8cimens reals, reproduccions, imatges, instruments cient\u00edfics, llibres, etc.), informaci\u00f3 variada i un conjunt de propostes per desenvolupar diverses activitats de manera aut\u00f2noma i flexible. Permet con\u00e8ixer una petita mostra dels continguts del museu, aix\u00ed com tamb\u00e9 algunes de les activitats cient\u00edfiques i educatives que aquest porta a terme.<\/p>\n<p>Les imatges que hi ha a continuaci\u00f3 constitueixen una selecci\u00f3 dels materials que cont\u00e9 el Museu Ambulant:<\/p>\n<div id='gallery-1' class='gallery galleryid-105 gallery-columns-5 gallery-size-thumbnail'><figure class='gallery-item'>\n\t\t\t<div class='gallery-icon portrait'>\n\t\t\t\t<a href='https:\/\/martaberrocal.org\/cat\/wp-content\/uploads\/2016\/05\/DSC09227-800x600-e1480970049856.jpg'><img loading=\"lazy\" decoding=\"async\" width=\"150\" height=\"150\" src=\"https:\/\/martaberrocal.org\/cat\/wp-content\/uploads\/2016\/05\/DSC09227-800x600-e1480970049856-150x150.jpg\" class=\"attachment-thumbnail size-thumbnail\" alt=\"\" \/><\/a>\n\t\t\t<\/div><\/figure><figure class='gallery-item'>\n\t\t\t<div class='gallery-icon landscape'>\n\t\t\t\t<a href='https:\/\/martaberrocal.org\/cat\/wp-content\/uploads\/2016\/05\/Targetasplastificadas-II.jpg'><img loading=\"lazy\" decoding=\"async\" width=\"150\" height=\"150\" src=\"https:\/\/martaberrocal.org\/cat\/wp-content\/uploads\/2016\/05\/Targetasplastificadas-II-150x150.jpg\" class=\"attachment-thumbnail size-thumbnail\" alt=\"\" \/><\/a>\n\t\t\t<\/div><\/figure><figure class='gallery-item'>\n\t\t\t<div class='gallery-icon landscape'>\n\t\t\t\t<a href='https:\/\/martaberrocal.org\/cat\/wp-content\/uploads\/2016\/05\/Esqueleto-marino.jpg'><img loading=\"lazy\" decoding=\"async\" width=\"150\" height=\"150\" src=\"https:\/\/martaberrocal.org\/cat\/wp-content\/uploads\/2016\/05\/Esqueleto-marino-150x150.jpg\" class=\"attachment-thumbnail size-thumbnail\" alt=\"\" \/><\/a>\n\t\t\t<\/div><\/figure><figure class='gallery-item'>\n\t\t\t<div class='gallery-icon landscape'>\n\t\t\t\t<a href='https:\/\/martaberrocal.org\/cat\/wp-content\/uploads\/2016\/05\/Cepaea-Nemoralis.jpg'><img loading=\"lazy\" decoding=\"async\" width=\"150\" height=\"150\" src=\"https:\/\/martaberrocal.org\/cat\/wp-content\/uploads\/2016\/05\/Cepaea-Nemoralis-150x150.jpg\" class=\"attachment-thumbnail size-thumbnail\" alt=\"\" \/><\/a>\n\t\t\t<\/div><\/figure><figure class='gallery-item'>\n\t\t\t<div class='gallery-icon landscape'>\n\t\t\t\t<a href='https:\/\/martaberrocal.org\/cat\/wp-content\/uploads\/2016\/05\/Caracoles-terrestres.jpg'><img loading=\"lazy\" decoding=\"async\" width=\"150\" height=\"150\" src=\"https:\/\/martaberrocal.org\/cat\/wp-content\/uploads\/2016\/05\/Caracoles-terrestres-150x150.jpg\" class=\"attachment-thumbnail size-thumbnail\" alt=\"\" \/><\/a>\n\t\t\t<\/div><\/figure><figure class='gallery-item'>\n\t\t\t<div class='gallery-icon landscape'>\n\t\t\t\t<a href='https:\/\/martaberrocal.org\/cat\/wp-content\/uploads\/2016\/05\/21-gener-004-800x600.jpg'><img loading=\"lazy\" decoding=\"async\" width=\"150\" height=\"150\" src=\"https:\/\/martaberrocal.org\/cat\/wp-content\/uploads\/2016\/05\/21-gener-004-800x600-150x150.jpg\" class=\"attachment-thumbnail size-thumbnail\" alt=\"\" \/><\/a>\n\t\t\t<\/div><\/figure><figure class='gallery-item'>\n\t\t\t<div class='gallery-icon landscape'>\n\t\t\t\t<a href='https:\/\/martaberrocal.org\/cat\/wp-content\/uploads\/2016\/05\/Lepidopteros.jpg'><img loading=\"lazy\" decoding=\"async\" width=\"150\" height=\"150\" src=\"https:\/\/martaberrocal.org\/cat\/wp-content\/uploads\/2016\/05\/Lepidopteros-150x150.jpg\" class=\"attachment-thumbnail size-thumbnail\" alt=\"\" \/><\/a>\n\t\t\t<\/div><\/figure><figure class='gallery-item'>\n\t\t\t<div class='gallery-icon landscape'>\n\t\t\t\t<a href='https:\/\/martaberrocal.org\/cat\/wp-content\/uploads\/2016\/05\/Alas-de-mariposa.jpg'><img loading=\"lazy\" decoding=\"async\" width=\"150\" height=\"150\" src=\"https:\/\/martaberrocal.org\/cat\/wp-content\/uploads\/2016\/05\/Alas-de-mariposa-150x150.jpg\" class=\"attachment-thumbnail size-thumbnail\" alt=\"\" \/><\/a>\n\t\t\t<\/div><\/figure><figure class='gallery-item'>\n\t\t\t<div class='gallery-icon landscape'>\n\t\t\t\t<a href='https:\/\/martaberrocal.org\/cat\/wp-content\/uploads\/2016\/05\/Detalle-de-ala-de-mariposa.jpg'><img loading=\"lazy\" decoding=\"async\" width=\"150\" height=\"150\" src=\"https:\/\/martaberrocal.org\/cat\/wp-content\/uploads\/2016\/05\/Detalle-de-ala-de-mariposa-150x150.jpg\" class=\"attachment-thumbnail size-thumbnail\" alt=\"\" \/><\/a>\n\t\t\t<\/div><\/figure><figure class='gallery-item'>\n\t\t\t<div class='gallery-icon landscape'>\n\t\t\t\t<a href='https:\/\/martaberrocal.org\/cat\/wp-content\/uploads\/2016\/05\/DSC08965-Copiar.jpg'><img loading=\"lazy\" decoding=\"async\" width=\"150\" height=\"150\" src=\"https:\/\/martaberrocal.org\/cat\/wp-content\/uploads\/2016\/05\/DSC08965-Copiar-150x150.jpg\" class=\"attachment-thumbnail size-thumbnail\" alt=\"\" \/><\/a>\n\t\t\t<\/div><\/figure><figure class='gallery-item'>\n\t\t\t<div class='gallery-icon landscape'>\n\t\t\t\t<a href='https:\/\/martaberrocal.org\/cat\/wp-content\/uploads\/2016\/05\/DSC08970-Copiar.jpg'><img loading=\"lazy\" decoding=\"async\" width=\"150\" height=\"150\" src=\"https:\/\/martaberrocal.org\/cat\/wp-content\/uploads\/2016\/05\/DSC08970-Copiar-150x150.jpg\" class=\"attachment-thumbnail size-thumbnail\" alt=\"\" \/><\/a>\n\t\t\t<\/div><\/figure><figure class='gallery-item'>\n\t\t\t<div class='gallery-icon landscape'>\n\t\t\t\t<a href='https:\/\/martaberrocal.org\/cat\/wp-content\/uploads\/2016\/05\/Pieles.jpg'><img loading=\"lazy\" decoding=\"async\" width=\"150\" height=\"150\" src=\"https:\/\/martaberrocal.org\/cat\/wp-content\/uploads\/2016\/05\/Pieles-150x150.jpg\" class=\"attachment-thumbnail size-thumbnail\" alt=\"\" \/><\/a>\n\t\t\t<\/div><\/figure><figure class='gallery-item'>\n\t\t\t<div class='gallery-icon landscape'>\n\t\t\t\t<a href='https:\/\/martaberrocal.org\/cat\/wp-content\/uploads\/2016\/05\/DSC08995-Copiar.jpg'><img loading=\"lazy\" decoding=\"async\" width=\"150\" height=\"150\" src=\"https:\/\/martaberrocal.org\/cat\/wp-content\/uploads\/2016\/05\/DSC08995-Copiar-150x150.jpg\" class=\"attachment-thumbnail size-thumbnail\" alt=\"\" \/><\/a>\n\t\t\t<\/div><\/figure><figure class='gallery-item'>\n\t\t\t<div class='gallery-icon landscape'>\n\t\t\t\t<a href='https:\/\/martaberrocal.org\/cat\/wp-content\/uploads\/2016\/05\/Detalle-plumas.jpg'><img loading=\"lazy\" decoding=\"async\" width=\"150\" height=\"150\" src=\"https:\/\/martaberrocal.org\/cat\/wp-content\/uploads\/2016\/05\/Detalle-plumas-150x150.jpg\" class=\"attachment-thumbnail size-thumbnail\" alt=\"\" \/><\/a>\n\t\t\t<\/div><\/figure><figure class='gallery-item'>\n\t\t\t<div class='gallery-icon landscape'>\n\t\t\t\t<a href='https:\/\/martaberrocal.org\/cat\/wp-content\/uploads\/2016\/05\/Codorniz-naturalizada.jpg'><img loading=\"lazy\" decoding=\"async\" width=\"150\" height=\"150\" src=\"https:\/\/martaberrocal.org\/cat\/wp-content\/uploads\/2016\/05\/Codorniz-naturalizada-150x150.jpg\" class=\"attachment-thumbnail size-thumbnail\" alt=\"\" \/><\/a>\n\t\t\t<\/div><\/figure><figure class='gallery-item'>\n\t\t\t<div class='gallery-icon landscape'>\n\t\t\t\t<a href='https:\/\/martaberrocal.org\/cat\/wp-content\/uploads\/2016\/05\/Esqueleto-de-conejo.jpg'><img loading=\"lazy\" decoding=\"async\" width=\"150\" height=\"150\" src=\"https:\/\/martaberrocal.org\/cat\/wp-content\/uploads\/2016\/05\/Esqueleto-de-conejo-150x150.jpg\" class=\"attachment-thumbnail size-thumbnail\" alt=\"\" \/><\/a>\n\t\t\t<\/div><\/figure><figure class='gallery-item'>\n\t\t\t<div class='gallery-icon landscape'>\n\t\t\t\t<a href='https:\/\/martaberrocal.org\/cat\/wp-content\/uploads\/2016\/05\/DSC07443-Copiar.jpg'><img loading=\"lazy\" decoding=\"async\" width=\"150\" height=\"150\" src=\"https:\/\/martaberrocal.org\/cat\/wp-content\/uploads\/2016\/05\/DSC07443-Copiar-150x150.jpg\" class=\"attachment-thumbnail size-thumbnail\" alt=\"\" \/><\/a>\n\t\t\t<\/div><\/figure><figure class='gallery-item'>\n\t\t\t<div class='gallery-icon portrait'>\n\t\t\t\t<a href='https:\/\/martaberrocal.org\/cat\/wp-content\/uploads\/2016\/05\/DSC09012-Copiar.jpg'><img loading=\"lazy\" decoding=\"async\" width=\"150\" height=\"150\" src=\"https:\/\/martaberrocal.org\/cat\/wp-content\/uploads\/2016\/05\/DSC09012-Copiar-150x150.jpg\" class=\"attachment-thumbnail size-thumbnail\" alt=\"\" \/><\/a>\n\t\t\t<\/div><\/figure><figure class='gallery-item'>\n\t\t\t<div class='gallery-icon portrait'>\n\t\t\t\t<a href='https:\/\/martaberrocal.org\/cat\/wp-content\/uploads\/2016\/05\/Muestras-conservadas-en-alcohol.jpg'><img loading=\"lazy\" decoding=\"async\" width=\"150\" height=\"150\" src=\"https:\/\/martaberrocal.org\/cat\/wp-content\/uploads\/2016\/05\/Muestras-conservadas-en-alcohol-150x150.jpg\" class=\"attachment-thumbnail size-thumbnail\" alt=\"\" \/><\/a>\n\t\t\t<\/div><\/figure><figure class='gallery-item'>\n\t\t\t<div class='gallery-icon landscape'>\n\t\t\t\t<a href='https:\/\/martaberrocal.org\/cat\/wp-content\/uploads\/2016\/05\/Hormigas.jpg'><img loading=\"lazy\" decoding=\"async\" width=\"150\" height=\"150\" src=\"https:\/\/martaberrocal.org\/cat\/wp-content\/uploads\/2016\/05\/Hormigas-150x150.jpg\" class=\"attachment-thumbnail size-thumbnail\" alt=\"\" aria-describedby=\"gallery-1-2008\" \/><\/a>\n\t\t\t<\/div>\n\t\t\t\t<figcaption class='wp-caption-text gallery-caption' id='gallery-1-2008'>\n\t\t\t\tFormiga\n\t\t\t\t<\/figcaption><\/figure>\n\t\t<\/div>\n\n<p>Aquest petit museu pot ser visitat i descobert en qualsevol lloc on pugui instal\u00b7lar-se una temporada. Es deixa en pr\u00e9stec de forma gratu\u00efta a les <strong>escoles d&#8217;adults dels centres penitenciaris de Catalunya<\/strong>, i des del curs 2011-12, tamb\u00e9 als <strong>centres educatius de just\u00edcia juvenil<\/strong>.<\/p>\n<p>Durant els cursos escolars 2009-10 i 2010-11, el Museu Ambulant va viatjar als seg\u00fcents centres penitenciaris:<\/p>\n<ul>\n<li>Lledoners, Girona, Figueres, Trinitat Joves, Brians II, Quatre Camins, La Model, Wad-Ras i Tarragona.<\/li>\n<\/ul>\n<p>I el curs 2011-12 als seg\u00fcents centres de just\u00edcia juvenil:<\/p>\n<ul>\n<li>L&#8217;Alzina, Can Llupi\u00e0, El Segre i Els Til\u00b7lers.<\/li>\n<\/ul>\n<p>Vaig tenir ocasi\u00f3 d&#8217;impartir sessions de <a href=\"https:\/\/martaberrocal.org\/cat\/proyecto-museo-ambulante-escuelas-de-centros-penitenciarios-y-de-justicia-juvenil-de-cataluna\/\">formaci\u00f3 espec\u00edfica<\/a>, adre\u00e7ada als equips de docents que havien demanat en pr\u00e9stec el Museu Ambulant, i ho van sol\u00b7licitar. Em vaig despla\u00e7ar en tots els casos als centres penitenciaris per realitzar la formaci\u00f3.<\/p>\n<p>El que vaig aprendre durant aquestes sessions, aix\u00ed com tamb\u00e9 les dades que van proporcionar les enquestes que es van passar als docents per valorar el projecte, va possibilitar donar-li continuaci\u00f3 amb la creaci\u00f3 de nous materials: <a href=\"https:\/\/martaberrocal.org\/cat\/construccions-i-constructors\">Construccions i constructors<\/a>.<\/p>\n<p><strong>El projecte Museu Ambulant ha rebut el <a href=\"https:\/\/martaberrocal.org\/cat\/premis\">3r premi Innova<\/a> 2011 i una menci\u00f3 d\u2019honor en el I Concurso Iberoamericano\u00a0 de Educaci\u00f3n y Museos.<\/strong><\/p>\n<p>&nbsp;<\/p>\n<p>&nbsp;<\/p>\n<p>&nbsp;<\/p>\n<p>&nbsp;<\/p>\n","protected":false},"excerpt":{"rendered":"<p>&nbsp; Museu Ambulant\u00a0 \u00e9s un projecte realitzat per al \u00a0Museu de Ci\u00e8ncies Naturals de Barcelona. El Museu Ambulant neix l\u2019any 2009 amb la intenci\u00f3 d\u2019acostar-se a grups de persones que por motius diferents no poden visitar el Museu de Ci\u00e8ncies Naturals de Barcelona (Secci\u00f3 de zoologia). Consisteix en una calaixera amb rodes, dissenyada per ser &hellip; <a href=\"https:\/\/martaberrocal.org\/cat\/museu-ambulant\/\" class=\"more-link\">Continua la lectura de <span class=\"screen-reader-text\">Museu Ambulant<\/span> <span class=\"meta-nav\">&rarr;<\/span><\/a><\/p>\n","protected":false},"author":1,"featured_media":0,"parent":0,"menu_order":0,"comment_status":"closed","ping_status":"closed","template":"","meta":{"footnotes":""},"class_list":["post-105","page","type-page","status-publish","hentry"],"_links":{"self":[{"href":"https:\/\/martaberrocal.org\/cat\/wp-json\/wp\/v2\/pages\/105","targetHints":{"allow":["GET"]}}],"collection":[{"href":"https:\/\/martaberrocal.org\/cat\/wp-json\/wp\/v2\/pages"}],"about":[{"href":"https:\/\/martaberrocal.org\/cat\/wp-json\/wp\/v2\/types\/page"}],"author":[{"embeddable":true,"href":"https:\/\/martaberrocal.org\/cat\/wp-json\/wp\/v2\/users\/1"}],"replies":[{"embeddable":true,"href":"https:\/\/martaberrocal.org\/cat\/wp-json\/wp\/v2\/comments?post=105"}],"version-history":[{"count":11,"href":"https:\/\/martaberrocal.org\/cat\/wp-json\/wp\/v2\/pages\/105\/revisions"}],"predecessor-version":[{"id":2970,"href":"https:\/\/martaberrocal.org\/cat\/wp-json\/wp\/v2\/pages\/105\/revisions\/2970"}],"wp:attachment":[{"href":"https:\/\/martaberrocal.org\/cat\/wp-json\/wp\/v2\/media?parent=105"}],"curies":[{"name":"wp","href":"https:\/\/api.w.org\/{rel}","templated":true}]}}