
{"id":1052,"date":"2016-07-24T15:27:18","date_gmt":"2016-07-24T15:27:18","guid":{"rendered":"http:\/\/martaberrocal.org\/es\/?page_id=1052"},"modified":"2017-01-30T21:42:59","modified_gmt":"2017-01-30T21:42:59","slug":"docencia-art-i-curriculum-cursos-en-centres","status":"publish","type":"page","link":"https:\/\/martaberrocal.org\/cat\/docencia-art-i-curriculum-cursos-en-centres\/","title":{"rendered":"Cursos en centres"},"content":{"rendered":"<p>Els cursos en centres aborden aspectes gen\u00e8rics o espec\u00edfics relacionats amb l&#8217;educaci\u00f3 art\u00edstica, que proposen o demanen les pr\u00f2pies escoles.<\/p>\n<p>Els construeixo en resposta a les demandes que aquestes expressen i tamb\u00e9 en funci\u00f3 del que jo mateixa crec que puc aportar despr\u00e9s de con\u00e8ixer-nos. Aquests cursos intenten ser especialment pr\u00e0ctics i possibilitar que es duguin a terme noves propostes i activitats a l&#8217;aula. Estan sempre connectats amb una idea de canvi i renovaci\u00f3, aix\u00ed com tamb\u00e9 de millora.<\/p>\n<p>Tenen una durada de 15 a 30 hores.<\/p>\n<p>Aquests s\u00f3n els cursos que he realitzat entre els anys 2001 i 2008:<\/p>\n<ul>\n<li>\u00a0<strong>Orientaci\u00f3 i possibilitats del nou curr\u00edculum d&#8217;Educaci\u00f3 Visual i Pl\u00e0stica de secund\u00e0ria<\/strong> (LOE). Dirigit a professorat d&#8217;Educaci\u00f3 Secund\u00e0ria d&#8217;Escoles Pias de Catalunya.\n<ul>\n<li>Curs 2007-08.<\/li>\n<\/ul>\n<\/li>\n<li><strong>L&#8217;educaci\u00f3 pl\u00e0stica a prim\u00e0ria<\/strong>. CEIP Sagrada Fam\u00edlia de Caldes d&#8217;Estrac.\n<ul>\n<li>Curs 2006-07<\/li>\n<\/ul>\n<\/li>\n<li>\u00a0<strong>Enfocaments metodol\u00f2gics i recursos did\u00e0ctics per al desenvolupament de l&#8217;\u00e0rea d&#8217;Educaci\u00f3 Visual i Pl\u00e0stica<\/strong>. Dirigit a professorat d&#8217;Educaci\u00f3 Infantil i Prim\u00e0ria de l&#8217;Escola Pia de Sarri\u00e0 de Barcelona.\n<ul>\n<li>Curs 2005-06<\/li>\n<\/ul>\n<\/li>\n<li><strong>La pl\u00e0stica a l&#8217;aula<\/strong>. CEIP Sant Joan de la Ribera de Barcelona.\n<ul>\n<li>Curs 2005-06<\/li>\n<\/ul>\n<\/li>\n<li><strong>L&#8217;expressi\u00f3 pl\u00e0stica<\/strong>. Ateneu Instructiu de Sant Joan Desp\u00ed.\n<ul>\n<li>Curs 2005-06<\/li>\n<\/ul>\n<\/li>\n<li><strong>Tallers de pl\u00e0stica a l&#8217;escola<\/strong>. CEIP Anselm Clav\u00e9 de Cornell\u00e0 de Llobregat.\n<ul>\n<li>Febrer-mar\u00e7 2004<\/li>\n<\/ul>\n<\/li>\n<li><strong>L&#8217;art i l&#8217;educaci\u00f3 visual i pl\u00e0stica<\/strong>. Granollers.\n<ul>\n<li>2001<\/li>\n<\/ul>\n<\/li>\n<li><strong>Did\u00e0ctica de la pl\u00e0stica<\/strong>. Centelles.\n<ul>\n<li>Setembre 2001<\/li>\n<\/ul>\n<\/li>\n<\/ul>\n<p>&nbsp;<\/p>\n<hr \/>\n<p>En ocasions la doc\u00e8ncia es desenvolupa en una sola sessi\u00f3 de 3 hores, sobre un tema espec\u00edfic. \u00c9s el cas de les seg\u00fcents sessions impartides a professors d&#8217;Educaci\u00f3 Secund\u00e0ria de diverses escoles Pies de Catalunya:<\/p>\n<ul>\n<li><strong>L&#8217;art contemporani en el curr\u00edculum d&#8217;educaci\u00f3 visual i pl\u00e0stica de secund\u00e0ria. Estrat\u00e8gies d&#8217;aproximaci\u00f3 i orientacions did\u00e0ctiques<\/strong>.\n<ul>\n<li>Mar\u00e7 2005<\/li>\n<\/ul>\n<\/li>\n<li><strong>El curr\u00edculum d&#8217;educaci\u00f3 visual i pl\u00e0stica a secund\u00e0ria<\/strong>.\n<ul>\n<li>Gener 2004<\/li>\n<\/ul>\n<\/li>\n<li><strong>L&#8217;art contemporani en el curr\u00edculum de secund\u00e0ria.<\/strong>\n<ul>\n<li>Gener 2003<\/li>\n<\/ul>\n<\/li>\n<\/ul>\n<p>&nbsp;<\/p>\n","protected":false},"excerpt":{"rendered":"<p>Els cursos en centres aborden aspectes gen\u00e8rics o espec\u00edfics relacionats amb l&#8217;educaci\u00f3 art\u00edstica, que proposen o demanen les pr\u00f2pies escoles. Els construeixo en resposta a les demandes que aquestes expressen i tamb\u00e9 en funci\u00f3 del que jo mateixa crec que puc aportar despr\u00e9s de con\u00e8ixer-nos. Aquests cursos intenten ser especialment pr\u00e0ctics i possibilitar que es &hellip; <a href=\"https:\/\/martaberrocal.org\/cat\/docencia-art-i-curriculum-cursos-en-centres\/\" class=\"more-link\">Continua la lectura de <span class=\"screen-reader-text\">Cursos en centres<\/span> <span class=\"meta-nav\">&rarr;<\/span><\/a><\/p>\n","protected":false},"author":1,"featured_media":0,"parent":0,"menu_order":0,"comment_status":"closed","ping_status":"closed","template":"","meta":{"footnotes":""},"class_list":["post-1052","page","type-page","status-publish","hentry"],"_links":{"self":[{"href":"https:\/\/martaberrocal.org\/cat\/wp-json\/wp\/v2\/pages\/1052","targetHints":{"allow":["GET"]}}],"collection":[{"href":"https:\/\/martaberrocal.org\/cat\/wp-json\/wp\/v2\/pages"}],"about":[{"href":"https:\/\/martaberrocal.org\/cat\/wp-json\/wp\/v2\/types\/page"}],"author":[{"embeddable":true,"href":"https:\/\/martaberrocal.org\/cat\/wp-json\/wp\/v2\/users\/1"}],"replies":[{"embeddable":true,"href":"https:\/\/martaberrocal.org\/cat\/wp-json\/wp\/v2\/comments?post=1052"}],"version-history":[{"count":4,"href":"https:\/\/martaberrocal.org\/cat\/wp-json\/wp\/v2\/pages\/1052\/revisions"}],"predecessor-version":[{"id":1838,"href":"https:\/\/martaberrocal.org\/cat\/wp-json\/wp\/v2\/pages\/1052\/revisions\/1838"}],"wp:attachment":[{"href":"https:\/\/martaberrocal.org\/cat\/wp-json\/wp\/v2\/media?parent=1052"}],"curies":[{"name":"wp","href":"https:\/\/api.w.org\/{rel}","templated":true}]}}