
{"id":1116,"date":"2016-08-02T15:23:25","date_gmt":"2016-08-02T15:23:25","guid":{"rendered":"http:\/\/martaberrocal.org\/es\/?page_id=1116"},"modified":"2017-01-30T21:55:28","modified_gmt":"2017-01-30T21:55:28","slug":"docencia-educacio-social","status":"publish","type":"page","link":"https:\/\/martaberrocal.org\/cat\/docencia-educacio-social\/","title":{"rendered":"Educaci\u00f3 social"},"content":{"rendered":"<p>&nbsp;<\/p>\n<p>Aquest bloc de doc\u00e8ncia inclou els seg\u00fcents apartats:<\/p>\n<ul>\n<li><a href=\"https:\/\/martaberrocal.org\/cat\/?page_id=843\">Inclusi\u00f3, multiculturalitat, interculturalitat i diversitat<\/a><\/li>\n<li><a href=\"https:\/\/martaberrocal.org\/cat\/?page_id=318\">Educaci\u00f3 socioemocional i socio sanit\u00e0ria<\/a><\/li>\n<\/ul>\n","protected":false},"excerpt":{"rendered":"<p>&nbsp; Aquest bloc de doc\u00e8ncia inclou els seg\u00fcents apartats: Inclusi\u00f3, multiculturalitat, interculturalitat i diversitat Educaci\u00f3 socioemocional i socio sanit\u00e0ria<\/p>\n","protected":false},"author":1,"featured_media":0,"parent":0,"menu_order":0,"comment_status":"closed","ping_status":"closed","template":"","meta":{"footnotes":""},"class_list":["post-1116","page","type-page","status-publish","hentry"],"_links":{"self":[{"href":"https:\/\/martaberrocal.org\/cat\/wp-json\/wp\/v2\/pages\/1116","targetHints":{"allow":["GET"]}}],"collection":[{"href":"https:\/\/martaberrocal.org\/cat\/wp-json\/wp\/v2\/pages"}],"about":[{"href":"https:\/\/martaberrocal.org\/cat\/wp-json\/wp\/v2\/types\/page"}],"author":[{"embeddable":true,"href":"https:\/\/martaberrocal.org\/cat\/wp-json\/wp\/v2\/users\/1"}],"replies":[{"embeddable":true,"href":"https:\/\/martaberrocal.org\/cat\/wp-json\/wp\/v2\/comments?post=1116"}],"version-history":[{"count":4,"href":"https:\/\/martaberrocal.org\/cat\/wp-json\/wp\/v2\/pages\/1116\/revisions"}],"predecessor-version":[{"id":1855,"href":"https:\/\/martaberrocal.org\/cat\/wp-json\/wp\/v2\/pages\/1116\/revisions\/1855"}],"wp:attachment":[{"href":"https:\/\/martaberrocal.org\/cat\/wp-json\/wp\/v2\/media?parent=1116"}],"curies":[{"name":"wp","href":"https:\/\/api.w.org\/{rel}","templated":true}]}}