
{"id":1121,"date":"2016-08-02T15:47:32","date_gmt":"2016-08-02T15:47:32","guid":{"rendered":"http:\/\/martaberrocal.org\/es\/?page_id=1121"},"modified":"2017-05-30T10:11:16","modified_gmt":"2017-05-30T10:11:16","slug":"educacio-socio-sanitaria","status":"publish","type":"page","link":"https:\/\/martaberrocal.org\/cat\/educacio-socio-sanitaria\/","title":{"rendered":"Educaci\u00f3 socio-sanit\u00e0ria"},"content":{"rendered":"<p><img loading=\"lazy\" decoding=\"async\" class=\"alignleft wp-image-1178 size-medium\" src=\"http:\/\/martaberrocal.org\/es\/wp-content\/uploads\/2016\/08\/DSC03783-Copiar-175x300.jpg\" alt=\"DSC03783 (Copiar)\" width=\"175\" height=\"300\" srcset=\"https:\/\/martaberrocal.org\/cat\/wp-content\/uploads\/2016\/08\/DSC03783-Copiar-175x300.jpg 175w, https:\/\/martaberrocal.org\/cat\/wp-content\/uploads\/2016\/08\/DSC03783-Copiar.jpg 280w\" sizes=\"auto, (max-width: 175px) 100vw, 175px\" \/><\/p>\n<p>Projecte <strong>KitsCaixa HOSPITALS<\/strong>. Obra Social &#8220;la Caixa&#8221;<\/p>\n<p>&nbsp;<\/p>\n<p>Participo en aquest projecte col\u00b7laborant amb en Toni Cirera en la conceptualitzaci\u00f3 del material did\u00e0ctic del <strong>KitsCaixa Hospital<\/strong> del <strong>Projecte CiberCaixa Hospital\u00e0ries<\/strong>. Aquest projecte s&#8217;inscriu dins de les iniciatives que l&#8217;Obra Social &#8220;la Caixa&#8221; porta a terme en col\u00b7laboraci\u00f3 amb les Conselleries de Sanitat de les diferents comunitats aut\u00f2nomes.<\/p>\n<p>Les <strong>CiberCaixa Hospital\u00e0ries<\/strong> s\u00f3n espais situats als hospitals dissenyats espec\u00edficament perqu\u00e8 els nens i nenes puguin relacionar-se entre si i amb els seus familiars, en un entorn d&#8217;entreteniment, comunicaci\u00f3 i aprenentatge. Intenten contribuir a reduir l&#8217;impacte de l&#8217;hospitalitzaci\u00f3 tant en els menors com en les seves fam\u00edlies.<\/p>\n<p>Les CiberCaixa Hospital\u00e0ries ofereixen:<\/p>\n<ul>\n<li><strong>Un espai espec\u00edfic on els petits poden connectar-se a internet<\/strong> i divertir-se amb programes educatius, interactius i jocs. Els nens que no poden despla\u00e7ar-se a la CiberCaixa disposen d&#8217;ordinadors port\u00e0tils que poden utilitzar a la seva habitaci\u00f3.<\/li>\n<li><strong>Una zona destinada a la lectura i als audiovisuals<\/strong>, amb llibres, v\u00eddeos i DVD per a nens i familiars.<\/li>\n<li><strong>Activitats espec\u00edfiques d&#8217;oci i formaci\u00f3<\/strong> que els nens poden realitzar sols o amb la participaci\u00f3 d&#8217;un adult.<\/li>\n<\/ul>\n<p><img loading=\"lazy\" decoding=\"async\" class=\"aligncenter wp-image-1179 size-medium\" src=\"http:\/\/martaberrocal.org\/es\/wp-content\/uploads\/2016\/08\/DSC03785-Copiar-210x300.jpg\" alt=\"DSC03785 (Copiar)\" width=\"210\" height=\"300\" srcset=\"https:\/\/martaberrocal.org\/cat\/wp-content\/uploads\/2016\/08\/DSC03785-Copiar-210x300.jpg 210w, https:\/\/martaberrocal.org\/cat\/wp-content\/uploads\/2016\/08\/DSC03785-Copiar.jpg 336w\" sizes=\"auto, (max-width: 210px) 100vw, 210px\" \/><\/p>\n<p>El <strong>KitsCaixa Hospital<\/strong> forma part dels materials que les CiberCaixa posen a disposici\u00f3 de nens i adults per dur a terme activitats d&#8217;oci i formaci\u00f3. Consta de sis caixes tem\u00e0tiques: Hospital, Lletres, Detectius, M\u00e0gia, M\u00fasica i Fades.<\/p>\n<p>Jo vaig col\u00b7laborar exclusivament en la conceptualitzaci\u00f3 de la caixa <strong>Hospital<\/strong>. Aquesta t\u00e9 un objectiu afegit al de promoure el joc i l&#8217;entreteniment. Pret\u00e9n tamb\u00e9 <strong>facilitar als nens el coneixement d&#8217;alguns dels protocols, proves, situacions, etc. que poden viure durant l&#8217;hospitalitzaci\u00f3, per tal de reduir les seves pors i dubtes i afavorir la seva resili\u00e8ncia davant les situacions que es vegin obligats a afrontar.<\/strong><\/p>\n<p>El KitsCaixa Hospital va ser produ\u00eft per l&#8217;empresa Materials Educatius en 2006. Durant els dos anys posteriors vaig tenir ocasi\u00f3 d&#8217;impartir<a href=\"https:\/\/martaberrocal.org\/cat\/?page_id=1168\"> formaci\u00f3 als diversos equips de voluntaris que dinamitzen les CiberCaixa hospital\u00e0ries<\/a>.<\/p>\n<p>&nbsp;<\/p>\n<p>&nbsp;<\/p>\n<p>&nbsp;<\/p>\n<p>&nbsp;<\/p>\n<p>&nbsp;<\/p>\n","protected":false},"excerpt":{"rendered":"<p>Projecte KitsCaixa HOSPITALS. Obra Social &#8220;la Caixa&#8221; &nbsp; Participo en aquest projecte col\u00b7laborant amb en Toni Cirera en la conceptualitzaci\u00f3 del material did\u00e0ctic del KitsCaixa Hospital del Projecte CiberCaixa Hospital\u00e0ries. Aquest projecte s&#8217;inscriu dins de les iniciatives que l&#8217;Obra Social &#8220;la Caixa&#8221; porta a terme en col\u00b7laboraci\u00f3 amb les Conselleries de Sanitat de les diferents &hellip; <a href=\"https:\/\/martaberrocal.org\/cat\/educacio-socio-sanitaria\/\" class=\"more-link\">Continua la lectura de <span class=\"screen-reader-text\">Educaci\u00f3 socio-sanit\u00e0ria<\/span> <span class=\"meta-nav\">&rarr;<\/span><\/a><\/p>\n","protected":false},"author":1,"featured_media":0,"parent":0,"menu_order":0,"comment_status":"closed","ping_status":"closed","template":"","meta":{"footnotes":""},"class_list":["post-1121","page","type-page","status-publish","hentry"],"_links":{"self":[{"href":"https:\/\/martaberrocal.org\/cat\/wp-json\/wp\/v2\/pages\/1121","targetHints":{"allow":["GET"]}}],"collection":[{"href":"https:\/\/martaberrocal.org\/cat\/wp-json\/wp\/v2\/pages"}],"about":[{"href":"https:\/\/martaberrocal.org\/cat\/wp-json\/wp\/v2\/types\/page"}],"author":[{"embeddable":true,"href":"https:\/\/martaberrocal.org\/cat\/wp-json\/wp\/v2\/users\/1"}],"replies":[{"embeddable":true,"href":"https:\/\/martaberrocal.org\/cat\/wp-json\/wp\/v2\/comments?post=1121"}],"version-history":[{"count":7,"href":"https:\/\/martaberrocal.org\/cat\/wp-json\/wp\/v2\/pages\/1121\/revisions"}],"predecessor-version":[{"id":3477,"href":"https:\/\/martaberrocal.org\/cat\/wp-json\/wp\/v2\/pages\/1121\/revisions\/3477"}],"wp:attachment":[{"href":"https:\/\/martaberrocal.org\/cat\/wp-json\/wp\/v2\/media?parent=1121"}],"curies":[{"name":"wp","href":"https:\/\/api.w.org\/{rel}","templated":true}]}}