
{"id":1138,"date":"2016-08-03T17:15:46","date_gmt":"2016-08-03T17:15:46","guid":{"rendered":"http:\/\/martaberrocal.org\/es\/?page_id=1138"},"modified":"2017-08-08T11:33:18","modified_gmt":"2017-08-08T11:33:18","slug":"docencia-art-i-emocions","status":"publish","type":"page","link":"https:\/\/martaberrocal.org\/cat\/docencia-art-i-emocions\/","title":{"rendered":"Art i emocions"},"content":{"rendered":"<p>&nbsp;<\/p>\n<p><strong>Som \u00e9ssers emotius per naturalesa<\/strong>, condici\u00f3 que ha contribu\u00eft a la nostra superviv\u00e8ncia i evoluci\u00f3. Les emocions afecten la manera en qu\u00e8 cada persona percep la seva pr\u00f2pia vida i la manera com construeix i afronta la seva exist\u00e8ncia.<\/p>\n<p>Les persones no poden renunciar a les seves emocions perqu\u00e8 perdrien la seva humanitat. I els ser\u00e0 d&#8217;ajuda poder identificar-les i recon\u00e8ixer-les, poder-les expressar i ser capaces de regular-les, juntament amb els pensaments i les accions que posin en marxa.<\/p>\n<p><strong>No tinc cap dubte que el llenguatge art\u00edstic pot contribuir a facilitar la identificaci\u00f3, expressi\u00f3 i regulaci\u00f3 de les emocions<\/strong>. De fet, em sembla un dels llenguatges m\u00e9s apropiats i fascinants per fer-ho. T\u00e9 una capacitat de comunicaci\u00f3 infinita i hol\u00edstica, i pot\u00a0 traspassar fronteres de tot tipus, exceptuant potser les barreres mentals d&#8217;alguns individus.<\/p>\n<p><strong>Porto anys desenvolupant una investigaci\u00f3 personal sobre el tema, ideant activitats que contribueixin al creixement emocional<\/strong> dels mestres i d\u2019altres professionals de l\u2019educaci\u00f3 amb els que habitualment treballo, perqu\u00e8 ells puguin al seu torn fer el mateix amb els seus alumnes. <span style=\"color: #33cc00;\">Moltes d&#8217;aquestes idees estan en estat de gestaci\u00f3<\/span>, a l&#8217;espera de poder veure la llum en un espai i temps apropiats.<\/p>\n<p><span style=\"color: #339966;\"><strong>Altres per\u00f2 ja han comen\u00e7at a cr\u00e9ixer<\/strong>,<\/span> <span style=\"color: #33cc00;\">perqu\u00e8 les estic posant a prova, en els cursos en qu\u00e8 tinc l&#8217;oportunitat de barrejar art i emocions:<\/span><\/p>\n<p>&nbsp;<\/p>\n<ul>\n<li><strong>Emocions agradables, art i creativitat. <\/strong>Curs escolar 2016-17. Impartit a l&#8217;Escola d&#8217;Estiu organitzada per l&#8217;Institut de Ci\u00e8ncies de l&#8217;Educaci\u00f3 de la Universitat de Barcelona. (18 hores)<\/li>\n<\/ul>\n<p style=\"padding-left: 60px;\"><a href=\"https:\/\/martaberrocal.org\/cat\/sabates-alades\/ \"><img loading=\"lazy\" decoding=\"async\" class=\"alignright wp-image-3931\" src=\"https:\/\/martaberrocal.org\/cat\/wp-content\/uploads\/DSC08375-Copiar-215x300.jpg\" alt=\"\" width=\"92\" height=\"128\" srcset=\"https:\/\/martaberrocal.org\/cat\/wp-content\/uploads\/DSC08375-Copiar-215x300.jpg 215w, https:\/\/martaberrocal.org\/cat\/wp-content\/uploads\/DSC08375-Copiar.jpg 467w\" sizes=\"auto, (max-width: 92px) 100vw, 92px\" \/><\/a><span style=\"color: #999999; font-family: Calibri;\">Us convido a llegir la ressenya que he escrit sobre el curs, titulada: &#8221; Sabates alades&#8221;, fent clic sobre la imatge<\/span><\/p>\n<p>&nbsp;<\/p>\n<ul>\n<li><strong>Potenciar les emocions positives a trav\u00e9s del llenguatge art\u00edstic<\/strong>. Curs escolar 2016-2017. Impartit a l&#8217;Escola d&#8217;estiu organitzada pel Moviment Educatiu del Maresme, MEM. (16 hores)<\/li>\n<\/ul>\n<p style=\"padding-left: 60px;\"><a href=\"https:\/\/martaberrocal.org\/cat\/partir-se-la-caixa\/ \"><img loading=\"lazy\" decoding=\"async\" class=\"wp-image-3864 alignright\" src=\"https:\/\/martaberrocal.org\/cat\/wp-content\/uploads\/DSC07878-Copiar-150x150.jpg\" alt=\"\" width=\"107\" height=\"120\" srcset=\"https:\/\/martaberrocal.org\/cat\/wp-content\/uploads\/DSC07878-Copiar-266x300.jpg 266w, https:\/\/martaberrocal.org\/cat\/wp-content\/uploads\/DSC07878-Copiar.jpg 381w\" sizes=\"auto, (max-width: 107px) 100vw, 107px\" \/><\/a><span style=\"color: #999999; font-family: Calibri;\">Us convido a llegir la ressenya que he escrit sobre el curs, que porta per t\u00edtol: &#8220;Partir-se la caixa&#8221;, fent clic sobre la imatge<\/span><\/p>\n<p>&nbsp;<\/p>\n<ul>\n<li><strong>Expressi\u00f3 art\u00edstica i educaci\u00f3 emocional<\/strong>. Curs escolar 2016-17. Impartit a l\u2019Escola Anselm Clav\u00e9 de Cornell\u00e0 de Llobregat. (6 hores)<\/li>\n<li><strong>Educaci\u00f3 emocional. Gesti\u00f3 a l\u2019aula<\/strong>. Curs escolar 2016-17. Impartit a l\u2019escola Sant Pau de Sant Pol de Mar. (10 hores)<\/li>\n<\/ul>\n<ul>\n<li><strong>L\u2019art contemporani i el m\u00f3n de les emocions<\/strong>. Curs escolar 2015-16 . Impartit al Museu d\u2019Art Contemporani de Barcelona. MACBA. (15 hores)<\/li>\n<\/ul>\n<p>&nbsp;<\/p>\n","protected":false},"excerpt":{"rendered":"<p>&nbsp; Som \u00e9ssers emotius per naturalesa, condici\u00f3 que ha contribu\u00eft a la nostra superviv\u00e8ncia i evoluci\u00f3. Les emocions afecten la manera en qu\u00e8 cada persona percep la seva pr\u00f2pia vida i la manera com construeix i afronta la seva exist\u00e8ncia. Les persones no poden renunciar a les seves emocions perqu\u00e8 perdrien la seva humanitat. I &hellip; <a href=\"https:\/\/martaberrocal.org\/cat\/docencia-art-i-emocions\/\" class=\"more-link\">Continua la lectura de <span class=\"screen-reader-text\">Art i emocions<\/span> <span class=\"meta-nav\">&rarr;<\/span><\/a><\/p>\n","protected":false},"author":1,"featured_media":0,"parent":0,"menu_order":0,"comment_status":"closed","ping_status":"closed","template":"","meta":{"footnotes":""},"class_list":["post-1138","page","type-page","status-publish","hentry"],"_links":{"self":[{"href":"https:\/\/martaberrocal.org\/cat\/wp-json\/wp\/v2\/pages\/1138","targetHints":{"allow":["GET"]}}],"collection":[{"href":"https:\/\/martaberrocal.org\/cat\/wp-json\/wp\/v2\/pages"}],"about":[{"href":"https:\/\/martaberrocal.org\/cat\/wp-json\/wp\/v2\/types\/page"}],"author":[{"embeddable":true,"href":"https:\/\/martaberrocal.org\/cat\/wp-json\/wp\/v2\/users\/1"}],"replies":[{"embeddable":true,"href":"https:\/\/martaberrocal.org\/cat\/wp-json\/wp\/v2\/comments?post=1138"}],"version-history":[{"count":10,"href":"https:\/\/martaberrocal.org\/cat\/wp-json\/wp\/v2\/pages\/1138\/revisions"}],"predecessor-version":[{"id":3948,"href":"https:\/\/martaberrocal.org\/cat\/wp-json\/wp\/v2\/pages\/1138\/revisions\/3948"}],"wp:attachment":[{"href":"https:\/\/martaberrocal.org\/cat\/wp-json\/wp\/v2\/media?parent=1138"}],"curies":[{"name":"wp","href":"https:\/\/api.w.org\/{rel}","templated":true}]}}