
{"id":1146,"date":"2016-08-05T09:19:48","date_gmt":"2016-08-05T09:19:48","guid":{"rendered":"http:\/\/martaberrocal.org\/es\/?page_id=1146"},"modified":"2017-02-23T17:48:41","modified_gmt":"2017-02-23T17:48:41","slug":"programa-interdepartamental-de-la-renta-minima-pirmi-rmi","status":"publish","type":"page","link":"https:\/\/martaberrocal.org\/cat\/programa-interdepartamental-de-la-renta-minima-pirmi-rmi\/","title":{"rendered":"Programa Interdepartamental de la Renda M\u00ednima (PIRMI -RMI)"},"content":{"rendered":"<p>Aquest Programa es gestiona a trav\u00e9s d&#8217;una Comissi\u00f3 Interdepartamental que actua com a \u00f2rgan de direcci\u00f3 i coordina les funcions del Departament de Treball, Afers socials i Fam\u00edlies i el Departament d&#8217;Ensenyament de la Generalitat de Catalunya.<\/p>\n<p>La definici\u00f3 que d\u00f3na el <a href=\"http:\/\/sac.gencat.cat\/sacgencat\/AppJava\/servei_fitxa.jsp?codi=2271\" target=\"_blank\">web de la Generalitat<\/a> sobre el programa \u00e9s la seg\u00fcent:<\/p>\n<p style=\"padding-left: 30px;\">La Renda M\u00ednima d&#8217;Inserci\u00f3 \u00e9s una acci\u00f3 de solidaritat de car\u00e0cter universal envers els ciutadans i ciutadanes amb greus dificultats econ\u00f2miques i socials, amb el prop\u00f2sit d&#8217;atendre les necessitats b\u00e0siques per viure en societat, amb els recursos convenients per mantenir-se i per afavorir la inserci\u00f3 o reinserci\u00f3 social i laboral.<\/p>\n<p><strong>\u00a0<\/strong>Trobareu m\u00e9s informaci\u00f3 en l\u2019enlla\u00e7 oficial que us he facilitat.<\/p>\n<p>Dins les mesures que es prenen per dur a terme aquest programa, est\u00e0 el <strong>suport a la formaci\u00f3 d\u2019adults<\/strong>. Aquelles persones que es beneficien econ\u00f2micament del programa, estan obligades en ocasions, a assistir com a contrapartida a cursos que organitza l\u2019administraci\u00f3 amb l\u2019objectiu de formar-les i promoure la reinserci\u00f3 laboral.<\/p>\n<p><strong>Vaig arribar al Programa Interdepartamental accidentalment i vaig exercir com a docent<\/strong> en els seg\u00fcents cursos organitzats per l&#8217;Institut Municipal de promoci\u00f3 de l&#8217;Ocupaci\u00f3 de Badalona (<a href=\"http:\/\/www.impo.cat\/\" target=\"_blank\">IMPO<\/a>):<\/p>\n<ul>\n<li>T\u00e8cnic docent en el curs &#8220;Iniciaci\u00f3 al m\u00f3n laboral&#8221; en l&#8217;especialitat Motivaci\u00f3. Programa RMI (337 hores).\n<ul>\n<li>De juliol a desembre del 2000.<\/li>\n<\/ul>\n<\/li>\n<li>T\u00e8cnic docent en l&#8217;especialitat: Doc\u00e8ncia M\u00f2dul Professionalitzador-Motivaci\u00f3. Programa RMI (300 hores).\n<ul>\n<li>De maig a desembre de 1999<\/li>\n<\/ul>\n<\/li>\n<li>T\u00e8cnic docent en l&#8217;especialitat: Doc\u00e8ncia M\u00f2dul Professionalitzador-Motivaci\u00f3. Programa RMI (250 hores).\n<ul>\n<li>De maig a novembre de 1998<\/li>\n<\/ul>\n<\/li>\n<li>T\u00e8cnic docent en l&#8217;especialitat de formaci\u00f3 b\u00e0sica. programa PIRMI\u00b7\n<ul>\n<li>abril a desembre de 1997<\/li>\n<li>Febrer a juliol de 1996<\/li>\n<li>Juliol a desembre de 1996<\/li>\n<\/ul>\n<\/li>\n<\/ul>\n<p>He utilitzat deliberadament la terminologia que apareixia en els contractes sent conscient que \u00e9s una mica confusa i no d\u00f3na una idea clara de les funcions que vaig ocupar en relaci\u00f3 a la doc\u00e8ncia. Em permetr\u00e9 fer una broma molt seriosa: la confusi\u00f3 o vaguetat dels termes utilitzats reflecteix a la perfecci\u00f3 la vaguetat amb qu\u00e8 s&#8217;afronten aquests programes i per tant s\u00f3n termes ideals per definir el meu treball.<\/p>\n<p>Cal observar que es repeteix la paraula &#8220;<strong>Motivaci\u00f3<\/strong>&#8220;. \u00c9s la clau de tot.<\/p>\n<p>Em plantejo tornar a aquest punt m\u00e9s endavant per donar detall sobre el concepte i explicar en qu\u00e8 va consistir aquesta experi\u00e8ncia docent que ha condicionat tota la meva vida futura, aix\u00ed que us convido a tornar a visitar aquesta plana, en el futur. <strong>He comentat que vaig arribar per accident, per\u00f2 no he explicat encara que aquesta feina em va apassionar, i em va aportar molt\u00edssimes coses que m\u2019agradaria ser capa\u00e7 d\u2019explicar i compartir.<\/strong>\u00a0 Pensar\u00e9 com fer-ho.<\/p>\n<p>Mentre treballava en el programa vaig tenir l&#8217;oportunitat de dur a terme un projecte que trobareu a l&#8217;apartat d&#8217;Inclusi\u00f3 social del bloc de Projectes Educart\u00edstics:<a href=\"https:\/\/martaberrocal.org\/cat\/?page_id=765\"> Companyia de titelles &#8220;<em>Las Tigresas<\/em>&#8221;\u00a0<\/a><\/p>\n<p>&nbsp;<\/p>\n","protected":false},"excerpt":{"rendered":"<p>Aquest Programa es gestiona a trav\u00e9s d&#8217;una Comissi\u00f3 Interdepartamental que actua com a \u00f2rgan de direcci\u00f3 i coordina les funcions del Departament de Treball, Afers socials i Fam\u00edlies i el Departament d&#8217;Ensenyament de la Generalitat de Catalunya. La definici\u00f3 que d\u00f3na el web de la Generalitat sobre el programa \u00e9s la seg\u00fcent: La Renda M\u00ednima &hellip; <a href=\"https:\/\/martaberrocal.org\/cat\/programa-interdepartamental-de-la-renta-minima-pirmi-rmi\/\" class=\"more-link\">Continua la lectura de <span class=\"screen-reader-text\">Programa Interdepartamental de la Renda M\u00ednima (PIRMI -RMI)<\/span> <span class=\"meta-nav\">&rarr;<\/span><\/a><\/p>\n","protected":false},"author":1,"featured_media":0,"parent":0,"menu_order":0,"comment_status":"closed","ping_status":"closed","template":"","meta":{"footnotes":""},"class_list":["post-1146","page","type-page","status-publish","hentry"],"_links":{"self":[{"href":"https:\/\/martaberrocal.org\/cat\/wp-json\/wp\/v2\/pages\/1146","targetHints":{"allow":["GET"]}}],"collection":[{"href":"https:\/\/martaberrocal.org\/cat\/wp-json\/wp\/v2\/pages"}],"about":[{"href":"https:\/\/martaberrocal.org\/cat\/wp-json\/wp\/v2\/types\/page"}],"author":[{"embeddable":true,"href":"https:\/\/martaberrocal.org\/cat\/wp-json\/wp\/v2\/users\/1"}],"replies":[{"embeddable":true,"href":"https:\/\/martaberrocal.org\/cat\/wp-json\/wp\/v2\/comments?post=1146"}],"version-history":[{"count":5,"href":"https:\/\/martaberrocal.org\/cat\/wp-json\/wp\/v2\/pages\/1146\/revisions"}],"predecessor-version":[{"id":2642,"href":"https:\/\/martaberrocal.org\/cat\/wp-json\/wp\/v2\/pages\/1146\/revisions\/2642"}],"wp:attachment":[{"href":"https:\/\/martaberrocal.org\/cat\/wp-json\/wp\/v2\/media?parent=1146"}],"curies":[{"name":"wp","href":"https:\/\/api.w.org\/{rel}","templated":true}]}}