
{"id":1149,"date":"2016-08-05T09:20:48","date_gmt":"2016-08-05T09:20:48","guid":{"rendered":"http:\/\/martaberrocal.org\/es\/?page_id=1149"},"modified":"2017-02-23T21:12:23","modified_gmt":"2017-02-23T21:12:23","slug":"fundacion-pere-closa-para-la-formacion-y-la-promocion-del-pueblo-gitano-en-cataluna","status":"publish","type":"page","link":"https:\/\/martaberrocal.org\/cat\/fundacion-pere-closa-para-la-formacion-y-la-promocion-del-pueblo-gitano-en-cataluna\/","title":{"rendered":"Fundaci\u00f3n Pere Closa per a la formaci\u00f3 i la promoci\u00f3 del poble gitano a Catalunya"},"content":{"rendered":"<p>&nbsp;<\/p>\n<p>Vaig arribar a la <a href=\"http:\/\/www.fundaciopereclosa.org\/\" target=\"_blank\">Fundaci\u00f3 Pere Closa<\/a> despr\u00e9s d&#8217;haver estat treballant en el programa de la <a href=\"https:\/\/martaberrocal.org\/cat\/?page_id=1146\">Renda M\u00ednima<\/a> com a docent i haver tingut l&#8217;ocasi\u00f3 de relacionar-me amb homes i dones d&#8217;\u00e8tnia gitana. Va ser una experi\u00e8ncia de la qual vaig gaudir enormement i va motivar el meu inter\u00e8s i desig per treballar colze a colze amb el poble gitano.<\/p>\n<p><strong>La Fundaci\u00f3 t\u00e9 com a objectius principals la formaci\u00f3 i la promoci\u00f3 del poble gitano a Catalunya<\/strong>. Centra la seva tasca en el suport a la formaci\u00f3 de nens i joves gitanos i vetlla per una imatge positiva del poble gitano, i per preservar el seu llegat cultural i donar-lo a con\u00e8ixer a tota la societat. <strong>Dues coses els legitima per a fer-ho: ser gitanos<\/strong>, que els possibilita establir un vincle real i consistent amb les fam\u00edlies gitanes, <strong>i la seva formaci\u00f3<\/strong>, que els permet dissenyar i implementar el projecte.<\/p>\n<p>Em vaig incorporar a l&#8217;equip de la Fundaci\u00f3 a l&#8217;octubre de 2001 com a t\u00e8cnic docent, amb un objectiu molt concret: implementar a l&#8217;Hospitalet de Llobregat el projecte <strong><em>Siklavipen Savoren\u00e7a <\/em><\/strong><strong>(Educaci\u00f3 amb tots)<\/strong>, que en aquell moment es duia a terme a Badalona (zona sud), Sant Adri\u00e0 (la Mina) i Barcelona (Bes\u00f2s-Maresme i Zona Franca).<\/p>\n<p>El projecte <strong><em>Siklavipen Savoren\u00e7a<\/em> <\/strong>t\u00e9 un car\u00e0cter socioeducatiu i est\u00e0 dirigit a la poblaci\u00f3 gitana. <strong>Persegueix l&#8217;\u00e8xit escolar dels nens i joves gitanos<\/strong> i per aconseguir-ho es treballa amb les fam\u00edlies, els infants i joves i amb els centres educatius on cursen els seus estudis. Tamb\u00e9 amb algunes entitats o serveis dels barris on est\u00e0 implantat.<\/p>\n<p>Treballar conjuntament amb fam\u00edlies, nens i escoles possibilita teixir una xarxa de relacions que refor\u00e7a el sentit del projecte. Tamb\u00e9 ho refor\u00e7a el fet que l&#8217;equip de treball el form\u00e9ssim Mercedes Porras, gitana, llicenciada en hist\u00f2ria de l&#8217;art i membre de la fundaci\u00f3, i jo mateixa. Combin\u00e0vem les nostres funcions com a mediadores interculturals i docents. Ens vam encarregar de contactar amb els centres educatius del barri de la Florida a l\u2019Hospitalet de Llobregat per oferir classes de refor\u00e7 i seguiment escolar als nens gitanos. Vam aconseguir que una entitat social del barri ens ced\u00eds un espai per a poder impartir classes de refor\u00e7. Vam constituir un petit grup de nens i nenes gitanes, escolaritzats en diversos centres diferents, tots a prim\u00e0ria i vam comen\u00e7ar les classes i els contactes constants amb les fam\u00edlies i amb els seus professors per fer un seguiment i tra\u00e7ar plans de refor\u00e7 personalitzat que contribu\u00efssin a l&#8217;\u00e8xit escolar dels nens i a la satisfacci\u00f3 de fam\u00edlies i escoles pels \u00e8xits aconseguits amb el treball en equip.<\/p>\n<p>El projecte va anar creixent i es van incorporar m\u00e9s nens, fam\u00edlies i escoles.<\/p>\n<p>Vaig deixar la Fundaci\u00f3 al juliol de 2003. El projecte segueix actualment funcionant, despr\u00e9s de 15 anys d&#8217;haver tingut el privilegi de participar en la seva posada en marxa.<\/p>\n<p>Vaig aprendre molt\u00edssim durant el meu pas per la Fundaci\u00f3. Va ser un treball dif\u00edcil i complex, ple de reptes que vam tractar de superar amb il\u00b7lusi\u00f3, esfor\u00e7 i bon humor.<\/p>\n<p>Tot i haver deixat la Fundaci\u00f3, no he abandonat el contacte amb els que van ser els meus companys i caps gitanos. Van ser dos anys d&#8217;entranyable relaci\u00f3 i aix\u00f2 ens ha portat a seguir col\u00b7laborant quan ha sorgit l&#8217;ocasi\u00f3. (Veure l&#8217;apartat de <a href=\"https:\/\/martaberrocal.org\/cat\/?page_id=242\">materials did\u00e0ctics<\/a>, relatiu a Publicacions)<\/p>\n<p>&nbsp;<\/p>\n","protected":false},"excerpt":{"rendered":"<p>&nbsp; Vaig arribar a la Fundaci\u00f3 Pere Closa despr\u00e9s d&#8217;haver estat treballant en el programa de la Renda M\u00ednima com a docent i haver tingut l&#8217;ocasi\u00f3 de relacionar-me amb homes i dones d&#8217;\u00e8tnia gitana. Va ser una experi\u00e8ncia de la qual vaig gaudir enormement i va motivar el meu inter\u00e8s i desig per treballar colze &hellip; <a href=\"https:\/\/martaberrocal.org\/cat\/fundacion-pere-closa-para-la-formacion-y-la-promocion-del-pueblo-gitano-en-cataluna\/\" class=\"more-link\">Continua la lectura de <span class=\"screen-reader-text\">Fundaci\u00f3n Pere Closa per a la formaci\u00f3 i la promoci\u00f3 del poble gitano a Catalunya<\/span> <span class=\"meta-nav\">&rarr;<\/span><\/a><\/p>\n","protected":false},"author":1,"featured_media":0,"parent":0,"menu_order":0,"comment_status":"closed","ping_status":"closed","template":"","meta":{"footnotes":""},"class_list":["post-1149","page","type-page","status-publish","hentry"],"_links":{"self":[{"href":"https:\/\/martaberrocal.org\/cat\/wp-json\/wp\/v2\/pages\/1149","targetHints":{"allow":["GET"]}}],"collection":[{"href":"https:\/\/martaberrocal.org\/cat\/wp-json\/wp\/v2\/pages"}],"about":[{"href":"https:\/\/martaberrocal.org\/cat\/wp-json\/wp\/v2\/types\/page"}],"author":[{"embeddable":true,"href":"https:\/\/martaberrocal.org\/cat\/wp-json\/wp\/v2\/users\/1"}],"replies":[{"embeddable":true,"href":"https:\/\/martaberrocal.org\/cat\/wp-json\/wp\/v2\/comments?post=1149"}],"version-history":[{"count":5,"href":"https:\/\/martaberrocal.org\/cat\/wp-json\/wp\/v2\/pages\/1149\/revisions"}],"predecessor-version":[{"id":2643,"href":"https:\/\/martaberrocal.org\/cat\/wp-json\/wp\/v2\/pages\/1149\/revisions\/2643"}],"wp:attachment":[{"href":"https:\/\/martaberrocal.org\/cat\/wp-json\/wp\/v2\/media?parent=1149"}],"curies":[{"name":"wp","href":"https:\/\/api.w.org\/{rel}","templated":true}]}}