
{"id":115,"date":"2016-05-17T17:38:08","date_gmt":"2016-05-17T17:38:08","guid":{"rendered":"http:\/\/marta.ecoresiduos.es\/?page_id=115"},"modified":"2017-03-28T18:29:09","modified_gmt":"2017-03-28T18:29:09","slug":"projectes-educartistics","status":"publish","type":"page","link":"https:\/\/martaberrocal.org\/cat\/projectes-educartistics\/","title":{"rendered":"Projectes Educart\u00edstics"},"content":{"rendered":"<p>En aquest apartat apareixen projectes que he realitzat per diferents institucions, en els que el component art\u00edstic t\u00e9 un paper destacat. \u00a0En dir component art\u00edstic no m\u2019estic \u00a0\u00a0referint a aspectes relacionats amb l\u2019art en general, sin\u00f3 concretament amb <strong>l\u2019Art de la Pedagogia.<\/strong><\/p>\n<p>Alguns projectes s\u00f3n producte d\u2019un enc\u00e0rrec i altres d\u2019una iniciativa personal que ha arribat a bon port despr\u00e9s de molt esfor\u00e7 i perseveran\u00e7a.<\/p>\n<p>Tots els projectes neixen i es desenvolupen a l\u2019interior d\u2019un espai acotat per un conjunt de limitacions inicials, que esdev\u00e9 alhora un camp d\u2019infinites possibilitats.\u00a0 Dins d&#8217;aquest marc, desenvolupo el meu treball.<\/p>\n<p>He agrupat els projectes segons el tema:<\/p>\n<ul>\n<li><a href=\"https:\/\/martaberrocal.org\/cat\/?page_id=590\">Art contemporani<\/a><\/li>\n<li><a href=\"https:\/\/martaberrocal.org\/cat\/?page_id=597\">Ci\u00e8ncies<\/a><\/li>\n<li><a href=\"https:\/\/martaberrocal.org\/cat\/?page_id=755\">Inclusi\u00f3 social <\/a><\/li>\n<li><a href=\"https:\/\/martaberrocal.org\/cat\/sobirania-alimentaria\/\">Sobirania alimentaria<\/a><\/li>\n<li><a href=\"https:\/\/martaberrocal.org\/cat\/mineria\">Mineria<\/a><\/li>\n<li><a href=\"https:\/\/martaberrocal.org\/cat\/cultura-del-vi\/\">Cultura del vi<\/a><\/li>\n<\/ul>\n<p>Hi ha apartats que inclouen projectes que he realitzat en col\u00b7laboraci\u00f3 amb altres persones:<\/p>\n<ul>\n<li><a href=\"https:\/\/martaberrocal.org\/cat\/?page_id=603\">Alfabetitzaci\u00f3<\/a><\/li>\n<li><a href=\"https:\/\/martaberrocal.org\/cat\/educacio-socio-sanitaria\/\">Educaci\u00f3 socio-sanit\u00e0ria<\/a><\/li>\n<li><a href=\"https:\/\/martaberrocal.org\/cat\/?page_id=600\">Educaci\u00f3 socioemocional<\/a><\/li>\n<\/ul>\n<p>&nbsp;<\/p>\n","protected":false},"excerpt":{"rendered":"<p>En aquest apartat apareixen projectes que he realitzat per diferents institucions, en els que el component art\u00edstic t\u00e9 un paper destacat. \u00a0En dir component art\u00edstic no m\u2019estic \u00a0\u00a0referint a aspectes relacionats amb l\u2019art en general, sin\u00f3 concretament amb l\u2019Art de la Pedagogia. Alguns projectes s\u00f3n producte d\u2019un enc\u00e0rrec i altres d\u2019una iniciativa personal que ha &hellip; <a href=\"https:\/\/martaberrocal.org\/cat\/projectes-educartistics\/\" class=\"more-link\">Continua la lectura de <span class=\"screen-reader-text\">Projectes Educart\u00edstics<\/span> <span class=\"meta-nav\">&rarr;<\/span><\/a><\/p>\n","protected":false},"author":1,"featured_media":0,"parent":0,"menu_order":0,"comment_status":"closed","ping_status":"closed","template":"","meta":{"footnotes":""},"class_list":["post-115","page","type-page","status-publish","hentry"],"_links":{"self":[{"href":"https:\/\/martaberrocal.org\/cat\/wp-json\/wp\/v2\/pages\/115","targetHints":{"allow":["GET"]}}],"collection":[{"href":"https:\/\/martaberrocal.org\/cat\/wp-json\/wp\/v2\/pages"}],"about":[{"href":"https:\/\/martaberrocal.org\/cat\/wp-json\/wp\/v2\/types\/page"}],"author":[{"embeddable":true,"href":"https:\/\/martaberrocal.org\/cat\/wp-json\/wp\/v2\/users\/1"}],"replies":[{"embeddable":true,"href":"https:\/\/martaberrocal.org\/cat\/wp-json\/wp\/v2\/comments?post=115"}],"version-history":[{"count":10,"href":"https:\/\/martaberrocal.org\/cat\/wp-json\/wp\/v2\/pages\/115\/revisions"}],"predecessor-version":[{"id":2965,"href":"https:\/\/martaberrocal.org\/cat\/wp-json\/wp\/v2\/pages\/115\/revisions\/2965"}],"wp:attachment":[{"href":"https:\/\/martaberrocal.org\/cat\/wp-json\/wp\/v2\/media?parent=115"}],"curies":[{"name":"wp","href":"https:\/\/api.w.org\/{rel}","templated":true}]}}