
{"id":1153,"date":"2016-08-05T09:21:51","date_gmt":"2016-08-05T09:21:51","guid":{"rendered":"http:\/\/martaberrocal.org\/es\/?page_id=1153"},"modified":"2017-02-27T11:30:01","modified_gmt":"2017-02-27T11:30:01","slug":"proyecto-museo-ambulante-escuelas-de-centros-penitenciarios-y-de-justicia-juvenil-de-cataluna","status":"publish","type":"page","link":"https:\/\/martaberrocal.org\/cat\/proyecto-museo-ambulante-escuelas-de-centros-penitenciarios-y-de-justicia-juvenil-de-cataluna\/","title":{"rendered":"Projecte Museu Ambulant. Escoles de centres penitenciaris i centres educatius de just\u00edcia juvenil de Catalunya"},"content":{"rendered":"<p>&nbsp;<\/p>\n<figure id=\"attachment_1999\" aria-describedby=\"caption-attachment-1999\" style=\"width: 201px\" class=\"wp-caption alignright\"><img loading=\"lazy\" decoding=\"async\" class=\"wp-image-1999 \" src=\"https:\/\/martaberrocal.org\/cat\/wp-content\/uploads\/2016\/05\/DSC09227-800x600-e1480970049856-288x300.jpg\" alt=\" \" width=\"201\" height=\"209\" srcset=\"https:\/\/martaberrocal.org\/cat\/wp-content\/uploads\/2016\/05\/DSC09227-800x600-e1480970049856-288x300.jpg 288w, https:\/\/martaberrocal.org\/cat\/wp-content\/uploads\/2016\/05\/DSC09227-800x600-e1480970049856.jpg 447w\" sizes=\"auto, (max-width: 201px) 100vw, 201px\" \/><figcaption id=\"caption-attachment-1999\" class=\"wp-caption-text\">Calaixera del projecte Museu Ambulant. MCNB<\/figcaption><\/figure>\n<p>&nbsp;<\/p>\n<p>El 2009 vaig conceptualitzar i produir\u00a0 el projecte <a href=\"https:\/\/martaberrocal.org\/cat\/?page_id=105\"><strong>Museu Ambulant<\/strong><\/a>, per al Museu de Ci\u00e8ncies Naturals de Barcelona. Est\u00e0 dirigit a <span style=\"color: #ff6600;\">escoles d&#8217;adults dels centres penitenciaris de Catalunya,<\/span> i des del curs 2011-12, tamb\u00e9 als <span style=\"color: #ff6600;\">centres educatius de just\u00edcia juvenil.<\/span><\/p>\n<p><strong>El seu objectiu \u00e9s acostar els continguts cient\u00edfics del museu a les persones que a causa de la seva reclusi\u00f3 no el poden visitar. Proposa desenvolupar activitats diverses partint dels materials did\u00e0ctics que cont\u00e9, d\u2019una manera flexible, integradora, creativa i innovadora. Tamb\u00e9 posa \u00e8mfasi en l\u2019observaci\u00f3 directa i la manipulaci\u00f3, la reflexi\u00f3 i el di\u00e0leg, amb la intenci\u00f3 de potenciar la curiositat i el desig d\u2019aprendre<\/strong>. Es deixa en pr\u00e9stec de forma gratu\u00efta als centres que ho sol\u00b7liciten.<\/p>\n<p>Vaig presentar el <strong>Museu Ambulant<\/strong> al Museu de Ci\u00e8ncies Naturals de Barcelona, en una sessi\u00f3 adre\u00e7ada a caps d&#8217;estudi i altres representants i professionals dels centres penitenciaris de tot Catalunya i tamb\u00e9 a totes les persones del museu que van col\u00b7laborar en el projecte (t\u00e8cnics, conservadors , taxidermistes, educadors, etc.)<\/p>\n<p>Tamb\u00e9 es va considerar important oferir una sessi\u00f3 de formaci\u00f3 als centres que tinguessin inter\u00e8s en utilitzar-lo, amb l&#8217;objectiu que els equips docents poguessin con\u00e8ixer de primera m\u00e0 els objectius del projecte, aix\u00ed com els materials i les activitats que proposa dur a terme. Aix\u00f2 va possibilitar que em desplac\u00e9s a la major part de centres que van demanar en pr\u00e9stec el Museu Ambulant i conegu\u00e9s a una bona part dels professionals de l&#8217;educaci\u00f3 que hi treballen.<\/p>\n<p>Entrar a aquests centres a impartir formaci\u00f3 \u00e9s una experi\u00e8ncia inoblidable. Vaig gaudir molt\u00edssim de l&#8217;oportunitat de transitar i con\u00e8ixer espais poc visibles per a la societat en general i del contacte amb els professionals. Vaig captar tot tipus d&#8217;emocions en ells. Especialment agra\u00efment, per la quantitat, varietat, flexibilitat i originalitat dels recursos que aportava el projecte.<\/p>\n<p>El que vaig percebre i vaig escoltar en el transcurs d&#8217;aquestes sessions, en les quals tamb\u00e9 vaig tenir ocasi\u00f3 de con\u00e8ixer a alguns interns, va constituir una informaci\u00f3 molt valuosa que em va ajudar tres anys m\u00e9s tard a conceptualitzar i produir un nou projecte dirigit al mateix p\u00fablic: <a href=\"https:\/\/martaberrocal.org\/cat\/?page_id=1488\"><strong>Construccions i constructors<\/strong><\/a>.<\/p>\n<p><img loading=\"lazy\" decoding=\"async\" class=\"wp-image-40\" src=\"https:\/\/martaberrocal.org\/cat\/wp-content\/uploads\/2016\/05\/maleti-CC-300x191.png\" alt=\"Malet\u00ed del projecte Constructors i Construccions\" width=\"181\" height=\"115\" srcset=\"https:\/\/martaberrocal.org\/cat\/wp-content\/uploads\/2016\/05\/maleti-CC-300x191.png 300w, https:\/\/martaberrocal.org\/cat\/wp-content\/uploads\/2016\/05\/maleti-CC.png 684w\" sizes=\"auto, (max-width: 181px) 100vw, 181px\" \/><\/p>\n<p>Durant els cursos escolars 2009-2010 i 2010-2011 vaig realitzar sessions de formaci\u00f3 en els centres penitenciaris:<\/p>\n<ul>\n<li>Lledoners<\/li>\n<li>Brians II<\/li>\n<li>Quatre camins<\/li>\n<li>La Model<\/li>\n<li>Wad Ras<\/li>\n<li>Tarragona<\/li>\n<\/ul>\n<p>Y el curs seg\u00fcent en els centres educatius de just\u00edcia juvenil:<\/p>\n<ul>\n<li>L\u2019Alzina<\/li>\n<li>Can Llupi\u00e0<\/li>\n<li>El Segre<\/li>\n<li>Els Til\u00b7lers<\/li>\n<\/ul>\n","protected":false},"excerpt":{"rendered":"<p>&nbsp; &nbsp; El 2009 vaig conceptualitzar i produir\u00a0 el projecte Museu Ambulant, per al Museu de Ci\u00e8ncies Naturals de Barcelona. Est\u00e0 dirigit a escoles d&#8217;adults dels centres penitenciaris de Catalunya, i des del curs 2011-12, tamb\u00e9 als centres educatius de just\u00edcia juvenil. El seu objectiu \u00e9s acostar els continguts cient\u00edfics del museu a les persones &hellip; <a href=\"https:\/\/martaberrocal.org\/cat\/proyecto-museo-ambulante-escuelas-de-centros-penitenciarios-y-de-justicia-juvenil-de-cataluna\/\" class=\"more-link\">Continua la lectura de <span class=\"screen-reader-text\">Projecte Museu Ambulant. Escoles de centres penitenciaris i centres educatius de just\u00edcia juvenil de Catalunya<\/span> <span class=\"meta-nav\">&rarr;<\/span><\/a><\/p>\n","protected":false},"author":1,"featured_media":0,"parent":0,"menu_order":0,"comment_status":"closed","ping_status":"closed","template":"","meta":{"footnotes":""},"class_list":["post-1153","page","type-page","status-publish","hentry"],"_links":{"self":[{"href":"https:\/\/martaberrocal.org\/cat\/wp-json\/wp\/v2\/pages\/1153","targetHints":{"allow":["GET"]}}],"collection":[{"href":"https:\/\/martaberrocal.org\/cat\/wp-json\/wp\/v2\/pages"}],"about":[{"href":"https:\/\/martaberrocal.org\/cat\/wp-json\/wp\/v2\/types\/page"}],"author":[{"embeddable":true,"href":"https:\/\/martaberrocal.org\/cat\/wp-json\/wp\/v2\/users\/1"}],"replies":[{"embeddable":true,"href":"https:\/\/martaberrocal.org\/cat\/wp-json\/wp\/v2\/comments?post=1153"}],"version-history":[{"count":4,"href":"https:\/\/martaberrocal.org\/cat\/wp-json\/wp\/v2\/pages\/1153\/revisions"}],"predecessor-version":[{"id":2698,"href":"https:\/\/martaberrocal.org\/cat\/wp-json\/wp\/v2\/pages\/1153\/revisions\/2698"}],"wp:attachment":[{"href":"https:\/\/martaberrocal.org\/cat\/wp-json\/wp\/v2\/media?parent=1153"}],"curies":[{"name":"wp","href":"https:\/\/api.w.org\/{rel}","templated":true}]}}