
{"id":1156,"date":"2016-08-05T09:22:29","date_gmt":"2016-08-05T09:22:29","guid":{"rendered":"http:\/\/martaberrocal.org\/es\/?page_id=1156"},"modified":"2017-02-27T12:10:14","modified_gmt":"2017-02-27T12:10:14","slug":"docencia-alfabetizacio-immigrants","status":"publish","type":"page","link":"https:\/\/martaberrocal.org\/cat\/docencia-alfabetizacio-immigrants\/","title":{"rendered":"Alfabetitzaci\u00f3 d&#8217;immigrants"},"content":{"rendered":"<p><img loading=\"lazy\" decoding=\"async\" class=\" wp-image-1250 alignright\" src=\"http:\/\/martaberrocal.org\/es\/wp-content\/uploads\/2016\/08\/escut_i_aj_st_cebria_de_vallala-300x113.jpg\" alt=\"escut_i_aj_st_cebria_de_vallala\" width=\"204\" height=\"77\" srcset=\"https:\/\/martaberrocal.org\/cat\/wp-content\/uploads\/2016\/08\/escut_i_aj_st_cebria_de_vallala-300x113.jpg 300w, https:\/\/martaberrocal.org\/cat\/wp-content\/uploads\/2016\/08\/escut_i_aj_st_cebria_de_vallala.jpg 400w\" sizes=\"auto, (max-width: 204px) 100vw, 204px\" \/><\/p>\n<p>&nbsp;<\/p>\n<p>&nbsp;<\/p>\n<p>Coincidint amb el curs escolar <strong>2005-2006<\/strong> a <strong>Sant Cebri\u00e0 de Vallalta<\/strong>, un poble d&#8217;uns 3.300 habitants situat a la comarca del Maresme, a Barcelona, \u200b\u200bes va desenvolupar un <strong>projecte d&#8217;alfabetitzaci\u00f3 i integraci\u00f3 dirigit a immigrants que vivien a la poblaci\u00f3<\/strong>. El projecte va sorgir per iniciativa de l&#8217;ajuntament i en resposta a les demandes expressades per diversos agents socials i els mateixos immigrants.<\/p>\n<p><strong>Em vaig encarregar<\/strong><strong> de coordinar el projecte i l&#8217;equip de cinc voluntaris que hi van participar. Vam atendre <\/strong>a un total de 17 persones, tots homes, d&#8217;origen afric\u00e0 i majorit\u00e0riament procedents de G\u00e0mbia, amb un nivell de formaci\u00f3 absolutament heterogeni.<\/p>\n<p>Hi va haver una assist\u00e8ncia irregular a les classes, es produ\u00efen baixes, noves incorporacions i per\u00edodes intermitents de no assist\u00e8ncia, que tenien a veure b\u00e0sicament amb el canvi de resid\u00e8ncia, ja fos de forma temporal o permanent. Una part dels assistents tenien una gran mobilitat lligada als problemes d&#8217;habitatge.<\/p>\n<p>Les circumst\u00e0ncies van fer que no s&#8217;arribessin a constituir grups nombrosos i estables i que es treball\u00e9s d&#8217;una manera personalitzada en funci\u00f3 de les necessitats detectades.<\/p>\n<p>Es va prioritzar l&#8217;aprenentatge del catal\u00e0 oral en la major part de casos.<\/p>\n<p><strong>L&#8217;experi\u00e8ncia va suposar un aut\u00e8ntic repte en molts sentits i vaig aprendre m\u00e9s de les circumst\u00e0ncies, que envoltaven els alumnes o les pr\u00f2pies classes, que el que vaig intentar ensenyar. Aquests espais d&#8217;aprenentatge constitueixen un camp d&#8217;innovaci\u00f3 constant, exigeixen posar en dubte la major part de les certeses que un t\u00e9 al voltant de l&#8217;aprenentatge, i al voltant de la vida.<\/strong><\/p>\n<p>Durant el curs escolar 2006-2007 el projecte va tenir continu\u00eftat.<\/p>\n<p>L&#8217;experi\u00e8ncia va resultar satisfact\u00f2ria i gratificant per a tots els implicats. Les classes van propiciar un lloc de trobada i es van prioritzar les relacions humanes, donant suport an\u00edmic, aix\u00ed com ajuda per a la resoluci\u00f3 de gestions de tota mena.\u00a0El projecte va finalitzar per motius relacionats amb el canvi de resid\u00e8ncia de la major part d&#8217;immigrants. Aix\u00f2 va comportar la desaparici\u00f3 d&#8217;un grup finalment prou nombr\u00f3s i estable.<\/p>\n<p>La participaci\u00f3 en aquest projecte va propiciar que anys m\u00e9s tard treball\u00e9s en la conceptualitzaci\u00f3 dels materials did\u00e0ctics del projecte d&#8217;<a href=\"https:\/\/martaberrocal.org\/cat\/alfabetitzacio\/\">alfabetitzaci\u00f3 <\/a>&#8220;<strong>Lletres per a tothom<\/strong>&#8220;, impulsat pel Departament de Benestar i Fam\u00edlia de la Generalitat de Catalunya i l&#8217;Obra Social &#8220;la Caixa&#8221;. Posteriorment el material es va adaptar al castell\u00e0 amb el nom &#8220;<strong><em>Letras para ti<\/em><\/strong>&#8221;<\/p>\n<p>&nbsp;<\/p>\n<p>&nbsp;<\/p>\n<p>&nbsp;<\/p>\n","protected":false},"excerpt":{"rendered":"<p>&nbsp; &nbsp; Coincidint amb el curs escolar 2005-2006 a Sant Cebri\u00e0 de Vallalta, un poble d&#8217;uns 3.300 habitants situat a la comarca del Maresme, a Barcelona, \u200b\u200bes va desenvolupar un projecte d&#8217;alfabetitzaci\u00f3 i integraci\u00f3 dirigit a immigrants que vivien a la poblaci\u00f3. El projecte va sorgir per iniciativa de l&#8217;ajuntament i en resposta a les &hellip; <a href=\"https:\/\/martaberrocal.org\/cat\/docencia-alfabetizacio-immigrants\/\" class=\"more-link\">Continua la lectura de <span class=\"screen-reader-text\">Alfabetitzaci\u00f3 d&#8217;immigrants<\/span> <span class=\"meta-nav\">&rarr;<\/span><\/a><\/p>\n","protected":false},"author":1,"featured_media":0,"parent":0,"menu_order":0,"comment_status":"closed","ping_status":"closed","template":"","meta":{"footnotes":""},"class_list":["post-1156","page","type-page","status-publish","hentry"],"_links":{"self":[{"href":"https:\/\/martaberrocal.org\/cat\/wp-json\/wp\/v2\/pages\/1156","targetHints":{"allow":["GET"]}}],"collection":[{"href":"https:\/\/martaberrocal.org\/cat\/wp-json\/wp\/v2\/pages"}],"about":[{"href":"https:\/\/martaberrocal.org\/cat\/wp-json\/wp\/v2\/types\/page"}],"author":[{"embeddable":true,"href":"https:\/\/martaberrocal.org\/cat\/wp-json\/wp\/v2\/users\/1"}],"replies":[{"embeddable":true,"href":"https:\/\/martaberrocal.org\/cat\/wp-json\/wp\/v2\/comments?post=1156"}],"version-history":[{"count":5,"href":"https:\/\/martaberrocal.org\/cat\/wp-json\/wp\/v2\/pages\/1156\/revisions"}],"predecessor-version":[{"id":2700,"href":"https:\/\/martaberrocal.org\/cat\/wp-json\/wp\/v2\/pages\/1156\/revisions\/2700"}],"wp:attachment":[{"href":"https:\/\/martaberrocal.org\/cat\/wp-json\/wp\/v2\/media?parent=1156"}],"curies":[{"name":"wp","href":"https:\/\/api.w.org\/{rel}","templated":true}]}}