
{"id":1159,"date":"2016-08-05T09:23:21","date_gmt":"2016-08-05T09:23:21","guid":{"rendered":"http:\/\/martaberrocal.org\/es\/?page_id=1159"},"modified":"2017-02-24T09:54:39","modified_gmt":"2017-02-24T09:54:39","slug":"participacion-en-jornadas-y-cursos-relacionados-con-la-multiculturalidad-y-la-interculturalidad","status":"publish","type":"page","link":"https:\/\/martaberrocal.org\/cat\/participacion-en-jornadas-y-cursos-relacionados-con-la-multiculturalidad-y-la-interculturalidad\/","title":{"rendered":"Participaci\u00f3 en jornades i cursos relacionats amb la multiculturalitat i la interculturalitat"},"content":{"rendered":"<p>&nbsp;<\/p>\n<ul>\n<li>Participaci\u00f3 com a docent en el <span style=\"color: #993366;\">curs de Postgrau<\/span>: &#8220;Relacions Interculturals i Educaci\u00f3&#8221;, amb la sessi\u00f3<strong>: Promoure bones relacions interculturals amb la representaci\u00f3 del Teatre de Titelles<\/strong>. Organitzat per l&#8217;Institut de Ci\u00e8ncies de l&#8217;Educaci\u00f3 de la Universitat Aut\u00f2noma de Barcelona. Mar\u00e7 del 2004.<\/li>\n<\/ul>\n<ul>\n<li>\u00a0Participaci\u00f3 a la <span style=\"color: #993366;\">Jornada<\/span>: &#8220;Dona Gitana: un espai per a la participaci\u00f3 &#8216;&#8221; presentant: <strong>Una experi\u00e8ncia educativa amb dones gitanes<\/strong>. Organitzada per La Fundaci\u00f3 Secretariat General Gitano, en col\u00b7laboraci\u00f3 amb l&#8217;Institut Catal\u00e0 de la Dona. Barcelona, gener del 2003.<\/li>\n<\/ul>\n<ul>\n<li>\u00a0Participaci\u00f3 en les <span style=\"color: #993366;\">trobades<\/span>: &#8220;Intercanvi d&#8217;experi\u00e8ncies i reflexions del Programa Multiculturalitat i Educaci\u00f3&#8221;, presentant l&#8217;experi\u00e8ncia: <strong>La creaci\u00f3 d&#8217;una companyia de titelles com a projecte de formaci\u00f3 del Programa de la Renda M\u00ednima<\/strong> (PIRMI-RMI). Organitzades per l&#8217;Institut de Ci\u00e8ncies de l&#8217;Educaci\u00f3 de la Universitat Aut\u00f2noma de Barcelona, el 2001.<\/li>\n<\/ul>\n<ul>\n<li>Participaci\u00f3 en les <em>XXI &#8220;<span style=\"color: #993366;\">Jornadas<\/span> de ense\u00f1antes con gitanos&#8221;<\/em>, presentant <span style=\"color: #000000;\">l&#8217;experi\u00e8ncia: <\/span><strong><span style=\"color: #000000;\">L<\/span>a Compa\u00f1\u00eda de marionetas &#8220;Las Tigresas&#8221;.<\/strong> Madrid, setembre del 2001.<\/li>\n<\/ul>\n<ul>\n<li>Participaci\u00f3 a la Primera &#8220;<span style=\"color: #993366;\">Jornada<\/span> de Reflexi\u00f3 sobre Multiculturalitat i Educaci\u00f3&#8221;, en la Taula de Debat: <strong>El professorat d&#8217;alumnat d&#8217;altres cultures en condicions de marginaci\u00f3<\/strong>. Organitzada per l&#8217;ICE de la Universitat Aut\u00f2noma de Barcelona els dies 28 i 29 de gener del 2000.<\/li>\n<\/ul>\n","protected":false},"excerpt":{"rendered":"<p>&nbsp; Participaci\u00f3 com a docent en el curs de Postgrau: &#8220;Relacions Interculturals i Educaci\u00f3&#8221;, amb la sessi\u00f3: Promoure bones relacions interculturals amb la representaci\u00f3 del Teatre de Titelles. Organitzat per l&#8217;Institut de Ci\u00e8ncies de l&#8217;Educaci\u00f3 de la Universitat Aut\u00f2noma de Barcelona. Mar\u00e7 del 2004. \u00a0Participaci\u00f3 a la Jornada: &#8220;Dona Gitana: un espai per a la &hellip; <a href=\"https:\/\/martaberrocal.org\/cat\/participacion-en-jornadas-y-cursos-relacionados-con-la-multiculturalidad-y-la-interculturalidad\/\" class=\"more-link\">Continua la lectura de <span class=\"screen-reader-text\">Participaci\u00f3 en jornades i cursos relacionats amb la multiculturalitat i la interculturalitat<\/span> <span class=\"meta-nav\">&rarr;<\/span><\/a><\/p>\n","protected":false},"author":1,"featured_media":0,"parent":0,"menu_order":0,"comment_status":"closed","ping_status":"closed","template":"","meta":{"footnotes":""},"class_list":["post-1159","page","type-page","status-publish","hentry"],"_links":{"self":[{"href":"https:\/\/martaberrocal.org\/cat\/wp-json\/wp\/v2\/pages\/1159","targetHints":{"allow":["GET"]}}],"collection":[{"href":"https:\/\/martaberrocal.org\/cat\/wp-json\/wp\/v2\/pages"}],"about":[{"href":"https:\/\/martaberrocal.org\/cat\/wp-json\/wp\/v2\/types\/page"}],"author":[{"embeddable":true,"href":"https:\/\/martaberrocal.org\/cat\/wp-json\/wp\/v2\/users\/1"}],"replies":[{"embeddable":true,"href":"https:\/\/martaberrocal.org\/cat\/wp-json\/wp\/v2\/comments?post=1159"}],"version-history":[{"count":7,"href":"https:\/\/martaberrocal.org\/cat\/wp-json\/wp\/v2\/pages\/1159\/revisions"}],"predecessor-version":[{"id":2648,"href":"https:\/\/martaberrocal.org\/cat\/wp-json\/wp\/v2\/pages\/1159\/revisions\/2648"}],"wp:attachment":[{"href":"https:\/\/martaberrocal.org\/cat\/wp-json\/wp\/v2\/media?parent=1159"}],"curies":[{"name":"wp","href":"https:\/\/api.w.org\/{rel}","templated":true}]}}