
{"id":1162,"date":"2016-08-05T09:26:48","date_gmt":"2016-08-05T09:26:48","guid":{"rendered":"http:\/\/martaberrocal.org\/es\/?page_id=1162"},"modified":"2017-02-24T10:32:20","modified_gmt":"2017-02-24T10:32:20","slug":"kitscaixa-valores-2","status":"publish","type":"page","link":"https:\/\/martaberrocal.org\/cat\/kitscaixa-valores-2\/","title":{"rendered":"Kitscaixa valors"},"content":{"rendered":"<figure id=\"attachment_437\" aria-describedby=\"caption-attachment-437\" style=\"width: 162px\" class=\"wp-caption alignright\"><a href=\"https:\/\/martaberrocal.org\/cat\/wp-content\/uploads\/2016\/05\/moble-kitcaixa-valors-Copiar.jpg\"><img loading=\"lazy\" decoding=\"async\" class=\" wp-image-437\" src=\"https:\/\/martaberrocal.org\/cat\/wp-content\/uploads\/2016\/05\/moble-kitcaixa-valors-Copiar-187x300.jpg\" alt=\"\" width=\"162\" height=\"260\" srcset=\"https:\/\/martaberrocal.org\/cat\/wp-content\/uploads\/2016\/05\/moble-kitcaixa-valors-Copiar-187x300.jpg 187w, https:\/\/martaberrocal.org\/cat\/wp-content\/uploads\/2016\/05\/moble-kitcaixa-valors-Copiar.jpg 299w\" sizes=\"auto, (max-width: 162px) 100vw, 162px\" \/><\/a><figcaption id=\"caption-attachment-437\" class=\"wp-caption-text\">KITSCAIXA VALORES . <strong>Obra Social &#8220;la Caixa&#8221; <\/p>\n<p><\/strong><\/figcaption><\/figure>\n<p>&nbsp;<\/p>\n<p><strong>Haver participat en el projecte <a href=\"https:\/\/martaberrocal.org\/cat\/?page_id=323\">KITSCAIXA VALORS<\/a>, destinat a treballar l&#8217;educaci\u00f3 socioemocional i en valors a l&#8217;escola, em va donar l&#8217;oportunitat de realitzar sessions de formaci\u00f3 dirigides a professorat de diferents nivells i especialitats<\/strong>, (la major part de vegades coordinadors de conviv\u00e8ncia, responsables de valors, etc.) <strong>amb l&#8217;objectiu que coneguessin els recursos did\u00e0ctics del Kit i les idees b\u00e0siques en qu\u00e8 es basa.\u00a0<\/strong>S&#8217;esperava que poguessin, no nom\u00e9s utilitzar els materials que el componen, sin\u00f3 tamb\u00e9 fer-ne difusi\u00f3 entre els docents i gestionar el seu pr\u00e9stec des dels Centres de Professors corresponents.<\/p>\n<p><strong>Aquest projecte s&#8217;inscriu dins de les iniciatives que l&#8217;Obra Social &#8220;la Caixa&#8221; porta a terme en col\u00b7laboraci\u00f3 amb les Conselleries d&#8217;Educaci\u00f3 de diferents comunitats aut\u00f2nomes.<\/strong><\/p>\n<p><strong>El proc\u00e9s de formaci\u00f3 em va portar a treballar amb molts grups diferents de professors, entre els anys 2007 i 2012<\/strong>. Les primeres sessions estaven dirigides principalment a membres d&#8217;equips directius i coordinadors i les vaig impartir en els Centres de Professors, des dels quals es gestiona el pr\u00e9stec dels materials del KITSCAIXA als diversos centres escolars adscrits. Tenien una durada aproximada d&#8217;unes dues hores. Tamb\u00e9 vaig impartir un taller en el marc d&#8217;un congr\u00e9s educatiu a Gal\u00edcia. A mesura que el programa s&#8217;anava implantant vaig tenir tamb\u00e9 oportunitat de realitzar sessions de formaci\u00f3 en alguns centres escolars, i fins i tot un taller de tres dies de durada amb professors gallecs de diversos centres escolars.<\/p>\n<p>Les sessions les desenvolupava utilitzant els propis recursos did\u00e0ctics del KITSCAIXA. Aix\u00f2 les feia m\u00e9s participatives i vivencials i donava l&#8217;oportunitat d&#8217;experimentar breument amb alguns dels recursos i constatar aix\u00ed la quantitat de possibilitats que pot suscitar el seu \u00fas a l&#8217;escola. Poques vegades, afortunadament, vaig haver de rec\u00f3rrer a un <em>power point.<\/em><\/p>\n<p><em>\u00a0<\/em><strong>Sens dubte m&#8217;inclino per tota aquella formaci\u00f3 que afavoreixi la interacci\u00f3 entre els participants i amb la persona que condueixi la sessi\u00f3. Per a mi, la proximitat \u00e9s fonamental.<\/strong><\/p>\n<p>Potser alg\u00fa pugui pensar que presentar els mateixos materials una vegada rere una altra, pot constituir una activitat rutin\u00e0ria. Res m\u00e9s lluny de la realitat. Cada sessi\u00f3 \u00e9s diferent: les persones que assisteixen, la regi\u00f3, el clima, l&#8217;horari de la sessi\u00f3, el dia de la setmana, i tot un llarg etc\u00e8tera converteixen cada presentaci\u00f3 en una experi\u00e8ncia \u00fanica.<\/p>\n<p>Vaig afrontar cada formaci\u00f3 amb il\u00b7lusi\u00f3 i amb una actitud receptiva a tot all\u00f2 que les persones que integraven cada grup comunicaven a trav\u00e9s de les seves intervencions i tamb\u00e9 dels seus gestos, mirades, postures, etc. Les trobades propiciaven compartir preocupacions, dubtes i inquietuds, al voltant de l&#8217;educaci\u00f3 socioemocional i es plantejaven tamb\u00e9 molts interrogants als quals vaig mirar de donar resposta al moment.<\/p>\n<p>Aquesta experi\u00e8ncia ha estat absolutament enriquidora, no nom\u00e9s a nivell professional, sin\u00f3 tamb\u00e9 personal. Els viatges propicien an\u00e8cdotes, aventures i tamb\u00e9 anar sumant visions i perspectives diferents sobre la vida, que penso que contribueixen a incrementar la toler\u00e0ncia i el respecte per a totes les persones.<\/p>\n<hr \/>\n<p><strong>De 2007 a 2009 vaig impartir formaci\u00f3 a:<\/strong><\/p>\n<ul>\n<li>\u00a0Barcelona, \u200b\u200bPalma de Mallorca, Santiago de Compostel\u00b7la, Granada, Sevilla, Matar\u00f3, Oviedo, Pamplona, \u200b\u200bValladolid, Madrid, Bilbao, Burgos Val\u00e8ncia, Ceuta, La Llacuna (Tenerife), Les Palmes de Gran Can\u00e0ria i Saragossa.<\/li>\n<\/ul>\n<p><strong>El 2010 i 2011 vaig formar professorat a la comunitat de Castella:<\/strong><\/p>\n<ul>\n<li>Salamanca, \u00c0vila, Seg\u00f2via i Lle\u00f3.<\/li>\n<li>Tamb\u00e9 vaig realitzar una sessi\u00f3 al Centre\u00a0 de Recursos del Professorat del barri de Gr\u00e0cia de Barcelona.<\/li>\n<\/ul>\n<p><strong>El 2012 vaig impartir formaci\u00f3 a:<\/strong><\/p>\n<ul>\n<li>Val\u00e8ncia, Navarra, Txurdinanga, Getxo, Zaratamo, Molina de Segura, Mar Menor, Graus, C\u00f2rdova, Bilbao, Logronyo, Vit\u00f2ria, Orense, Madrid, C\u00e0ceres, Pal\u00e8ncia i Barcelona.<\/li>\n<\/ul>\n","protected":false},"excerpt":{"rendered":"<p>&nbsp; Haver participat en el projecte KITSCAIXA VALORS, destinat a treballar l&#8217;educaci\u00f3 socioemocional i en valors a l&#8217;escola, em va donar l&#8217;oportunitat de realitzar sessions de formaci\u00f3 dirigides a professorat de diferents nivells i especialitats, (la major part de vegades coordinadors de conviv\u00e8ncia, responsables de valors, etc.) amb l&#8217;objectiu que coneguessin els recursos did\u00e0ctics del &hellip; <a href=\"https:\/\/martaberrocal.org\/cat\/kitscaixa-valores-2\/\" class=\"more-link\">Continua la lectura de <span class=\"screen-reader-text\">Kitscaixa valors<\/span> <span class=\"meta-nav\">&rarr;<\/span><\/a><\/p>\n","protected":false},"author":1,"featured_media":0,"parent":0,"menu_order":0,"comment_status":"closed","ping_status":"closed","template":"","meta":{"footnotes":""},"class_list":["post-1162","page","type-page","status-publish","hentry"],"_links":{"self":[{"href":"https:\/\/martaberrocal.org\/cat\/wp-json\/wp\/v2\/pages\/1162","targetHints":{"allow":["GET"]}}],"collection":[{"href":"https:\/\/martaberrocal.org\/cat\/wp-json\/wp\/v2\/pages"}],"about":[{"href":"https:\/\/martaberrocal.org\/cat\/wp-json\/wp\/v2\/types\/page"}],"author":[{"embeddable":true,"href":"https:\/\/martaberrocal.org\/cat\/wp-json\/wp\/v2\/users\/1"}],"replies":[{"embeddable":true,"href":"https:\/\/martaberrocal.org\/cat\/wp-json\/wp\/v2\/comments?post=1162"}],"version-history":[{"count":5,"href":"https:\/\/martaberrocal.org\/cat\/wp-json\/wp\/v2\/pages\/1162\/revisions"}],"predecessor-version":[{"id":2650,"href":"https:\/\/martaberrocal.org\/cat\/wp-json\/wp\/v2\/pages\/1162\/revisions\/2650"}],"wp:attachment":[{"href":"https:\/\/martaberrocal.org\/cat\/wp-json\/wp\/v2\/media?parent=1162"}],"curies":[{"name":"wp","href":"https:\/\/api.w.org\/{rel}","templated":true}]}}