
{"id":1165,"date":"2016-08-05T09:27:06","date_gmt":"2016-08-05T09:27:06","guid":{"rendered":"http:\/\/martaberrocal.org\/es\/?page_id=1165"},"modified":"2017-02-24T11:21:07","modified_gmt":"2017-02-24T11:21:07","slug":"kitscaixa-valores-compacto","status":"publish","type":"page","link":"https:\/\/martaberrocal.org\/cat\/kitscaixa-valores-compacto\/","title":{"rendered":"Kitscaixa valors compacte"},"content":{"rendered":"<p>&nbsp;<\/p>\n<p><img loading=\"lazy\" decoding=\"async\" class=\"alignleft size-medium wp-image-443\" src=\"https:\/\/martaberrocal.org\/cat\/wp-content\/uploads\/2016\/05\/valores-cmpacto-250x300.png\" alt=\"\" width=\"250\" height=\"300\" srcset=\"https:\/\/martaberrocal.org\/cat\/wp-content\/uploads\/2016\/05\/valores-cmpacto-250x300.png 250w, https:\/\/martaberrocal.org\/cat\/wp-content\/uploads\/2016\/05\/valores-cmpacto.png 285w\" sizes=\"auto, (max-width: 250px) 100vw, 250px\" \/><\/p>\n<p><strong>El KITSCAIXA VALORS compacte <\/strong>aplega una selecci\u00f3 de materials\u00a0 que formen part del <a href=\"https:\/\/martaberrocal.org\/cat\/kitscaixa-valors\/\">KITSCAIXA VALORS.<\/a> Tots dos estan <strong>destinats a treballar l&#8217;educaci\u00f3 socioemocional i en valors<\/strong>.<\/p>\n<p>La meva participaci\u00f3 en aquests projectes va propiciar que m\u2019integr\u00e9s en el proc\u00e9s de formaci\u00f3 que es va realitzar de forma paral\u00b7lela a la distribuci\u00f3 del <strong>KITSCAIXA VALORS compacte<\/strong> entre entitats socials vinculades al programa &#8220;Caixa Proinf\u00e0ncia&#8221; de l&#8217;Obra Social &#8220;la Caixa&#8221;. Les sessions anaven adre\u00e7ades espec\u00edficament a educadors socials, terapeutes, psic\u00f2legs, etc. de les entitats que havien rebut un kit, per tal que poguessin utilitzar els recursos amb els grups d\u2019infants que atenien i abordar aix\u00ed aspectes d&#8217;educaci\u00f3 emocional amb nens i joves.<\/p>\n<p>La meva experi\u00e8ncia pr\u00e8via en contextos d&#8217;educaci\u00f3 no formal, el coneixement dels objectius i els recursos del kit i la meva traject\u00f2ria com a formadora de formadors van ser aspectes claus en el proc\u00e9s de formaci\u00f3. Tamb\u00e9 el fet d&#8217;estar portant a terme, <a href=\"https:\/\/martaberrocal.org\/cat\/?page_id=1162\">paral\u00b7lelament, un proc\u00e9s de formaci\u00f3 en l&#8217;\u00e0mbit de l&#8217;educaci\u00f3 reglada dirigit al professorat de prim\u00e0ria i primer cicle de secund\u00e0ria sobre el KITSCAIXA VALORS.<\/a><\/p>\n<p>Tots dos contextos educatius s\u00f3n molt diferents i aix\u00f2 em va portar a pensar en noves propostes de dinamitzaci\u00f3 a partir dels materials del kit, amb un car\u00e0cter especialment l\u00fadic i participatiu. Les entitats socials tenen llibertat per treballar de forma menys programada que a l&#8217;escola i per flexibilitzar i adaptar-se a les necessitats dels infants i joves. Aix\u00f2 constitueix en cert sentit un avantatge al qual cal saber treure-li partit.<\/p>\n<p>La formaci\u00f3 que vaig impartir es va centrar en donar a con\u00e8ixer els materials, i en aprendre a examinar-los, cr\u00edtica i creativament, a la llum dels objectius que guien l&#8217;educaci\u00f3 socioemocional. Tamb\u00e9 en relaci\u00f3 als valors, amb l&#8217;objectiu de ser capa\u00e7os de posar en joc activitats divertides i diferents a partir dels recursos del kit, aix\u00ed com d&#8217;altres que ells mateixos poguessin imaginar, construir, etc.<\/p>\n<hr \/>\n<p><strong>Durant l&#8217;any 2010 vaig impartir formaci\u00f3 a grups de professionals de l&#8217;educaci\u00f3 no formal a:<\/strong><\/p>\n<ul>\n<li>Saragossa, M\u00farcia, Barcelona, \u200b\u200bVal\u00e8ncia, Madrid, Sevilla, M\u00e0laga, Las Palmas de Gran Can\u00e0ria, Palma de Mallorca i Bilbao.<\/li>\n<\/ul>\n<p>Posteriorment, he realitzat algunes formacions sobre el KITSCAIXA VALORS compacte que anomenar\u00e9 &#8220;h\u00edbrides&#8221;, perqu\u00e8 han compartit espai amb la formaci\u00f3 i presentaci\u00f3 d&#8217;altres materials. No donar\u00e9 detall d&#8217;elles en aquest apartat, potser ho faci en uns altres.<\/p>\n<p>Per tal d&#8217;incentivar l&#8217;\u00fas del KITSCAIXA VALORS compacte i coincidint amb aquest proc\u00e9s de formaci\u00f3, em van encarregar tamb\u00e9 el 2010 la conceptualitzaci\u00f3 del <a href=\"https:\/\/martaberrocal.org\/cat\/?page_id=1347\"><strong>1er concurs &#8220;Construint valors&#8221;.<\/strong><\/a><\/p>\n","protected":false},"excerpt":{"rendered":"<p>&nbsp; El KITSCAIXA VALORS compacte aplega una selecci\u00f3 de materials\u00a0 que formen part del KITSCAIXA VALORS. Tots dos estan destinats a treballar l&#8217;educaci\u00f3 socioemocional i en valors. La meva participaci\u00f3 en aquests projectes va propiciar que m\u2019integr\u00e9s en el proc\u00e9s de formaci\u00f3 que es va realitzar de forma paral\u00b7lela a la distribuci\u00f3 del KITSCAIXA VALORS &hellip; <a href=\"https:\/\/martaberrocal.org\/cat\/kitscaixa-valores-compacto\/\" class=\"more-link\">Continua la lectura de <span class=\"screen-reader-text\">Kitscaixa valors compacte<\/span> <span class=\"meta-nav\">&rarr;<\/span><\/a><\/p>\n","protected":false},"author":1,"featured_media":0,"parent":0,"menu_order":0,"comment_status":"closed","ping_status":"closed","template":"","meta":{"footnotes":""},"class_list":["post-1165","page","type-page","status-publish","hentry"],"_links":{"self":[{"href":"https:\/\/martaberrocal.org\/cat\/wp-json\/wp\/v2\/pages\/1165","targetHints":{"allow":["GET"]}}],"collection":[{"href":"https:\/\/martaberrocal.org\/cat\/wp-json\/wp\/v2\/pages"}],"about":[{"href":"https:\/\/martaberrocal.org\/cat\/wp-json\/wp\/v2\/types\/page"}],"author":[{"embeddable":true,"href":"https:\/\/martaberrocal.org\/cat\/wp-json\/wp\/v2\/users\/1"}],"replies":[{"embeddable":true,"href":"https:\/\/martaberrocal.org\/cat\/wp-json\/wp\/v2\/comments?post=1165"}],"version-history":[{"count":6,"href":"https:\/\/martaberrocal.org\/cat\/wp-json\/wp\/v2\/pages\/1165\/revisions"}],"predecessor-version":[{"id":2652,"href":"https:\/\/martaberrocal.org\/cat\/wp-json\/wp\/v2\/pages\/1165\/revisions\/2652"}],"wp:attachment":[{"href":"https:\/\/martaberrocal.org\/cat\/wp-json\/wp\/v2\/media?parent=1165"}],"curies":[{"name":"wp","href":"https:\/\/api.w.org\/{rel}","templated":true}]}}