
{"id":1308,"date":"2016-10-21T15:54:07","date_gmt":"2016-10-21T15:54:07","guid":{"rendered":"http:\/\/martaberrocal.org\/es\/?page_id=1308"},"modified":"2017-01-27T21:31:09","modified_gmt":"2017-01-27T21:31:09","slug":"descripcio-del-projecte-expressart","status":"publish","type":"page","link":"https:\/\/martaberrocal.org\/cat\/descripcio-del-projecte-expressart\/","title":{"rendered":"Descripci\u00f3 del projecte ExpressArt"},"content":{"rendered":"<figure id=\"attachment_1266\" aria-describedby=\"caption-attachment-1266\" style=\"width: 300px\" class=\"wp-caption aligncenter\"><img loading=\"lazy\" decoding=\"async\" class=\"wp-image-1266 size-medium\" src=\"https:\/\/martaberrocal.org\/cat\/wp-content\/uploads\/2016\/06\/R_MG_1350-300x188.jpg\" alt=\"ExpressArt. Museu port\u00e0til\" width=\"300\" height=\"188\" srcset=\"https:\/\/martaberrocal.org\/cat\/wp-content\/uploads\/2016\/06\/R_MG_1350-300x188.jpg 300w, https:\/\/martaberrocal.org\/cat\/wp-content\/uploads\/2016\/06\/R_MG_1350-768x480.jpg 768w, https:\/\/martaberrocal.org\/cat\/wp-content\/uploads\/2016\/06\/R_MG_1350.jpg 800w\" sizes=\"auto, (max-width: 300px) 100vw, 300px\" \/><figcaption id=\"caption-attachment-1266\" class=\"wp-caption-text\">ExpressArt. Museu port\u00e0til<\/figcaption><\/figure>\n<figure id=\"attachment_22\" aria-describedby=\"caption-attachment-22\" style=\"width: 185px\" class=\"wp-caption alignleft\"><a href=\"https:\/\/martaberrocal.org\/cat\/wp-content\/uploads\/2016\/05\/MARTA-Copiar.jpg\"><img loading=\"lazy\" decoding=\"async\" class=\"wp-image-22\" src=\"http:\/\/martaberrocal.org\/es\/wp-content\/uploads\/2016\/05\/MARTA-Copiar-e1464191353100-300x266.jpg\" alt=\" Caixa d'objectes del projecte ExpressArt Museu port\u00e0til\" width=\"185\" height=\"164\" \/><\/a><figcaption id=\"caption-attachment-22\" class=\"wp-caption-text\">Caixa d&#8217;objectes del projecte ExpressArt Museu port\u00e0til<\/figcaption><\/figure>\n<figure id=\"attachment_664\" aria-describedby=\"caption-attachment-664\" style=\"width: 106px\" class=\"wp-caption alignright\"><a href=\"https:\/\/martaberrocal.org\/cat\/wp-content\/uploads\/2016\/06\/Caixa-cubs-projecte-ExpressArt.jpg\"><img loading=\"lazy\" decoding=\"async\" class=\"wp-image-664\" src=\"http:\/\/martaberrocal.org\/es\/wp-content\/uploads\/2016\/06\/Caixa-cubs-projecte-ExpressArt-196x300.jpg\" alt=\"Caixa de cubs del projecte ExpressArt Museu port\u00e0til\" width=\"106\" height=\"163\" srcset=\"https:\/\/martaberrocal.org\/cat\/wp-content\/uploads\/2016\/06\/Caixa-cubs-projecte-ExpressArt-196x300.jpg 196w, https:\/\/martaberrocal.org\/cat\/wp-content\/uploads\/2016\/06\/Caixa-cubs-projecte-ExpressArt.jpg 391w\" sizes=\"auto, (max-width: 106px) 100vw, 106px\" \/><\/a><figcaption id=\"caption-attachment-664\" class=\"wp-caption-text\">Caixa de cubs del projecte ExpressArt Museu port\u00e0til<\/figcaption><\/figure>\n<p>&nbsp;<\/p>\n<p>&nbsp;<\/p>\n<p>&nbsp;<\/p>\n<p>&nbsp;<\/p>\n<p>&nbsp;<\/p>\n<p>&nbsp;<\/p>\n<p>&nbsp;<\/p>\n<p><a href=\"http:\/\/www.macba.cat\/ca\/expressart-infantil-primaria-2016\" target=\"_blank\"><strong>ExpressArt. Museu port\u00e0til<\/strong><\/a> \u00e9s un projecte realitzat\u00a0per al MACBA.<\/p>\n<p>El projecte ExpressArt neix de considerar <strong>l\u2019art contemporani com un generador inesgotable d\u2019aprenentatges diversos<\/strong> i de la <strong>voluntat de posar a l\u2019abast de tothom un projecte en qu\u00e8 les experi\u00e8ncies d\u2019\u00e8xit de tots els qui hi participin estiguin garantides des del comen\u00e7ament<\/strong>. Est\u00e0 pensat per al professorat i l\u2019alumnat d\u2019educaci\u00f3 infantil, prim\u00e0ria i primer cicle de secund\u00e0ria, inclosos els alumnes amb necessitats educatives especials. Tamb\u00e9 \u00e9s possible utilitzar-lo en altres nivells educatius i amb adults. L\u2019objectiu \u00e9s proporcionar recursos per treballar q\u00fcestions i tem\u00e0tiques molt diferents, tenint present un <strong>enfocament competencial<\/strong>, sent l\u2019art contemporani el punt de partida de tot el que se suggereix.<\/p>\n<p>El projecte est\u00e0 concebut com un conjunt de propostes did\u00e0ctiques per realitzar a l\u2019aula amb l\u2019ajuda d\u2019una colla de materials (objectes tridimensionals, imatges i textos) que es lliuren al professorat dins d\u2019una caixa de fusta en forma d\u2019embalatge d\u2019obra d\u2019art, amb rodes, i amb tres calaixos independents a dins.<\/p>\n<p>El projecte ExpressArt pret\u00e9n fomentar actituds obertes, flexibles, receptives, anal\u00edtiques, cr\u00edtiques, respectuoses i participatives que puguin ser expressades, si es desitja, a trav\u00e9s de l\u2019art.<\/p>\n<p>&nbsp;<\/p>\n","protected":false},"excerpt":{"rendered":"<p>&nbsp; &nbsp; &nbsp; &nbsp; &nbsp; &nbsp; &nbsp; ExpressArt. Museu port\u00e0til \u00e9s un projecte realitzat\u00a0per al MACBA. El projecte ExpressArt neix de considerar l\u2019art contemporani com un generador inesgotable d\u2019aprenentatges diversos i de la voluntat de posar a l\u2019abast de tothom un projecte en qu\u00e8 les experi\u00e8ncies d\u2019\u00e8xit de tots els qui hi participin estiguin garantides &hellip; <a href=\"https:\/\/martaberrocal.org\/cat\/descripcio-del-projecte-expressart\/\" class=\"more-link\">Continua la lectura de <span class=\"screen-reader-text\">Descripci\u00f3 del projecte ExpressArt<\/span> <span class=\"meta-nav\">&rarr;<\/span><\/a><\/p>\n","protected":false},"author":1,"featured_media":0,"parent":0,"menu_order":0,"comment_status":"closed","ping_status":"closed","template":"","meta":{"footnotes":""},"class_list":["post-1308","page","type-page","status-publish","hentry"],"_links":{"self":[{"href":"https:\/\/martaberrocal.org\/cat\/wp-json\/wp\/v2\/pages\/1308","targetHints":{"allow":["GET"]}}],"collection":[{"href":"https:\/\/martaberrocal.org\/cat\/wp-json\/wp\/v2\/pages"}],"about":[{"href":"https:\/\/martaberrocal.org\/cat\/wp-json\/wp\/v2\/types\/page"}],"author":[{"embeddable":true,"href":"https:\/\/martaberrocal.org\/cat\/wp-json\/wp\/v2\/users\/1"}],"replies":[{"embeddable":true,"href":"https:\/\/martaberrocal.org\/cat\/wp-json\/wp\/v2\/comments?post=1308"}],"version-history":[{"count":5,"href":"https:\/\/martaberrocal.org\/cat\/wp-json\/wp\/v2\/pages\/1308\/revisions"}],"predecessor-version":[{"id":2271,"href":"https:\/\/martaberrocal.org\/cat\/wp-json\/wp\/v2\/pages\/1308\/revisions\/2271"}],"wp:attachment":[{"href":"https:\/\/martaberrocal.org\/cat\/wp-json\/wp\/v2\/media?parent=1308"}],"curies":[{"name":"wp","href":"https:\/\/api.w.org\/{rel}","templated":true}]}}