
{"id":1347,"date":"2016-10-21T19:08:00","date_gmt":"2016-10-21T19:08:00","guid":{"rendered":"http:\/\/martaberrocal.org\/es\/?page_id=1347"},"modified":"2017-05-23T09:18:36","modified_gmt":"2017-05-23T09:18:36","slug":"concurs-construint-valors","status":"publish","type":"page","link":"https:\/\/martaberrocal.org\/cat\/concurs-construint-valors\/","title":{"rendered":"1er concurs \u00abConstruint valors\u00bb"},"content":{"rendered":"<p>&nbsp;<\/p>\n<p>El 2010 vaig dissenyar el <strong>1r concurs \u00abConstruint valors\u00bb,<\/strong> i vaig coordinar tot el proc\u00e9s fins a la resoluci\u00f3 final del jurat al setembre de 2011.<\/p>\n<figure id=\"attachment_364\" aria-describedby=\"caption-attachment-364\" style=\"width: 183px\" class=\"wp-caption alignright\"><img loading=\"lazy\" decoding=\"async\" class=\"wp-image-364\" src=\"http:\/\/martaberrocal.org\/es\/wp-content\/uploads\/2016\/05\/valores-cmpacto-250x300.png\" alt=\"valors compacte\" width=\"183\" height=\"220\" \/><figcaption id=\"caption-attachment-364\" class=\"wp-caption-text\">Materials del KITSCAIXA VALORS compacte<\/figcaption><\/figure>\n<p>El concurs va n\u00e9ixer fruit d&#8217;un enc\u00e0rrec de l&#8217;Obra Social de la Fundaci\u00f3 &#8220;la Caixa&#8221;, amb la intenci\u00f3 d&#8217;incentivar l&#8217;\u00fas dels KITSCAIXA VALORS compactes (<a href=\"https:\/\/martaberrocal.org\/cat\/?page_id=323\">KCVc<\/a>) per part dels infants i dels joves vinculats a les entitats benefici\u00e0ries del <a href=\"https:\/\/obrasociallacaixa.org\/ca\/pobreza-accion-social\/pobreza\/pobreza-infantil\/que-hacemos\">Programa \u00abCaixaProinf\u00e0ncia\u00bb<\/a> i de les \u00abCiberCaixa Quedem despr\u00e9s de classe&#8221;. L&#8217;objectiu era potenciar aix\u00ed l&#8217;adquisici\u00f3 i l&#8217;enfortiment, de les qualitats personals que contribueixen a incrementar l&#8217;autoestima i els valors \u00e8tics i de conviv\u00e8ncia (responsabilitat, comprom\u00eds, civisme, etc.), necessaris per a una millor inclusi\u00f3 a la societat.<\/p>\n<p>&nbsp;<\/p>\n<p>Mitjan\u00e7ant el concurs es convidava als infants i els joves a expressar-se creativament fent \u00fas de diferents llenguatges, sobre la viv\u00e8ncia de les seves emocions, els seus compromisos amb els valors de conviv\u00e8ncia, etc. Es van establir tres categories de participaci\u00f3, atenent les edats, i quatre modalitats: Conte, dibuix, fotografia i projectes d&#8217;intervenci\u00f3. La participaci\u00f3 podia ser individual o tamb\u00e9 col\u00b7lectiva en el cas de les dues \u00faltimes modalitats.<\/p>\n<p>La imatge que apareix a continuaci\u00f3 va ser un dels dibuixos que van ser presentats a concurs. El t\u00edtol \u00e9s: <strong>No querer pensar. El ni\u00f1o sin pensamiento<\/strong>.<\/p>\n<figure id=\"attachment_1927\" aria-describedby=\"caption-attachment-1927\" style=\"width: 219px\" class=\"wp-caption aligncenter\"><a href=\"https:\/\/martaberrocal.org\/cat\/wp-content\/uploads\/2016\/11\/presentat220_245-Copiar.jpg\"><img loading=\"lazy\" decoding=\"async\" class=\"wp-image-1927 size-medium\" src=\"https:\/\/martaberrocal.org\/cat\/wp-content\/uploads\/2016\/11\/presentat220_245-Copiar-219x300.jpg\" alt=\"presentat220_245-copiar\" width=\"219\" height=\"300\" srcset=\"https:\/\/martaberrocal.org\/cat\/wp-content\/uploads\/2016\/11\/presentat220_245-Copiar-219x300.jpg 219w, https:\/\/martaberrocal.org\/cat\/wp-content\/uploads\/2016\/11\/presentat220_245-Copiar.jpg 438w\" sizes=\"auto, (max-width: 219px) 100vw, 219px\" \/><\/a><figcaption id=\"caption-attachment-1927\" class=\"wp-caption-text\"><strong>NO QUERER PENSAR. El ni\u00f1o sin pensamiento<\/strong><\/figcaption><\/figure>\n<p>No tinc dades sobre el seu autor, nom\u00e9s s\u00e9 que pertany a un concursant de M\u00e0laga de la Categoria B, i que el tinc registrat amb el n\u00famero 220_245. S\u00e9 que finalment va ser un dels premiats <strong>i voldria poder dir-li el molt que em va emocionar el seu dibuix.<\/strong><\/p>\n<p>&nbsp;<\/p>\n","protected":false},"excerpt":{"rendered":"<p>&nbsp; El 2010 vaig dissenyar el 1r concurs \u00abConstruint valors\u00bb, i vaig coordinar tot el proc\u00e9s fins a la resoluci\u00f3 final del jurat al setembre de 2011. El concurs va n\u00e9ixer fruit d&#8217;un enc\u00e0rrec de l&#8217;Obra Social de la Fundaci\u00f3 &#8220;la Caixa&#8221;, amb la intenci\u00f3 d&#8217;incentivar l&#8217;\u00fas dels KITSCAIXA VALORS compactes (KCVc) per part dels &hellip; <a href=\"https:\/\/martaberrocal.org\/cat\/concurs-construint-valors\/\" class=\"more-link\">Continua la lectura de <span class=\"screen-reader-text\">1er concurs \u00abConstruint valors\u00bb<\/span> <span class=\"meta-nav\">&rarr;<\/span><\/a><\/p>\n","protected":false},"author":1,"featured_media":0,"parent":0,"menu_order":0,"comment_status":"closed","ping_status":"closed","template":"","meta":{"footnotes":""},"class_list":["post-1347","page","type-page","status-publish","hentry"],"_links":{"self":[{"href":"https:\/\/martaberrocal.org\/cat\/wp-json\/wp\/v2\/pages\/1347","targetHints":{"allow":["GET"]}}],"collection":[{"href":"https:\/\/martaberrocal.org\/cat\/wp-json\/wp\/v2\/pages"}],"about":[{"href":"https:\/\/martaberrocal.org\/cat\/wp-json\/wp\/v2\/types\/page"}],"author":[{"embeddable":true,"href":"https:\/\/martaberrocal.org\/cat\/wp-json\/wp\/v2\/users\/1"}],"replies":[{"embeddable":true,"href":"https:\/\/martaberrocal.org\/cat\/wp-json\/wp\/v2\/comments?post=1347"}],"version-history":[{"count":7,"href":"https:\/\/martaberrocal.org\/cat\/wp-json\/wp\/v2\/pages\/1347\/revisions"}],"predecessor-version":[{"id":3410,"href":"https:\/\/martaberrocal.org\/cat\/wp-json\/wp\/v2\/pages\/1347\/revisions\/3410"}],"wp:attachment":[{"href":"https:\/\/martaberrocal.org\/cat\/wp-json\/wp\/v2\/media?parent=1347"}],"curies":[{"name":"wp","href":"https:\/\/api.w.org\/{rel}","templated":true}]}}