
{"id":1488,"date":"2016-05-25T17:04:41","date_gmt":"2016-05-25T17:04:41","guid":{"rendered":"http:\/\/marta.ecoresiduos.es\/es\/?page_id=441"},"modified":"2017-03-28T17:22:27","modified_gmt":"2017-03-28T17:22:27","slug":"construccions-i-constructors","status":"publish","type":"page","link":"https:\/\/martaberrocal.org\/cat\/construccions-i-constructors\/","title":{"rendered":"Construccions i Constructors"},"content":{"rendered":"<p>&nbsp;<\/p>\n<figure id=\"attachment_40\" aria-describedby=\"caption-attachment-40\" style=\"width: 300px\" class=\"wp-caption alignleft\"><img loading=\"lazy\" decoding=\"async\" class=\"wp-image-40 size-medium\" src=\"https:\/\/martaberrocal.org\/cat\/wp-content\/uploads\/2016\/05\/maleti-CC-300x191.png\" alt=\" Maleta del projecte Construccions i constructors . MCNB\" width=\"300\" height=\"191\" srcset=\"https:\/\/martaberrocal.org\/cat\/wp-content\/uploads\/2016\/05\/maleti-CC-300x191.png 300w, https:\/\/martaberrocal.org\/cat\/wp-content\/uploads\/2016\/05\/maleti-CC.png 684w\" sizes=\"auto, (max-width: 300px) 100vw, 300px\" \/><figcaption id=\"caption-attachment-40\" class=\"wp-caption-text\">Maleta del projecte Construccions i constructors . MCNB<\/figcaption><\/figure>\n<p><strong>Construccions<\/strong> i <strong>constructors <\/strong>\u00a0\u00e9s un projecte realitzat per al Museu de Ci\u00e8ncies Naturals de Barcelona l&#8217;any 2012 destinat a professors i alumnes de les <strong>escoles dels centres penitenciaris i els centres educatius de just\u00edcia juvenil de Catalunya<\/strong>. Neix per enc\u00e0rrec, tres anys despr\u00e9s d&#8217;haver realitzat el projecte <a href=\"https:\/\/martaberrocal.org\/cat\/?page_id=105\">Museu Ambulant<\/a>, dirigit al mateix p\u00fablic.<\/p>\n<p>Vaig proposar partir de l&#8217;exposici\u00f3 que el museu va produir el 2003, amb el t\u00edtol: <a href=\"http:\/\/museuciencies.cat\/exposicio_temporal\/els-altres-arquitectes-2003\/\">Els altres arquitectes<\/a>, per conceptualitzar el nou projecte.<\/p>\n<p>L&#8217;exposici\u00f3, de car\u00e0cter divulgatiu i dirigida a persones de totes les edats, abordava aspectes de zoologia, etologia, antropologia, etc. i oferia una visi\u00f3 poli\u00e8drica i transversal de les construccions que s\u00f3n el resultat de comportaments orientats a aconseguir diversos objectius: nius, caus, trampes de ca\u00e7a, etc. Vaig tenir ocasi\u00f3 de <a href=\"https:\/\/martaberrocal.org\/cat\/?page_id=643\">crear i impartir un curs <\/a>dirigit a professorat d&#8217;educaci\u00f3 infantil, prim\u00e0ria i secund\u00e0ria sobre aquesta exposici\u00f3 i per tant coneixia b\u00e9 els seus continguts i les possibilitats d&#8217;abordar-los d\u2019una manera innovadora i imaginativa.<\/p>\n<p>En el moment de la conceptualitzaci\u00f3 d&#8217;aquest nou material, l&#8217;experi\u00e8ncia pr\u00e8via acumulada durant els tres anys de viatge del Museu Ambulant, va ser per a mi determinant i va influir en la decisi\u00f3 d&#8217;aspectes com ara:<\/p>\n<ul>\n<li>La &#8220;transportabilitat&#8221; del material (mesures i pes)<\/li>\n<li>La quantitat d&#8217;informaci\u00f3 cient\u00edfica a proporcionar i el seu nivell de complexitat<\/li>\n<li>El tipus de materials did\u00e0ctics i les activitats que amb ells es poden dur a terme<\/li>\n<li>L&#8217;estructura, l\u2019extensi\u00f3 i el contingut de la guia did\u00e0ctica del professorat<\/li>\n<li>Etc.<\/li>\n<\/ul>\n<p>Aix\u00ed van n\u00e9ixer les <strong>dues maletes<\/strong> iguals que constitueixen el projecte <strong>Construccions<\/strong> i <strong>constructors <\/strong>. I ho van fer amb el prop\u00f2sit d&#8217;esdevenir un <strong>detonador d&#8217;aprenentatges<\/strong> molt diversos, i no exclusivament relacionat amb l&#8217;adquisici\u00f3 de continguts. El punt de partida i fil conductor \u00e9s el tema de les construccions que realitzen determinats animals, tamb\u00e9 els humans, per tal de viure millor, cosa que en \u00faltima inst\u00e0ncia contribueix a assegurar la superviv\u00e8ncia de l&#8217;esp\u00e8cie constructora.<\/p>\n<p>El treball que es proposa desenvolupar concedeix una import\u00e0ncia especial a les habilitats de pensament i raonament, aix\u00ed com a la creativitat, i vol contribuir a fer emergir valors com la cooperaci\u00f3, la toler\u00e0ncia, el respecte per les idees dels altres i la pr\u00e0ctica del di\u00e0leg respectu\u00f3s. Les propostes conviden a pensar i exposar idees i arguments, a observar i conversar, a idear, projectar i discutir, a crear i decidir entre tots.<\/p>\n<p>L&#8217;objectiu \u00e9s contribuir a donar resposta a tres q\u00fcestions fonamentals:<\/p>\n<ul>\n<li>Quins animals construeixen<\/li>\n<li>Per qu\u00e8 construeixen<\/li>\n<li>Com ho fan<\/li>\n<\/ul>\n<p>Les maletes contenen materials per a ser manipulats: animals, construccions animals, materials de construcci\u00f3, fotografies i imatges digitals, instruments d&#8217;observaci\u00f3 (lupes i microscopis), i diversos materials per construir. Van acompanyades d&#8217;una carpeta amb informaci\u00f3 diversa i una guia did\u00e0ctica per al professorat.<\/p>\n<p>Les fotografies que hi ha a continuaci\u00f3, s\u00f3n una mostra d&#8217;alguns dels materials del projecte i de les activitats creatives que proposa dur a terme.<\/p>\n<div id='gallery-1' class='gallery galleryid-1488 gallery-columns-5 gallery-size-thumbnail'><figure class='gallery-item'>\n\t\t\t<div class='gallery-icon landscape'>\n\t\t\t\t<a href='https:\/\/martaberrocal.org\/cat\/wp-content\/uploads\/2016\/05\/DSC02837-Copiar.jpg'><img loading=\"lazy\" decoding=\"async\" width=\"150\" height=\"150\" src=\"https:\/\/martaberrocal.org\/cat\/wp-content\/uploads\/2016\/05\/DSC02837-Copiar-150x150.jpg\" class=\"attachment-thumbnail size-thumbnail\" alt=\"\" aria-describedby=\"gallery-1-489\" \/><\/a>\n\t\t\t<\/div>\n\t\t\t\t<figcaption class='wp-caption-text gallery-caption' id='gallery-1-489'>\n\t\t\t\tInterior de la maleta\n\t\t\t\t<\/figcaption><\/figure><figure class='gallery-item'>\n\t\t\t<div class='gallery-icon landscape'>\n\t\t\t\t<a href='https:\/\/martaberrocal.org\/cat\/wp-content\/uploads\/2016\/05\/DSC02867-Copiar.jpg'><img loading=\"lazy\" decoding=\"async\" width=\"150\" height=\"150\" src=\"https:\/\/martaberrocal.org\/cat\/wp-content\/uploads\/2016\/05\/DSC02867-Copiar-150x150.jpg\" class=\"attachment-thumbnail size-thumbnail\" alt=\"\" aria-describedby=\"gallery-1-491\" \/><\/a>\n\t\t\t<\/div>\n\t\t\t\t<figcaption class='wp-caption-text gallery-caption' id='gallery-1-491'>\n\t\t\t\tInterior de la maleta\n\t\t\t\t<\/figcaption><\/figure><figure class='gallery-item'>\n\t\t\t<div class='gallery-icon landscape'>\n\t\t\t\t<a href='https:\/\/martaberrocal.org\/cat\/wp-content\/uploads\/2016\/05\/DSC02863-Copiar.jpg'><img loading=\"lazy\" decoding=\"async\" width=\"150\" height=\"150\" src=\"https:\/\/martaberrocal.org\/cat\/wp-content\/uploads\/2016\/05\/DSC02863-Copiar-150x150.jpg\" class=\"attachment-thumbnail size-thumbnail\" alt=\"\" aria-describedby=\"gallery-1-490\" \/><\/a>\n\t\t\t<\/div>\n\t\t\t\t<figcaption class='wp-caption-text gallery-caption' id='gallery-1-490'>\n\t\t\t\tCapses amb imatges i diversos materials naturals \n\t\t\t\t<\/figcaption><\/figure><figure class='gallery-item'>\n\t\t\t<div class='gallery-icon landscape'>\n\t\t\t\t<a href='https:\/\/martaberrocal.org\/cat\/wp-content\/uploads\/2016\/05\/DSC02548-Copiar.jpg'><img loading=\"lazy\" decoding=\"async\" width=\"150\" height=\"150\" src=\"https:\/\/martaberrocal.org\/cat\/wp-content\/uploads\/2016\/05\/DSC02548-Copiar-150x150.jpg\" class=\"attachment-thumbnail size-thumbnail\" alt=\"\" aria-describedby=\"gallery-1-475\" \/><\/a>\n\t\t\t<\/div>\n\t\t\t\t<figcaption class='wp-caption-text gallery-caption' id='gallery-1-475'>\n\t\t\t\tNius d\u2019ocells \n\t\t\t\t<\/figcaption><\/figure><figure class='gallery-item'>\n\t\t\t<div class='gallery-icon landscape'>\n\t\t\t\t<a href='https:\/\/martaberrocal.org\/cat\/wp-content\/uploads\/2016\/05\/DSC02535-Copiar.jpg'><img loading=\"lazy\" decoding=\"async\" width=\"150\" height=\"150\" src=\"https:\/\/martaberrocal.org\/cat\/wp-content\/uploads\/2016\/05\/DSC02535-Copiar-150x150.jpg\" class=\"attachment-thumbnail size-thumbnail\" alt=\"\" aria-describedby=\"gallery-1-474\" \/><\/a>\n\t\t\t<\/div>\n\t\t\t\t<figcaption class='wp-caption-text gallery-caption' id='gallery-1-474'>\n\t\t\t\tOcells naturalitzats  \n\t\t\t\t<\/figcaption><\/figure><figure class='gallery-item'>\n\t\t\t<div class='gallery-icon landscape'>\n\t\t\t\t<a href='https:\/\/martaberrocal.org\/cat\/wp-content\/uploads\/2016\/05\/DSC02567-Copiar.jpg'><img loading=\"lazy\" decoding=\"async\" width=\"150\" height=\"150\" src=\"https:\/\/martaberrocal.org\/cat\/wp-content\/uploads\/2016\/05\/DSC02567-Copiar-150x150.jpg\" class=\"attachment-thumbnail size-thumbnail\" alt=\"\" aria-describedby=\"gallery-1-477\" \/><\/a>\n\t\t\t<\/div>\n\t\t\t\t<figcaption class='wp-caption-text gallery-caption' id='gallery-1-477'>\n\t\t\t\tConstruccions i constructors animals \n\t\t\t\t<\/figcaption><\/figure><figure class='gallery-item'>\n\t\t\t<div class='gallery-icon landscape'>\n\t\t\t\t<a href='https:\/\/martaberrocal.org\/cat\/wp-content\/uploads\/2016\/05\/DSC02555-Copiar.jpg'><img loading=\"lazy\" decoding=\"async\" width=\"150\" height=\"150\" src=\"https:\/\/martaberrocal.org\/cat\/wp-content\/uploads\/2016\/05\/DSC02555-Copiar-150x150.jpg\" class=\"attachment-thumbnail size-thumbnail\" alt=\"\" aria-describedby=\"gallery-1-476\" \/><\/a>\n\t\t\t<\/div>\n\t\t\t\t<figcaption class='wp-caption-text gallery-caption' id='gallery-1-476'>\n\t\t\t\t    Morrut de les palmeres (Rhynchophorus ferrugineus)\n\t\t\t\t<\/figcaption><\/figure><figure class='gallery-item'>\n\t\t\t<div class='gallery-icon landscape'>\n\t\t\t\t<a href='https:\/\/martaberrocal.org\/cat\/wp-content\/uploads\/2016\/05\/DSC02572-Copiar.jpg'><img loading=\"lazy\" decoding=\"async\" width=\"150\" height=\"150\" src=\"https:\/\/martaberrocal.org\/cat\/wp-content\/uploads\/2016\/05\/DSC02572-Copiar-150x150.jpg\" class=\"attachment-thumbnail size-thumbnail\" alt=\"\" aria-describedby=\"gallery-1-478\" \/><\/a>\n\t\t\t<\/div>\n\t\t\t\t<figcaption class='wp-caption-text gallery-caption' id='gallery-1-478'>\n\t\t\t\t  Materials naturals de construcci\u00f3  \n\t\t\t\t<\/figcaption><\/figure><figure class='gallery-item'>\n\t\t\t<div class='gallery-icon landscape'>\n\t\t\t\t<a href='https:\/\/martaberrocal.org\/cat\/wp-content\/uploads\/2016\/05\/DSC02460-640x480.jpg'><img loading=\"lazy\" decoding=\"async\" width=\"150\" height=\"150\" src=\"https:\/\/martaberrocal.org\/cat\/wp-content\/uploads\/2016\/05\/DSC02460-640x480-150x150.jpg\" class=\"attachment-thumbnail size-thumbnail\" alt=\"\" aria-describedby=\"gallery-1-466\" \/><\/a>\n\t\t\t<\/div>\n\t\t\t\t<figcaption class='wp-caption-text gallery-caption' id='gallery-1-466'>\n\t\t\t\tMateriales para realizar construcciones\n\t\t\t\t<\/figcaption><\/figure><figure class='gallery-item'>\n\t\t\t<div class='gallery-icon landscape'>\n\t\t\t\t<a href='https:\/\/martaberrocal.org\/cat\/wp-content\/uploads\/2016\/05\/DSC02664-Copiar.jpg'><img loading=\"lazy\" decoding=\"async\" width=\"150\" height=\"150\" src=\"https:\/\/martaberrocal.org\/cat\/wp-content\/uploads\/2016\/05\/DSC02664-Copiar-150x150.jpg\" class=\"attachment-thumbnail size-thumbnail\" alt=\"\" aria-describedby=\"gallery-1-485\" \/><\/a>\n\t\t\t<\/div>\n\t\t\t\t<figcaption class='wp-caption-text gallery-caption' id='gallery-1-485'>\n\t\t\t\tTotxanes i pals de fusta per fer construccions \n\t\t\t\t<\/figcaption><\/figure><figure class='gallery-item'>\n\t\t\t<div class='gallery-icon landscape'>\n\t\t\t\t<a href='https:\/\/martaberrocal.org\/cat\/wp-content\/uploads\/2016\/05\/DSC02659-Copiar.jpg'><img loading=\"lazy\" decoding=\"async\" width=\"150\" height=\"150\" src=\"https:\/\/martaberrocal.org\/cat\/wp-content\/uploads\/2016\/05\/DSC02659-Copiar-150x150.jpg\" class=\"attachment-thumbnail size-thumbnail\" alt=\"\" aria-describedby=\"gallery-1-484\" \/><\/a>\n\t\t\t<\/div>\n\t\t\t\t<figcaption class='wp-caption-text gallery-caption' id='gallery-1-484'>\n\t\t\t\tCabana de totxos i coberta de fusta  \n\t\t\t\t<\/figcaption><\/figure><figure class='gallery-item'>\n\t\t\t<div class='gallery-icon landscape'>\n\t\t\t\t<a href='https:\/\/martaberrocal.org\/cat\/wp-content\/uploads\/2016\/05\/DSC02688-Copiar.jpg'><img loading=\"lazy\" decoding=\"async\" width=\"150\" height=\"150\" src=\"https:\/\/martaberrocal.org\/cat\/wp-content\/uploads\/2016\/05\/DSC02688-Copiar-150x150.jpg\" class=\"attachment-thumbnail size-thumbnail\" alt=\"\" aria-describedby=\"gallery-1-486\" \/><\/a>\n\t\t\t<\/div>\n\t\t\t\t<figcaption class='wp-caption-text gallery-caption' id='gallery-1-486'>\n\t\t\t\tCabana amb teulada a dues vessants \n\t\t\t\t<\/figcaption><\/figure><figure class='gallery-item'>\n\t\t\t<div class='gallery-icon landscape'>\n\t\t\t\t<a href='https:\/\/martaberrocal.org\/cat\/wp-content\/uploads\/2016\/05\/DSC02796-Copiar.jpg'><img loading=\"lazy\" decoding=\"async\" width=\"150\" height=\"150\" src=\"https:\/\/martaberrocal.org\/cat\/wp-content\/uploads\/2016\/05\/DSC02796-Copiar-150x150.jpg\" class=\"attachment-thumbnail size-thumbnail\" alt=\"\" aria-describedby=\"gallery-1-488\" \/><\/a>\n\t\t\t<\/div>\n\t\t\t\t<figcaption class='wp-caption-text gallery-caption' id='gallery-1-488'>\n\t\t\t\tRefugi\n\t\t\t\t<\/figcaption><\/figure><figure class='gallery-item'>\n\t\t\t<div class='gallery-icon landscape'>\n\t\t\t\t<a href='https:\/\/martaberrocal.org\/cat\/wp-content\/uploads\/2016\/05\/DSC02516-Copiar.jpg'><img loading=\"lazy\" decoding=\"async\" width=\"150\" height=\"150\" src=\"https:\/\/martaberrocal.org\/cat\/wp-content\/uploads\/2016\/05\/DSC02516-Copiar-150x150.jpg\" class=\"attachment-thumbnail size-thumbnail\" alt=\"\" aria-describedby=\"gallery-1-472\" \/><\/a>\n\t\t\t<\/div>\n\t\t\t\t<figcaption class='wp-caption-text gallery-caption' id='gallery-1-472'>\n\t\t\t\tCabana amb teulada de fulles de palma \n\t\t\t\t<\/figcaption><\/figure><figure class='gallery-item'>\n\t\t\t<div class='gallery-icon landscape'>\n\t\t\t\t<a href='https:\/\/martaberrocal.org\/cat\/wp-content\/uploads\/2016\/05\/DSC02508-Copiar.jpg'><img loading=\"lazy\" decoding=\"async\" width=\"150\" height=\"150\" src=\"https:\/\/martaberrocal.org\/cat\/wp-content\/uploads\/2016\/05\/DSC02508-Copiar-150x150.jpg\" class=\"attachment-thumbnail size-thumbnail\" alt=\"\" aria-describedby=\"gallery-1-470\" \/><\/a>\n\t\t\t<\/div>\n\t\t\t\t<figcaption class='wp-caption-text gallery-caption' id='gallery-1-470'>\n\t\t\t\tCabana d\u2019escor\u00e7a i pinya  \n\t\t\t\t<\/figcaption><\/figure><figure class='gallery-item'>\n\t\t\t<div class='gallery-icon portrait'>\n\t\t\t\t<a href='https:\/\/martaberrocal.org\/cat\/wp-content\/uploads\/2016\/05\/DSC02484-Copiar.jpg'><img loading=\"lazy\" decoding=\"async\" width=\"150\" height=\"150\" src=\"https:\/\/martaberrocal.org\/cat\/wp-content\/uploads\/2016\/05\/DSC02484-Copiar-150x150.jpg\" class=\"attachment-thumbnail size-thumbnail\" alt=\"\" aria-describedby=\"gallery-1-468\" \/><\/a>\n\t\t\t<\/div>\n\t\t\t\t<figcaption class='wp-caption-text gallery-caption' id='gallery-1-468'>\n\t\t\t\tCabana amb sostre c\u00f2nic de palla\n\t\t\t\t<\/figcaption><\/figure><figure class='gallery-item'>\n\t\t\t<div class='gallery-icon landscape'>\n\t\t\t\t<a href='https:\/\/martaberrocal.org\/cat\/wp-content\/uploads\/2016\/05\/DSC02590-Copiar.jpg'><img loading=\"lazy\" decoding=\"async\" width=\"150\" height=\"150\" src=\"https:\/\/martaberrocal.org\/cat\/wp-content\/uploads\/2016\/05\/DSC02590-Copiar-150x150.jpg\" class=\"attachment-thumbnail size-thumbnail\" alt=\"\" aria-describedby=\"gallery-1-479\" \/><\/a>\n\t\t\t<\/div>\n\t\t\t\t<figcaption class='wp-caption-text gallery-caption' id='gallery-1-479'>\n\t\t\t\tMaterials per construir un tipi  \n\t\t\t\t<\/figcaption><\/figure><figure class='gallery-item'>\n\t\t\t<div class='gallery-icon landscape'>\n\t\t\t\t<a href='https:\/\/martaberrocal.org\/cat\/wp-content\/uploads\/2016\/05\/DSC02598-Copiar.jpg'><img loading=\"lazy\" decoding=\"async\" width=\"150\" height=\"150\" src=\"https:\/\/martaberrocal.org\/cat\/wp-content\/uploads\/2016\/05\/DSC02598-Copiar-150x150.jpg\" class=\"attachment-thumbnail size-thumbnail\" alt=\"\" aria-describedby=\"gallery-1-481\" \/><\/a>\n\t\t\t<\/div>\n\t\t\t\t<figcaption class='wp-caption-text gallery-caption' id='gallery-1-481'>\n\t\t\t\tDetall de la subjecci\u00f3 dels pals \n\t\t\t\t<\/figcaption><\/figure><figure class='gallery-item'>\n\t\t\t<div class='gallery-icon landscape'>\n\t\t\t\t<a href='https:\/\/martaberrocal.org\/cat\/wp-content\/uploads\/2016\/05\/DSC02498-Copiar.jpg'><img loading=\"lazy\" decoding=\"async\" width=\"150\" height=\"150\" src=\"https:\/\/martaberrocal.org\/cat\/wp-content\/uploads\/2016\/05\/DSC02498-Copiar-150x150.jpg\" class=\"attachment-thumbnail size-thumbnail\" alt=\"\" aria-describedby=\"gallery-1-469\" \/><\/a>\n\t\t\t<\/div>\n\t\t\t\t<figcaption class='wp-caption-text gallery-caption' id='gallery-1-469'>\n\t\t\t\tDetall de la tanca de la tenda  \n\t\t\t\t<\/figcaption><\/figure><figure class='gallery-item'>\n\t\t\t<div class='gallery-icon landscape'>\n\t\t\t\t<a href='https:\/\/martaberrocal.org\/cat\/wp-content\/uploads\/2016\/05\/DSC02593-Copiar.jpg'><img loading=\"lazy\" decoding=\"async\" width=\"150\" height=\"150\" src=\"https:\/\/martaberrocal.org\/cat\/wp-content\/uploads\/2016\/05\/DSC02593-Copiar-150x150.jpg\" class=\"attachment-thumbnail size-thumbnail\" alt=\"\" aria-describedby=\"gallery-1-480\" \/><\/a>\n\t\t\t<\/div>\n\t\t\t\t<figcaption class='wp-caption-text gallery-caption' id='gallery-1-480'>\n\t\t\t\tTipi \n\t\t\t\t<\/figcaption><\/figure>\n\t\t<\/div>\n\n<p>&nbsp;<\/p>\n<p>&nbsp;<\/p>\n","protected":false},"excerpt":{"rendered":"<p>&nbsp; Construccions i constructors \u00a0\u00e9s un projecte realitzat per al Museu de Ci\u00e8ncies Naturals de Barcelona l&#8217;any 2012 destinat a professors i alumnes de les escoles dels centres penitenciaris i els centres educatius de just\u00edcia juvenil de Catalunya. Neix per enc\u00e0rrec, tres anys despr\u00e9s d&#8217;haver realitzat el projecte Museu Ambulant, dirigit al mateix p\u00fablic. Vaig &hellip; <a href=\"https:\/\/martaberrocal.org\/cat\/construccions-i-constructors\/\" class=\"more-link\">Continua la lectura de <span class=\"screen-reader-text\">Construccions i Constructors<\/span> <span class=\"meta-nav\">&rarr;<\/span><\/a><\/p>\n","protected":false},"author":1,"featured_media":0,"parent":0,"menu_order":0,"comment_status":"closed","ping_status":"closed","template":"","meta":{"footnotes":""},"class_list":["post-1488","page","type-page","status-publish","hentry"],"_links":{"self":[{"href":"https:\/\/martaberrocal.org\/cat\/wp-json\/wp\/v2\/pages\/1488","targetHints":{"allow":["GET"]}}],"collection":[{"href":"https:\/\/martaberrocal.org\/cat\/wp-json\/wp\/v2\/pages"}],"about":[{"href":"https:\/\/martaberrocal.org\/cat\/wp-json\/wp\/v2\/types\/page"}],"author":[{"embeddable":true,"href":"https:\/\/martaberrocal.org\/cat\/wp-json\/wp\/v2\/users\/1"}],"replies":[{"embeddable":true,"href":"https:\/\/martaberrocal.org\/cat\/wp-json\/wp\/v2\/comments?post=1488"}],"version-history":[{"count":8,"href":"https:\/\/martaberrocal.org\/cat\/wp-json\/wp\/v2\/pages\/1488\/revisions"}],"predecessor-version":[{"id":2960,"href":"https:\/\/martaberrocal.org\/cat\/wp-json\/wp\/v2\/pages\/1488\/revisions\/2960"}],"wp:attachment":[{"href":"https:\/\/martaberrocal.org\/cat\/wp-json\/wp\/v2\/media?parent=1488"}],"curies":[{"name":"wp","href":"https:\/\/api.w.org\/{rel}","templated":true}]}}