
{"id":1768,"date":"2016-11-07T16:17:12","date_gmt":"2016-11-07T16:17:12","guid":{"rendered":"http:\/\/martaberrocal.org\/cat\/?page_id=1768"},"modified":"2017-08-16T10:00:39","modified_gmt":"2017-08-16T10:00:39","slug":"armilla-del-naturalista","status":"publish","type":"page","link":"https:\/\/martaberrocal.org\/cat\/armilla-del-naturalista\/","title":{"rendered":"Armilla del naturalista"},"content":{"rendered":"<p>&nbsp;<\/p>\n<figure id=\"attachment_45\" aria-describedby=\"caption-attachment-45\" style=\"width: 213px\" class=\"wp-caption alignleft\"><img loading=\"lazy\" decoding=\"async\" class=\"wp-image-45 size-medium\" src=\"https:\/\/martaberrocal.org\/cat\/wp-content\/uploads\/2016\/05\/armilla-retallada-213x300.jpg\" alt=\" Armilla del naturalista\" width=\"213\" height=\"300\" srcset=\"https:\/\/martaberrocal.org\/cat\/wp-content\/uploads\/2016\/05\/armilla-retallada-213x300.jpg 213w, https:\/\/martaberrocal.org\/cat\/wp-content\/uploads\/2016\/05\/armilla-retallada-768x1080.jpg 768w, https:\/\/martaberrocal.org\/cat\/wp-content\/uploads\/2016\/05\/armilla-retallada-728x1024.jpg 728w, https:\/\/martaberrocal.org\/cat\/wp-content\/uploads\/2016\/05\/armilla-retallada.jpg 1728w\" sizes=\"auto, (max-width: 213px) 100vw, 213px\" \/><figcaption id=\"caption-attachment-45\" class=\"wp-caption-text\">Armilla del naturalista<\/figcaption><\/figure>\n<p>&nbsp;<\/p>\n<p><strong>L\u2019 Armilla del Naturalista<\/strong> \u00e9s un projecte realitzat per al <a href=\"http:\/\/museuciencies.cat\/visitans\/jardi-botanic\/\" target=\"_blank\" rel=\"noopener\">Jard\u00ed Bot\u00e0nic de Barcelona<\/a>. Va n\u00e9ixer l&#8217;any 2007 i ha estat a disposici\u00f3 dels visitants del Jard\u00ed durant 10 anys.<\/p>\n<p>A principis del 2017 un nou projecte, inspirat en ell, l&#8217;ha reempla\u00e7at: <strong><a href=\"http:\/\/museuciencies.cat\/visitans\/jardi-botanic\/serveis\/motxilla-naturalista\/\" target=\"_blank\" rel=\"noopener\"><span style=\"color: #800080;\">Motxilla per a naturalistes<\/span><\/a><\/strong><span style=\"color: #800080;\">.<\/span> Tinc la impressi\u00f3 que alguns materials originals de l\u2019Armilla han passat ara a ocupar un lloc en la Motxilla i perviu encara la seva utilitat. Em complau que sigui aix\u00ed.<\/p>\n<p><strong>L\u2019 Armilla<\/strong> estava adre\u00e7ada a fam\u00edlies amb nens que visitessin el Jard\u00ed. Proporcionava recursos per dur a terme de forma aut\u00f2noma i flexible, activitats vinculades a determinades zones del jard\u00ed, amb l&#8217;objectiu de jugar i aprendre alhora, d&#8217;estimular l&#8217;inter\u00e8s i el respecte per la natura, la curiositat, les ganes de saber, etc.<\/p>\n<p>Les diferents butxaques de l&#8217;armilla contenien materials diversos en el seu interior, molts d&#8217;ells naturals i provinents d\u2019alguna zona del jard\u00ed. L&#8217;acompanyava una guia d&#8217;activitats que proporcionava indicacions per dur-les a terme i tamb\u00e9 informaci\u00f3 sobre algunes q\u00fcestions relacionades amb les esp\u00e8cies vegetals o animals protagonistes de cada activitat. La major part d&#8217;elles convidaven a participar a tots els membres de la fam\u00edlia, independentment de l&#8217;edat i algunes d&#8217;elles estaven concebudes a manera de joc per propiciar un passeig l\u00fadic i agradable.<\/p>\n<p>Es convidava els visitants a utilitzar alguns elements com ara una lupa o un quadern de dibuix en qualsevol moment del passeig. D&#8217;altres, com una col\u00b7lecci\u00f3 de fruits de diverses esp\u00e8cies d&#8217;eucaliptus o un joc de mem\u00f2ria per aparellar flors de gaz\u00e0nies es recomanaven utilitzar en els llocs on es tenia l&#8217;oportunitat d&#8217;observar en directe les esp\u00e8cies que eren el centre de l&#8217;activitat.<\/p>\n<p>Aquestes s\u00f3n imatges d&#8217;alguns dels materials que contenien les butxaques de l&#8217;armilla:<\/p>\n<div id='gallery-1' class='gallery galleryid-1768 gallery-columns-3 gallery-size-thumbnail'><figure class='gallery-item'>\n\t\t\t<div class='gallery-icon landscape'>\n\t\t\t\t<a href='https:\/\/martaberrocal.org\/cat\/wp-content\/uploads\/2016\/05\/material-armilla-013-Copiar.jpg'><img loading=\"lazy\" decoding=\"async\" width=\"150\" height=\"150\" src=\"https:\/\/martaberrocal.org\/cat\/wp-content\/uploads\/2016\/05\/material-armilla-013-Copiar-150x150.jpg\" class=\"attachment-thumbnail size-thumbnail\" alt=\"\" aria-describedby=\"gallery-1-458\" \/><\/a>\n\t\t\t<\/div>\n\t\t\t\t<figcaption class='wp-caption-text gallery-caption' id='gallery-1-458'>\n\t\t\t\tEsbrina l&#8217;edat dels arbres\n\t\t\t\t<\/figcaption><\/figure><figure class='gallery-item'>\n\t\t\t<div class='gallery-icon portrait'>\n\t\t\t\t<a href='https:\/\/martaberrocal.org\/cat\/wp-content\/uploads\/2016\/05\/material-armilla-014-Copiar.jpg'><img loading=\"lazy\" decoding=\"async\" width=\"150\" height=\"150\" src=\"https:\/\/martaberrocal.org\/cat\/wp-content\/uploads\/2016\/05\/material-armilla-014-Copiar-150x150.jpg\" class=\"attachment-thumbnail size-thumbnail\" alt=\"\" aria-describedby=\"gallery-1-459\" \/><\/a>\n\t\t\t<\/div>\n\t\t\t\t<figcaption class='wp-caption-text gallery-caption' id='gallery-1-459'>\n\t\t\t\tDibuixa en el quadern\n\t\t\t\t<\/figcaption><\/figure><figure class='gallery-item'>\n\t\t\t<div class='gallery-icon landscape'>\n\t\t\t\t<a href='https:\/\/martaberrocal.org\/cat\/wp-content\/uploads\/2016\/05\/material-armilla-022-Copiar.jpg'><img loading=\"lazy\" decoding=\"async\" width=\"150\" height=\"150\" src=\"https:\/\/martaberrocal.org\/cat\/wp-content\/uploads\/2016\/05\/material-armilla-022-Copiar-150x150.jpg\" class=\"attachment-thumbnail size-thumbnail\" alt=\"\" aria-describedby=\"gallery-1-460\" \/><\/a>\n\t\t\t<\/div>\n\t\t\t\t<figcaption class='wp-caption-text gallery-caption' id='gallery-1-460'>\n\t\t\t\tEncaixa les fulles\n\t\t\t\t<\/figcaption><\/figure><figure class='gallery-item'>\n\t\t\t<div class='gallery-icon portrait'>\n\t\t\t\t<a href='https:\/\/martaberrocal.org\/cat\/wp-content\/uploads\/2016\/05\/material-armilla-035-Copiar.jpg'><img loading=\"lazy\" decoding=\"async\" width=\"150\" height=\"150\" src=\"https:\/\/martaberrocal.org\/cat\/wp-content\/uploads\/2016\/05\/material-armilla-035-Copiar-150x150.jpg\" class=\"attachment-thumbnail size-thumbnail\" alt=\"\" aria-describedby=\"gallery-1-461\" \/><\/a>\n\t\t\t<\/div>\n\t\t\t\t<figcaption class='wp-caption-text gallery-caption' id='gallery-1-461'>\n\t\t\t\tAparella flors i fruits\n\t\t\t\t<\/figcaption><\/figure><figure class='gallery-item'>\n\t\t\t<div class='gallery-icon portrait'>\n\t\t\t\t<a href='https:\/\/martaberrocal.org\/cat\/wp-content\/uploads\/2016\/05\/material-armilla-040-Copiar.jpg'><img loading=\"lazy\" decoding=\"async\" width=\"150\" height=\"150\" src=\"https:\/\/martaberrocal.org\/cat\/wp-content\/uploads\/2016\/05\/material-armilla-040-Copiar-150x150.jpg\" class=\"attachment-thumbnail size-thumbnail\" alt=\"\" aria-describedby=\"gallery-1-462\" \/><\/a>\n\t\t\t<\/div>\n\t\t\t\t<figcaption class='wp-caption-text gallery-caption' id='gallery-1-462'>\n\t\t\t\tFruits d&#8217;eucaliptus\n\t\t\t\t<\/figcaption><\/figure><figure class='gallery-item'>\n\t\t\t<div class='gallery-icon landscape'>\n\t\t\t\t<a href='https:\/\/martaberrocal.org\/cat\/wp-content\/uploads\/2016\/05\/material-armilla-043-Copiar.jpg'><img loading=\"lazy\" decoding=\"async\" width=\"150\" height=\"150\" src=\"https:\/\/martaberrocal.org\/cat\/wp-content\/uploads\/2016\/05\/material-armilla-043-Copiar-150x150.jpg\" class=\"attachment-thumbnail size-thumbnail\" alt=\"\" aria-describedby=\"gallery-1-463\" \/><\/a>\n\t\t\t<\/div>\n\t\t\t\t<figcaption class='wp-caption-text gallery-caption' id='gallery-1-463'>\n\t\t\t\tEls cargols del jard\u00ed\n\t\t\t\t<\/figcaption><\/figure>\n\t\t<\/div>\n\n<p>&nbsp;<\/p>\n<hr \/>\n<p>L&#8217;any 2009 l&#8217;<strong>Armilla<\/strong> va inspirar el &#8220;<strong>Guardapits del Bot\u00e0nic<\/strong>&#8220;, que van posar en marxa des del departament d&#8217;educaci\u00f3 del <a href=\"http:\/\/www.jardibotanicdesoller.org\" target=\"_blank\" rel=\"noopener\">Jard\u00ed Bot\u00e0nic de S\u00f3ller<\/a>, a Mallorca, amb motiu de la celebraci\u00f3 de l&#8217;any Darwin.<\/p>\n<p>Conservo aquesta ressenya:<\/p>\n<p><a href=\"https:\/\/martaberrocal.org\/cat\/wp-content\/uploads\/guardapits-botanic-soller.png\"><img loading=\"lazy\" decoding=\"async\" class=\"aligncenter size-full wp-image-4002\" src=\"https:\/\/martaberrocal.org\/cat\/wp-content\/uploads\/guardapits-botanic-soller.png\" alt=\"\" width=\"690\" height=\"697\" srcset=\"https:\/\/martaberrocal.org\/cat\/wp-content\/uploads\/guardapits-botanic-soller.png 690w, https:\/\/martaberrocal.org\/cat\/wp-content\/uploads\/guardapits-botanic-soller-297x300.png 297w\" sizes=\"auto, (max-width: 690px) 100vw, 690px\" \/><\/a><\/p>\n<p>En 2017 el &#8220;<a href=\"http:\/\/www.jardibotanicdesoller.org\/userFiles\/File\/actividades\/Publicacin1.pdf\" target=\"_blank\" rel=\"noopener\"><strong>Guardapits del Bot\u00e0nic<\/strong><\/a>&#8221; segueix en funcionament a S\u00f3ller. Crec que han revisat materials i probablement continguts i han introdu\u00eft alguns canvis en relaci\u00f3 a l&#8217;original, produ\u00eft en 2009.<\/p>\n","protected":false},"excerpt":{"rendered":"<p>&nbsp; &nbsp; L\u2019 Armilla del Naturalista \u00e9s un projecte realitzat per al Jard\u00ed Bot\u00e0nic de Barcelona. Va n\u00e9ixer l&#8217;any 2007 i ha estat a disposici\u00f3 dels visitants del Jard\u00ed durant 10 anys. A principis del 2017 un nou projecte, inspirat en ell, l&#8217;ha reempla\u00e7at: Motxilla per a naturalistes. Tinc la impressi\u00f3 que alguns materials originals &hellip; <a href=\"https:\/\/martaberrocal.org\/cat\/armilla-del-naturalista\/\" class=\"more-link\">Continua la lectura de <span class=\"screen-reader-text\">Armilla del naturalista<\/span> <span class=\"meta-nav\">&rarr;<\/span><\/a><\/p>\n","protected":false},"author":1,"featured_media":0,"parent":0,"menu_order":0,"comment_status":"closed","ping_status":"closed","template":"","meta":{"footnotes":""},"class_list":["post-1768","page","type-page","status-publish","hentry"],"_links":{"self":[{"href":"https:\/\/martaberrocal.org\/cat\/wp-json\/wp\/v2\/pages\/1768","targetHints":{"allow":["GET"]}}],"collection":[{"href":"https:\/\/martaberrocal.org\/cat\/wp-json\/wp\/v2\/pages"}],"about":[{"href":"https:\/\/martaberrocal.org\/cat\/wp-json\/wp\/v2\/types\/page"}],"author":[{"embeddable":true,"href":"https:\/\/martaberrocal.org\/cat\/wp-json\/wp\/v2\/users\/1"}],"replies":[{"embeddable":true,"href":"https:\/\/martaberrocal.org\/cat\/wp-json\/wp\/v2\/comments?post=1768"}],"version-history":[{"count":8,"href":"https:\/\/martaberrocal.org\/cat\/wp-json\/wp\/v2\/pages\/1768\/revisions"}],"predecessor-version":[{"id":4016,"href":"https:\/\/martaberrocal.org\/cat\/wp-json\/wp\/v2\/pages\/1768\/revisions\/4016"}],"wp:attachment":[{"href":"https:\/\/martaberrocal.org\/cat\/wp-json\/wp\/v2\/media?parent=1768"}],"curies":[{"name":"wp","href":"https:\/\/api.w.org\/{rel}","templated":true}]}}