
{"id":182,"date":"2016-05-19T09:37:12","date_gmt":"2016-05-19T09:37:12","guid":{"rendered":"http:\/\/marta.ecoresiduos.es\/es\/?page_id=182"},"modified":"2017-01-30T21:40:25","modified_gmt":"2017-01-30T21:40:25","slug":"docencia-art-i-curriculum","status":"publish","type":"page","link":"https:\/\/martaberrocal.org\/cat\/docencia-art-i-curriculum\/","title":{"rendered":"Art i curr\u00edculum escolar"},"content":{"rendered":"<p>&nbsp;<\/p>\n<p>He organitzat aquest apartat en tres blocs:<\/p>\n<ul>\n<li><a href=\"https:\/\/martaberrocal.org\/cat\/?page_id=1049\">Cursos, tallers i confer\u00e8ncies oberts<\/a> a professorat de diferents nivells i centres educatius.<\/li>\n<li><a href=\"https:\/\/martaberrocal.org\/cat\/?page_id=1052\">Cursos impartits en un sol centre.<\/a><\/li>\n<li><a href=\"https:\/\/martaberrocal.org\/cat\/?page_id=1041\">Assessoraments a centres.<\/a><\/li>\n<\/ul>\n<p>El denominador com\u00fa \u00e9s l&#8217;educaci\u00f3 visual i pl\u00e0stica, i la formaci\u00f3 est\u00e0 dirigida espec\u00edficament a professors d&#8217;escoles, instituts i llars d&#8217;infants.<\/p>\n<p><strong>\u00a0<\/strong><\/p>\n","protected":false},"excerpt":{"rendered":"<p>&nbsp; He organitzat aquest apartat en tres blocs: Cursos, tallers i confer\u00e8ncies oberts a professorat de diferents nivells i centres educatius. Cursos impartits en un sol centre. Assessoraments a centres. El denominador com\u00fa \u00e9s l&#8217;educaci\u00f3 visual i pl\u00e0stica, i la formaci\u00f3 est\u00e0 dirigida espec\u00edficament a professors d&#8217;escoles, instituts i llars d&#8217;infants. \u00a0<\/p>\n","protected":false},"author":1,"featured_media":0,"parent":0,"menu_order":0,"comment_status":"closed","ping_status":"closed","template":"","meta":{"footnotes":""},"class_list":["post-182","page","type-page","status-publish","hentry"],"_links":{"self":[{"href":"https:\/\/martaberrocal.org\/cat\/wp-json\/wp\/v2\/pages\/182","targetHints":{"allow":["GET"]}}],"collection":[{"href":"https:\/\/martaberrocal.org\/cat\/wp-json\/wp\/v2\/pages"}],"about":[{"href":"https:\/\/martaberrocal.org\/cat\/wp-json\/wp\/v2\/types\/page"}],"author":[{"embeddable":true,"href":"https:\/\/martaberrocal.org\/cat\/wp-json\/wp\/v2\/users\/1"}],"replies":[{"embeddable":true,"href":"https:\/\/martaberrocal.org\/cat\/wp-json\/wp\/v2\/comments?post=182"}],"version-history":[{"count":3,"href":"https:\/\/martaberrocal.org\/cat\/wp-json\/wp\/v2\/pages\/182\/revisions"}],"predecessor-version":[{"id":1830,"href":"https:\/\/martaberrocal.org\/cat\/wp-json\/wp\/v2\/pages\/182\/revisions\/1830"}],"wp:attachment":[{"href":"https:\/\/martaberrocal.org\/cat\/wp-json\/wp\/v2\/media?parent=182"}],"curies":[{"name":"wp","href":"https:\/\/api.w.org\/{rel}","templated":true}]}}