
{"id":2234,"date":"2017-01-27T10:26:58","date_gmt":"2017-01-27T10:26:58","guid":{"rendered":"http:\/\/martaberrocal.org\/cat\/?page_id=2234"},"modified":"2017-05-30T09:25:07","modified_gmt":"2017-05-30T09:25:07","slug":"2234-2","status":"publish","type":"page","link":"https:\/\/martaberrocal.org\/cat\/","title":{"rendered":""},"content":{"rendered":"<p><a href=\"https:\/\/martaberrocal.org\/cat\/?page_id=1892\"><img loading=\"lazy\" decoding=\"async\" class=\"alignleft wp-image-2235\" src=\"https:\/\/martaberrocal.org\/cat\/wp-content\/uploads\/IMG_20160403_164720-Copiar-184x300.jpg\" width=\"90\" height=\"147\" srcset=\"https:\/\/martaberrocal.org\/cat\/wp-content\/uploads\/IMG_20160403_164720-Copiar-184x300.jpg 184w, https:\/\/martaberrocal.org\/cat\/wp-content\/uploads\/IMG_20160403_164720-Copiar.jpg 294w\" sizes=\"auto, (max-width: 90px) 100vw, 90px\" \/><\/a>Penso que l\u2019<strong>educaci\u00f3<\/strong>, per estar <strong>viva<\/strong>, cal que estigui en <strong>constant canvi i moviment<\/strong> i aix\u00f2 implica <strong>innovaci\u00f3<\/strong><\/p>\n<p style=\"text-align: left;\"><strong>Art i educaci\u00f3<\/strong> s\u00f3n un binomi inseparable en el meu treball<\/p>\n<figure id=\"attachment_1981\" aria-describedby=\"caption-attachment-1981\" style=\"width: 100px\" class=\"wp-caption alignright\"><img loading=\"lazy\" decoding=\"async\" class=\"wp-image-1981\" src=\"https:\/\/martaberrocal.org\/cat\/wp-content\/uploads\/2016\/11\/RT-DSC_3393-Copiar-300x300.jpg\" width=\"100\" height=\"100\" srcset=\"https:\/\/martaberrocal.org\/cat\/wp-content\/uploads\/2016\/11\/RT-DSC_3393-Copiar-300x300.jpg 300w, https:\/\/martaberrocal.org\/cat\/wp-content\/uploads\/2016\/11\/RT-DSC_3393-Copiar-150x150.jpg 150w, https:\/\/martaberrocal.org\/cat\/wp-content\/uploads\/2016\/11\/RT-DSC_3393-Copiar.jpg 377w\" sizes=\"auto, (max-width: 100px) 100vw, 100px\" \/><figcaption id=\"caption-attachment-1981\" class=\"wp-caption-text\">Aquesta s\u00f3c jo<\/figcaption><\/figure>\n<p style=\"text-align: left;\">Em mou la <strong>passi\u00f3<\/strong> pel que faig<\/p>\n<p style=\"text-align: left;\">Crec en les <strong>capacitats<\/strong> d&#8217;aprenentatge de totes les persones, sense excepci\u00f3, i tamb\u00e9 en el seu <strong>potencial creatiu<\/strong><\/p>\n<p>M\u2019esfor\u00e7o en generar <strong>propostes que puguin desenvolupar totes les persones<\/strong>, sense excloure ning\u00fa, <strong>de manera satisfact\u00f2ria \u00fanica i particular<\/strong>, partint de les seves capacitats i habilitats. Aquest \u00e9s el punt de partida que dona impuls a la major part dels meus Projectes.<\/p>\n<p style=\"text-align: left;\">Penso que l&#8217;educaci\u00f3 hauria d&#8217;ajudar a fer emergir <strong>el millor de cada persona<\/strong> i contribuir a que totes se sentin <strong>competents i capaces<\/strong>, alhora que <strong>respectades i estimades<\/strong><\/p>\n<p style=\"text-align: left;\">M\u2019interessen les <strong>idees senzilles<\/strong> que en desplegar-se s\u00f3n capaces de generar <strong>infinites combinacions<\/strong><\/p>\n<div id='gallery-1' class='gallery galleryid-2234 gallery-columns-5 gallery-size-thumbnail'><figure class='gallery-item'>\n\t\t\t<div class='gallery-icon landscape'>\n\t\t\t\t<img loading=\"lazy\" decoding=\"async\" width=\"150\" height=\"150\" src=\"https:\/\/martaberrocal.org\/cat\/wp-content\/uploads\/nas7-Copiar-150x150.jpg\" class=\"attachment-thumbnail size-thumbnail\" alt=\"\" srcset=\"https:\/\/martaberrocal.org\/cat\/wp-content\/uploads\/nas7-Copiar-150x150.jpg 150w, https:\/\/martaberrocal.org\/cat\/wp-content\/uploads\/nas7-Copiar-300x300.jpg 300w, https:\/\/martaberrocal.org\/cat\/wp-content\/uploads\/nas7-Copiar.jpg 600w\" sizes=\"auto, (max-width: 150px) 100vw, 150px\" \/>\n\t\t\t<\/div><\/figure><figure class='gallery-item'>\n\t\t\t<div class='gallery-icon landscape'>\n\t\t\t\t<img loading=\"lazy\" decoding=\"async\" width=\"150\" height=\"150\" src=\"https:\/\/martaberrocal.org\/cat\/wp-content\/uploads\/nas2-copia-Copiar-150x150.jpg\" class=\"attachment-thumbnail size-thumbnail\" alt=\"\" srcset=\"https:\/\/martaberrocal.org\/cat\/wp-content\/uploads\/nas2-copia-Copiar-150x150.jpg 150w, https:\/\/martaberrocal.org\/cat\/wp-content\/uploads\/nas2-copia-Copiar-300x300.jpg 300w, https:\/\/martaberrocal.org\/cat\/wp-content\/uploads\/nas2-copia-Copiar.jpg 600w\" sizes=\"auto, (max-width: 150px) 100vw, 150px\" \/>\n\t\t\t<\/div><\/figure><figure class='gallery-item'>\n\t\t\t<div class='gallery-icon landscape'>\n\t\t\t\t<img loading=\"lazy\" decoding=\"async\" width=\"150\" height=\"150\" src=\"https:\/\/martaberrocal.org\/cat\/wp-content\/uploads\/nas13-Copiar-150x150.jpg\" class=\"attachment-thumbnail size-thumbnail\" alt=\"\" srcset=\"https:\/\/martaberrocal.org\/cat\/wp-content\/uploads\/nas13-Copiar-150x150.jpg 150w, https:\/\/martaberrocal.org\/cat\/wp-content\/uploads\/nas13-Copiar-300x300.jpg 300w, https:\/\/martaberrocal.org\/cat\/wp-content\/uploads\/nas13-Copiar.jpg 600w\" sizes=\"auto, (max-width: 150px) 100vw, 150px\" \/>\n\t\t\t<\/div><\/figure><figure class='gallery-item'>\n\t\t\t<div class='gallery-icon landscape'>\n\t\t\t\t<img loading=\"lazy\" decoding=\"async\" width=\"150\" height=\"150\" src=\"https:\/\/martaberrocal.org\/cat\/wp-content\/uploads\/nas15-Copiar-150x150.jpg\" class=\"attachment-thumbnail size-thumbnail\" alt=\"\" srcset=\"https:\/\/martaberrocal.org\/cat\/wp-content\/uploads\/nas15-Copiar-150x150.jpg 150w, https:\/\/martaberrocal.org\/cat\/wp-content\/uploads\/nas15-Copiar-300x300.jpg 300w, https:\/\/martaberrocal.org\/cat\/wp-content\/uploads\/nas15-Copiar.jpg 600w\" sizes=\"auto, (max-width: 150px) 100vw, 150px\" \/>\n\t\t\t<\/div><\/figure><figure class='gallery-item'>\n\t\t\t<div class='gallery-icon landscape'>\n\t\t\t\t<img loading=\"lazy\" decoding=\"async\" width=\"150\" height=\"150\" src=\"https:\/\/martaberrocal.org\/cat\/wp-content\/uploads\/nas18-Copiar-150x150.jpg\" class=\"attachment-thumbnail size-thumbnail\" alt=\"\" srcset=\"https:\/\/martaberrocal.org\/cat\/wp-content\/uploads\/nas18-Copiar-150x150.jpg 150w, https:\/\/martaberrocal.org\/cat\/wp-content\/uploads\/nas18-Copiar-300x300.jpg 300w, https:\/\/martaberrocal.org\/cat\/wp-content\/uploads\/nas18-Copiar.jpg 600w\" sizes=\"auto, (max-width: 150px) 100vw, 150px\" \/>\n\t\t\t<\/div><\/figure>\n\t\t<\/div>\n\n<p>&nbsp;<\/p>\n","protected":false},"excerpt":{"rendered":"<p>Penso que l\u2019educaci\u00f3, per estar viva, cal que estigui en constant canvi i moviment i aix\u00f2 implica innovaci\u00f3 Art i educaci\u00f3 s\u00f3n un binomi inseparable en el meu treball Em mou la passi\u00f3 pel que faig Crec en les capacitats d&#8217;aprenentatge de totes les persones, sense excepci\u00f3, i tamb\u00e9 en el seu potencial creatiu M\u2019esfor\u00e7o &hellip; <a href=\"https:\/\/martaberrocal.org\/cat\/\" class=\"more-link\">Continua la lectura de <span class=\"screen-reader-text\"><\/span> <span class=\"meta-nav\">&rarr;<\/span><\/a><\/p>\n","protected":false},"author":1,"featured_media":0,"parent":0,"menu_order":0,"comment_status":"closed","ping_status":"closed","template":"","meta":{"footnotes":""},"class_list":["post-2234","page","type-page","status-publish","hentry"],"_links":{"self":[{"href":"https:\/\/martaberrocal.org\/cat\/wp-json\/wp\/v2\/pages\/2234","targetHints":{"allow":["GET"]}}],"collection":[{"href":"https:\/\/martaberrocal.org\/cat\/wp-json\/wp\/v2\/pages"}],"about":[{"href":"https:\/\/martaberrocal.org\/cat\/wp-json\/wp\/v2\/types\/page"}],"author":[{"embeddable":true,"href":"https:\/\/martaberrocal.org\/cat\/wp-json\/wp\/v2\/users\/1"}],"replies":[{"embeddable":true,"href":"https:\/\/martaberrocal.org\/cat\/wp-json\/wp\/v2\/comments?post=2234"}],"version-history":[{"count":9,"href":"https:\/\/martaberrocal.org\/cat\/wp-json\/wp\/v2\/pages\/2234\/revisions"}],"predecessor-version":[{"id":3469,"href":"https:\/\/martaberrocal.org\/cat\/wp-json\/wp\/v2\/pages\/2234\/revisions\/3469"}],"wp:attachment":[{"href":"https:\/\/martaberrocal.org\/cat\/wp-json\/wp\/v2\/media?parent=2234"}],"curies":[{"name":"wp","href":"https:\/\/api.w.org\/{rel}","templated":true}]}}