
{"id":231,"date":"2016-05-20T16:20:08","date_gmt":"2016-05-20T16:20:08","guid":{"rendered":"http:\/\/marta.ecoresiduos.es\/es\/?page_id=231"},"modified":"2017-05-30T10:05:56","modified_gmt":"2017-05-30T10:05:56","slug":"mineria","status":"publish","type":"page","link":"https:\/\/martaberrocal.org\/cat\/mineria\/","title":{"rendered":"Mineria"},"content":{"rendered":"<p>&nbsp;<\/p>\n<p><strong>Cuaderno de Mineroactividades<\/strong> \u00e9s un projecte realitzat per al <a href=\"http:\/\/www.meatzaldea.eus\/\" target=\"_blank\" rel=\"noopener noreferrer\">Museo de la Miner\u00eda del Pa\u00eds Vasco<\/a>\u00a0 al 2009. Em vaig encarregar de la conceptualitzaci\u00f3, el disseny de les activitats i la redacci\u00f3 dels textos. Les il\u00b7lustracions s\u00f3n obra de Serafina Balasch.<\/p>\n<p><a href=\"http:\/\/martaberrocal.org\/es\/wp-content\/uploads\/2016\/05\/PORTADA-castellano-Copiar.jpg\"><img loading=\"lazy\" decoding=\"async\" class=\"alignnone wp-image-227 size-medium\" src=\"http:\/\/martaberrocal.org\/es\/wp-content\/uploads\/2016\/05\/PORTADA-castellano-Copiar-300x106.jpg\" alt=\"PORTADA castellano (Copiar)\" width=\"300\" height=\"106\" srcset=\"https:\/\/martaberrocal.org\/cat\/wp-content\/uploads\/2016\/05\/PORTADA-castellano-Copiar-300x106.jpg 300w, https:\/\/martaberrocal.org\/cat\/wp-content\/uploads\/2016\/05\/PORTADA-castellano-Copiar.jpg 640w\" sizes=\"auto, (max-width: 300px) 100vw, 300px\" \/><\/a><\/p>\n<p>El quadern est\u00e0 adre\u00e7at a fam\u00edlies amb nens, o escolars amb edats compreses entre els 6 i els 12 anys. Cont\u00e9 diferents activitats i passatemps per a realitzar mentre es visita el museu, relacionades amb els diversos \u00e0mbits i els elements exposats. Permet treballar en equip per resoldre endevinalles, trobar difer\u00e8ncies, etc.<\/p>\n<p>Aquestes s\u00f3n algunes de les activitats que proposa fer:<\/p>\n<div id='gallery-1' class='gallery galleryid-231 gallery-columns-3 gallery-size-large'><figure class='gallery-item'>\n\t\t\t<div class='gallery-icon landscape'>\n\t\t\t\t<a href='https:\/\/martaberrocal.org\/cat\/wp-content\/uploads\/2016\/11\/10-Las-mazas-copia-Copiar.jpg'><img loading=\"lazy\" decoding=\"async\" width=\"474\" height=\"335\" src=\"https:\/\/martaberrocal.org\/cat\/wp-content\/uploads\/2016\/11\/10-Las-mazas-copia-Copiar.jpg\" class=\"attachment-large size-large\" alt=\"\" aria-describedby=\"gallery-1-1921\" srcset=\"https:\/\/martaberrocal.org\/cat\/wp-content\/uploads\/2016\/11\/10-Las-mazas-copia-Copiar.jpg 800w, https:\/\/martaberrocal.org\/cat\/wp-content\/uploads\/2016\/11\/10-Las-mazas-copia-Copiar-300x212.jpg 300w, https:\/\/martaberrocal.org\/cat\/wp-content\/uploads\/2016\/11\/10-Las-mazas-copia-Copiar-768x543.jpg 768w\" sizes=\"auto, (max-width: 474px) 100vw, 474px\" \/><\/a>\n\t\t\t<\/div>\n\t\t\t\t<figcaption class='wp-caption-text gallery-caption' id='gallery-1-1921'>\n\t\t\t\tAjuda el ferrer a comptar i distingir maces\n\t\t\t\t<\/figcaption><\/figure><figure class='gallery-item'>\n\t\t\t<div class='gallery-icon landscape'>\n\t\t\t\t<a href='https:\/\/martaberrocal.org\/cat\/wp-content\/uploads\/2016\/11\/6.-Cascos-copia-Copiar.jpg'><img loading=\"lazy\" decoding=\"async\" width=\"474\" height=\"335\" src=\"https:\/\/martaberrocal.org\/cat\/wp-content\/uploads\/2016\/11\/6.-Cascos-copia-Copiar.jpg\" class=\"attachment-large size-large\" alt=\"\" aria-describedby=\"gallery-1-1920\" srcset=\"https:\/\/martaberrocal.org\/cat\/wp-content\/uploads\/2016\/11\/6.-Cascos-copia-Copiar.jpg 800w, https:\/\/martaberrocal.org\/cat\/wp-content\/uploads\/2016\/11\/6.-Cascos-copia-Copiar-300x212.jpg 300w, https:\/\/martaberrocal.org\/cat\/wp-content\/uploads\/2016\/11\/6.-Cascos-copia-Copiar-768x543.jpg 768w\" sizes=\"auto, (max-width: 474px) 100vw, 474px\" \/><\/a>\n\t\t\t<\/div>\n\t\t\t\t<figcaption class='wp-caption-text gallery-caption' id='gallery-1-1920'>\n\t\t\t\tA qui pertany cada casc?\n\t\t\t\t<\/figcaption><\/figure><figure class='gallery-item'>\n\t\t\t<div class='gallery-icon landscape'>\n\t\t\t\t<a href='https:\/\/martaberrocal.org\/cat\/wp-content\/uploads\/2016\/11\/2.-Herramientas-Copiar.jpg'><img loading=\"lazy\" decoding=\"async\" width=\"474\" height=\"335\" src=\"https:\/\/martaberrocal.org\/cat\/wp-content\/uploads\/2016\/11\/2.-Herramientas-Copiar.jpg\" class=\"attachment-large size-large\" alt=\"\" aria-describedby=\"gallery-1-1919\" srcset=\"https:\/\/martaberrocal.org\/cat\/wp-content\/uploads\/2016\/11\/2.-Herramientas-Copiar.jpg 800w, https:\/\/martaberrocal.org\/cat\/wp-content\/uploads\/2016\/11\/2.-Herramientas-Copiar-300x212.jpg 300w, https:\/\/martaberrocal.org\/cat\/wp-content\/uploads\/2016\/11\/2.-Herramientas-Copiar-768x543.jpg 768w\" sizes=\"auto, (max-width: 474px) 100vw, 474px\" \/><\/a>\n\t\t\t<\/div>\n\t\t\t\t<figcaption class='wp-caption-text gallery-caption' id='gallery-1-1919'>\n\t\t\t\tTroba les tres claus de boca fixa\n\t\t\t\t<\/figcaption><\/figure>\n\t\t<\/div>\n\n<p><strong>\u00a0<\/strong>En algun moment que desconec, el quadern es va deixar d&#8217;editar.<\/p>\n<p>&nbsp;<\/p>\n","protected":false},"excerpt":{"rendered":"<p>&nbsp; Cuaderno de Mineroactividades \u00e9s un projecte realitzat per al Museo de la Miner\u00eda del Pa\u00eds Vasco\u00a0 al 2009. Em vaig encarregar de la conceptualitzaci\u00f3, el disseny de les activitats i la redacci\u00f3 dels textos. Les il\u00b7lustracions s\u00f3n obra de Serafina Balasch. El quadern est\u00e0 adre\u00e7at a fam\u00edlies amb nens, o escolars amb edats compreses &hellip; <a href=\"https:\/\/martaberrocal.org\/cat\/mineria\/\" class=\"more-link\">Continua la lectura de <span class=\"screen-reader-text\">Mineria<\/span> <span class=\"meta-nav\">&rarr;<\/span><\/a><\/p>\n","protected":false},"author":1,"featured_media":0,"parent":0,"menu_order":0,"comment_status":"closed","ping_status":"closed","template":"","meta":{"footnotes":""},"class_list":["post-231","page","type-page","status-publish","hentry"],"_links":{"self":[{"href":"https:\/\/martaberrocal.org\/cat\/wp-json\/wp\/v2\/pages\/231","targetHints":{"allow":["GET"]}}],"collection":[{"href":"https:\/\/martaberrocal.org\/cat\/wp-json\/wp\/v2\/pages"}],"about":[{"href":"https:\/\/martaberrocal.org\/cat\/wp-json\/wp\/v2\/types\/page"}],"author":[{"embeddable":true,"href":"https:\/\/martaberrocal.org\/cat\/wp-json\/wp\/v2\/users\/1"}],"replies":[{"embeddable":true,"href":"https:\/\/martaberrocal.org\/cat\/wp-json\/wp\/v2\/comments?post=231"}],"version-history":[{"count":6,"href":"https:\/\/martaberrocal.org\/cat\/wp-json\/wp\/v2\/pages\/231\/revisions"}],"predecessor-version":[{"id":3476,"href":"https:\/\/martaberrocal.org\/cat\/wp-json\/wp\/v2\/pages\/231\/revisions\/3476"}],"wp:attachment":[{"href":"https:\/\/martaberrocal.org\/cat\/wp-json\/wp\/v2\/media?parent=231"}],"curies":[{"name":"wp","href":"https:\/\/api.w.org\/{rel}","templated":true}]}}