
{"id":242,"date":"2016-05-20T16:23:31","date_gmt":"2016-05-20T16:23:31","guid":{"rendered":"http:\/\/marta.ecoresiduos.es\/es\/?page_id=242"},"modified":"2019-01-10T15:51:21","modified_gmt":"2019-01-10T15:51:21","slug":"publicacions-material-didactic","status":"publish","type":"page","link":"https:\/\/martaberrocal.org\/cat\/publicacions-material-didactic\/","title":{"rendered":"Materials did\u00e0ctics"},"content":{"rendered":"<p><img loading=\"lazy\" decoding=\"async\" class=\"alignnone size-medium wp-image-259\" src=\"http:\/\/martaberrocal.org\/es\/wp-content\/uploads\/2016\/05\/DSC03758-Copiar-300x204.jpg\" alt=\"DSC03758 (Copiar)\" width=\"300\" height=\"204\" \/><\/p>\n<p><strong>Riat i els m\u00fasics<\/strong> \u00e9s un conte de Mercedes Porras, membre i treballadora de la <a href=\"http:\/\/www.fundaciopereclosa.org\/\" target=\"_blank\" rel=\"noopener\">Fundaci\u00f3 Pere Closa<\/a>. Editat pel Departament d&#8217;Educaci\u00f3 de la Generalitat de Catalunya. 2007<\/p>\n<p>Col\u00b7laboro conceptualitzant i redactant les propostes i orientacions did\u00e0ctiques per treballar el conte, incloses al final de la publicaci\u00f3.<\/p>\n<p><a href=\"http:\/\/martaberrocal.org\/es\/?page_id=640\"><img loading=\"lazy\" decoding=\"async\" class=\"alignnone wp-image-227 size-medium\" src=\"http:\/\/martaberrocal.org\/es\/wp-content\/uploads\/2016\/05\/PORTADA-castellano-Copiar-300x106.jpg\" alt=\"PORTADA castellano (Copiar)\" width=\"300\" height=\"106\" srcset=\"https:\/\/martaberrocal.org\/cat\/wp-content\/uploads\/2016\/05\/PORTADA-castellano-Copiar-300x106.jpg 300w, https:\/\/martaberrocal.org\/cat\/wp-content\/uploads\/2016\/05\/PORTADA-castellano-Copiar.jpg 640w\" sizes=\"auto, (max-width: 300px) 100vw, 300px\" \/><\/a><\/p>\n<p><a href=\"https:\/\/martaberrocal.org\/cat\/?page_id=231\"><strong>Cuaderno de mineroactividades<\/strong><\/a> \u00e9s un projecte per al Museo de la Miner\u00eda del Pa\u00eds Vasco dirigit a nens de 6 a 12 anys que visiten el museu amb les seves fam\u00edlies.<strong><br \/>\n<\/strong><\/p>\n<figure id=\"attachment_505\" aria-describedby=\"caption-attachment-505\" style=\"width: 203px\" class=\"wp-caption alignnone\"><img loading=\"lazy\" decoding=\"async\" class=\"wp-image-505\" src=\"http:\/\/martaberrocal.org\/es\/wp-content\/uploads\/2016\/05\/portada_contes_l-289x300.jpg\" alt=\"portada_contes_l\" width=\"203\" height=\"211\" srcset=\"https:\/\/martaberrocal.org\/cat\/wp-content\/uploads\/2016\/05\/portada_contes_l-289x300.jpg 289w, https:\/\/martaberrocal.org\/cat\/wp-content\/uploads\/2016\/05\/portada_contes_l.jpg 400w\" sizes=\"auto, (max-width: 203px) 100vw, 203px\" \/><figcaption id=\"caption-attachment-505\" class=\"wp-caption-text\">Portada de la publicaci\u00f3 Contes Rromane<\/figcaption><\/figure>\n<p><a href=\"https:\/\/www.fundaciopereclosa.org\/contes-rromane-2\/\" target=\"_blank\" rel=\"noopener\"><strong>Contes Rromane<\/strong><\/a> \u00e9s una activitat que porta a terme la Fundaci\u00f3 Pere Closa amb l&#8217;objectiu de difondre la cultura gitana. L&#8217;activitat consisteix en la difusi\u00f3 de contes i llegendes populars gitanes. En aquestes sessions, dos artistes gitanos acompanyen la narraci\u00f3 i l&#8217;escenificaci\u00f3 de les llegendes amb m\u00fasica de guitarra interpretada en directe. Per donar continu\u00eftat a determinades q\u00fcestions que es posen en relleu durant la sessi\u00f3, em van encarregar l&#8217;elaboraci\u00f3 d&#8217;un senzill <a href=\"https:\/\/www.fundaciopereclosa.org\/contes-rromane-proposta-didactica\/\" target=\"_blank\" rel=\"noopener\">material did\u00e0ctic<\/a>, perqu\u00e8 els mestres que ho desitgin, puguin continuar treballant sobre alguns dels continguts abordats.<\/p>\n<p><a href=\"https:\/\/www.fundaciopereclosa.org\/qui-som-els-rroma\/\" target=\"_blank\" rel=\"noopener\"><strong>Qui som els Rroma?<\/strong><\/a> \u00e9s una activitat dirigida a educaci\u00f3 secund\u00e0ria que consisteix en una sessi\u00f3 presencial en qu\u00e8 dos educadors gitanos expliquen l&#8217;origen geogr\u00e0fic i hist\u00f2ric del poble gitano, quina \u00e9s la situaci\u00f3 de la seva llengua i la distribuci\u00f3 geogr\u00e0fica actual, aix\u00ed com els s\u00edmbols identificadors. En el transcurs de la sessi\u00f3 s&#8217;aborden alguns dels estereotips que popularment defineixen el poble gitano i s&#8217;introdueix el concepte d&#8217;interculturalitat. Per donar continu\u00eftat a algunes de les q\u00fcestions que es posen en relleu durant la sessi\u00f3, em van encarregar l&#8217;elaboraci\u00f3 d&#8217;un <a href=\"https:\/\/www.fundaciopereclosa.org\/qui-som-els-rroma-proposta-didactica\/\" target=\"_blank\" rel=\"noopener\">material did\u00e0ctic<\/a>.<\/p>\n<p><a href=\"http:\/\/www.fundaciopereclosa.org\/ca\/projecte-difusio-de-cultura-gitana\/qui-som-els-rroma\/proposta-didactica\" target=\"_blank\" rel=\"noopener\"><strong>\u00a0<\/strong><\/a><\/p>\n<p><strong>\u00a0<\/strong><\/p>\n","protected":false},"excerpt":{"rendered":"<p>Riat i els m\u00fasics \u00e9s un conte de Mercedes Porras, membre i treballadora de la Fundaci\u00f3 Pere Closa. Editat pel Departament d&#8217;Educaci\u00f3 de la Generalitat de Catalunya. 2007 Col\u00b7laboro conceptualitzant i redactant les propostes i orientacions did\u00e0ctiques per treballar el conte, incloses al final de la publicaci\u00f3. Cuaderno de mineroactividades \u00e9s un projecte per al &hellip; <a href=\"https:\/\/martaberrocal.org\/cat\/publicacions-material-didactic\/\" class=\"more-link\">Continua la lectura de <span class=\"screen-reader-text\">Materials did\u00e0ctics<\/span> <span class=\"meta-nav\">&rarr;<\/span><\/a><\/p>\n","protected":false},"author":1,"featured_media":0,"parent":0,"menu_order":0,"comment_status":"closed","ping_status":"closed","template":"","meta":{"footnotes":""},"class_list":["post-242","page","type-page","status-publish","hentry"],"_links":{"self":[{"href":"https:\/\/martaberrocal.org\/cat\/wp-json\/wp\/v2\/pages\/242","targetHints":{"allow":["GET"]}}],"collection":[{"href":"https:\/\/martaberrocal.org\/cat\/wp-json\/wp\/v2\/pages"}],"about":[{"href":"https:\/\/martaberrocal.org\/cat\/wp-json\/wp\/v2\/types\/page"}],"author":[{"embeddable":true,"href":"https:\/\/martaberrocal.org\/cat\/wp-json\/wp\/v2\/users\/1"}],"replies":[{"embeddable":true,"href":"https:\/\/martaberrocal.org\/cat\/wp-json\/wp\/v2\/comments?post=242"}],"version-history":[{"count":11,"href":"https:\/\/martaberrocal.org\/cat\/wp-json\/wp\/v2\/pages\/242\/revisions"}],"predecessor-version":[{"id":6011,"href":"https:\/\/martaberrocal.org\/cat\/wp-json\/wp\/v2\/pages\/242\/revisions\/6011"}],"wp:attachment":[{"href":"https:\/\/martaberrocal.org\/cat\/wp-json\/wp\/v2\/media?parent=242"}],"curies":[{"name":"wp","href":"https:\/\/api.w.org\/{rel}","templated":true}]}}