
{"id":280,"date":"2016-05-20T17:52:50","date_gmt":"2016-05-20T17:52:50","guid":{"rendered":"http:\/\/marta.ecoresiduos.es\/es\/?page_id=280"},"modified":"2018-07-23T10:57:29","modified_gmt":"2018-07-23T10:57:29","slug":"docencia-educacio-social-apropa-cultura","status":"publish","type":"page","link":"https:\/\/martaberrocal.org\/cat\/docencia-educacio-social-apropa-cultura\/","title":{"rendered":"Programa Apropa Cultura. Educa amb l&#8217;art"},"content":{"rendered":"<p>&nbsp;<\/p>\n<p>&nbsp;<\/p>\n<p><span style=\"color: #008000;\"><img loading=\"lazy\" decoding=\"async\" class=\"size-full wp-image-427 alignleft\" src=\"http:\/\/martaberrocal.org\/es\/wp-content\/uploads\/2016\/05\/logo-apropa-cultura.gif\" alt=\"logo apropa cultura\" width=\"293\" height=\"72\" \/><\/span><\/p>\n<p><span style=\"color: #008000;\">\u00a0<\/span><\/p>\n<p>&nbsp;<\/p>\n<p>&nbsp;<\/p>\n<p>&nbsp;<\/p>\n<p>En el marc del programa <span style=\"color: #008000;\"><span style=\"color: #000000;\"><a href=\"http:\/\/www.apropacultura.cat\/que_es.aspx\" target=\"_blank\" rel=\"noopener\">Apropa Cultura<\/a><\/span><\/span>, <a href=\"http:\/\/www.apropacultura.cat\/formacio.aspx\" target=\"_blank\" rel=\"noopener\"><strong>Educa amb l&#8217;art<\/strong><\/a> organitza cursos en arts esc\u00e8niques, m\u00fasica, arts pl\u00e0stiques i visuals, dirigits a <strong>educadors socials, terapeutes, integradors, coordinadors, t\u00e8cnics, monitors i cuidadors sense coneixements espec\u00edfics en arts<\/strong>, amb l\u2019objectiu de proporcionar-los les eines necess\u00e0ries per poder dur a terme iniciatives art\u00edstiques en els seus centres.<\/p>\n<p>He participat en dues ocasions en aquest programa. La primera durant el curs escolar 2013-14, conduint una jornada que va tenir lloc al novembre de 2013 al Museu d&#8217;Art Contemporani de Barcelona (MACBA). Es va iniciar amb una confer\u00e8ncia, seguida de la presentaci\u00f3 d&#8217;una experi\u00e8ncia i va concloure amb una visita al museu. La confer\u00e8ncia va ser gravada i es pot accedir-hi a trav\u00e9s del seg\u00fcent enlla\u00e7:<\/p>\n<ul>\n<li><a href=\"https:\/\/www.apropacultura.cat\/ca\/recurs-formacio\/com-comunicar-nos-art-contemporani\" target=\"_blank\" rel=\"noopener\"><strong>Com comunicar-nos amb l&#8217;art contemporani?\u00a0 <\/strong><\/a>| Educa amb l&#8217;Art 13\/14<\/li>\n<\/ul>\n<p>Al mar\u00e7 de 2015 vaig participar de nou en el programa Educa amb l&#8217;Art, amb una confer\u00e8ncia que va ser seguida d&#8217;un taller pr\u00e0ctic. Ambdues activitats van ser gravades i poden visualitzar-se a trav\u00e9s del seg\u00fcent enlla\u00e7:<\/p>\n<ul>\n<li><script src=\"https:\/\/apis.google.com\/_\/scs\/abc-static\/_\/js\/k=gapi.gapi.en.CqFrPIKIxF4.O\/m=gapi_iframes_style_slide_menu\/exm=card,gapi_iframes\/rt=j\/sv=1\/d=1\/ed=1\/rs=AHpOoo_SqGYjlKSpzsbc2UGyTC5n3Z0ZtQ\/cb=gapi.loaded_1\" async=\"\"><\/script><script src=\"https:\/\/apis.google.com\/_\/scs\/abc-static\/_\/js\/k=gapi.gapi.en.CqFrPIKIxF4.O\/m=card,gapi_iframes\/rt=j\/sv=1\/d=1\/ed=1\/rs=AHpOoo_SqGYjlKSpzsbc2UGyTC5n3Z0ZtQ\/cb=gapi.loaded_0\" async=\"\"><\/script><script>\/\/ <![CDATA[ if (document.fonts &#038;&#038; document.fonts.load) {document.fonts.load(\"400 10pt Roboto\", \"E\");document.fonts.load(\"500 10pt Roboto\", \"E\");} \/\/ ]]><\/script><script>\/\/ <![CDATA[ __yt_experimental_now = __spf_experimental_now = true; \/\/ ]]><\/script><script>\/\/ <![CDATA[ var ytcsi = {gt: function(n) {n = (n || '') + 'data_';return ytcsi[n] || (ytcsi[n] = {tick: {},span: {},info: {}});},now: window.performance &#038;&#038; window.performance.timing &#038;&#038;window.performance.now &#038;&#038; window['__yt_experimental_now'] ? function() {return window.performance.timing.navigationStart + window.performance.now();} : function() {return (new Date()).getTime();},tick: function(l, t, n) {ytcsi.gt(n).tick[l] = t || ytcsi.now();},span: function(l, s, e, n) {ytcsi.gt(n).span[l] = (e ? e : ytcsi.now()) - ytcsi.gt(n).tick[s];},setSpan: function(l, s, n) {ytcsi.gt(n).span[l] = s;},info: function(k, v, n) {ytcsi.gt(n).info[k] = v;},setStart: function(s, t, n) {ytcsi.info('yt_sts', s, n);ytcsi.tick('_start', t, n);}};(function(w, d) {ytcsi.setStart('dhs', w.performance ? w.performance.timing.responseStart : null);var isPrerender = (d.visibilityState || d.webkitVisibilityState) == 'prerender';var vName = d.webkitVisibilityState ? 'webkitvisibilitychange' : 'visibilitychange';if (isPrerender) {ytcsi.info('prerender', 1);var startTick = function() {ytcsi.setStart('dhs');d.removeEventListener(vName, startTick);};d.addEventListener(vName, startTick, false);}if (d.addEventListener) {d.addEventListener(vName, function() {ytcsi.tick('vc');}, false);}})(window, document); \/\/ ]]><\/script><script>\/\/ <![CDATA[ var ytcfg = {d: function() {return (window.yt &#038;&#038; yt.config_) || ytcfg.data_ || (ytcfg.data_ = {});},get: function(k, o) {return (k in ytcfg.d()) ? ytcfg.d()[k] : o;},set: function() {var a = arguments;if (a.length > 1) {ytcfg.d()[a[0]] = a[1];} else {for (var k in a[0]) {ytcfg.d()[k] = a[0][k];}}}};\n\/\/ ]]><\/script><script>\/\/ <![CDATA[ ytcfg.set(\"ST_SHORT\", true); ytcfg.set(\"ST_BASE36\", true); \/\/ ]]><\/script><script>\/\/ <![CDATA[\n(function(){var b={a:\"content-snap-width-1\",b:\"content-snap-width-2\",c:\"content-snap-width-3\"};function f(){var a=[],c;for(c in b)a.push(b[c]);return a}\nfunction g(a){var c=f().concat([\"guide-pinned\",\"show-guide\"]),d=c.length,e=[];a.replace(\/S+\/g,function(a){for(var k=0;k<d;k++)if(a==c[k])return;e.push(a)});\nreturn e}\n;function l(a,c,d){var e=document.getElementsByTagName(\"html\")[0],h=g(e.className);a&#038;&#038;1251<=(window.innerWidth||document.documentElement.clientWidth)&#038;&#038;(h.push(\"guide-pinned\"),c&#038;&#038;h.push(\"show-guide\"));d&#038;&#038;(d=(window.innerWidth||document.documentElement.clientWidth)-21-50,1251<=(window.innerWidth||document.documentElement.clientWidth)&#038;&#038;a&#038;&#038;c&#038;&#038;(d-=230),h.push(1262<=d?\"content-snap-width-3\":1056<=d?\"content-snap-width-2\":\"content-snap-width-1\"));e.className=h.join(\" \")} var m=[\"yt\",\"www\",\"masthead\",\"sizing\",\"runBeforeBodyIsReady\"],n=this;m[0]in n||!n.execScript||n.execScript(\"var \"+m[0]);for(var p;m.length&#038;&#038;(p=m.shift());)m.length||void 0===l?n[p]?n=n[p]:n=n[p]={}:n[p]=l;})(); try {window.ytbuffer = {};ytbuffer.handleClick = function(e) {var element = e.target || e.srcElement;while (element.parentElement) {if (\/(^| )yt-can-buffer( |$)\/.test(element.className)) {window.ytbuffer = {bufferedClick: e};element.className += ' yt-is-buffered';break;}element = element.parentElement;}};if (document.addEventListener) {document.addEventListener('click', ytbuffer.handleClick);} else {document.attachEvent('onclick', ytbuffer.handleClick);}} catch(e) {} yt.www.masthead.sizing.runBeforeBodyIsReady(true,true,true); \/\/ ]]><\/script><script class=\"js-httpssytimgcomytsjsbinschedulervflYwPpuzschedulerjs\" src=\"\/\/s.ytimg.com\/yts\/jsbin\/scheduler-vflYwPpuz\/scheduler.js\" type=\"text\/javascript\"><\/script><strong><a href=\"https:\/\/www.youtube.com\/playlist?list=PLwZ-bv08RLDXhRonzSi1uGY9tHIvUMR2L\" target=\"_blank\" rel=\"noopener\">L&#8217;Art contemporani com a generador de felicitat<\/a><\/strong> | Educa amb l&#8217;Art 14\/15<\/li>\n<\/ul>\n<p>A continuaci\u00f3, hi ha algunes imatges que va fer l&#8217;equip de professionals d\u2019<strong>Apropa Cultura<\/strong> durant la confer\u00e8ncia i el taller pr\u00e0ctic. Vaig convidar als participants a elaborar amb emoci\u00f3 i passi\u00f3 un elixir po\u00e8tic de la felicitat, destinat a ser regalat a una altra persona.<\/p>\n<div id='gallery-1' class='gallery galleryid-280 gallery-columns-5 gallery-size-thumbnail'><figure class='gallery-item'>\n\t\t\t<div class='gallery-icon landscape'>\n\t\t\t\t<a href='https:\/\/martaberrocal.org\/cat\/wp-content\/uploads\/2016\/11\/0.Ampolles-Copiar.jpg'><img loading=\"lazy\" decoding=\"async\" width=\"150\" height=\"150\" src=\"https:\/\/martaberrocal.org\/cat\/wp-content\/uploads\/2016\/11\/0.Ampolles-Copiar-150x150.jpg\" class=\"attachment-thumbnail size-thumbnail\" alt=\"\" \/><\/a>\n\t\t\t<\/div><\/figure><figure class='gallery-item'>\n\t\t\t<div class='gallery-icon landscape'>\n\t\t\t\t<a href='https:\/\/martaberrocal.org\/cat\/wp-content\/uploads\/2016\/11\/1.Atencio-Copiar.jpg'><img loading=\"lazy\" decoding=\"async\" width=\"150\" height=\"150\" src=\"https:\/\/martaberrocal.org\/cat\/wp-content\/uploads\/2016\/11\/1.Atencio-Copiar-150x150.jpg\" class=\"attachment-thumbnail size-thumbnail\" alt=\"\" \/><\/a>\n\t\t\t<\/div><\/figure><figure class='gallery-item'>\n\t\t\t<div class='gallery-icon portrait'>\n\t\t\t\t<a href='https:\/\/martaberrocal.org\/cat\/wp-content\/uploads\/2016\/11\/3.Felicitat-Copiar.jpg'><img loading=\"lazy\" decoding=\"async\" width=\"150\" height=\"150\" src=\"https:\/\/martaberrocal.org\/cat\/wp-content\/uploads\/2016\/11\/3.Felicitat-Copiar-150x150.jpg\" class=\"attachment-thumbnail size-thumbnail\" alt=\"\" \/><\/a>\n\t\t\t<\/div><\/figure><figure class='gallery-item'>\n\t\t\t<div class='gallery-icon portrait'>\n\t\t\t\t<a href='https:\/\/martaberrocal.org\/cat\/wp-content\/uploads\/2016\/11\/4.Marta-Copiar.jpg'><img loading=\"lazy\" decoding=\"async\" width=\"150\" height=\"150\" src=\"https:\/\/martaberrocal.org\/cat\/wp-content\/uploads\/2016\/11\/4.Marta-Copiar-150x150.jpg\" class=\"attachment-thumbnail size-thumbnail\" alt=\"\" \/><\/a>\n\t\t\t<\/div><\/figure><figure class='gallery-item'>\n\t\t\t<div class='gallery-icon landscape'>\n\t\t\t\t<a href='https:\/\/martaberrocal.org\/cat\/wp-content\/uploads\/2016\/11\/8.Escrivint-Copiar.jpg'><img loading=\"lazy\" decoding=\"async\" width=\"150\" height=\"150\" src=\"https:\/\/martaberrocal.org\/cat\/wp-content\/uploads\/2016\/11\/8.Escrivint-Copiar-150x150.jpg\" class=\"attachment-thumbnail size-thumbnail\" alt=\"\" \/><\/a>\n\t\t\t<\/div><\/figure><figure class='gallery-item'>\n\t\t\t<div class='gallery-icon landscape'>\n\t\t\t\t<a href='https:\/\/martaberrocal.org\/cat\/wp-content\/uploads\/2016\/11\/9.-Caixeta-Copiar.jpg'><img loading=\"lazy\" decoding=\"async\" width=\"150\" height=\"150\" src=\"https:\/\/martaberrocal.org\/cat\/wp-content\/uploads\/2016\/11\/9.-Caixeta-Copiar-150x150.jpg\" class=\"attachment-thumbnail size-thumbnail\" alt=\"\" \/><\/a>\n\t\t\t<\/div><\/figure><figure class='gallery-item'>\n\t\t\t<div class='gallery-icon portrait'>\n\t\t\t\t<a href='https:\/\/martaberrocal.org\/cat\/wp-content\/uploads\/2016\/11\/16.Treballant-Copiar.jpg'><img loading=\"lazy\" decoding=\"async\" width=\"150\" height=\"150\" src=\"https:\/\/martaberrocal.org\/cat\/wp-content\/uploads\/2016\/11\/16.Treballant-Copiar-150x150.jpg\" class=\"attachment-thumbnail size-thumbnail\" alt=\"\" \/><\/a>\n\t\t\t<\/div><\/figure><figure class='gallery-item'>\n\t\t\t<div class='gallery-icon portrait'>\n\t\t\t\t<a href='https:\/\/martaberrocal.org\/cat\/wp-content\/uploads\/2016\/11\/18.Materials-Copiar.jpg'><img loading=\"lazy\" decoding=\"async\" width=\"150\" height=\"150\" src=\"https:\/\/martaberrocal.org\/cat\/wp-content\/uploads\/2016\/11\/18.Materials-Copiar-150x150.jpg\" class=\"attachment-thumbnail size-thumbnail\" alt=\"\" \/><\/a>\n\t\t\t<\/div><\/figure><figure class='gallery-item'>\n\t\t\t<div class='gallery-icon portrait'>\n\t\t\t\t<a href='https:\/\/martaberrocal.org\/cat\/wp-content\/uploads\/2016\/11\/20.Recepta-Copiar.jpg'><img loading=\"lazy\" decoding=\"async\" width=\"150\" height=\"150\" src=\"https:\/\/martaberrocal.org\/cat\/wp-content\/uploads\/2016\/11\/20.Recepta-Copiar-150x150.jpg\" class=\"attachment-thumbnail size-thumbnail\" alt=\"\" \/><\/a>\n\t\t\t<\/div><\/figure><figure class='gallery-item'>\n\t\t\t<div class='gallery-icon landscape'>\n\t\t\t\t<a href='https:\/\/martaberrocal.org\/cat\/wp-content\/uploads\/2016\/11\/21.Comiat-Copiar.jpg'><img loading=\"lazy\" decoding=\"async\" width=\"150\" height=\"150\" src=\"https:\/\/martaberrocal.org\/cat\/wp-content\/uploads\/2016\/11\/21.Comiat-Copiar-150x150.jpg\" class=\"attachment-thumbnail size-thumbnail\" alt=\"\" \/><\/a>\n\t\t\t<\/div><\/figure>\n\t\t<\/div>\n\n<p>Cada participant es va endur de record un elixir elaborat per un altre assistent i m\u00e9s tard vam compartir mitjan\u00e7ant un dossier amb fotografies tots els elixirs elaborats (aproximadament uns 50) i les corresponents instruccions d&#8217;\u00fas.<\/p>\n<p>La fotografia que apareix a continuaci\u00f3, i el text que la segueix, correspon a un dels elixirs elaborats per una de les persones que van participar al taller. No s\u00e9 el seu nom. Espero que em disculpi i no tingui inconvenient per compartir el seu elixir amb tothom que visiti aquesta p\u00e0gina.<\/p>\n<p><img loading=\"lazy\" decoding=\"async\" class=\" wp-image-1970 aligncenter\" src=\"https:\/\/martaberrocal.org\/cat\/wp-content\/uploads\/2016\/11\/elixir-06bis-copia-209x300.png\" alt=\"elixir-06bis-copia\" width=\"200\" height=\"287\" srcset=\"https:\/\/martaberrocal.org\/cat\/wp-content\/uploads\/2016\/11\/elixir-06bis-copia-209x300.png 209w, https:\/\/martaberrocal.org\/cat\/wp-content\/uploads\/2016\/11\/elixir-06bis-copia.png 273w\" sizes=\"auto, (max-width: 200px) 100vw, 200px\" \/><\/p>\n<p style=\"padding-left: 30px;\"><strong>Cachito de cielo<\/strong><\/p>\n<p style=\"padding-left: 60px;\">Cierra los ojos y aprieta fuertemente la ampolla contra ti.<\/p>\n<p style=\"padding-left: 60px;\">A continuaci\u00f3n, siente como te vas elevando poco a poco hacia las nubes y te vas alejando del suelo.<\/p>\n<p style=\"padding-left: 60px;\">El\u00e9vate hasta llegar al s\u00e9ptimo cielo y qu\u00e9date all\u00ed el rato que necesites.<\/p>\n<p style=\"padding-left: 60px;\">Una vez lleno de j\u00fabilo, ves volviendo a la Tierra intentando mantenerte en ese estado todo el tiempo que te sea posible.<\/p>\n<p style=\"padding-left: 60px;\">Repite los pasos anteriores siempre que desees.<\/p>\n<p style=\"padding-left: 90px;\">P.D: Disfruta de las peque\u00f1as cosas y de los peque\u00f1os momentos, son fuente inagotable de felicidad.<\/p>\n<p>&nbsp;<\/p>\n","protected":false},"excerpt":{"rendered":"<p>&nbsp; &nbsp; \u00a0 &nbsp; &nbsp; &nbsp; En el marc del programa Apropa Cultura, Educa amb l&#8217;art organitza cursos en arts esc\u00e8niques, m\u00fasica, arts pl\u00e0stiques i visuals, dirigits a educadors socials, terapeutes, integradors, coordinadors, t\u00e8cnics, monitors i cuidadors sense coneixements espec\u00edfics en arts, amb l\u2019objectiu de proporcionar-los les eines necess\u00e0ries per poder dur a terme iniciatives &hellip; <a href=\"https:\/\/martaberrocal.org\/cat\/docencia-educacio-social-apropa-cultura\/\" class=\"more-link\">Continua la lectura de <span class=\"screen-reader-text\">Programa Apropa Cultura. Educa amb l&#8217;art<\/span> <span class=\"meta-nav\">&rarr;<\/span><\/a><\/p>\n","protected":false},"author":1,"featured_media":0,"parent":0,"menu_order":0,"comment_status":"closed","ping_status":"closed","template":"","meta":{"footnotes":""},"class_list":["post-280","page","type-page","status-publish","hentry"],"_links":{"self":[{"href":"https:\/\/martaberrocal.org\/cat\/wp-json\/wp\/v2\/pages\/280","targetHints":{"allow":["GET"]}}],"collection":[{"href":"https:\/\/martaberrocal.org\/cat\/wp-json\/wp\/v2\/pages"}],"about":[{"href":"https:\/\/martaberrocal.org\/cat\/wp-json\/wp\/v2\/types\/page"}],"author":[{"embeddable":true,"href":"https:\/\/martaberrocal.org\/cat\/wp-json\/wp\/v2\/users\/1"}],"replies":[{"embeddable":true,"href":"https:\/\/martaberrocal.org\/cat\/wp-json\/wp\/v2\/comments?post=280"}],"version-history":[{"count":6,"href":"https:\/\/martaberrocal.org\/cat\/wp-json\/wp\/v2\/pages\/280\/revisions"}],"predecessor-version":[{"id":5290,"href":"https:\/\/martaberrocal.org\/cat\/wp-json\/wp\/v2\/pages\/280\/revisions\/5290"}],"wp:attachment":[{"href":"https:\/\/martaberrocal.org\/cat\/wp-json\/wp\/v2\/media?parent=280"}],"curies":[{"name":"wp","href":"https:\/\/api.w.org\/{rel}","templated":true}]}}