
{"id":315,"date":"2016-05-23T10:47:42","date_gmt":"2016-05-23T10:47:42","guid":{"rendered":"http:\/\/marta.ecoresiduos.es\/es\/?page_id=315"},"modified":"2017-01-30T21:35:25","modified_gmt":"2017-01-30T21:35:25","slug":"docencia-educacio-artistica","status":"publish","type":"page","link":"https:\/\/martaberrocal.org\/cat\/docencia-educacio-artistica\/","title":{"rendered":"Educaci\u00f3 art\u00edstica"},"content":{"rendered":"<p>L&#8217;art \u00e9s el punt de partida de molts dels meus projectes. Sempre em proporciona connexions inesperades i inspiraci\u00f3 per abordar qualsevol tema que se m&#8217;interposi o se\u2019m proposi.<\/p>\n<p>Les hibridacions a qu\u00e8 m&#8217;he referit en l&#8217;apartat de &#8220;Doc\u00e8ncia&#8221; s\u00f3n encara m\u00e9s evidents en aquest subapartat. Es fa dif\u00edcil establir l\u00edmits clars entre temes.<\/p>\n<p>De moment, he decidit organitzar-los aix\u00ed:<\/p>\n<ul>\n<li>\u00a0\u00a0\u00a0 <a href=\"https:\/\/martaberrocal.org\/cat\/?page_id=831\">Art contemporani<\/a><\/li>\n<li>\u00a0\u00a0\u00a0\u00a0<a href=\"https:\/\/martaberrocal.org\/cat\/?page_id=643\">Art i ci\u00e8ncies<\/a><\/li>\n<li>\u00a0\u00a0\u00a0\u00a0<a href=\"https:\/\/martaberrocal.org\/cat\/?page_id=182\">Art i curr\u00edculum escolar<\/a><\/li>\n<li>\u00a0\u00a0\u00a0\u00a0<a href=\"https:\/\/martaberrocal.org\/cat\/?page_id=823\">Art i educaci\u00f3 especial<\/a><\/li>\n<li>\u00a0\u00a0\u00a0\u00a0<a href=\"https:\/\/martaberrocal.org\/cat\/?page_id=953\">Art i Alzheimer<\/a><\/li>\n<li>\u00a0\u00a0\u00a0\u00a0<a href=\"https:\/\/martaberrocal.org\/cat\/?page_id=1138\">Art i emocions<\/a><\/li>\n<li>\u00a0\u00a0\u00a0\u00a0<a href=\"https:\/\/martaberrocal.org\/cat\/?page_id=1141\">Art i creativitat<\/a><\/li>\n<li>\u00a0\u00a0\u00a0\u00a0<a href=\"https:\/\/martaberrocal.org\/cat\/?page_id=536\">Art i pensament<\/a><\/li>\n<li>\u00a0\u00a0\u00a0\u00a0<a href=\"https:\/\/martaberrocal.org\/cat\/?page_id=533\">Art i sexualitat<\/a><\/li>\n<li>\u00a0\u00a0\u00a0\u00a0<a href=\"https:\/\/martaberrocal.org\/cat\/?page_id=1068\">Art, cuina i mercat<\/a><\/li>\n<li>\u00a0\u00a0\u00a0\u00a0<a href=\"https:\/\/martaberrocal.org\/cat\/?page_id=828\">Art, museus i exposicions<\/a><\/li>\n<li>\u00a0\u00a0\u00a0<a href=\"https:\/\/martaberrocal.org\/cat\/?page_id=834\">\u00a0Educadors de museus<\/a><\/li>\n<\/ul>\n<p>&nbsp;<\/p>\n","protected":false},"excerpt":{"rendered":"<p>L&#8217;art \u00e9s el punt de partida de molts dels meus projectes. Sempre em proporciona connexions inesperades i inspiraci\u00f3 per abordar qualsevol tema que se m&#8217;interposi o se\u2019m proposi. Les hibridacions a qu\u00e8 m&#8217;he referit en l&#8217;apartat de &#8220;Doc\u00e8ncia&#8221; s\u00f3n encara m\u00e9s evidents en aquest subapartat. Es fa dif\u00edcil establir l\u00edmits clars entre temes. De moment, &hellip; <a href=\"https:\/\/martaberrocal.org\/cat\/docencia-educacio-artistica\/\" class=\"more-link\">Continua la lectura de <span class=\"screen-reader-text\">Educaci\u00f3 art\u00edstica<\/span> <span class=\"meta-nav\">&rarr;<\/span><\/a><\/p>\n","protected":false},"author":1,"featured_media":0,"parent":0,"menu_order":0,"comment_status":"closed","ping_status":"closed","template":"","meta":{"footnotes":""},"class_list":["post-315","page","type-page","status-publish","hentry"],"_links":{"self":[{"href":"https:\/\/martaberrocal.org\/cat\/wp-json\/wp\/v2\/pages\/315","targetHints":{"allow":["GET"]}}],"collection":[{"href":"https:\/\/martaberrocal.org\/cat\/wp-json\/wp\/v2\/pages"}],"about":[{"href":"https:\/\/martaberrocal.org\/cat\/wp-json\/wp\/v2\/types\/page"}],"author":[{"embeddable":true,"href":"https:\/\/martaberrocal.org\/cat\/wp-json\/wp\/v2\/users\/1"}],"replies":[{"embeddable":true,"href":"https:\/\/martaberrocal.org\/cat\/wp-json\/wp\/v2\/comments?post=315"}],"version-history":[{"count":6,"href":"https:\/\/martaberrocal.org\/cat\/wp-json\/wp\/v2\/pages\/315\/revisions"}],"predecessor-version":[{"id":1822,"href":"https:\/\/martaberrocal.org\/cat\/wp-json\/wp\/v2\/pages\/315\/revisions\/1822"}],"wp:attachment":[{"href":"https:\/\/martaberrocal.org\/cat\/wp-json\/wp\/v2\/media?parent=315"}],"curies":[{"name":"wp","href":"https:\/\/api.w.org\/{rel}","templated":true}]}}