
{"id":323,"date":"2016-05-23T10:50:01","date_gmt":"2016-05-23T10:50:01","guid":{"rendered":"http:\/\/marta.ecoresiduos.es\/es\/?page_id=323"},"modified":"2017-01-27T21:28:26","modified_gmt":"2017-01-27T21:28:26","slug":"kitscaixa-valors","status":"publish","type":"page","link":"https:\/\/martaberrocal.org\/cat\/kitscaixa-valors\/","title":{"rendered":"KITSCAIXA VALORS i KITSCAIXA VALORS compacte"},"content":{"rendered":"<p><img loading=\"lazy\" decoding=\"async\" class=\"wp-image-348 \" src=\"http:\/\/martaberrocal.org\/es\/wp-content\/uploads\/2016\/05\/moble-kitcaixa-valors-Copiar-187x300.jpg\" alt=\"moble kitcaixa valors (Copiar)\" width=\"171\" height=\"274\" \/><\/p>\n<p>Projecte <strong>KITSCAIXA VALORS<\/strong>. Obra Social &#8220;la Caixa&#8221;<\/p>\n<p>Participo en aquest projecte col\u00b7laborant en la redacci\u00f3 de la guia d&#8217;\u00fas dels materials del kit, el 2007. El responsable de la seva conceptualitzaci\u00f3 \u00e9s en Toni Cirera i el seu equip de col\u00b7laboradors.<\/p>\n<p>La meva feina consisteix b\u00e0sicament en donar forma al text i en homogene\u00eftzar els continguts, pr\u00e8viament consensuats. Treballar en la redacci\u00f3 de la guia m&#8217;ofereix l&#8217;oportunitat de con\u00e8ixer a fons el projecte, els seus objectius, els materials, la seva estructura, etc. Tamb\u00e9 em permet aportar algun suggeriment metodol\u00f2gic sobre les activitats que es proposen. Durant els anys seg\u00fcents a la seva producci\u00f3 m&#8217;encarrego de fer sessions de <a href=\"https:\/\/martaberrocal.org\/cat\/?page_id=1162\">presentaci\u00f3 i formaci\u00f3<\/a>, al professorat de les diferents comunitats aut\u00f2nomes on es distribueix el Kit.<\/p>\n<p><strong>KITSCAIXA VALORS<\/strong> facilita eines per treballar l&#8217;educaci\u00f3 dels valors \u00e8tics i socials. El seu principal objectiu \u00e9s proporcionar recursos atractius, motivadors i senzills perqu\u00e8 mestres i alumnes s&#8217;animin a desenvolupar diferents activitats que potenci\u00efn el seu creixement socioemocional i en valors. Les activitats s&#8217;ordenen a trav\u00e9s de tres kits independents que contenen materials pensats per ajudar a dinamitzar propostes ben definides i f\u00e0cils d&#8217;aplicar en un grup classe.<\/p>\n<p>Els tres kits i els seus principals objectius s\u00f3n:<\/p>\n<p>Els tres kits i els seus principals objectius s\u00f3n:<\/p>\n<ul>\n<li><strong>Identitat<\/strong>: millorar el coneixement que els nens tenen d&#8217;ells mateixos i incrementar la seva autoestima.<\/li>\n<li><strong>Conviv\u00e8ncia<\/strong>: millorar la connexi\u00f3 i la comprensi\u00f3 dels altres.<\/li>\n<li><strong>Responsabilitat<\/strong>: ajudar els alumnes a prendre decisions de forma responsable i coherent amb els valors que tenen.<\/li>\n<\/ul>\n<p>&nbsp;<\/p>\n<p>El 2009 Toni Cirera i el seu equip treballa en l&#8217;adaptaci\u00f3 del KitsCaixa Valors per produir un nou kit de mida m\u00e9s redu\u00efda, que incorpora elements dels tres kits originals, destinat a \u00e0mbits educatius no formals. Rep el nom de <strong>KITSCAIXA VALORS compacte<\/strong>.<\/p>\n<p><img loading=\"lazy\" decoding=\"async\" class=\"wp-image-364 alignleft\" src=\"http:\/\/martaberrocal.org\/es\/wp-content\/uploads\/2016\/05\/valores-cmpacto-250x300.png\" alt=\"valores cmpacto\" width=\"195\" height=\"234\" \/><\/p>\n<p><img loading=\"lazy\" decoding=\"async\" class=\"wp-image-346 alignright\" src=\"http:\/\/martaberrocal.org\/es\/wp-content\/uploads\/2016\/05\/guia-kitsvalors-Copiar-212x300.png\" alt=\"guia kitsvalors (Copiar)\" width=\"117\" height=\"166\" srcset=\"https:\/\/martaberrocal.org\/cat\/wp-content\/uploads\/2016\/05\/guia-kitsvalors-Copiar-212x300.png 212w, https:\/\/martaberrocal.org\/cat\/wp-content\/uploads\/2016\/05\/guia-kitsvalors-Copiar.png 339w\" sizes=\"auto, (max-width: 117px) 100vw, 117px\" \/><\/p>\n<p>La meva relaci\u00f3 amb aquest projecte s&#8217;estableix a trav\u00e9s de la guia d&#8217;\u00fas, at\u00e8s que la nova guia constitueix una adaptaci\u00f3 de l&#8217;anterior. No intervinc en el proc\u00e9s de selecci\u00f3 de continguts. No obstant aix\u00f2, m\u00e9s endavant tinc ocasi\u00f3 de realitzar diferents sessions de <a href=\"https:\/\/martaberrocal.org\/cat\/?page_id=1165\">presentaci\u00f3 i formaci\u00f3<\/a> per donar a con\u00e8ixer els materials i les seves possibilitats en entorns d&#8217;educaci\u00f3 no formal. Tamb\u00e9 m&#8217;encarrego de conceptualitzar i coordinar el <a href=\"https:\/\/martaberrocal.org\/cat\/?page_id=1347\"><strong>1er Concurs &#8220;Construint Valors&#8221;<\/strong><\/a> amb l&#8217;objectiu d&#8217;incentivar l&#8217;\u00fas del nou kit i dels valors que promou, entre entitats socials que participen en programes d&#8217;atenci\u00f3 a la inf\u00e0ncia de l&#8217;Obra Social &#8220;la Caixa &#8220;.<\/p>\n<p>&nbsp;<\/p>\n<p>&nbsp;<\/p>\n","protected":false},"excerpt":{"rendered":"<p>Projecte KITSCAIXA VALORS. Obra Social &#8220;la Caixa&#8221; Participo en aquest projecte col\u00b7laborant en la redacci\u00f3 de la guia d&#8217;\u00fas dels materials del kit, el 2007. El responsable de la seva conceptualitzaci\u00f3 \u00e9s en Toni Cirera i el seu equip de col\u00b7laboradors. La meva feina consisteix b\u00e0sicament en donar forma al text i en homogene\u00eftzar els &hellip; <a href=\"https:\/\/martaberrocal.org\/cat\/kitscaixa-valors\/\" class=\"more-link\">Continua la lectura de <span class=\"screen-reader-text\">KITSCAIXA VALORS i KITSCAIXA VALORS compacte<\/span> <span class=\"meta-nav\">&rarr;<\/span><\/a><\/p>\n","protected":false},"author":1,"featured_media":0,"parent":0,"menu_order":0,"comment_status":"closed","ping_status":"closed","template":"","meta":{"footnotes":""},"class_list":["post-323","page","type-page","status-publish","hentry"],"_links":{"self":[{"href":"https:\/\/martaberrocal.org\/cat\/wp-json\/wp\/v2\/pages\/323","targetHints":{"allow":["GET"]}}],"collection":[{"href":"https:\/\/martaberrocal.org\/cat\/wp-json\/wp\/v2\/pages"}],"about":[{"href":"https:\/\/martaberrocal.org\/cat\/wp-json\/wp\/v2\/types\/page"}],"author":[{"embeddable":true,"href":"https:\/\/martaberrocal.org\/cat\/wp-json\/wp\/v2\/users\/1"}],"replies":[{"embeddable":true,"href":"https:\/\/martaberrocal.org\/cat\/wp-json\/wp\/v2\/comments?post=323"}],"version-history":[{"count":5,"href":"https:\/\/martaberrocal.org\/cat\/wp-json\/wp\/v2\/pages\/323\/revisions"}],"predecessor-version":[{"id":1794,"href":"https:\/\/martaberrocal.org\/cat\/wp-json\/wp\/v2\/pages\/323\/revisions\/1794"}],"wp:attachment":[{"href":"https:\/\/martaberrocal.org\/cat\/wp-json\/wp\/v2\/media?parent=323"}],"curies":[{"name":"wp","href":"https:\/\/api.w.org\/{rel}","templated":true}]}}