
{"id":332,"date":"2016-05-23T10:51:39","date_gmt":"2016-05-23T10:51:39","guid":{"rendered":"http:\/\/marta.ecoresiduos.es\/es\/?page_id=332"},"modified":"2017-01-27T21:29:20","modified_gmt":"2017-01-27T21:29:20","slug":"projecte-educacio-socioemocional","status":"publish","type":"page","link":"https:\/\/martaberrocal.org\/cat\/projecte-educacio-socioemocional\/","title":{"rendered":"PROJECTE D&#8217;EDUCACI\u00d3 SOCIOEMOCIONAL"},"content":{"rendered":"<p>&nbsp;<\/p>\n<p><img loading=\"lazy\" decoding=\"async\" class=\"alignnone size-medium wp-image-360\" src=\"http:\/\/martaberrocal.org\/es\/wp-content\/uploads\/2016\/05\/educaixa-Copiar-300x100.png\" alt=\"educaixa (Copiar)\" width=\"300\" height=\"100\" \/><\/p>\n<p>Projecte <strong>EDUCACI\u00d3 SOCIOEMOCIONAL<\/strong>. <a href=\"https:\/\/www.educaixa.com\/ca\/\">eduCaixa<\/a>. Obra Social \u201cla Caixa\u201d<\/p>\n<p>El 2012 treballo conjuntament amb en Toni Cirera en l&#8217;adaptaci\u00f3 dels continguts del KITSCAIXA VALORS a l&#8217;entorn virtual, destinats a formar part dels recursos d&#8217;eduCaixa, la plataforma educativa de l&#8217;Obra Social &#8220;la Caixa&#8221;. El treball d&#8217;adaptaci\u00f3 finalitza el 2015, i els recursos digitals produ\u00efts (que poden treballar-se en l\u00ednia o pr\u00e8via desc\u00e0rrega), aix\u00ed com altres relacionats amb l&#8217;educaci\u00f3 socioemocional i en valors, que inclou tamb\u00e9 el KITSCAIXA VALORS, es reuneixen sota el nom de <a href=\"http:\/\/www.educaixa.com\/ca\/-\/proyecto-socioemocional\"><strong>Projecte d&#8217;educaci\u00f3 socioemocional.<\/strong><\/a><\/p>\n<p><strong>\u00a0<\/strong>Els recursos digitals s&#8217;agrupen en tres blocs:<\/p>\n<ul>\n<li><strong>Recursos per a l&#8217;autoconeixement:<\/strong> centrats en promoure l&#8217;autoobservaci\u00f3 dels alumnes perqu\u00e8, progressivament, vagin prenent consci\u00e8ncia de com s\u00f3n, qu\u00e8 senten i qu\u00e8 pensen i, alhora, treballin en el coneixement dels altres.<\/li>\n<\/ul>\n<p><a href=\"https:\/\/www.educaixa.com\/ca\/socioemocional\/autoconocimiento\"><img loading=\"lazy\" decoding=\"async\" class=\"alignright wp-image-2122\" src=\"https:\/\/martaberrocal.org\/cat\/wp-content\/uploads\/Autoconeixement.jpeg\" width=\"224\" height=\"122\" \/><\/a><\/p>\n<p>&nbsp;<\/p>\n<p>&nbsp;<\/p>\n<p>&nbsp;<\/p>\n<ul>\n<li><strong>Recursos per a desenvolupar habilitats de conviv\u00e8ncia:<\/strong> centrats en un mateix, i tamb\u00e9 en la relaci\u00f3 amb els altres, per tal de promoure una bona conviv\u00e8ncia entre les persones, que les permeti treballar en equip, o b\u00e9 enfrontar-se a conflictes, tenint present la import\u00e0ncia de gestionar amb responsabilitat les accions que realitzem.<strong><br \/>\n<\/strong><\/li>\n<\/ul>\n<p><a href=\"https:\/\/www.educaixa.com\/ca\/socioemocional\/convivencia\"><img loading=\"lazy\" decoding=\"async\" class=\"alignright wp-image-2123\" src=\"https:\/\/martaberrocal.org\/cat\/wp-content\/uploads\/Habilitats-convivencia.jpeg\" width=\"223\" height=\"122\" \/><\/a><\/p>\n<p>&nbsp;<\/p>\n<p>&nbsp;<\/p>\n<p>&nbsp;<\/p>\n<ul>\n<li><strong>Recursos per a la interioritzaci\u00f3 i la relaxaci\u00f3: <\/strong>Senzills exercicis per aprendre a relaxar-se i a practicar el di\u00e0leg interior per tal de mantenir l&#8217;equilibri f\u00edsic i mental.<\/li>\n<\/ul>\n<p><a href=\"https:\/\/www.educaixa.com\/ca\/socioemocional\/interiorizacion\"><img loading=\"lazy\" decoding=\"async\" class=\"alignright wp-image-2124\" src=\"https:\/\/martaberrocal.org\/cat\/wp-content\/uploads\/Intero-i-relaxa.jpg\" width=\"222\" height=\"122\" \/><\/a><\/p>\n<p>&nbsp;<\/p>\n<p>&nbsp;<\/p>\n<p>&nbsp;<\/p>\n<p>El proc\u00e9s d&#8217;adaptaci\u00f3 ha perm\u00e8s reorganitzar continguts, aix\u00ed com tamb\u00e9 ampliar-los. No es tracta d&#8217;un treball de traducci\u00f3 literal. El mitj\u00e0 virtual ofereix possibilitats diferents als materials f\u00edsics que hem intentat aprofitar per imprimir un car\u00e0cter particular al conjunt de recursos produ\u00efts. La major part de recursos s\u00f3n interactius, per\u00f2 hi ha tamb\u00e9 v\u00eddeos i carrusels d&#8217;imatges.<\/p>\n<p>He tingut ocasi\u00f3 de realitzar diverses <a href=\"https:\/\/martaberrocal.org\/cat\/?page_id=1171\">presentacions i taller<\/a>s per donar a con\u00e8ixer els recursos, i les possibilitats d&#8217;aplicaci\u00f3 en contextos diferents.<\/p>\n<p>&nbsp;<\/p>\n","protected":false},"excerpt":{"rendered":"<p>&nbsp; Projecte EDUCACI\u00d3 SOCIOEMOCIONAL. eduCaixa. Obra Social \u201cla Caixa\u201d El 2012 treballo conjuntament amb en Toni Cirera en l&#8217;adaptaci\u00f3 dels continguts del KITSCAIXA VALORS a l&#8217;entorn virtual, destinats a formar part dels recursos d&#8217;eduCaixa, la plataforma educativa de l&#8217;Obra Social &#8220;la Caixa&#8221;. El treball d&#8217;adaptaci\u00f3 finalitza el 2015, i els recursos digitals produ\u00efts (que poden &hellip; <a href=\"https:\/\/martaberrocal.org\/cat\/projecte-educacio-socioemocional\/\" class=\"more-link\">Continua la lectura de <span class=\"screen-reader-text\">PROJECTE D&#8217;EDUCACI\u00d3 SOCIOEMOCIONAL<\/span> <span class=\"meta-nav\">&rarr;<\/span><\/a><\/p>\n","protected":false},"author":1,"featured_media":0,"parent":0,"menu_order":0,"comment_status":"closed","ping_status":"closed","template":"","meta":{"footnotes":""},"class_list":["post-332","page","type-page","status-publish","hentry"],"_links":{"self":[{"href":"https:\/\/martaberrocal.org\/cat\/wp-json\/wp\/v2\/pages\/332","targetHints":{"allow":["GET"]}}],"collection":[{"href":"https:\/\/martaberrocal.org\/cat\/wp-json\/wp\/v2\/pages"}],"about":[{"href":"https:\/\/martaberrocal.org\/cat\/wp-json\/wp\/v2\/types\/page"}],"author":[{"embeddable":true,"href":"https:\/\/martaberrocal.org\/cat\/wp-json\/wp\/v2\/users\/1"}],"replies":[{"embeddable":true,"href":"https:\/\/martaberrocal.org\/cat\/wp-json\/wp\/v2\/comments?post=332"}],"version-history":[{"count":7,"href":"https:\/\/martaberrocal.org\/cat\/wp-json\/wp\/v2\/pages\/332\/revisions"}],"predecessor-version":[{"id":2126,"href":"https:\/\/martaberrocal.org\/cat\/wp-json\/wp\/v2\/pages\/332\/revisions\/2126"}],"wp:attachment":[{"href":"https:\/\/martaberrocal.org\/cat\/wp-json\/wp\/v2\/media?parent=332"}],"curies":[{"name":"wp","href":"https:\/\/api.w.org\/{rel}","templated":true}]}}