
{"id":526,"date":"2016-05-26T16:51:33","date_gmt":"2016-05-26T16:51:33","guid":{"rendered":"http:\/\/marta.ecoresiduos.es\/es\/?page_id=526"},"modified":"2017-02-23T12:53:06","modified_gmt":"2017-02-23T12:53:06","slug":"docencia","status":"publish","type":"page","link":"https:\/\/martaberrocal.org\/cat\/docencia\/","title":{"rendered":"Doc\u00e8ncia"},"content":{"rendered":"<p>He tingut l&#8217;oportunitat d&#8217;impartir doc\u00e8ncia al voltant de molts temes diferents i se\u2019m fa dif\u00edcil organitzar-los. La meva especialitat s\u00f3n els c\u00f2ctels d&#8217;idees i la hibridaci\u00f3 entre coses aparentment diferents i distants. \u00a0Amb els compartiments estancs no em sento a gust. M&#8217;identifico millor amb un sistema din\u00e0mic de vasos comunicants.<\/p>\n<p>Un altre dels motius que complica l&#8217;estructuraci\u00f3 de la meva experi\u00e8ncia docent \u00e9s que hi ha algunes idees que emergeixen en qualsevol activitat que dugui a terme, independentment del tema que abordi, dels destinataris, o del context. S\u00f3n idees que considero claus i la base de tot el meu treball. Quan intento identificar-les tamb\u00e9 es barregen entre elles.<\/p>\n<p>Emergeixen gaireb\u00e9 sense voler en qualsevol activitat que dugui a terme aix\u00ed que us convido a saltar al <strong><a href=\"https:\/\/martaberrocal.org\/cat\/blog\/\" target=\"_blank\">blog <\/a><\/strong>en el moment que us vingui de gust i a llegir els articles que en ell van apareixent, per anar coneixent-les, tot i que que no les desvetlli d&#8217;una manera expl\u00edcita.<\/p>\n<p>Per facilitar les coses anir\u00e9 creant connexions entre apartats que donaran idea de les possibilitats diferents d&#8217;organitzaci\u00f3 i tamb\u00e9 de les hibridacions a qu\u00e8 m&#8217;he referit al principi.<\/p>\n<p>Els destinataris de la major part de cursos, tallers i confer\u00e8ncies que he impartit s\u00f3n professors de la formaci\u00f3 reglada de tots els nivells educatius, des de l&#8217;escola bressol a la universitat. Per\u00f2 tamb\u00e9 hi ha moltes altres activitats dirigides a professionals de la formaci\u00f3 no reglada, aix\u00ed com a professionals d&#8217;\u00e0mbits espec\u00edfics, voluntaris de diferents programes i altres, persones en general interessades per algun dels temes que he abordat. Un altre grup el componen adults en una situaci\u00f3 socioecon\u00f2mica molt complexa, que arran d&#8217;ella s&#8217;han vist obligats, literalment, a assistir a cursos organitzats per l&#8217;administraci\u00f3, en qu\u00e8 he participat com a docent.<\/p>\n<p>Despr\u00e9s d\u2019estudiar diverses possibilitats, he establert dos grans blocs:<\/p>\n<ul>\n<li><a href=\"https:\/\/martaberrocal.org\/cat\/?page_id=315\">Educaci\u00f3 art\u00edstica<\/a><\/li>\n<li><a href=\"https:\/\/martaberrocal.org\/cat\/?page_id=1116\">Educaci\u00f3 social<\/a><\/li>\n<\/ul>\n<p>&nbsp;<\/p>\n","protected":false},"excerpt":{"rendered":"<p>He tingut l&#8217;oportunitat d&#8217;impartir doc\u00e8ncia al voltant de molts temes diferents i se\u2019m fa dif\u00edcil organitzar-los. La meva especialitat s\u00f3n els c\u00f2ctels d&#8217;idees i la hibridaci\u00f3 entre coses aparentment diferents i distants. \u00a0Amb els compartiments estancs no em sento a gust. M&#8217;identifico millor amb un sistema din\u00e0mic de vasos comunicants. Un altre dels motius que &hellip; <a href=\"https:\/\/martaberrocal.org\/cat\/docencia\/\" class=\"more-link\">Continua la lectura de <span class=\"screen-reader-text\">Doc\u00e8ncia<\/span> <span class=\"meta-nav\">&rarr;<\/span><\/a><\/p>\n","protected":false},"author":1,"featured_media":0,"parent":0,"menu_order":0,"comment_status":"closed","ping_status":"closed","template":"","meta":{"footnotes":""},"class_list":["post-526","page","type-page","status-publish","hentry"],"_links":{"self":[{"href":"https:\/\/martaberrocal.org\/cat\/wp-json\/wp\/v2\/pages\/526","targetHints":{"allow":["GET"]}}],"collection":[{"href":"https:\/\/martaberrocal.org\/cat\/wp-json\/wp\/v2\/pages"}],"about":[{"href":"https:\/\/martaberrocal.org\/cat\/wp-json\/wp\/v2\/types\/page"}],"author":[{"embeddable":true,"href":"https:\/\/martaberrocal.org\/cat\/wp-json\/wp\/v2\/users\/1"}],"replies":[{"embeddable":true,"href":"https:\/\/martaberrocal.org\/cat\/wp-json\/wp\/v2\/comments?post=526"}],"version-history":[{"count":8,"href":"https:\/\/martaberrocal.org\/cat\/wp-json\/wp\/v2\/pages\/526\/revisions"}],"predecessor-version":[{"id":2634,"href":"https:\/\/martaberrocal.org\/cat\/wp-json\/wp\/v2\/pages\/526\/revisions\/2634"}],"wp:attachment":[{"href":"https:\/\/martaberrocal.org\/cat\/wp-json\/wp\/v2\/media?parent=526"}],"curies":[{"name":"wp","href":"https:\/\/api.w.org\/{rel}","templated":true}]}}