
{"id":533,"date":"2016-05-26T17:06:29","date_gmt":"2016-05-26T17:06:29","guid":{"rendered":"http:\/\/marta.ecoresiduos.es\/es\/?page_id=533"},"modified":"2017-01-30T21:51:23","modified_gmt":"2017-01-30T21:51:23","slug":"docencia-art-i-sexualitat","status":"publish","type":"page","link":"https:\/\/martaberrocal.org\/cat\/docencia-art-i-sexualitat\/","title":{"rendered":"Art i sexualitat"},"content":{"rendered":"<p>Durant tres anys consecutius: 2000, 2001 i 2002, em conviden a participar a Barcelona en el curs de Postgrau: <strong>Sexualitat i Salut reproductiva<\/strong>, organitzat per l&#8217;Associaci\u00f3 Catalana de Llevadores en col\u00b7laboraci\u00f3 amb l&#8217;Institut d&#8217;Estudis de la Salut de la Generalitat de Catalunya.<\/p>\n<ul>\n<li>Construeixo i imparteixo una confer\u00e8ncia amb el t\u00edtol: <strong>Art i sexualitat<\/strong>.<\/li>\n<\/ul>\n<div id='gallery-1' class='gallery galleryid-533 gallery-columns-3 gallery-size-thumbnail'><figure class='gallery-item'>\n\t\t\t<div class='gallery-icon portrait'>\n\t\t\t\t<a href='https:\/\/martaberrocal.org\/cat\/wp-content\/uploads\/2016\/05\/Brancusi.El-beso.jpg'><img loading=\"lazy\" decoding=\"async\" width=\"150\" height=\"150\" src=\"https:\/\/martaberrocal.org\/cat\/wp-content\/uploads\/2016\/05\/Brancusi.El-beso-150x150.jpg\" class=\"attachment-thumbnail size-thumbnail\" alt=\"\" aria-describedby=\"gallery-1-887\" \/><\/a>\n\t\t\t<\/div>\n\t\t\t\t<figcaption class='wp-caption-text gallery-caption' id='gallery-1-887'>\n\t\t\t\tBrancusi. El pet\u00f3\n\t\t\t\t<\/figcaption><\/figure><figure class='gallery-item'>\n\t\t\t<div class='gallery-icon portrait'>\n\t\t\t\t<a href='https:\/\/martaberrocal.org\/cat\/wp-content\/uploads\/2016\/05\/Klimt-El-beso.jpg'><img loading=\"lazy\" decoding=\"async\" width=\"150\" height=\"150\" src=\"https:\/\/martaberrocal.org\/cat\/wp-content\/uploads\/2016\/05\/Klimt-El-beso-150x150.jpg\" class=\"attachment-thumbnail size-thumbnail\" alt=\"\" aria-describedby=\"gallery-1-888\" \/><\/a>\n\t\t\t<\/div>\n\t\t\t\t<figcaption class='wp-caption-text gallery-caption' id='gallery-1-888'>\n\t\t\t\tKlimt. El pet\u00f3\n\t\t\t\t<\/figcaption><\/figure><figure class='gallery-item'>\n\t\t\t<div class='gallery-icon portrait'>\n\t\t\t\t<a href='https:\/\/martaberrocal.org\/cat\/wp-content\/uploads\/2016\/05\/Rodin.El-beso.jpg'><img loading=\"lazy\" decoding=\"async\" width=\"150\" height=\"150\" src=\"https:\/\/martaberrocal.org\/cat\/wp-content\/uploads\/2016\/05\/Rodin.El-beso-150x150.jpg\" class=\"attachment-thumbnail size-thumbnail\" alt=\"\" aria-describedby=\"gallery-1-889\" \/><\/a>\n\t\t\t<\/div>\n\t\t\t\t<figcaption class='wp-caption-text gallery-caption' id='gallery-1-889'>\n\t\t\t\tRodin. El pet\u00f3\n\t\t\t\t<\/figcaption><\/figure>\n\t\t<\/div>\n\n<p>Aquestes tres obres, pertanyents a Brancusi, Klimt i Rodin, comparteixen t\u00edtol: El pet\u00f3. A partir d&#8217;elles vam realitzar algunes activitats amb l&#8217;objectiu de veure de quines maneres es pot abordar creativament un tema relacionat amb l&#8217;educaci\u00f3 sexual.<\/p>\n<p>El 2006 em conviden a impartir un taller dins el curs: <strong>Actualitzaci\u00f3 en Salut sexual i reproductiva<\/strong>, organitzat per l&#8217;Associaci\u00f3 Catalana de Llevadores en col\u00b7laboraci\u00f3 amb l&#8217;Institut d&#8217;Estudis de la Salut de la Generalitat de Catalunya.<\/p>\n<ul>\n<li>Invento i imparteixo un taller amb el t\u00edtol: <strong>L&#8217;\u00fas d&#8217;imatges en educaci\u00f3 sexual<\/strong>. <strong>Estrat\u00e8gies did\u00e0ctiques i metodol\u00f2giques<\/strong>. Est\u00e0 dirigit a llevadores que porten a terme accions educatives amb adolescents, embarassades i dones menop\u00e0usiques. Explorem les possibilitats de desenvolupar metodologies innovadores, treballant a partir d&#8217;imatges art\u00edstiques de diferent \u00edndole, amb l&#8217;objectiu de facilitar la comunicaci\u00f3 amb diferents grups de persones, en abordar temes relacionats amb la seva salut sexual i reproductiva.<em><br \/>\n<\/em><\/li>\n<\/ul>\n<div id='gallery-2' class='gallery galleryid-533 gallery-columns-3 gallery-size-thumbnail'><figure class='gallery-item'>\n\t\t\t<div class='gallery-icon portrait'>\n\t\t\t\t<a href='https:\/\/martaberrocal.org\/cat\/wp-content\/uploads\/2016\/05\/M-23-gener-095-R.jpg'><img loading=\"lazy\" decoding=\"async\" width=\"150\" height=\"150\" src=\"https:\/\/martaberrocal.org\/cat\/wp-content\/uploads\/2016\/05\/M-23-gener-095-R-150x150.jpg\" class=\"attachment-thumbnail size-thumbnail\" alt=\"\" \/><\/a>\n\t\t\t<\/div><\/figure><figure class='gallery-item'>\n\t\t\t<div class='gallery-icon portrait'>\n\t\t\t\t<a href='https:\/\/martaberrocal.org\/cat\/wp-content\/uploads\/2016\/05\/M-23-gener-097-R.jpg'><img loading=\"lazy\" decoding=\"async\" width=\"150\" height=\"150\" src=\"https:\/\/martaberrocal.org\/cat\/wp-content\/uploads\/2016\/05\/M-23-gener-097-R-150x150.jpg\" class=\"attachment-thumbnail size-thumbnail\" alt=\"\" \/><\/a>\n\t\t\t<\/div><\/figure><figure class='gallery-item'>\n\t\t\t<div class='gallery-icon portrait'>\n\t\t\t\t<a href='https:\/\/martaberrocal.org\/cat\/wp-content\/uploads\/2016\/05\/M-23-gener-099.jpg'><img loading=\"lazy\" decoding=\"async\" width=\"150\" height=\"150\" src=\"https:\/\/martaberrocal.org\/cat\/wp-content\/uploads\/2016\/05\/M-23-gener-099-150x150.jpg\" class=\"attachment-thumbnail size-thumbnail\" alt=\"\" \/><\/a>\n\t\t\t<\/div><\/figure>\n\t\t<\/div>\n\n<p>Aquestes s\u00f3n algunes de les imatges amb les que vam estar treballant, que van donar peu a parlar de prejudicis i estereotips.<\/p>\n","protected":false},"excerpt":{"rendered":"<p>Durant tres anys consecutius: 2000, 2001 i 2002, em conviden a participar a Barcelona en el curs de Postgrau: Sexualitat i Salut reproductiva, organitzat per l&#8217;Associaci\u00f3 Catalana de Llevadores en col\u00b7laboraci\u00f3 amb l&#8217;Institut d&#8217;Estudis de la Salut de la Generalitat de Catalunya. Construeixo i imparteixo una confer\u00e8ncia amb el t\u00edtol: Art i sexualitat. Aquestes tres &hellip; <a href=\"https:\/\/martaberrocal.org\/cat\/docencia-art-i-sexualitat\/\" class=\"more-link\">Continua la lectura de <span class=\"screen-reader-text\">Art i sexualitat<\/span> <span class=\"meta-nav\">&rarr;<\/span><\/a><\/p>\n","protected":false},"author":1,"featured_media":0,"parent":0,"menu_order":0,"comment_status":"closed","ping_status":"closed","template":"","meta":{"footnotes":""},"class_list":["post-533","page","type-page","status-publish","hentry"],"_links":{"self":[{"href":"https:\/\/martaberrocal.org\/cat\/wp-json\/wp\/v2\/pages\/533","targetHints":{"allow":["GET"]}}],"collection":[{"href":"https:\/\/martaberrocal.org\/cat\/wp-json\/wp\/v2\/pages"}],"about":[{"href":"https:\/\/martaberrocal.org\/cat\/wp-json\/wp\/v2\/types\/page"}],"author":[{"embeddable":true,"href":"https:\/\/martaberrocal.org\/cat\/wp-json\/wp\/v2\/users\/1"}],"replies":[{"embeddable":true,"href":"https:\/\/martaberrocal.org\/cat\/wp-json\/wp\/v2\/comments?post=533"}],"version-history":[{"count":4,"href":"https:\/\/martaberrocal.org\/cat\/wp-json\/wp\/v2\/pages\/533\/revisions"}],"predecessor-version":[{"id":1847,"href":"https:\/\/martaberrocal.org\/cat\/wp-json\/wp\/v2\/pages\/533\/revisions\/1847"}],"wp:attachment":[{"href":"https:\/\/martaberrocal.org\/cat\/wp-json\/wp\/v2\/media?parent=533"}],"curies":[{"name":"wp","href":"https:\/\/api.w.org\/{rel}","templated":true}]}}