
{"id":536,"date":"2016-05-26T17:07:06","date_gmt":"2016-05-26T17:07:06","guid":{"rendered":"http:\/\/marta.ecoresiduos.es\/es\/?page_id=536"},"modified":"2017-01-30T21:50:15","modified_gmt":"2017-01-30T21:50:15","slug":"docencia-art-i-pensament","status":"publish","type":"page","link":"https:\/\/martaberrocal.org\/cat\/docencia-art-i-pensament\/","title":{"rendered":"Art i pensament"},"content":{"rendered":"<p>&nbsp;<\/p>\n<ul>\n<li>Participo com a formadora en el Seminari &#8220;<strong>Aprendre a pensar<\/strong>&#8221; organitzat per l&#8217;\u00c0mbit d&#8217;Investigaci\u00f3 i Difusi\u00f3 Maria del Corral presentant la comunicaci\u00f3: <strong>Crear pensament des de l&#8217;educaci\u00f3 art\u00edstica<\/strong>. Barcelona, 17 novembre 2003.<\/li>\n<\/ul>\n<p>&nbsp;<\/p>\n<ul>\n<li>Imparteixo doc\u00e8ncia en el Seminari: <strong>Pensament visual i aprenentatge. Seminari sobre la dinamitzaci\u00f3 dels processos mentals<\/strong>. Organitzat pel Col\u00b7legi oficial de doctors i Llicenciats en belles arts i professors de dibuix de Catalunya. Barcelona, juliol 2003.<\/li>\n<\/ul>\n<p><strong>\u00a0<\/strong><\/p>\n","protected":false},"excerpt":{"rendered":"<p>&nbsp; Participo com a formadora en el Seminari &#8220;Aprendre a pensar&#8221; organitzat per l&#8217;\u00c0mbit d&#8217;Investigaci\u00f3 i Difusi\u00f3 Maria del Corral presentant la comunicaci\u00f3: Crear pensament des de l&#8217;educaci\u00f3 art\u00edstica. Barcelona, 17 novembre 2003. &nbsp; Imparteixo doc\u00e8ncia en el Seminari: Pensament visual i aprenentatge. Seminari sobre la dinamitzaci\u00f3 dels processos mentals. Organitzat pel Col\u00b7legi oficial de &hellip; <a href=\"https:\/\/martaberrocal.org\/cat\/docencia-art-i-pensament\/\" class=\"more-link\">Continua la lectura de <span class=\"screen-reader-text\">Art i pensament<\/span> <span class=\"meta-nav\">&rarr;<\/span><\/a><\/p>\n","protected":false},"author":1,"featured_media":0,"parent":0,"menu_order":0,"comment_status":"closed","ping_status":"closed","template":"","meta":{"footnotes":""},"class_list":["post-536","page","type-page","status-publish","hentry"],"_links":{"self":[{"href":"https:\/\/martaberrocal.org\/cat\/wp-json\/wp\/v2\/pages\/536","targetHints":{"allow":["GET"]}}],"collection":[{"href":"https:\/\/martaberrocal.org\/cat\/wp-json\/wp\/v2\/pages"}],"about":[{"href":"https:\/\/martaberrocal.org\/cat\/wp-json\/wp\/v2\/types\/page"}],"author":[{"embeddable":true,"href":"https:\/\/martaberrocal.org\/cat\/wp-json\/wp\/v2\/users\/1"}],"replies":[{"embeddable":true,"href":"https:\/\/martaberrocal.org\/cat\/wp-json\/wp\/v2\/comments?post=536"}],"version-history":[{"count":3,"href":"https:\/\/martaberrocal.org\/cat\/wp-json\/wp\/v2\/pages\/536\/revisions"}],"predecessor-version":[{"id":1844,"href":"https:\/\/martaberrocal.org\/cat\/wp-json\/wp\/v2\/pages\/536\/revisions\/1844"}],"wp:attachment":[{"href":"https:\/\/martaberrocal.org\/cat\/wp-json\/wp\/v2\/media?parent=536"}],"curies":[{"name":"wp","href":"https:\/\/api.w.org\/{rel}","templated":true}]}}