
{"id":590,"date":"2016-06-01T20:04:28","date_gmt":"2016-06-01T20:04:28","guid":{"rendered":"http:\/\/martaberrocal.org\/es\/?page_id=590"},"modified":"2017-03-06T17:38:50","modified_gmt":"2017-03-06T17:38:50","slug":"art-contemporani","status":"publish","type":"page","link":"https:\/\/martaberrocal.org\/cat\/art-contemporani\/","title":{"rendered":"Art Contemporani"},"content":{"rendered":"<p>&nbsp;<\/p>\n<p><a href=\"https:\/\/martaberrocal.org\/cat\/wp-content\/uploads\/5-novembre-2003-001-Copiar.jpg\"><img loading=\"lazy\" decoding=\"async\" class=\"alignleft  wp-image-2776\" src=\"https:\/\/martaberrocal.org\/cat\/wp-content\/uploads\/5-novembre-2003-001-Copiar-300x225.jpg\" alt=\"\" width=\"267\" height=\"200\" srcset=\"https:\/\/martaberrocal.org\/cat\/wp-content\/uploads\/5-novembre-2003-001-Copiar-300x225.jpg 300w, https:\/\/martaberrocal.org\/cat\/wp-content\/uploads\/5-novembre-2003-001-Copiar.jpg 600w\" sizes=\"auto, (max-width: 267px) 100vw, 267px\" \/><\/a>L\u2019any 2003 va comen\u00e7ar la meva col\u00b7laboraci\u00f3 com a <em>free-lance<\/em> amb el <strong>Museu d\u2019Art Contemporani de Barcelona,<\/strong> <a href=\"http:\/\/macba.cat\/\" target=\"_blank\"><strong>MACBA<\/strong><\/a>.\u00a0 Al llarg d\u2019aquests anys el departament d\u2019educaci\u00f3 del museu m\u2019ha encarregat diferents projectes amb uns objectius inicials concrets i unes possibilitats de desenvolupament diria que infinites, tant conceptuals com materials. Molts d\u2019aquests projectes consten de recursos did\u00e0ctics espec\u00edfics, concebuts i dissenyats per ser manipulats. Contribueixen a generar emoci\u00f3 i coneixement a partir de l\u2019acci\u00f3, l\u2019experimentaci\u00f3 i la viv\u00e8ncia en contacte amb l\u2019art contemporani.<\/p>\n<p>Els p\u00fablics als quals van adre\u00e7ats\u00a0 abracen totes las edats i condicions.<\/p>\n<p>Concebo la meva feina com una mediaci\u00f3 entre el museu i les persones que el visiten. Una mediaci\u00f3 que pret\u00e9n generar connexions i tamb\u00e9 anhels i il\u00b7lusions.<\/p>\n<p><strong>Els projectes que he realitzat des de 2003 fins el present curs escolar 2016 \/ 2017 s\u00f3n:<\/strong><\/p>\n<p>&nbsp;<\/p>\n<figure id=\"attachment_1266\" aria-describedby=\"caption-attachment-1266\" style=\"width: 300px\" class=\"wp-caption alignnone\"><a href=\"https:\/\/martaberrocal.org\/cat\/?page_id=20\"><img loading=\"lazy\" decoding=\"async\" class=\"wp-image-1266 size-medium\" src=\"https:\/\/martaberrocal.org\/cat\/wp-content\/uploads\/2016\/06\/R_MG_1350-300x188.jpg\" alt=\"ExpressArt. Museo port\u00e1til. MACBA\" width=\"300\" height=\"188\" srcset=\"https:\/\/martaberrocal.org\/cat\/wp-content\/uploads\/2016\/06\/R_MG_1350-300x188.jpg 300w, https:\/\/martaberrocal.org\/cat\/wp-content\/uploads\/2016\/06\/R_MG_1350-768x480.jpg 768w, https:\/\/martaberrocal.org\/cat\/wp-content\/uploads\/2016\/06\/R_MG_1350.jpg 800w\" sizes=\"auto, (max-width: 300px) 100vw, 300px\" \/><\/a><figcaption id=\"caption-attachment-1266\" class=\"wp-caption-text\"><strong>ExpressArt. Museu port\u00e0til.\u00a0 Cursos 2005-2016<\/strong><\/figcaption><\/figure>\n<figure id=\"attachment_39\" aria-describedby=\"caption-attachment-39\" style=\"width: 240px\" class=\"wp-caption alignnone\"><a href=\"https:\/\/martaberrocal.org\/cat\/?page_id=99\"><img loading=\"lazy\" decoding=\"async\" class=\"wp-image-39\" src=\"http:\/\/martaberrocal.org\/es\/wp-content\/uploads\/2016\/05\/Rrr-DSC00766-Copiar-300x295.jpg\" alt=\"Caja de objetos del proyecto ExpressArt para Jard\u00edn de Infancia\" width=\"240\" height=\"236\" srcset=\"https:\/\/martaberrocal.org\/cat\/wp-content\/uploads\/2016\/05\/Rrr-DSC00766-Copiar-300x295.jpg 300w, https:\/\/martaberrocal.org\/cat\/wp-content\/uploads\/2016\/05\/Rrr-DSC00766-Copiar.jpg 611w\" sizes=\"auto, (max-width: 240px) 100vw, 240px\" \/><\/a><figcaption id=\"caption-attachment-39\" class=\"wp-caption-text\"><strong>ExpressArt per escoles bressol.\u00a0 Curs 2015-2016<\/strong><\/figcaption><\/figure>\n<figure id=\"attachment_688\" aria-describedby=\"caption-attachment-688\" style=\"width: 239px\" class=\"wp-caption alignnone\"><a href=\"https:\/\/martaberrocal.org\/cat\/?page_id=697 \"><img loading=\"lazy\" decoding=\"async\" class=\"wp-image-688\" src=\"http:\/\/martaberrocal.org\/es\/wp-content\/uploads\/2016\/06\/Image_4-300x300.jpg\" alt=\"Proyecto Colecci\u00f3n MACBA 2005\" width=\"239\" height=\"239\" srcset=\"https:\/\/martaberrocal.org\/cat\/wp-content\/uploads\/2016\/06\/Image_4-300x300.jpg 300w, https:\/\/martaberrocal.org\/cat\/wp-content\/uploads\/2016\/06\/Image_4-150x150.jpg 150w, https:\/\/martaberrocal.org\/cat\/wp-content\/uploads\/2016\/06\/Image_4.jpg 600w\" sizes=\"auto, (max-width: 239px) 100vw, 239px\" \/><\/a><figcaption id=\"caption-attachment-688\" class=\"wp-caption-text\"><strong>Visites a la Col\u00b7lecci\u00f3 MACBA 2003-2016<\/strong><\/figcaption><\/figure>\n<figure id=\"attachment_1272\" aria-describedby=\"caption-attachment-1272\" style=\"width: 249px\" class=\"wp-caption alignnone\"><a href=\"https:\/\/martaberrocal.org\/cat\/?page_id=1289\"><img loading=\"lazy\" decoding=\"async\" class=\"wp-image-1272\" src=\"http:\/\/martaberrocal.org\/es\/wp-content\/uploads\/2016\/06\/Foto-caixa-ordenar-800x600-298x300.jpg\" alt=\"foto-caixa-ordenar-800x600\" width=\"249\" height=\"251\" srcset=\"https:\/\/martaberrocal.org\/cat\/wp-content\/uploads\/2016\/06\/Foto-caixa-ordenar-800x600-298x300.jpg 298w, https:\/\/martaberrocal.org\/cat\/wp-content\/uploads\/2016\/06\/Foto-caixa-ordenar-800x600-150x150.jpg 150w, https:\/\/martaberrocal.org\/cat\/wp-content\/uploads\/2016\/06\/Foto-caixa-ordenar-800x600.jpg 595w\" sizes=\"auto, (max-width: 249px) 100vw, 249px\" \/><\/a><figcaption id=\"caption-attachment-1272\" class=\"wp-caption-text\"><strong>Col\u00b7lecci\u00f3 Itinerant MACBA 2008<\/strong><\/figcaption><\/figure>\n<figure id=\"attachment_663\" aria-describedby=\"caption-attachment-663\" style=\"width: 236px\" class=\"wp-caption alignnone\"><a href=\"https:\/\/martaberrocal.org\/cat\/?page_id=693\"><img loading=\"lazy\" decoding=\"async\" class=\"wp-image-663\" src=\"http:\/\/martaberrocal.org\/es\/wp-content\/uploads\/2016\/06\/Projecte-Edifici-MACBA-300x277.jpg\" alt=\"Projecte Edifici MACBA\" width=\"236\" height=\"217\" srcset=\"https:\/\/martaberrocal.org\/cat\/wp-content\/uploads\/2016\/06\/Projecte-Edifici-MACBA-300x277.jpg 300w, https:\/\/martaberrocal.org\/cat\/wp-content\/uploads\/2016\/06\/Projecte-Edifici-MACBA.jpg 650w\" sizes=\"auto, (max-width: 236px) 100vw, 236px\" \/><\/a><figcaption id=\"caption-attachment-663\" class=\"wp-caption-text\"><strong>Edifici MACBA. Curs 2010<\/strong><\/figcaption><\/figure>\n<figure id=\"attachment_683\" aria-describedby=\"caption-attachment-683\" style=\"width: 221px\" class=\"wp-caption alignnone\"><a href=\"https:\/\/martaberrocal.org\/cat\/?page_id=712\"><img loading=\"lazy\" decoding=\"async\" class=\"wp-image-683\" src=\"http:\/\/martaberrocal.org\/es\/wp-content\/uploads\/2016\/06\/Projecte-temporals-2006-Palazuelo-300x200.jpg\" alt=\"Projecte temporals 2006 Palazuelo\" width=\"221\" height=\"147\" srcset=\"https:\/\/martaberrocal.org\/cat\/wp-content\/uploads\/2016\/06\/Projecte-temporals-2006-Palazuelo-300x200.jpg 300w, https:\/\/martaberrocal.org\/cat\/wp-content\/uploads\/2016\/06\/Projecte-temporals-2006-Palazuelo-768x512.jpg 768w, https:\/\/martaberrocal.org\/cat\/wp-content\/uploads\/2016\/06\/Projecte-temporals-2006-Palazuelo.jpg 800w\" sizes=\"auto, (max-width: 221px) 100vw, 221px\" \/><\/a><figcaption id=\"caption-attachment-683\" class=\"wp-caption-text\"><strong>Visites a exposicions temporals . Curs 2006<\/strong><\/figcaption><\/figure>\n<figure id=\"attachment_690\" aria-describedby=\"caption-attachment-690\" style=\"width: 200px\" class=\"wp-caption alignnone\"><a href=\"https:\/\/martaberrocal.org\/cat\/?page_id=706\"><img loading=\"lazy\" decoding=\"async\" class=\"wp-image-690 size-medium\" src=\"https:\/\/martaberrocal.org\/cat\/wp-content\/uploads\/2016\/06\/Taller-Gego-2006-200x300.jpg\" alt=\"Taller Gego 2006\" width=\"200\" height=\"300\" srcset=\"https:\/\/martaberrocal.org\/cat\/wp-content\/uploads\/2016\/06\/Taller-Gego-2006-200x300.jpg 200w, https:\/\/martaberrocal.org\/cat\/wp-content\/uploads\/2016\/06\/Taller-Gego-2006.jpg 400w\" sizes=\"auto, (max-width: 200px) 100vw, 200px\" \/><\/a><figcaption id=\"caption-attachment-690\" class=\"wp-caption-text\"><strong>Tallers cap de setmana<\/strong>.\u00a0 2006<\/figcaption><\/figure>\n<figure id=\"attachment_784\" aria-describedby=\"caption-attachment-784\" style=\"width: 233px\" class=\"wp-caption alignnone\"><a href=\"https:\/\/martaberrocal.org\/cat\/?page_id=800\"><img loading=\"lazy\" decoding=\"async\" class=\"wp-image-784\" src=\"http:\/\/martaberrocal.org\/es\/wp-content\/uploads\/2016\/06\/ocellometre-Copiar-300x200.jpg\" alt=\"ocellometre (Copiar)\" width=\"233\" height=\"155\" srcset=\"https:\/\/martaberrocal.org\/cat\/wp-content\/uploads\/2016\/06\/ocellometre-Copiar-300x200.jpg 300w, https:\/\/martaberrocal.org\/cat\/wp-content\/uploads\/2016\/06\/ocellometre-Copiar-768x512.jpg 768w, https:\/\/martaberrocal.org\/cat\/wp-content\/uploads\/2016\/06\/ocellometre-Copiar.jpg 800w\" sizes=\"auto, (max-width: 233px) 100vw, 233px\" \/><\/a><figcaption id=\"caption-attachment-784\" class=\"wp-caption-text\"><strong>Tallers familiars<\/strong>.\u00a0 2007<\/figcaption><\/figure>\n<div class=\"mceTemp\"><\/div>\n<p>&nbsp;<\/p>\n<p>&nbsp;<\/p>\n<p>&nbsp;<\/p>\n<p>&nbsp;<\/p>\n","protected":false},"excerpt":{"rendered":"<p>&nbsp; L\u2019any 2003 va comen\u00e7ar la meva col\u00b7laboraci\u00f3 com a free-lance amb el Museu d\u2019Art Contemporani de Barcelona, MACBA.\u00a0 Al llarg d\u2019aquests anys el departament d\u2019educaci\u00f3 del museu m\u2019ha encarregat diferents projectes amb uns objectius inicials concrets i unes possibilitats de desenvolupament diria que infinites, tant conceptuals com materials. Molts d\u2019aquests projectes consten de recursos &hellip; <a href=\"https:\/\/martaberrocal.org\/cat\/art-contemporani\/\" class=\"more-link\">Continua la lectura de <span class=\"screen-reader-text\">Art Contemporani<\/span> <span class=\"meta-nav\">&rarr;<\/span><\/a><\/p>\n","protected":false},"author":1,"featured_media":0,"parent":0,"menu_order":0,"comment_status":"closed","ping_status":"closed","template":"","meta":{"footnotes":""},"class_list":["post-590","page","type-page","status-publish","hentry"],"_links":{"self":[{"href":"https:\/\/martaberrocal.org\/cat\/wp-json\/wp\/v2\/pages\/590","targetHints":{"allow":["GET"]}}],"collection":[{"href":"https:\/\/martaberrocal.org\/cat\/wp-json\/wp\/v2\/pages"}],"about":[{"href":"https:\/\/martaberrocal.org\/cat\/wp-json\/wp\/v2\/types\/page"}],"author":[{"embeddable":true,"href":"https:\/\/martaberrocal.org\/cat\/wp-json\/wp\/v2\/users\/1"}],"replies":[{"embeddable":true,"href":"https:\/\/martaberrocal.org\/cat\/wp-json\/wp\/v2\/comments?post=590"}],"version-history":[{"count":8,"href":"https:\/\/martaberrocal.org\/cat\/wp-json\/wp\/v2\/pages\/590\/revisions"}],"predecessor-version":[{"id":2777,"href":"https:\/\/martaberrocal.org\/cat\/wp-json\/wp\/v2\/pages\/590\/revisions\/2777"}],"wp:attachment":[{"href":"https:\/\/martaberrocal.org\/cat\/wp-json\/wp\/v2\/media?parent=590"}],"curies":[{"name":"wp","href":"https:\/\/api.w.org\/{rel}","templated":true}]}}