
{"id":597,"date":"2016-06-01T20:06:06","date_gmt":"2016-06-01T20:06:06","guid":{"rendered":"http:\/\/martaberrocal.org\/es\/?page_id=597"},"modified":"2017-05-29T07:48:41","modified_gmt":"2017-05-29T07:48:41","slug":"ciencies","status":"publish","type":"page","link":"https:\/\/martaberrocal.org\/cat\/ciencies\/","title":{"rendered":"Ci\u00e8ncies"},"content":{"rendered":"<p>Sempre m&#8217;han interessat les ci\u00e8ncies. Una de les meves passions de nena i d&#8217;adolescent va ser la bot\u00e0nica. Tot i que les prediccions m\u00e9s fiables encaminaven el meu futur cap a la biologia, els meus passos m&#8217;han portat al m\u00f3n de l&#8217;art i l&#8217;educaci\u00f3. No obstant, sempre \u00a0he continuat sentint passi\u00f3 i inter\u00e8s per tot el que est\u00e0 relacionat amb la ci\u00e8ncia i la investigaci\u00f3 cient\u00edfica.<\/p>\n<p>Les circumst\u00e0ncies m&#8217;han brindat l&#8217;oportunitat de conjugar passions i aficions en alguns projectes que he realitzat per al <strong>Museu de Ci\u00e8ncies Naturals de Barcelona, \u200b(MCNB)<\/strong> adre\u00e7ats a p\u00fablics diversos.<\/p>\n<p>Actualment el museu engloba departaments cient\u00edfics que anys enrere formaven part de diferents museus i institucions. Utilitzo en cada cas el nom que s&#8217;utilitzava en el moment de realitzar el projecte.<\/p>\n<h6 style=\"text-align: left;\">\u00a0<span style=\"color: #339966;\">Projectes adre\u00e7ats a adults i joves privats de llibertat<\/span><\/h6>\n<hr \/>\n<figure id=\"attachment_40\" aria-describedby=\"caption-attachment-40\" style=\"width: 221px\" class=\"wp-caption alignright\"><a href=\"https:\/\/martaberrocal.org\/cat\/construccions-i-constructors\/ \"><img loading=\"lazy\" decoding=\"async\" class=\"wp-image-40\" src=\"https:\/\/martaberrocal.org\/cat\/wp-content\/uploads\/2016\/05\/maleti-CC-300x191.png\" alt=\"\" width=\"221\" height=\"141\" srcset=\"https:\/\/martaberrocal.org\/cat\/wp-content\/uploads\/2016\/05\/maleti-CC-300x191.png 300w, https:\/\/martaberrocal.org\/cat\/wp-content\/uploads\/2016\/05\/maleti-CC.png 684w\" sizes=\"auto, (max-width: 221px) 100vw, 221px\" \/><\/a><figcaption id=\"caption-attachment-40\" class=\"wp-caption-text\">Malet\u00ed del projecte <strong>Construccions i Constructors<\/strong>. MCNB<\/figcaption><\/figure>\n<figure id=\"attachment_41\" aria-describedby=\"caption-attachment-41\" style=\"width: 160px\" class=\"wp-caption alignnone\"><a href=\"https:\/\/martaberrocal.org\/cat\/museu-ambulant\/\"><img loading=\"lazy\" decoding=\"async\" class=\"wp-image-41\" src=\"https:\/\/martaberrocal.org\/cat\/wp-content\/uploads\/2016\/05\/Museu-Ambulant-1-276x300.jpg\" alt=\"\" width=\"160\" height=\"174\" srcset=\"https:\/\/martaberrocal.org\/cat\/wp-content\/uploads\/2016\/05\/Museu-Ambulant-1-276x300.jpg 276w, https:\/\/martaberrocal.org\/cat\/wp-content\/uploads\/2016\/05\/Museu-Ambulant-1.jpg 420w\" sizes=\"auto, (max-width: 160px) 100vw, 160px\" \/><\/a><figcaption id=\"caption-attachment-41\" class=\"wp-caption-text\">Calaixera del projecte <strong>Museu Ambulant<\/strong>. MCNB<\/figcaption><\/figure>\n<h6 style=\"text-align: right;\"><\/h6>\n<h6 style=\"text-align: left;\"><span style=\"color: #339966;\">Projectes adre\u00e7ats a fam\u00edlies amb nens<\/span><\/h6>\n<hr \/>\n<figure id=\"attachment_396\" aria-describedby=\"caption-attachment-396\" style=\"width: 168px\" class=\"wp-caption alignright\"><a href=\"https:\/\/martaberrocal.org\/cat\/?page_id=131\"><img loading=\"lazy\" decoding=\"async\" class=\"wp-image-396\" src=\"https:\/\/martaberrocal.org\/cat\/wp-content\/uploads\/2016\/05\/DSC03781-Copiar-225x300.jpg\" alt=\"Estoig did\u00e0ctic Drag\u00f3 dragonet\" width=\"168\" height=\"224\" srcset=\"https:\/\/martaberrocal.org\/cat\/wp-content\/uploads\/2016\/05\/DSC03781-Copiar-225x300.jpg 225w, https:\/\/martaberrocal.org\/cat\/wp-content\/uploads\/2016\/05\/DSC03781-Copiar.jpg 360w\" sizes=\"auto, (max-width: 168px) 100vw, 168px\" \/><\/a><figcaption id=\"caption-attachment-396\" class=\"wp-caption-text\">Projecte <strong>Drag\u00f3 dragonet<\/strong>. Museu de Zoologia de Barcelona<\/figcaption><\/figure>\n<figure id=\"attachment_45\" aria-describedby=\"caption-attachment-45\" style=\"width: 173px\" class=\"wp-caption alignnone\"><a href=\"https:\/\/martaberrocal.org\/cat\/armilla-del-naturalista\/ \"><img loading=\"lazy\" decoding=\"async\" class=\"wp-image-45\" src=\"https:\/\/martaberrocal.org\/cat\/wp-content\/uploads\/2016\/05\/armilla-retallada-213x300.jpg\" alt=\"\" width=\"173\" height=\"243\" srcset=\"https:\/\/martaberrocal.org\/cat\/wp-content\/uploads\/2016\/05\/armilla-retallada-213x300.jpg 213w, https:\/\/martaberrocal.org\/cat\/wp-content\/uploads\/2016\/05\/armilla-retallada-768x1080.jpg 768w, https:\/\/martaberrocal.org\/cat\/wp-content\/uploads\/2016\/05\/armilla-retallada-728x1024.jpg 728w, https:\/\/martaberrocal.org\/cat\/wp-content\/uploads\/2016\/05\/armilla-retallada.jpg 1728w\" sizes=\"auto, (max-width: 173px) 100vw, 173px\" \/><\/a><figcaption id=\"caption-attachment-45\" class=\"wp-caption-text\">Projecte: <strong>Armilla del naturalista<\/strong>. Jard\u00ed Bot\u00e0nic de Barcelona<\/figcaption><\/figure>\n<h6 style=\"text-align: left;\"><span style=\"color: #339966;\">Projecte adre\u00e7at a p\u00fablic en general<\/span><\/h6>\n<hr \/>\n<figure id=\"attachment_1385\" aria-describedby=\"caption-attachment-1385\" style=\"width: 172px\" class=\"wp-caption alignnone\"><a href=\"https:\/\/martaberrocal.org\/cat\/?page_id=646\"><img loading=\"lazy\" decoding=\"async\" class=\"wp-image-1385\" src=\"http:\/\/martaberrocal.org\/es\/wp-content\/uploads\/2016\/06\/Fluorita-228x300.jpg\" alt=\"fluorita\" width=\"172\" height=\"227\" srcset=\"https:\/\/martaberrocal.org\/cat\/wp-content\/uploads\/2016\/06\/Fluorita-228x300.jpg 228w, https:\/\/martaberrocal.org\/cat\/wp-content\/uploads\/2016\/06\/Fluorita.jpg 310w\" sizes=\"auto, (max-width: 172px) 100vw, 172px\" \/><\/a><figcaption id=\"caption-attachment-1385\" class=\"wp-caption-text\">Projecte <strong>El secret dels colors dels minerals<\/strong>. Museu de Geologia de Barcelona. Fotograf\u00eda: Jordi Vidal<\/figcaption><\/figure>\n<h6 style=\"text-align: left;\"><span style=\"color: #339966;\">Projectes adre\u00e7ats a alumnes de segon cicle de secund\u00e0ria i batxillerat<\/span><\/h6>\n<hr \/>\n<figure id=\"attachment_3058\" aria-describedby=\"caption-attachment-3058\" style=\"width: 205px\" class=\"wp-caption alignnone\"><a href=\"https:\/\/martaberrocal.org\/cat\/com-es-fa-una-recerca\/\"><img loading=\"lazy\" decoding=\"async\" class=\"wp-image-3058\" src=\"https:\/\/martaberrocal.org\/cat\/wp-content\/uploads\/JM78-p-Copiar-300x196.jpg\" alt=\"\" width=\"205\" height=\"134\" srcset=\"https:\/\/martaberrocal.org\/cat\/wp-content\/uploads\/JM78-p-Copiar-300x196.jpg 300w, https:\/\/martaberrocal.org\/cat\/wp-content\/uploads\/JM78-p-Copiar.jpg 600w\" sizes=\"auto, (max-width: 205px) 100vw, 205px\" \/><\/a><figcaption id=\"caption-attachment-3058\" class=\"wp-caption-text\">Projecte: <strong>Com es fa una recerca<\/strong>. Museu de Zoologia de Barcelona, en col\u00b7laboraci\u00f3 amb l&#8217;Institut de Ci\u00e8ncies del Mar-CSIC<\/figcaption><\/figure>\n","protected":false},"excerpt":{"rendered":"<p>Sempre m&#8217;han interessat les ci\u00e8ncies. Una de les meves passions de nena i d&#8217;adolescent va ser la bot\u00e0nica. Tot i que les prediccions m\u00e9s fiables encaminaven el meu futur cap a la biologia, els meus passos m&#8217;han portat al m\u00f3n de l&#8217;art i l&#8217;educaci\u00f3. No obstant, sempre \u00a0he continuat sentint passi\u00f3 i inter\u00e8s per tot &hellip; <a href=\"https:\/\/martaberrocal.org\/cat\/ciencies\/\" class=\"more-link\">Continua la lectura de <span class=\"screen-reader-text\">Ci\u00e8ncies<\/span> <span class=\"meta-nav\">&rarr;<\/span><\/a><\/p>\n","protected":false},"author":1,"featured_media":0,"parent":0,"menu_order":0,"comment_status":"closed","ping_status":"closed","template":"","meta":{"footnotes":""},"class_list":["post-597","page","type-page","status-publish","hentry"],"_links":{"self":[{"href":"https:\/\/martaberrocal.org\/cat\/wp-json\/wp\/v2\/pages\/597","targetHints":{"allow":["GET"]}}],"collection":[{"href":"https:\/\/martaberrocal.org\/cat\/wp-json\/wp\/v2\/pages"}],"about":[{"href":"https:\/\/martaberrocal.org\/cat\/wp-json\/wp\/v2\/types\/page"}],"author":[{"embeddable":true,"href":"https:\/\/martaberrocal.org\/cat\/wp-json\/wp\/v2\/users\/1"}],"replies":[{"embeddable":true,"href":"https:\/\/martaberrocal.org\/cat\/wp-json\/wp\/v2\/comments?post=597"}],"version-history":[{"count":23,"href":"https:\/\/martaberrocal.org\/cat\/wp-json\/wp\/v2\/pages\/597\/revisions"}],"predecessor-version":[{"id":3446,"href":"https:\/\/martaberrocal.org\/cat\/wp-json\/wp\/v2\/pages\/597\/revisions\/3446"}],"wp:attachment":[{"href":"https:\/\/martaberrocal.org\/cat\/wp-json\/wp\/v2\/media?parent=597"}],"curies":[{"name":"wp","href":"https:\/\/api.w.org\/{rel}","templated":true}]}}