
{"id":600,"date":"2016-06-01T20:06:34","date_gmt":"2016-06-01T20:06:34","guid":{"rendered":"http:\/\/martaberrocal.org\/es\/?page_id=600"},"modified":"2017-05-30T09:40:01","modified_gmt":"2017-05-30T09:40:01","slug":"educacion-socioemocional","status":"publish","type":"page","link":"https:\/\/martaberrocal.org\/cat\/educacion-socioemocional\/","title":{"rendered":"Educaci\u00f3 socioemocional"},"content":{"rendered":"<p>&nbsp;<\/p>\n<p>En aquest apartat he reunit <strong>tres projectes que comparteixen l&#8217;objectiu de proporcionar recursos per abordar l&#8217;educaci\u00f3 socioemocional de nens i joves<\/strong>. Estan dirigits a professionals de l&#8217;\u00e0mbit de l&#8217;educaci\u00f3 formal i no formal, ja siguin mestres, educadors socials, psic\u00f2legs, terapeutes, etc.<\/p>\n<figure id=\"attachment_348\" aria-describedby=\"caption-attachment-348\" style=\"width: 129px\" class=\"wp-caption alignright\"><a href=\"http:\/\/martaberrocal.org\/es\/?page_id=323\"><img loading=\"lazy\" decoding=\"async\" class=\"wp-image-348 \" src=\"http:\/\/martaberrocal.org\/es\/wp-content\/uploads\/2016\/05\/moble-kitcaixa-valors-Copiar-187x300.jpg\" alt=\"KITSCAIXA VALORES . Obra Social &quot;la Caixa&quot; \" width=\"129\" height=\"207\" \/><\/a><figcaption id=\"caption-attachment-348\" class=\"wp-caption-text\"><strong>\u00a0<\/p>\n<p> <\/strong><\/figcaption><\/figure>\n<ul>\n<li><a href=\"https:\/\/martaberrocal.org\/cat\/?page_id=323\"><strong>KitsCaixa Valors<\/strong><\/a><\/li>\n<li><a href=\"https:\/\/martaberrocal.org\/cat\/?page_id=323\"><strong>KitsCaixa Valors compacte<\/strong><\/a><\/li>\n<\/ul>\n<p>S\u00f3n projectes per l&#8217;Obra Social &#8220;la Caixa&#8221;<\/p>\n<ul>\n<li><a href=\"https:\/\/martaberrocal.org\/cat\/?page_id=332\"><strong>Educaci\u00f3 socioemocional <\/strong><\/a><\/li>\n<\/ul>\n<p>\u00c9s un projecte per a <a href=\"https:\/\/www.educaixa.com\/ca\/home\">eduCaixa<\/a>, la plataforma educativa de l&#8217;Obra Social &#8220;la Caixa&#8221;, que t\u00e9 per objectiu ajudar els professionals a preparar i organitzar les seves classes. Ofereix tot tipus de recursos per utilitzar fora i dins de l&#8217;aula relacionats amb les seves l\u00ednies d&#8217;actuaci\u00f3: ci\u00e8ncia, cultura, valors socials i educaci\u00f3 financera.<\/p>\n<p><a href=\"?page_id=332\"><img loading=\"lazy\" decoding=\"async\" class=\"wp-image-360 \" src=\"http:\/\/martaberrocal.org\/es\/wp-content\/uploads\/2016\/05\/educaixa-Copiar-300x100.png\" alt=\"educaixa (Copiar)\" width=\"255\" height=\"85\" \/><\/a><\/p>\n<p>La meva participaci\u00f3 en aquests projectes ha estat diferent en cada cas. Tots ells han possibilitat que impart\u00eds sessions de <a href=\"https:\/\/martaberrocal.org\/cat\/?page_id=318\">formaci\u00f3 <\/a>per donar a con\u00e8ixer els continguts i les possibilitats d&#8217;aplicaci\u00f3, en diferents contextos.<\/p>\n<p>&nbsp;<\/p>\n<p>&nbsp;<\/p>\n","protected":false},"excerpt":{"rendered":"<p>&nbsp; En aquest apartat he reunit tres projectes que comparteixen l&#8217;objectiu de proporcionar recursos per abordar l&#8217;educaci\u00f3 socioemocional de nens i joves. Estan dirigits a professionals de l&#8217;\u00e0mbit de l&#8217;educaci\u00f3 formal i no formal, ja siguin mestres, educadors socials, psic\u00f2legs, terapeutes, etc. KitsCaixa Valors KitsCaixa Valors compacte S\u00f3n projectes per l&#8217;Obra Social &#8220;la Caixa&#8221; Educaci\u00f3 &hellip; <a href=\"https:\/\/martaberrocal.org\/cat\/educacion-socioemocional\/\" class=\"more-link\">Continua la lectura de <span class=\"screen-reader-text\">Educaci\u00f3 socioemocional<\/span> <span class=\"meta-nav\">&rarr;<\/span><\/a><\/p>\n","protected":false},"author":1,"featured_media":0,"parent":0,"menu_order":0,"comment_status":"closed","ping_status":"closed","template":"page-templates\/full-width.php","meta":{"footnotes":""},"class_list":["post-600","page","type-page","status-publish","hentry"],"_links":{"self":[{"href":"https:\/\/martaberrocal.org\/cat\/wp-json\/wp\/v2\/pages\/600","targetHints":{"allow":["GET"]}}],"collection":[{"href":"https:\/\/martaberrocal.org\/cat\/wp-json\/wp\/v2\/pages"}],"about":[{"href":"https:\/\/martaberrocal.org\/cat\/wp-json\/wp\/v2\/types\/page"}],"author":[{"embeddable":true,"href":"https:\/\/martaberrocal.org\/cat\/wp-json\/wp\/v2\/users\/1"}],"replies":[{"embeddable":true,"href":"https:\/\/martaberrocal.org\/cat\/wp-json\/wp\/v2\/comments?post=600"}],"version-history":[{"count":8,"href":"https:\/\/martaberrocal.org\/cat\/wp-json\/wp\/v2\/pages\/600\/revisions"}],"predecessor-version":[{"id":3471,"href":"https:\/\/martaberrocal.org\/cat\/wp-json\/wp\/v2\/pages\/600\/revisions\/3471"}],"wp:attachment":[{"href":"https:\/\/martaberrocal.org\/cat\/wp-json\/wp\/v2\/media?parent=600"}],"curies":[{"name":"wp","href":"https:\/\/api.w.org\/{rel}","templated":true}]}}