
{"id":643,"date":"2016-06-01T21:09:18","date_gmt":"2016-06-01T21:09:18","guid":{"rendered":"http:\/\/martaberrocal.org\/es\/?page_id=643"},"modified":"2017-01-30T21:37:48","modified_gmt":"2017-01-30T21:37:48","slug":"docencia-art-i-ciencies","status":"publish","type":"page","link":"https:\/\/martaberrocal.org\/cat\/docencia-art-i-ciencies\/","title":{"rendered":"Art i ci\u00e8ncies"},"content":{"rendered":"<p>El m\u00f3n de les ci\u00e8ncies \u00e9s una altra de les meves passions. Quan se\u2019m presenta l&#8217;ocasi\u00f3 (i si no, la busco), intento fondre art i ci\u00e8ncia. Miro d&#8217;abordar les ci\u00e8ncies adoptant un enfocament art\u00edstic, alhora que intento acostar-me al m\u00f3n pl\u00e0stic i art\u00edstic adoptant un enfocament cient\u00edfic.<\/p>\n<p>Aix\u00ed van n\u00e9ixer els seg\u00fcents cursos, que vaig impartir al Museu de Zoologia de Barcelona:<\/p>\n<ul>\n<li><strong>El museu de Zoologia com a recurs per treballar l&#8217;\u00e0rea d&#8217;educaci\u00f3 visual i pl\u00e0stica<\/strong>. Mar\u00e7 2003<\/li>\n<li><strong>Colors i formes en la natura<\/strong>. Setembre 2003<\/li>\n<\/ul>\n<ul>\n<li><strong>Animals artistes. Artistes animals<\/strong>. Gener-febrer 2004<\/li>\n<\/ul>\n<p>Vaig dissenyar aquest curs a partir de l&#8217;exposici\u00f3 organitzada pel Museu de Ci\u00e8ncies Naturals de Barcelona: <a href=\"http:\/\/museuciencies.cat\/exposicio_temporal\/els-altres-arquitectes-2003\/\">Els altres arquitectes<\/a>, en 2003.<\/p>\n<div id='gallery-1' class='gallery galleryid-643 gallery-columns-3 gallery-size-thumbnail'><figure class='gallery-item'>\n\t\t\t<div class='gallery-icon landscape'>\n\t\t\t\t<a href='https:\/\/martaberrocal.org\/cat\/wp-content\/uploads\/2016\/06\/Niu-1.jpg'><img loading=\"lazy\" decoding=\"async\" width=\"150\" height=\"150\" src=\"https:\/\/martaberrocal.org\/cat\/wp-content\/uploads\/2016\/06\/Niu-1-150x150.jpg\" class=\"attachment-thumbnail size-thumbnail\" alt=\"\" aria-describedby=\"gallery-1-1026\" \/><\/a>\n\t\t\t<\/div>\n\t\t\t\t<figcaption class='wp-caption-text gallery-caption' id='gallery-1-1026'>\n\t\t\t\tNiu 1\n\t\t\t\t<\/figcaption><\/figure><figure class='gallery-item'>\n\t\t\t<div class='gallery-icon portrait'>\n\t\t\t\t<a href='https:\/\/martaberrocal.org\/cat\/wp-content\/uploads\/2016\/06\/Niu-2.jpg'><img loading=\"lazy\" decoding=\"async\" width=\"150\" height=\"150\" src=\"https:\/\/martaberrocal.org\/cat\/wp-content\/uploads\/2016\/06\/Niu-2-150x150.jpg\" class=\"attachment-thumbnail size-thumbnail\" alt=\"\" aria-describedby=\"gallery-1-1027\" \/><\/a>\n\t\t\t<\/div>\n\t\t\t\t<figcaption class='wp-caption-text gallery-caption' id='gallery-1-1027'>\n\t\t\t\tDetall Niu 1\n\t\t\t\t<\/figcaption><\/figure><figure class='gallery-item'>\n\t\t\t<div class='gallery-icon portrait'>\n\t\t\t\t<a href='https:\/\/martaberrocal.org\/cat\/wp-content\/uploads\/2016\/06\/Niu-3.jpg'><img loading=\"lazy\" decoding=\"async\" width=\"150\" height=\"150\" src=\"https:\/\/martaberrocal.org\/cat\/wp-content\/uploads\/2016\/06\/Niu-3-150x150.jpg\" class=\"attachment-thumbnail size-thumbnail\" alt=\"\" aria-describedby=\"gallery-1-1028\" \/><\/a>\n\t\t\t<\/div>\n\t\t\t\t<figcaption class='wp-caption-text gallery-caption' id='gallery-1-1028'>\n\t\t\t\tNiu 2\n\t\t\t\t<\/figcaption><\/figure><figure class='gallery-item'>\n\t\t\t<div class='gallery-icon landscape'>\n\t\t\t\t<a href='https:\/\/martaberrocal.org\/cat\/wp-content\/uploads\/2016\/06\/Niu-4.jpg'><img loading=\"lazy\" decoding=\"async\" width=\"150\" height=\"150\" src=\"https:\/\/martaberrocal.org\/cat\/wp-content\/uploads\/2016\/06\/Niu-4-150x150.jpg\" class=\"attachment-thumbnail size-thumbnail\" alt=\"\" aria-describedby=\"gallery-1-1029\" \/><\/a>\n\t\t\t<\/div>\n\t\t\t\t<figcaption class='wp-caption-text gallery-caption' id='gallery-1-1029'>\n\t\t\t\tDetall Niu 2\n\t\t\t\t<\/figcaption><\/figure><figure class='gallery-item'>\n\t\t\t<div class='gallery-icon portrait'>\n\t\t\t\t<a href='https:\/\/martaberrocal.org\/cat\/wp-content\/uploads\/2016\/06\/Niu-5.jpg'><img loading=\"lazy\" decoding=\"async\" width=\"150\" height=\"150\" src=\"https:\/\/martaberrocal.org\/cat\/wp-content\/uploads\/2016\/06\/Niu-5-150x150.jpg\" class=\"attachment-thumbnail size-thumbnail\" alt=\"\" aria-describedby=\"gallery-1-1030\" \/><\/a>\n\t\t\t<\/div>\n\t\t\t\t<figcaption class='wp-caption-text gallery-caption' id='gallery-1-1030'>\n\t\t\t\tNiu 3\n\t\t\t\t<\/figcaption><\/figure><figure class='gallery-item'>\n\t\t\t<div class='gallery-icon portrait'>\n\t\t\t\t<a href='https:\/\/martaberrocal.org\/cat\/wp-content\/uploads\/2016\/06\/Niu-6.jpg'><img loading=\"lazy\" decoding=\"async\" width=\"150\" height=\"150\" src=\"https:\/\/martaberrocal.org\/cat\/wp-content\/uploads\/2016\/06\/Niu-6-150x150.jpg\" class=\"attachment-thumbnail size-thumbnail\" alt=\"\" aria-describedby=\"gallery-1-1031\" \/><\/a>\n\t\t\t<\/div>\n\t\t\t\t<figcaption class='wp-caption-text gallery-caption' id='gallery-1-1031'>\n\t\t\t\tNiu 4 \n\t\t\t\t<\/figcaption><\/figure><figure class='gallery-item'>\n\t\t\t<div class='gallery-icon portrait'>\n\t\t\t\t<a href='https:\/\/martaberrocal.org\/cat\/wp-content\/uploads\/2016\/06\/Amuntegament.jpg'><img loading=\"lazy\" decoding=\"async\" width=\"150\" height=\"150\" src=\"https:\/\/martaberrocal.org\/cat\/wp-content\/uploads\/2016\/06\/Amuntegament-150x150.jpg\" class=\"attachment-thumbnail size-thumbnail\" alt=\"\" aria-describedby=\"gallery-1-1032\" \/><\/a>\n\t\t\t<\/div>\n\t\t\t\t<figcaption class='wp-caption-text gallery-caption' id='gallery-1-1032'>\n\t\t\t\tAmuntegament\n\t\t\t\t<\/figcaption><\/figure><figure class='gallery-item'>\n\t\t\t<div class='gallery-icon portrait'>\n\t\t\t\t<a href='https:\/\/martaberrocal.org\/cat\/wp-content\/uploads\/2016\/06\/Cabana.jpg'><img loading=\"lazy\" decoding=\"async\" width=\"150\" height=\"150\" src=\"https:\/\/martaberrocal.org\/cat\/wp-content\/uploads\/2016\/06\/Cabana-150x150.jpg\" class=\"attachment-thumbnail size-thumbnail\" alt=\"\" aria-describedby=\"gallery-1-1033\" \/><\/a>\n\t\t\t<\/div>\n\t\t\t\t<figcaption class='wp-caption-text gallery-caption' id='gallery-1-1033'>\n\t\t\t\tCabana\n\t\t\t\t<\/figcaption><\/figure>\n\t\t<\/div>\n\n<p>Aquestes s\u00f3n imatges d&#8217;algunes de les construccions realitzades amb materials naturals, pels professors que van assistir al curs.<\/p>\n<p>&nbsp;<\/p>\n<p>\u2022\u00a0\u00a0\u00a0\u00a0\u00a0\u00a0\u00a0 <strong>Exploradors. Aventura i biodiversitat<\/strong>. 2010<\/p>\n<p>Vaig dissenyar aquest curs a partir de l&#8217;exposici\u00f3 organitzada pel Museu de Ci\u00e8ncies Naturals de Barcelona: <a href=\"http:\/\/bioexplora.cat\/exploradors\/1_00_e.htm\">Exploradors. Aventura i biodiversitat<\/a> que es va inaugurar el 29 d&#8217;octubre del 2009 i va finalitzar a finals de maig del 2010.<\/p>\n<div id='gallery-2' class='gallery galleryid-643 gallery-columns-3 gallery-size-thumbnail'><figure class='gallery-item'>\n\t\t\t<div class='gallery-icon landscape'>\n\t\t\t\t<a href='https:\/\/martaberrocal.org\/cat\/wp-content\/uploads\/2016\/06\/DSC02095-Copiar.jpg'><img loading=\"lazy\" decoding=\"async\" width=\"150\" height=\"150\" src=\"https:\/\/martaberrocal.org\/cat\/wp-content\/uploads\/2016\/06\/DSC02095-Copiar-150x150.jpg\" class=\"attachment-thumbnail size-thumbnail\" alt=\"\" aria-describedby=\"gallery-2-964\" \/><\/a>\n\t\t\t<\/div>\n\t\t\t\t<figcaption class='wp-caption-text gallery-caption' id='gallery-2-964'>\n\t\t\t\tPreparant materials per crear nudibranquis\n\t\t\t\t<\/figcaption><\/figure><figure class='gallery-item'>\n\t\t\t<div class='gallery-icon landscape'>\n\t\t\t\t<a href='https:\/\/martaberrocal.org\/cat\/wp-content\/uploads\/2016\/06\/DSC02119-1024x768-Copiar.jpg'><img loading=\"lazy\" decoding=\"async\" width=\"150\" height=\"150\" src=\"https:\/\/martaberrocal.org\/cat\/wp-content\/uploads\/2016\/06\/DSC02119-1024x768-Copiar-150x150.jpg\" class=\"attachment-thumbnail size-thumbnail\" alt=\"\" aria-describedby=\"gallery-2-965\" \/><\/a>\n\t\t\t<\/div>\n\t\t\t\t<figcaption class='wp-caption-text gallery-caption' id='gallery-2-965'>\n\t\t\t\tNudibranqui imaginari  1\n\t\t\t\t<\/figcaption><\/figure><figure class='gallery-item'>\n\t\t\t<div class='gallery-icon landscape'>\n\t\t\t\t<a href='https:\/\/martaberrocal.org\/cat\/wp-content\/uploads\/2016\/06\/DSC02123-1024x768-Copiar.jpg'><img loading=\"lazy\" decoding=\"async\" width=\"150\" height=\"150\" src=\"https:\/\/martaberrocal.org\/cat\/wp-content\/uploads\/2016\/06\/DSC02123-1024x768-Copiar-150x150.jpg\" class=\"attachment-thumbnail size-thumbnail\" alt=\"\" aria-describedby=\"gallery-2-966\" \/><\/a>\n\t\t\t<\/div>\n\t\t\t\t<figcaption class='wp-caption-text gallery-caption' id='gallery-2-966'>\n\t\t\t\tNudibranqui imaginari  2\n\t\t\t\t<\/figcaption><\/figure><figure class='gallery-item'>\n\t\t\t<div class='gallery-icon landscape'>\n\t\t\t\t<a href='https:\/\/martaberrocal.org\/cat\/wp-content\/uploads\/2016\/06\/DSC02127-1024x768-Copiar.jpg'><img loading=\"lazy\" decoding=\"async\" width=\"150\" height=\"150\" src=\"https:\/\/martaberrocal.org\/cat\/wp-content\/uploads\/2016\/06\/DSC02127-1024x768-Copiar-150x150.jpg\" class=\"attachment-thumbnail size-thumbnail\" alt=\"\" aria-describedby=\"gallery-2-967\" \/><\/a>\n\t\t\t<\/div>\n\t\t\t\t<figcaption class='wp-caption-text gallery-caption' id='gallery-2-967'>\n\t\t\t\tNudibranqui imaginari  3\n\t\t\t\t<\/figcaption><\/figure><figure class='gallery-item'>\n\t\t\t<div class='gallery-icon landscape'>\n\t\t\t\t<a href='https:\/\/martaberrocal.org\/cat\/wp-content\/uploads\/2016\/06\/DSC02132-1024x768-Copiar.jpg'><img loading=\"lazy\" decoding=\"async\" width=\"150\" height=\"150\" src=\"https:\/\/martaberrocal.org\/cat\/wp-content\/uploads\/2016\/06\/DSC02132-1024x768-Copiar-150x150.jpg\" class=\"attachment-thumbnail size-thumbnail\" alt=\"\" aria-describedby=\"gallery-2-968\" \/><\/a>\n\t\t\t<\/div>\n\t\t\t\t<figcaption class='wp-caption-text gallery-caption' id='gallery-2-968'>\n\t\t\t\tNudibranqui imaginari  4\n\t\t\t\t<\/figcaption><\/figure><figure class='gallery-item'>\n\t\t\t<div class='gallery-icon landscape'>\n\t\t\t\t<a href='https:\/\/martaberrocal.org\/cat\/wp-content\/uploads\/2016\/06\/Nudibranquis-prototips-1024x768-Copiar.jpg'><img loading=\"lazy\" decoding=\"async\" width=\"150\" height=\"150\" src=\"https:\/\/martaberrocal.org\/cat\/wp-content\/uploads\/2016\/06\/Nudibranquis-prototips-1024x768-Copiar-150x150.jpg\" class=\"attachment-thumbnail size-thumbnail\" alt=\"\" aria-describedby=\"gallery-2-969\" \/><\/a>\n\t\t\t<\/div>\n\t\t\t\t<figcaption class='wp-caption-text gallery-caption' id='gallery-2-969'>\n\t\t\t\tVista general de nudibranquis imaginaris\n\t\t\t\t<\/figcaption><\/figure>\n\t\t<\/div>\n\n<p>Aquestes imatges corresponen al curs: s\u00f3n nudibranquis imaginaris que vaig crear per abordar temes de taxonomia i classificaci\u00f3.<\/p>\n<p>&nbsp;<\/p>\n<p>El seg\u00fcent curs el vaig impartir al Jard\u00ed Bot\u00e0nic de Barcelona, el juliol de 2005:<\/p>\n<ul>\n<li><strong>El Jard\u00ed Bot\u00e0nic de Barcelona com a recurs per treballar l&#8217;\u00e0rea d&#8217;Educaci\u00f3 Visual i Pl\u00e0stica i altres \u00e0rees de coneixement<\/strong>.<\/li>\n<\/ul>\n<div id='gallery-3' class='gallery galleryid-643 gallery-columns-3 gallery-size-thumbnail'><figure class='gallery-item'>\n\t\t\t<div class='gallery-icon portrait'>\n\t\t\t\t<img loading=\"lazy\" decoding=\"async\" width=\"150\" height=\"150\" src=\"https:\/\/martaberrocal.org\/cat\/wp-content\/uploads\/2016\/06\/Hojas-formas-y-texturas-2-150x150.jpg\" class=\"attachment-thumbnail size-thumbnail\" alt=\"\" \/>\n\t\t\t<\/div><\/figure><figure class='gallery-item'>\n\t\t\t<div class='gallery-icon landscape'>\n\t\t\t\t<img loading=\"lazy\" decoding=\"async\" width=\"150\" height=\"150\" src=\"https:\/\/martaberrocal.org\/cat\/wp-content\/uploads\/2016\/06\/Hojas-formas-y-texturas-1-150x150.jpg\" class=\"attachment-thumbnail size-thumbnail\" alt=\"\" \/>\n\t\t\t<\/div><\/figure><figure class='gallery-item'>\n\t\t\t<div class='gallery-icon portrait'>\n\t\t\t\t<img loading=\"lazy\" decoding=\"async\" width=\"150\" height=\"150\" src=\"https:\/\/martaberrocal.org\/cat\/wp-content\/uploads\/2016\/06\/Color-2-150x150.jpg\" class=\"attachment-thumbnail size-thumbnail\" alt=\"\" \/>\n\t\t\t<\/div><\/figure><figure class='gallery-item'>\n\t\t\t<div class='gallery-icon landscape'>\n\t\t\t\t<img loading=\"lazy\" decoding=\"async\" width=\"150\" height=\"150\" src=\"https:\/\/martaberrocal.org\/cat\/wp-content\/uploads\/2016\/06\/Color-1-150x150.jpg\" class=\"attachment-thumbnail size-thumbnail\" alt=\"\" \/>\n\t\t\t<\/div><\/figure><figure class='gallery-item'>\n\t\t\t<div class='gallery-icon landscape'>\n\t\t\t\t<img loading=\"lazy\" decoding=\"async\" width=\"150\" height=\"150\" src=\"https:\/\/martaberrocal.org\/cat\/wp-content\/uploads\/2016\/06\/Color-3-150x150.jpg\" class=\"attachment-thumbnail size-thumbnail\" alt=\"\" \/>\n\t\t\t<\/div><\/figure><figure class='gallery-item'>\n\t\t\t<div class='gallery-icon portrait'>\n\t\t\t\t<img loading=\"lazy\" decoding=\"async\" width=\"150\" height=\"150\" src=\"https:\/\/martaberrocal.org\/cat\/wp-content\/uploads\/2016\/06\/Color-4-150x150.jpg\" class=\"attachment-thumbnail size-thumbnail\" alt=\"\" \/>\n\t\t\t<\/div><\/figure>\n\t\t<\/div>\n\n<p>Aquestes imatges corresponen a algunes de les activitats que vam portar a terme al llarg del curs.<\/p>\n<p>&nbsp;<\/p>\n<hr \/>\n<p>&nbsp;<\/p>\n<p>En el marc de la XIX Trobada de pl\u00e0stica, organitzada per l&#8217;ICE de la Universitat de Barcelona l&#8217;octubre de 2008, presento la pon\u00e8ncia:<\/p>\n<ul>\n<li>\u00a0<strong>Art i ci\u00e8ncia. Possibilitats de trobada: c\u00f2ctels, fusions, hibridacions i creuaments<\/strong><\/li>\n<\/ul>\n<p>En el marc de les XI Jornades Museu i Educaci\u00f3, &#8220;Abordant la ci\u00e8ncia&#8221;, organitzades pel Museu Mar\u00edtim de Barcelona al novembre de 2007, presento la confer\u00e8ncia:<\/p>\n<ul>\n<li><strong>Art i ci\u00e8ncia: experi\u00e8ncies educatives<\/strong><\/li>\n<\/ul>\n<p>En el marc d&#8217;un cicle de confer\u00e8ncies dedicades a la difusi\u00f3 de les ci\u00e8ncies, organitzades per la Diputaci\u00f3 de Barcelona en col\u00b7laboraci\u00f3 amb la xarxa de biblioteques, el 2007 presento a Granollers la confer\u00e8ncia:<\/p>\n<ul>\n<li><strong>Ci\u00e8ncia i creaci\u00f3 art\u00edstica: punts de trobada<\/strong><\/li>\n<\/ul>\n<p>&nbsp;<\/p>\n","protected":false},"excerpt":{"rendered":"<p>El m\u00f3n de les ci\u00e8ncies \u00e9s una altra de les meves passions. Quan se\u2019m presenta l&#8217;ocasi\u00f3 (i si no, la busco), intento fondre art i ci\u00e8ncia. Miro d&#8217;abordar les ci\u00e8ncies adoptant un enfocament art\u00edstic, alhora que intento acostar-me al m\u00f3n pl\u00e0stic i art\u00edstic adoptant un enfocament cient\u00edfic. Aix\u00ed van n\u00e9ixer els seg\u00fcents cursos, que vaig &hellip; <a href=\"https:\/\/martaberrocal.org\/cat\/docencia-art-i-ciencies\/\" class=\"more-link\">Continua la lectura de <span class=\"screen-reader-text\">Art i ci\u00e8ncies<\/span> <span class=\"meta-nav\">&rarr;<\/span><\/a><\/p>\n","protected":false},"author":1,"featured_media":0,"parent":0,"menu_order":0,"comment_status":"closed","ping_status":"closed","template":"","meta":{"footnotes":""},"class_list":["post-643","page","type-page","status-publish","hentry"],"_links":{"self":[{"href":"https:\/\/martaberrocal.org\/cat\/wp-json\/wp\/v2\/pages\/643","targetHints":{"allow":["GET"]}}],"collection":[{"href":"https:\/\/martaberrocal.org\/cat\/wp-json\/wp\/v2\/pages"}],"about":[{"href":"https:\/\/martaberrocal.org\/cat\/wp-json\/wp\/v2\/types\/page"}],"author":[{"embeddable":true,"href":"https:\/\/martaberrocal.org\/cat\/wp-json\/wp\/v2\/users\/1"}],"replies":[{"embeddable":true,"href":"https:\/\/martaberrocal.org\/cat\/wp-json\/wp\/v2\/comments?post=643"}],"version-history":[{"count":5,"href":"https:\/\/martaberrocal.org\/cat\/wp-json\/wp\/v2\/pages\/643\/revisions"}],"predecessor-version":[{"id":1828,"href":"https:\/\/martaberrocal.org\/cat\/wp-json\/wp\/v2\/pages\/643\/revisions\/1828"}],"wp:attachment":[{"href":"https:\/\/martaberrocal.org\/cat\/wp-json\/wp\/v2\/media?parent=643"}],"curies":[{"name":"wp","href":"https:\/\/api.w.org\/{rel}","templated":true}]}}