
{"id":646,"date":"2016-06-01T21:14:37","date_gmt":"2016-06-01T21:14:37","guid":{"rendered":"http:\/\/martaberrocal.org\/es\/?page_id=646"},"modified":"2017-05-29T07:51:18","modified_gmt":"2017-05-29T07:51:18","slug":"el-secret-dels-colors-dels-minerals","status":"publish","type":"page","link":"https:\/\/martaberrocal.org\/cat\/el-secret-dels-colors-dels-minerals\/","title":{"rendered":"El secret dels colors dels minerals"},"content":{"rendered":"<p>Projecte expositiu de petit format adre\u00e7at a p\u00fablic familiar en el Museu de Geologia de Barcelona, a partir dels exemplars de la col\u00b7lecci\u00f3 del museu. 2006<\/p>\n<p><img loading=\"lazy\" decoding=\"async\" class=\"alignnone size-medium wp-image-1381\" src=\"http:\/\/martaberrocal.org\/es\/wp-content\/uploads\/2016\/06\/Contactes-1-Copiar-200x300.jpg\" alt=\"contactes-1-copiar\" width=\"200\" height=\"300\" srcset=\"https:\/\/martaberrocal.org\/cat\/wp-content\/uploads\/2016\/06\/Contactes-1-Copiar-200x300.jpg 200w, https:\/\/martaberrocal.org\/cat\/wp-content\/uploads\/2016\/06\/Contactes-1-Copiar.jpg 400w\" sizes=\"auto, (max-width: 200px) 100vw, 200px\" \/> <img loading=\"lazy\" decoding=\"async\" class=\"alignnone size-medium wp-image-1382\" src=\"http:\/\/martaberrocal.org\/es\/wp-content\/uploads\/2016\/06\/Contactes-2-Copiar-200x300.jpg\" alt=\"contactes-2-copiar\" width=\"200\" height=\"300\" srcset=\"https:\/\/martaberrocal.org\/cat\/wp-content\/uploads\/2016\/06\/Contactes-2-Copiar-200x300.jpg 200w, https:\/\/martaberrocal.org\/cat\/wp-content\/uploads\/2016\/06\/Contactes-2-Copiar.jpg 400w\" sizes=\"auto, (max-width: 200px) 100vw, 200px\" \/><\/p>\n<p style=\"text-align: right;\"><span style=\"color: #999999; font-family: Calibri;\">Fotografies: Jordi Vidal<\/span><\/p>\n<p>Vaig conceptualitzar el contingut de l\u2019exposici\u00f3, que mirava de donar resposta a les seg\u00fcents q\u00fcestions:<\/p>\n<p style=\"padding-left: 30px;\">Us heu parat mai a pensar per qu\u00e8 les roques i els minerals tenen els colors que tenen i exhibeixen tanta varietat i diversitat de colors i formes?<\/p>\n<p style=\"padding-left: 30px;\">Sabeu per qu\u00e8 un mateix mineral pot apar\u00e8ixer amb aparences i coloracions diferents? Bellesa i imperfecci\u00f3, penseu que s\u00f3n dos termes que poden anar de la m\u00e0?<\/p>\n<p style=\"padding-left: 30px;\">I qu\u00e8 hi t\u00e9 a veure amb els colors, l\u2019absorci\u00f3, la reflexi\u00f3 i la refracci\u00f3 de la llum? I la disposici\u00f3 dels \u00e0toms?<\/p>\n<p style=\"padding-left: 30px;\">I dels colors \u201cinvisibles\u201d d\u2019alguns minerals, en sabeu alguna cosa? Voleu provar de descobrir-los i gaudir de la m\u00e0gia de veure\u2019ls?<\/p>\n<p>&nbsp;<\/p>\n<p>&nbsp;<\/p>\n","protected":false},"excerpt":{"rendered":"<p>Projecte expositiu de petit format adre\u00e7at a p\u00fablic familiar en el Museu de Geologia de Barcelona, a partir dels exemplars de la col\u00b7lecci\u00f3 del museu. 2006 Fotografies: Jordi Vidal Vaig conceptualitzar el contingut de l\u2019exposici\u00f3, que mirava de donar resposta a les seg\u00fcents q\u00fcestions: Us heu parat mai a pensar per qu\u00e8 les roques i &hellip; <a href=\"https:\/\/martaberrocal.org\/cat\/el-secret-dels-colors-dels-minerals\/\" class=\"more-link\">Continua la lectura de <span class=\"screen-reader-text\">El secret dels colors dels minerals<\/span> <span class=\"meta-nav\">&rarr;<\/span><\/a><\/p>\n","protected":false},"author":1,"featured_media":0,"parent":0,"menu_order":0,"comment_status":"closed","ping_status":"closed","template":"","meta":{"footnotes":""},"class_list":["post-646","page","type-page","status-publish","hentry"],"_links":{"self":[{"href":"https:\/\/martaberrocal.org\/cat\/wp-json\/wp\/v2\/pages\/646","targetHints":{"allow":["GET"]}}],"collection":[{"href":"https:\/\/martaberrocal.org\/cat\/wp-json\/wp\/v2\/pages"}],"about":[{"href":"https:\/\/martaberrocal.org\/cat\/wp-json\/wp\/v2\/types\/page"}],"author":[{"embeddable":true,"href":"https:\/\/martaberrocal.org\/cat\/wp-json\/wp\/v2\/users\/1"}],"replies":[{"embeddable":true,"href":"https:\/\/martaberrocal.org\/cat\/wp-json\/wp\/v2\/comments?post=646"}],"version-history":[{"count":5,"href":"https:\/\/martaberrocal.org\/cat\/wp-json\/wp\/v2\/pages\/646\/revisions"}],"predecessor-version":[{"id":3448,"href":"https:\/\/martaberrocal.org\/cat\/wp-json\/wp\/v2\/pages\/646\/revisions\/3448"}],"wp:attachment":[{"href":"https:\/\/martaberrocal.org\/cat\/wp-json\/wp\/v2\/media?parent=646"}],"curies":[{"name":"wp","href":"https:\/\/api.w.org\/{rel}","templated":true}]}}