
{"id":755,"date":"2016-06-19T09:59:07","date_gmt":"2016-06-19T09:59:07","guid":{"rendered":"http:\/\/martaberrocal.org\/es\/?page_id=755"},"modified":"2017-05-30T09:44:22","modified_gmt":"2017-05-30T09:44:22","slug":"inclusio-social","status":"publish","type":"page","link":"https:\/\/martaberrocal.org\/cat\/inclusio-social\/","title":{"rendered":"Inclusi\u00f3 social"},"content":{"rendered":"<p>&nbsp;<\/p>\n<p>En aquest apartat he reunit dos projectes l&#8217;objectiu dels quals ha estat contribuir a la inclusi\u00f3 social de diferents persones:<\/p>\n<p><a href=\"https:\/\/martaberrocal.org\/cat\/?page_id=765\"><strong>Companyia de titelles &#8220;Las Tigresas&#8221;<\/strong><\/a>. \u00c9s un projecte protagonitzat per dones gitanes benefici\u00e0ries del programa RMI.<\/p>\n<p><strong><a href=\"https:\/\/martaberrocal.org\/cat\/?page_id=1347\">1r Concurs &#8220;Construint valors&#8221;<\/a>.<\/strong> \u00c9s un projecte per a l&#8217;Obra Social &#8220;la Caixa&#8221; dirigit a tots els nens i joves de les entitats benefici\u00e0ries dels programes &#8220;CaixaProinf\u00e0ncia&#8221; i &#8220;CiberCaixa Quedem despr\u00e9s de classe&#8221;, de tota Espanya.<\/p>\n<p>&nbsp;<\/p>\n<p>&nbsp;<\/p>\n<p>&nbsp;<\/p>\n<p>&nbsp;<\/p>\n<p>&nbsp;<\/p>\n<p>&nbsp;<\/p>\n<p>&nbsp;<\/p>\n","protected":false},"excerpt":{"rendered":"<p>&nbsp; En aquest apartat he reunit dos projectes l&#8217;objectiu dels quals ha estat contribuir a la inclusi\u00f3 social de diferents persones: Companyia de titelles &#8220;Las Tigresas&#8221;. \u00c9s un projecte protagonitzat per dones gitanes benefici\u00e0ries del programa RMI. 1r Concurs &#8220;Construint valors&#8221;. \u00c9s un projecte per a l&#8217;Obra Social &#8220;la Caixa&#8221; dirigit a tots els nens &hellip; <a href=\"https:\/\/martaberrocal.org\/cat\/inclusio-social\/\" class=\"more-link\">Continua la lectura de <span class=\"screen-reader-text\">Inclusi\u00f3 social<\/span> <span class=\"meta-nav\">&rarr;<\/span><\/a><\/p>\n","protected":false},"author":1,"featured_media":0,"parent":0,"menu_order":0,"comment_status":"closed","ping_status":"closed","template":"","meta":{"footnotes":""},"class_list":["post-755","page","type-page","status-publish","hentry"],"_links":{"self":[{"href":"https:\/\/martaberrocal.org\/cat\/wp-json\/wp\/v2\/pages\/755","targetHints":{"allow":["GET"]}}],"collection":[{"href":"https:\/\/martaberrocal.org\/cat\/wp-json\/wp\/v2\/pages"}],"about":[{"href":"https:\/\/martaberrocal.org\/cat\/wp-json\/wp\/v2\/types\/page"}],"author":[{"embeddable":true,"href":"https:\/\/martaberrocal.org\/cat\/wp-json\/wp\/v2\/users\/1"}],"replies":[{"embeddable":true,"href":"https:\/\/martaberrocal.org\/cat\/wp-json\/wp\/v2\/comments?post=755"}],"version-history":[{"count":5,"href":"https:\/\/martaberrocal.org\/cat\/wp-json\/wp\/v2\/pages\/755\/revisions"}],"predecessor-version":[{"id":3472,"href":"https:\/\/martaberrocal.org\/cat\/wp-json\/wp\/v2\/pages\/755\/revisions\/3472"}],"wp:attachment":[{"href":"https:\/\/martaberrocal.org\/cat\/wp-json\/wp\/v2\/media?parent=755"}],"curies":[{"name":"wp","href":"https:\/\/api.w.org\/{rel}","templated":true}]}}