
{"id":823,"date":"2016-07-13T15:53:53","date_gmt":"2016-07-13T15:53:53","guid":{"rendered":"http:\/\/martaberrocal.org\/es\/?page_id=823"},"modified":"2017-01-30T21:46:05","modified_gmt":"2017-01-30T21:46:05","slug":"docencia-art-i-educacio-especial","status":"publish","type":"page","link":"https:\/\/martaberrocal.org\/cat\/docencia-art-i-educacio-especial\/","title":{"rendered":"Art i educaci\u00f3 especial"},"content":{"rendered":"<p>Sovint, als cursos que imparteixo, assisteixen professors i altres professionals d&#8217;escoles i centres d&#8217;educaci\u00f3 especial, tot i que el curs no estigui dirigit espec\u00edficament a ells. No els importa, es proposen aprofitar idees dels \u00e0mbits suposadament normalitzats, i ho aconsegueixen. I a mi tampoc m&#8217;importa, tot el contrari, em d\u00f3na peu a fer una formaci\u00f3 inclusiva en diversos sentits.<\/p>\n<p>Miro de desenvolupar i aplicar, sempre que puc, la idea que no cal fer coses especials i diferents en el marc de l&#8217;educaci\u00f3 especial. No cal pensar en activitats &#8220;adaptades&#8221; sin\u00f3 m\u00e9s aviat en activitats derivades de les capacitats i habilitats que cadasc\u00fa tingui, siguin les que siguin.<\/p>\n<p>A vegades, quan hi penso, no aconsegueixo tenir clares les difer\u00e8ncies entre l&#8217;educaci\u00f3 especial i la que no ho \u00e9s. L&#8217;educaci\u00f3 que d\u00f3na resposta a les difer\u00e8ncies no pot ser uniforme i normal, ha de ser irregular i especial. I com tots som diferents, \u00fanics i exclusius, crec de deb\u00f2 que tota l&#8217;educaci\u00f3 \u00e9s <strong>ESPECIAL<\/strong>.<\/p>\n<p>Aix\u00f2 no treu que a vegades cre\u00ef i imparteixi cursos espec\u00edficament adre\u00e7ats a docents i professionals que treballen en aquest camp. Els admiro profundament.<\/p>\n<p>Per a mi, aquests cursos s\u00f3n sempre un repte que assumeixo amb gust i un descobriment i aprenentatge inesgotable sobre les possibilitats de les persones: discents i docents.<\/p>\n<p>El curs escolar 1999-2000 vaig dissenyar i vaig impartir al <a href=\"http:\/\/www.granollers.cat\/montserratmontero\/qui-som\" target=\"_blank\">Centre d&#8217;Educaci\u00f3 Especial Montserrat Montero<\/a> de Granollers, un curs titulat: <strong>Una nova manera de treballar la pl\u00e0stica a l&#8217;educaci\u00f3 especial.<\/strong><\/p>\n<p>Per fer-me a la idea de la diversitat d&#8217;alumnes amb els quals treballen i les possibilitats que s&#8217;obrien en l&#8217;\u00e0rea d&#8217;educaci\u00f3 art\u00edstica, vaig passar pr\u00e8viament un dia sencer a l&#8217;escola, rotant per diferents grups per intentar tenir una visi\u00f3 poli\u00e8drica del context, que em permet\u00e9s adequar la formaci\u00f3, a la realitat. Recordar\u00e9 sempre el dia que vaig passar a l&#8217;escola, va ser especialment emotiu. Despr\u00e9s, vaig haver d\u2019investigar les possibilitats de treballar amb tot tipus de materials comestibles donada la inclinaci\u00f3 dels nens del centre a provar-ho tot &#8230; I amb el temps, li he tret molt partit a aquests materials.<\/p>\n<p>&nbsp;<\/p>\n<p>El primer trimestre del curs escolar 2015-16 vaig dissenyar i impartir un curs al MACBA, exclusivament dirigit a professorat d&#8217;educaci\u00f3 especial. Em vaig inspirar en l&#8217;exposici\u00f3 temporal que exhibia el museu: &#8220;Esp\u00e8cies d&#8217;Espais&#8221;, i en el llibre de Georges Perec del mateix t\u00edtol.<\/p>\n<p><img loading=\"lazy\" decoding=\"async\" class=\"alignnone wp-image-947\" src=\"http:\/\/martaberrocal.org\/es\/wp-content\/uploads\/2016\/07\/ESPECIES-DE-ESPACIOS-1-300x300.jpg\" alt=\"ESPECIES-DE-ESPACIOS\" width=\"151\" height=\"151\" srcset=\"https:\/\/martaberrocal.org\/cat\/wp-content\/uploads\/2016\/07\/ESPECIES-DE-ESPACIOS-1-300x300.jpg 300w, https:\/\/martaberrocal.org\/cat\/wp-content\/uploads\/2016\/07\/ESPECIES-DE-ESPACIOS-1-150x150.jpg 150w, https:\/\/martaberrocal.org\/cat\/wp-content\/uploads\/2016\/07\/ESPECIES-DE-ESPACIOS-1-768x768.jpg 768w, https:\/\/martaberrocal.org\/cat\/wp-content\/uploads\/2016\/07\/ESPECIES-DE-ESPACIOS-1-1024x1024.jpg 1024w, https:\/\/martaberrocal.org\/cat\/wp-content\/uploads\/2016\/07\/ESPECIES-DE-ESPACIOS-1.jpg 1123w\" sizes=\"auto, (max-width: 151px) 100vw, 151px\" \/>\u00a0 <img loading=\"lazy\" decoding=\"async\" class=\"alignnone size-medium wp-image-946\" src=\"http:\/\/martaberrocal.org\/es\/wp-content\/uploads\/2016\/07\/Especies-de-espacios-205x300.jpg\" alt=\"Especies de espacios\" width=\"205\" height=\"300\" srcset=\"https:\/\/martaberrocal.org\/cat\/wp-content\/uploads\/2016\/07\/Especies-de-espacios-205x300.jpg 205w, https:\/\/martaberrocal.org\/cat\/wp-content\/uploads\/2016\/07\/Especies-de-espacios-768x1123.jpg 768w, https:\/\/martaberrocal.org\/cat\/wp-content\/uploads\/2016\/07\/Especies-de-espacios-700x1024.jpg 700w, https:\/\/martaberrocal.org\/cat\/wp-content\/uploads\/2016\/07\/Especies-de-espacios.jpg 827w\" sizes=\"auto, (max-width: 205px) 100vw, 205px\" \/><\/p>\n<p>El curs no tenia t\u00edtol &#8230; en algun moment del proc\u00e9s que pateix un curs d&#8217;aquestes caracter\u00edstiques, des que es concep, es programa, es comunica i s&#8217;imparteix, es va perdre i va quedar nom\u00e9s: <strong>Educaci\u00f3 especial<\/strong>. Podria estar tamb\u00e9 en l&#8217;apartat d&#8217;<a href=\"https:\/\/martaberrocal.org\/cat\/?page_id=831\">art contemporani<\/a>.<\/p>\n<p>Alguns dels conceptes que vam abordar van ser: la seriaci\u00f3, la repetici\u00f3, el tamp\u00f3, la casa, l&#8217;autisme. D&#8217;aqu\u00ed vaig saltar a l&#8217;<a href=\"https:\/\/martaberrocal.org\/cat\/?page_id=953\">Alzheimer<\/a>.<\/p>\n<p>Les seg\u00fcents imatges corresponen a algunes proves que vaig fer per poder constatar possibilitats de materials, de dissenys, de propostes de transformaci\u00f3, etc.<\/p>\n<div id='gallery-1' class='gallery galleryid-823 gallery-columns-3 gallery-size-thumbnail'><figure class='gallery-item'>\n\t\t\t<div class='gallery-icon landscape'>\n\t\t\t\t<img loading=\"lazy\" decoding=\"async\" width=\"150\" height=\"150\" src=\"https:\/\/martaberrocal.org\/cat\/wp-content\/uploads\/2016\/07\/R-IMG_20151118_000846-Copiar-150x150.jpg\" class=\"attachment-thumbnail size-thumbnail\" alt=\"\" \/>\n\t\t\t<\/div><\/figure><figure class='gallery-item'>\n\t\t\t<div class='gallery-icon landscape'>\n\t\t\t\t<img loading=\"lazy\" decoding=\"async\" width=\"150\" height=\"150\" src=\"https:\/\/martaberrocal.org\/cat\/wp-content\/uploads\/2016\/07\/IMG_20151118_131200-Copiar-150x150.jpg\" class=\"attachment-thumbnail size-thumbnail\" alt=\"\" srcset=\"https:\/\/martaberrocal.org\/cat\/wp-content\/uploads\/2016\/07\/IMG_20151118_131200-Copiar-150x150.jpg 150w, https:\/\/martaberrocal.org\/cat\/wp-content\/uploads\/2016\/07\/IMG_20151118_131200-Copiar-300x300.jpg 300w, https:\/\/martaberrocal.org\/cat\/wp-content\/uploads\/2016\/07\/IMG_20151118_131200-Copiar.jpg 600w\" sizes=\"auto, (max-width: 150px) 100vw, 150px\" \/>\n\t\t\t<\/div><\/figure><figure class='gallery-item'>\n\t\t\t<div class='gallery-icon landscape'>\n\t\t\t\t<img loading=\"lazy\" decoding=\"async\" width=\"150\" height=\"150\" src=\"https:\/\/martaberrocal.org\/cat\/wp-content\/uploads\/2016\/07\/IMG_20151109_155337_edit-Copiar-150x150.jpg\" class=\"attachment-thumbnail size-thumbnail\" alt=\"\" srcset=\"https:\/\/martaberrocal.org\/cat\/wp-content\/uploads\/2016\/07\/IMG_20151109_155337_edit-Copiar-150x150.jpg 150w, https:\/\/martaberrocal.org\/cat\/wp-content\/uploads\/2016\/07\/IMG_20151109_155337_edit-Copiar-300x300.jpg 300w, https:\/\/martaberrocal.org\/cat\/wp-content\/uploads\/2016\/07\/IMG_20151109_155337_edit-Copiar.jpg 600w\" sizes=\"auto, (max-width: 150px) 100vw, 150px\" \/>\n\t\t\t<\/div><\/figure>\n\t\t<\/div>\n\n<p>Una de les mestres que van assistir no era d&#8217;educaci\u00f3 especial, per\u00f2 pensa que els seus nens s\u00f3n especials per a ella i per tant el curs s&#8217;ajustava a les seves expectatives.<\/p>\n<p><strong>Persegueixo una idea que de vegades aconsegueixo activar<\/strong>: tractar d&#8217;estimular el contacte entre escoles especials i escoles normals. O entre persones normals i persones especials.\u00a0Quan mestres especials es colen en cursos normals i mestres normals en cursos especials, hi ha possibilitats de tractar d&#8217;estimular el contacte al qual m&#8217;acabo de referir.<\/p>\n<p>&nbsp;<\/p>\n","protected":false},"excerpt":{"rendered":"<p>Sovint, als cursos que imparteixo, assisteixen professors i altres professionals d&#8217;escoles i centres d&#8217;educaci\u00f3 especial, tot i que el curs no estigui dirigit espec\u00edficament a ells. No els importa, es proposen aprofitar idees dels \u00e0mbits suposadament normalitzats, i ho aconsegueixen. I a mi tampoc m&#8217;importa, tot el contrari, em d\u00f3na peu a fer una formaci\u00f3 &hellip; <a href=\"https:\/\/martaberrocal.org\/cat\/docencia-art-i-educacio-especial\/\" class=\"more-link\">Continua la lectura de <span class=\"screen-reader-text\">Art i educaci\u00f3 especial<\/span> <span class=\"meta-nav\">&rarr;<\/span><\/a><\/p>\n","protected":false},"author":1,"featured_media":0,"parent":0,"menu_order":0,"comment_status":"closed","ping_status":"closed","template":"","meta":{"footnotes":""},"class_list":["post-823","page","type-page","status-publish","hentry"],"_links":{"self":[{"href":"https:\/\/martaberrocal.org\/cat\/wp-json\/wp\/v2\/pages\/823","targetHints":{"allow":["GET"]}}],"collection":[{"href":"https:\/\/martaberrocal.org\/cat\/wp-json\/wp\/v2\/pages"}],"about":[{"href":"https:\/\/martaberrocal.org\/cat\/wp-json\/wp\/v2\/types\/page"}],"author":[{"embeddable":true,"href":"https:\/\/martaberrocal.org\/cat\/wp-json\/wp\/v2\/users\/1"}],"replies":[{"embeddable":true,"href":"https:\/\/martaberrocal.org\/cat\/wp-json\/wp\/v2\/comments?post=823"}],"version-history":[{"count":4,"href":"https:\/\/martaberrocal.org\/cat\/wp-json\/wp\/v2\/pages\/823\/revisions"}],"predecessor-version":[{"id":2286,"href":"https:\/\/martaberrocal.org\/cat\/wp-json\/wp\/v2\/pages\/823\/revisions\/2286"}],"wp:attachment":[{"href":"https:\/\/martaberrocal.org\/cat\/wp-json\/wp\/v2\/media?parent=823"}],"curies":[{"name":"wp","href":"https:\/\/api.w.org\/{rel}","templated":true}]}}