
{"id":843,"date":"2016-07-13T16:18:52","date_gmt":"2016-07-13T16:18:52","guid":{"rendered":"http:\/\/martaberrocal.org\/es\/?page_id=843"},"modified":"2017-01-30T21:57:13","modified_gmt":"2017-01-30T21:57:13","slug":"docencia-inclusio-multiculturalitat-interculturalitat-i-diversitat","status":"publish","type":"page","link":"https:\/\/martaberrocal.org\/cat\/docencia-inclusio-multiculturalitat-interculturalitat-i-diversitat\/","title":{"rendered":"Inclusi\u00f3, multiculturalitat, interculturalitat i diversitat"},"content":{"rendered":"<p>&nbsp;<\/p>\n<p>Aquest bloc de doc\u00e8ncia inclou els seg\u00fcents apartats:<\/p>\n<ul>\n<li><a href=\"https:\/\/martaberrocal.org\/cat\/?page_id=1146\">Programa Interdepartamental de la Renda M\u00ednima (PIRMI-RMI).<\/a><\/li>\n<li><a href=\"https:\/\/martaberrocal.org\/cat\/?page_id=1149\">Fundaci\u00f3 Pere Closa per a la formaci\u00f3 i promoci\u00f3 del poble gitano a Catalunya.<\/a><\/li>\n<li><a href=\"https:\/\/martaberrocal.org\/cat\/?page_id=1156\">Alfabetitzaci\u00f3 d&#8217;immigrants.<\/a><\/li>\n<li><a href=\"https:\/\/martaberrocal.org\/cat\/?page_id=1153\">Projecte Museu Ambulant. Escoles de centres penitenciaris i centres educatius de just\u00edcia juvenil de Catalunya.<\/a><\/li>\n<li><a href=\"https:\/\/martaberrocal.org\/cat\/?page_id=280\">Programa Apropa Cultura. Educa amb l&#8217;art.<\/a><\/li>\n<li><a href=\"https:\/\/martaberrocal.org\/cat\/?page_id=1159\">Participaci\u00f3 en jornades i cursos relacionats amb la multiculturalitat i la interculturalitat.<\/a><\/li>\n<\/ul>\n<p>&nbsp;<\/p>\n","protected":false},"excerpt":{"rendered":"<p>&nbsp; Aquest bloc de doc\u00e8ncia inclou els seg\u00fcents apartats: Programa Interdepartamental de la Renda M\u00ednima (PIRMI-RMI). Fundaci\u00f3 Pere Closa per a la formaci\u00f3 i promoci\u00f3 del poble gitano a Catalunya. Alfabetitzaci\u00f3 d&#8217;immigrants. Projecte Museu Ambulant. Escoles de centres penitenciaris i centres educatius de just\u00edcia juvenil de Catalunya. Programa Apropa Cultura. Educa amb l&#8217;art. Participaci\u00f3 en &hellip; <a href=\"https:\/\/martaberrocal.org\/cat\/docencia-inclusio-multiculturalitat-interculturalitat-i-diversitat\/\" class=\"more-link\">Continua la lectura de <span class=\"screen-reader-text\">Inclusi\u00f3, multiculturalitat, interculturalitat i diversitat<\/span> <span class=\"meta-nav\">&rarr;<\/span><\/a><\/p>\n","protected":false},"author":1,"featured_media":0,"parent":0,"menu_order":0,"comment_status":"closed","ping_status":"closed","template":"","meta":{"footnotes":""},"class_list":["post-843","page","type-page","status-publish","hentry"],"_links":{"self":[{"href":"https:\/\/martaberrocal.org\/cat\/wp-json\/wp\/v2\/pages\/843","targetHints":{"allow":["GET"]}}],"collection":[{"href":"https:\/\/martaberrocal.org\/cat\/wp-json\/wp\/v2\/pages"}],"about":[{"href":"https:\/\/martaberrocal.org\/cat\/wp-json\/wp\/v2\/types\/page"}],"author":[{"embeddable":true,"href":"https:\/\/martaberrocal.org\/cat\/wp-json\/wp\/v2\/users\/1"}],"replies":[{"embeddable":true,"href":"https:\/\/martaberrocal.org\/cat\/wp-json\/wp\/v2\/comments?post=843"}],"version-history":[{"count":5,"href":"https:\/\/martaberrocal.org\/cat\/wp-json\/wp\/v2\/pages\/843\/revisions"}],"predecessor-version":[{"id":2028,"href":"https:\/\/martaberrocal.org\/cat\/wp-json\/wp\/v2\/pages\/843\/revisions\/2028"}],"wp:attachment":[{"href":"https:\/\/martaberrocal.org\/cat\/wp-json\/wp\/v2\/media?parent=843"}],"curies":[{"name":"wp","href":"https:\/\/api.w.org\/{rel}","templated":true}]}}