
{"id":90,"date":"2016-05-10T07:42:26","date_gmt":"2016-05-10T07:42:26","guid":{"rendered":"http:\/\/marta.ecoresiduos.es\/?page_id=90"},"modified":"2017-05-30T10:51:31","modified_gmt":"2017-05-30T10:51:31","slug":"publicacions-llibres","status":"publish","type":"page","link":"https:\/\/martaberrocal.org\/cat\/publicacions-llibres\/","title":{"rendered":"Llibres"},"content":{"rendered":"<h5 style=\"text-align: right;\">Autora<\/h5>\n<hr \/>\n<p><img loading=\"lazy\" decoding=\"async\" class=\" wp-image-251 alignleft\" src=\"http:\/\/martaberrocal.org\/es\/wp-content\/uploads\/2016\/05\/DSC03759-Copiar-219x300.jpg\" alt=\"DSC03759 (Copiar)\" width=\"200\" height=\"274\" \/><\/p>\n<p>&nbsp;<\/p>\n<p>&nbsp;<\/p>\n<p><strong>Ens ho passem molt b\u00e9, l\u2019\u00e0via i jo<\/strong>. Barcelona<em>: <\/em>Edicions Baula. Col\u00b7lecci\u00f3 Ala Delta. Novembre de 1997.<\/p>\n<p>&nbsp;<\/p>\n<p>&nbsp;<\/p>\n<p>Es tracta d&#8217;una novel\u00b7la infantil que <strong>aborda la mort de les persones grans<\/strong>. Si es llegeix conjuntament (adults i nens), facilita poder parlar al voltant d&#8217;un tema que a tots ens preocupa i no \u00e9s f\u00e0cil abordar. De fet, la novel\u00b7la posa en relleu el complex que resulta de vegades per als adults donar explicacions als nens quan es produeix una mort en la fam\u00edlia, que en aquest cas \u00e9s natural i deguda a la vellesa, i que sovint comporta tamb\u00e9 malaltia. En ocasions s&#8217;esquiva el tema o es recorre a arguments fantasiosos amb la intenci\u00f3 d&#8217;evitar patiment i tamb\u00e9 s&#8217;evita parlar de totes les emocions que la p\u00e8rdua fa emergir en els membres de la fam\u00edlia. Aix\u00f2 d\u00f3na lloc a equ\u00edvocs i a decepcions. \u00c9s preferible compartir ll\u00e0grimes i sentiments, cal viure el dol per poder-lo deixar enrere. La negaci\u00f3, l&#8217;ocultaci\u00f3 i les falses explicacions no ajuden a fer-ho.<\/p>\n<p>El valor de l\u2019amistat tamb\u00e9 t\u00e9 un paper rellevant a la novel\u00b7la.<\/p>\n<p>Actualment est\u00e0 descatalogada, per\u00f2 es pot trobar en algunes biblioteques de Catalunya.<\/p>\n<p>&nbsp;<\/p>\n<h5 style=\"text-align: right;\">Col\u00b7laboracions<\/h5>\n<hr \/>\n<p><img loading=\"lazy\" decoding=\"async\" class=\" wp-image-252 alignleft\" src=\"http:\/\/martaberrocal.org\/es\/wp-content\/uploads\/2016\/05\/DSC03761-Copiar-1-215x300.jpg\" alt=\"DSC03761 (Copiar)\" width=\"200\" height=\"279\" \/><\/p>\n<p>&nbsp;<\/p>\n<p><strong>Men\u00fas de Educaci\u00f3n Visual y Pl\u00e1stica. Siete propuestas para desarrollar en el aula<\/strong> . M. Berrocal (coord.) Barcelona: Editorial Gra\u00f3. Abril 2005<\/p>\n<p><strong>\u00a0<\/strong><\/p>\n<p>&nbsp;<\/p>\n<p>&nbsp;<\/p>\n<p><a href=\"https:\/\/martaberrocal.org\/cat\/?page_id=94\"><strong>Guanyador del Primer Premi<\/strong><\/a> ex aequo en la categoria de <strong>Pr\u00e0ctica Educativa<\/strong>, en la 1\u00aa edici\u00f3 dels <strong>PREMIOS AULA, al Mejor Libro de Educaci\u00f3n<\/strong>. Madrid, mar\u00e7 2006.<\/p>\n<p>Vaig coordinar i participar en la redacci\u00f3 d&#8217;aquest llibre dedicat a l&#8217;educaci\u00f3 visual i pl\u00e0stica, escrit per mestres i professors amb una traject\u00f2ria vital i professional vinculada a l&#8217;educaci\u00f3 art\u00edstica. Va ser el resultat d&#8217;un <strong>treball en equip<\/strong> en el qual a partir d&#8217;una estructura <strong>que emfatitza la idea de seq\u00fc\u00e8ncia, proc\u00e9s i progressi\u00f3<\/strong>, cadasc\u00fa va aportar una proposta amb punts de partida diferents, que es resumeix de forma gr\u00e0fica a l&#8217;inici de cada cap\u00edtol. Aquests dibuixos estan fets per Merc\u00e8 Gaja, una de les autores del llibre. Tot seguit n&#8217;hi ha una mostra:<\/p>\n<div id='gallery-1' class='gallery galleryid-90 gallery-columns-3 gallery-size-full'><figure class='gallery-item'>\n\t\t\t<div class='gallery-icon landscape'>\n\t\t\t\t<a href='https:\/\/martaberrocal.org\/cat\/wp-content\/uploads\/2016\/05\/R-DSC05525-Copiar.jpg'><img loading=\"lazy\" decoding=\"async\" width=\"800\" height=\"476\" src=\"https:\/\/martaberrocal.org\/cat\/wp-content\/uploads\/2016\/05\/R-DSC05525-Copiar.jpg\" class=\"attachment-full size-full\" alt=\"\" aria-describedby=\"gallery-1-1951\" srcset=\"https:\/\/martaberrocal.org\/cat\/wp-content\/uploads\/2016\/05\/R-DSC05525-Copiar.jpg 800w, https:\/\/martaberrocal.org\/cat\/wp-content\/uploads\/2016\/05\/R-DSC05525-Copiar-300x179.jpg 300w, https:\/\/martaberrocal.org\/cat\/wp-content\/uploads\/2016\/05\/R-DSC05525-Copiar-768x457.jpg 768w\" sizes=\"auto, (max-width: 800px) 100vw, 800px\" \/><\/a>\n\t\t\t<\/div>\n\t\t\t\t<figcaption class='wp-caption-text gallery-caption' id='gallery-1-1951'>\n\t\t\t\tEsquema cap\u00edtol 5\n\t\t\t\t<\/figcaption><\/figure><figure class='gallery-item'>\n\t\t\t<div class='gallery-icon landscape'>\n\t\t\t\t<a href='https:\/\/martaberrocal.org\/cat\/wp-content\/uploads\/2016\/05\/R-DSC05524-Copiar.jpg'><img loading=\"lazy\" decoding=\"async\" width=\"800\" height=\"427\" src=\"https:\/\/martaberrocal.org\/cat\/wp-content\/uploads\/2016\/05\/R-DSC05524-Copiar.jpg\" class=\"attachment-full size-full\" alt=\"\" aria-describedby=\"gallery-1-1950\" srcset=\"https:\/\/martaberrocal.org\/cat\/wp-content\/uploads\/2016\/05\/R-DSC05524-Copiar.jpg 800w, https:\/\/martaberrocal.org\/cat\/wp-content\/uploads\/2016\/05\/R-DSC05524-Copiar-300x160.jpg 300w, https:\/\/martaberrocal.org\/cat\/wp-content\/uploads\/2016\/05\/R-DSC05524-Copiar-768x410.jpg 768w\" sizes=\"auto, (max-width: 800px) 100vw, 800px\" \/><\/a>\n\t\t\t<\/div>\n\t\t\t\t<figcaption class='wp-caption-text gallery-caption' id='gallery-1-1950'>\n\t\t\t\tEsquema cap\u00edtol 2\n\t\t\t\t<\/figcaption><\/figure><figure class='gallery-item'>\n\t\t\t<div class='gallery-icon landscape'>\n\t\t\t\t<a href='https:\/\/martaberrocal.org\/cat\/wp-content\/uploads\/2016\/05\/R-DSC05527-Copiar.jpg'><img loading=\"lazy\" decoding=\"async\" width=\"800\" height=\"278\" src=\"https:\/\/martaberrocal.org\/cat\/wp-content\/uploads\/2016\/05\/R-DSC05527-Copiar.jpg\" class=\"attachment-full size-full\" alt=\"\" aria-describedby=\"gallery-1-1953\" srcset=\"https:\/\/martaberrocal.org\/cat\/wp-content\/uploads\/2016\/05\/R-DSC05527-Copiar.jpg 800w, https:\/\/martaberrocal.org\/cat\/wp-content\/uploads\/2016\/05\/R-DSC05527-Copiar-300x104.jpg 300w, https:\/\/martaberrocal.org\/cat\/wp-content\/uploads\/2016\/05\/R-DSC05527-Copiar-768x267.jpg 768w\" sizes=\"auto, (max-width: 800px) 100vw, 800px\" \/><\/a>\n\t\t\t<\/div>\n\t\t\t\t<figcaption class='wp-caption-text gallery-caption' id='gallery-1-1953'>\n\t\t\t\tEsquema cap\u00edtol 7\n\t\t\t\t<\/figcaption><\/figure><figure class='gallery-item'>\n\t\t\t<div class='gallery-icon landscape'>\n\t\t\t\t<a href='https:\/\/martaberrocal.org\/cat\/wp-content\/uploads\/2016\/05\/R-DSC05526-Copiar.jpg'><img loading=\"lazy\" decoding=\"async\" width=\"800\" height=\"248\" src=\"https:\/\/martaberrocal.org\/cat\/wp-content\/uploads\/2016\/05\/R-DSC05526-Copiar.jpg\" class=\"attachment-full size-full\" alt=\"\" aria-describedby=\"gallery-1-1952\" srcset=\"https:\/\/martaberrocal.org\/cat\/wp-content\/uploads\/2016\/05\/R-DSC05526-Copiar.jpg 800w, https:\/\/martaberrocal.org\/cat\/wp-content\/uploads\/2016\/05\/R-DSC05526-Copiar-300x93.jpg 300w, https:\/\/martaberrocal.org\/cat\/wp-content\/uploads\/2016\/05\/R-DSC05526-Copiar-768x238.jpg 768w\" sizes=\"auto, (max-width: 800px) 100vw, 800px\" \/><\/a>\n\t\t\t<\/div>\n\t\t\t\t<figcaption class='wp-caption-text gallery-caption' id='gallery-1-1952'>\n\t\t\t\tEsquema cap\u00edtol 6\n\t\t\t\t<\/figcaption><\/figure>\n\t\t<\/div>\n\n<p>Vam utilitzar un s\u00edmil gastron\u00f2mic per titular el llibre, per manifestar la nostra <strong>oposici\u00f3 a la idea de receptari<\/strong>, que malauradament, sovint impera en relaci\u00f3 amb aquesta \u00e0rea de coneixement i expressi\u00f3, quan es busquen recursos per desenvolupar-la. No obstant aix\u00f2, <strong>creiem en els men\u00fas<\/strong>, i especialment en els orientals, en els quals se succeeixen els plats a taula. Es van traient al ritme adequat perqu\u00e8 els comensals puguin assaborir-los i assimilar-los, abans de passar als seg\u00fcents. Se succeeixen els contrastos: picant, salat, dol\u00e7 &#8230; s&#8217;entremesclen, de manera subtil i refinada, els sabors i les olors, els colors i les textures, resultant en conjunt un excel\u00b7lent menjar, s\u00e0 i nutritiu, que en ser degustat, activa els sentits .<\/p>\n<p>De manera similar <strong>convidem als mestres a construir men\u00fas, conjuntament amb els seus alumnes, i a degustar i nodrir-se de tots els plats-activitats que formin part de les seq\u00fc\u00e8ncies d&#8217;ensenyament-aprenentatge que siguin capa\u00e7os d&#8217;inventar.<\/strong><\/p>\n<hr \/>\n<p>&nbsp;<\/p>\n<p><img loading=\"lazy\" decoding=\"async\" class=\" wp-image-253 alignleft\" src=\"http:\/\/martaberrocal.org\/es\/wp-content\/uploads\/2016\/05\/DSC03762-Copiar-208x300.jpg\" alt=\"DSC03762 (Copiar)\" width=\"200\" height=\"288\" \/><\/p>\n<p>&nbsp;<\/p>\n<p><strong>La Educaci\u00f3n visual y pl\u00e1stica hoy. <\/strong><strong>Educar la mirada la mano y el pensamiento<\/strong>. J.Caja (coord.) Barcelona: Editorial Gra\u00f3. Abril 2001.<\/p>\n<p><strong>\u00a0<\/strong><\/p>\n<p>&nbsp;<\/p>\n<p>&nbsp;<\/p>\n<p>Vaig participar en aquest llibre contribuint amb una <strong>proposta de metodologia de planificaci\u00f3 d&#8217;activitats<\/strong> que s&#8217;inclou en el primer cap\u00edtol, al costat de les aportacions de Jordi Caja i Jos\u00e9 M\u00aa Gonz\u00e1lez.<\/p>\n<p>Les p\u00e0gines dedicades a descriure la proposta metodol\u00f2gica (p\u00e0g. 34-64) van n\u00e9ixer per mirar de donar resposta a una q\u00fcesti\u00f3 que molts mestres havien plantejat en alguns dels cursos que he impartit: com es generen idees?<\/p>\n<p>La veritat \u00e9s que donar resposta a aquesta pregunta \u00e9s complex, per\u00f2 durant un temps em vaig concentrar en analitzar el proc\u00e9s que jo mateixa duc a terme amb el prop\u00f2sit d&#8217;inventar activitats, i el primer que vull assenyalar \u00e9s que costa. No es tracta d&#8217;un proc\u00e9s de generaci\u00f3 espont\u00e0nia ni de cap tipus d&#8217;inspiraci\u00f3 divina, si no m\u00e9s aviat del contrari: el resultat d&#8217;una gran quantitat de treball i esfor\u00e7 previ, que en ocasions emergeix a borbolls.<\/p>\n<p>La proposta pot resumir-se gr\u00e0ficament aix\u00ed:<\/p>\n<div id='gallery-2' class='gallery galleryid-90 gallery-columns-2 gallery-size-full'><figure class='gallery-item'>\n\t\t\t<div class='gallery-icon landscape'>\n\t\t\t\t<a href='https:\/\/martaberrocal.org\/cat\/wp-content\/uploads\/2016\/05\/Macroconceptes.jpg'><img loading=\"lazy\" decoding=\"async\" width=\"811\" height=\"608\" src=\"https:\/\/martaberrocal.org\/cat\/wp-content\/uploads\/2016\/05\/Macroconceptes.jpg\" class=\"attachment-full size-full\" alt=\"\" aria-describedby=\"gallery-2-1945\" srcset=\"https:\/\/martaberrocal.org\/cat\/wp-content\/uploads\/2016\/05\/Macroconceptes.jpg 811w, https:\/\/martaberrocal.org\/cat\/wp-content\/uploads\/2016\/05\/Macroconceptes-300x225.jpg 300w, https:\/\/martaberrocal.org\/cat\/wp-content\/uploads\/2016\/05\/Macroconceptes-768x576.jpg 768w\" sizes=\"auto, (max-width: 811px) 100vw, 811px\" \/><\/a>\n\t\t\t<\/div>\n\t\t\t\t<figcaption class='wp-caption-text gallery-caption' id='gallery-2-1945'>\n\t\t\t\tMacroconceptes\n\t\t\t\t<\/figcaption><\/figure><figure class='gallery-item'>\n\t\t\t<div class='gallery-icon landscape'>\n\t\t\t\t<a href='https:\/\/martaberrocal.org\/cat\/wp-content\/uploads\/2016\/05\/Secuencias.jpg'><img loading=\"lazy\" decoding=\"async\" width=\"811\" height=\"606\" src=\"https:\/\/martaberrocal.org\/cat\/wp-content\/uploads\/2016\/05\/Secuencias.jpg\" class=\"attachment-full size-full\" alt=\"\" aria-describedby=\"gallery-2-1948\" srcset=\"https:\/\/martaberrocal.org\/cat\/wp-content\/uploads\/2016\/05\/Secuencias.jpg 811w, https:\/\/martaberrocal.org\/cat\/wp-content\/uploads\/2016\/05\/Secuencias-300x224.jpg 300w, https:\/\/martaberrocal.org\/cat\/wp-content\/uploads\/2016\/05\/Secuencias-768x574.jpg 768w\" sizes=\"auto, (max-width: 811px) 100vw, 811px\" \/><\/a>\n\t\t\t<\/div>\n\t\t\t\t<figcaption class='wp-caption-text gallery-caption' id='gallery-2-1948'>\n\t\t\t\tSeq\u00fc\u00e8ncies\n\t\t\t\t<\/figcaption><\/figure>\n\t\t<\/div>\n\n<hr \/>\n<p>&nbsp;<\/p>\n<p><img loading=\"lazy\" decoding=\"async\" class=\" wp-image-258 alignleft\" src=\"http:\/\/martaberrocal.org\/es\/wp-content\/uploads\/2016\/05\/DSC03756-Copiar-216x300.jpg\" alt=\"DSC03756 (Copiar)\" width=\"200\" height=\"278\" \/><\/p>\n<p>&nbsp;<\/p>\n<p>&nbsp;<\/p>\n<p>&nbsp;<\/p>\n<p><strong>La educaci\u00f3n art\u00edstica en la escuela. \u00a0<\/strong>Barcelona: Editorial Gra\u00f3. \u00a0Setembre 2007.<\/p>\n<p><strong>\u00a0<\/strong><\/p>\n<p>&nbsp;<\/p>\n<p>Aquest llibre aborda la necessitat d&#8217;ensenyar i conrear l&#8217;educaci\u00f3 art\u00edstica a l&#8217;escola com una cosa imprescindible en l&#8217;educaci\u00f3 de les persones. Cont\u00e9 idees, reflexions, exemples i propostes per treballar diferents llenguatges art\u00edstics. Est\u00e0 dirigit a les etapes d&#8217;educaci\u00f3 infantil, prim\u00e0ria i secund\u00e0ria.<\/p>\n<p>El cap\u00edtol 12 del llibre correspon a l&#8217;article: <strong>Modelar y trabajar con conceptos: una propuesta multidimensional<\/strong>, que vaig escriure per a la revista Aula de Innovaci\u00f3n Educativa i va ser publicat al gener del 2000 (N\u00ba 88)<\/p>\n<hr \/>\n<p>&nbsp;<\/p>\n<p><img loading=\"lazy\" decoding=\"async\" class=\" wp-image-257 alignleft\" src=\"http:\/\/martaberrocal.org\/es\/wp-content\/uploads\/2016\/05\/DSC03755-Copiar-216x300.jpg\" alt=\"DSC03755 (Copiar)\" width=\"200\" height=\"278\" \/><\/p>\n<p>&nbsp;<\/p>\n<p>&nbsp;<\/p>\n<p><strong>Figuras, formas, colores: propuestas para trabajar la educaci\u00f3n pl\u00e1stica y visual<\/strong>. Barcelona: Editorial Gra\u00f3. 2003.<\/p>\n<p><strong>\u00a0<\/strong><\/p>\n<p><strong>\u00a0<\/strong><\/p>\n<p>Aquest llibre presenta una col\u00b7lecci\u00f3 de textos que posen de manifest que la veritat \u00e9s que l&#8217;art i tot all\u00f2 art\u00edstic, com qualsevol altra manifestaci\u00f3 de l&#8217;\u00e9sser hum\u00e0, es mou en uns par\u00e0metres determinats, i si pretenem que es coneguin i es valorin, s&#8217;han ensenyar i aprendre, i no hi ha millor lloc per fer-ho que el centre escolar.<\/p>\n<p>Vaig col\u00b7laborar amb en\u00a0 Jordi Caja i en J.M. Gonz\u00e1lez en la redacci\u00f3 del cap\u00edtol 4: <strong>Un mundo lleno de im\u00e1genes.<\/strong><\/p>\n<hr \/>\n<p>&nbsp;<\/p>\n<p><img loading=\"lazy\" decoding=\"async\" class=\"wp-image-255 alignleft\" src=\"http:\/\/martaberrocal.org\/es\/wp-content\/uploads\/2016\/05\/DSC03753-Copiar-213x300.jpg\" alt=\"DSC03753 (Copiar)\" width=\"201\" height=\"283\" \/><\/p>\n<p style=\"text-align: left;\"><strong>\u00a0<\/strong><\/p>\n<p><strong>Entender el arte. Una gu\u00eda para el profesorado<\/strong>. Martin Wenham. Barcelona: Editorial Gra\u00f3. Mar\u00e7 2011<\/p>\n<p>&nbsp;<\/p>\n<p>&nbsp;<\/p>\n<p>&nbsp;<\/p>\n<p>&nbsp;<\/p>\n<p>Vaig escriure el pr\u00f2leg a l&#8217;edici\u00f3 en castell\u00e0 i vaig revisar la traducci\u00f3. El t\u00edtol original en angl\u00e8s \u00e9s: <em><strong>Understanding Art. A guide for Teachers. <\/strong><\/em><\/p>\n<p>Aquest llibre constitueix una magn\u00edfica guia per al professorat. L&#8217;autor deixa molt clara \u00a0la intenci\u00f3 en les primeres p\u00e0gines: oferir un punt de partida per poder abordar tant en educaci\u00f3 infantil, prim\u00e0ria com a secund\u00e0ria, l&#8217;ensenyament i l&#8217;aprenentatge d&#8217;alguns dels continguts propis de l&#8217;educaci\u00f3 art\u00edstica, centrant-se en els elements b\u00e0sics que componen el llenguatge visual: el punt, la l\u00ednia, el to, el color, la forma plana, l&#8217;espai, la forma tridimensional, la textura i el disseny. A cada un d&#8217;ells dedica un cap\u00edtol.<\/p>\n<hr \/>\n<p>&nbsp;<\/p>\n<p><img loading=\"lazy\" decoding=\"async\" class=\"wp-image-1937 alignleft\" src=\"https:\/\/martaberrocal.org\/cat\/wp-content\/uploads\/2016\/05\/DSC03754-Copiar-2-191x300.jpg\" alt=\"dsc03754-copiar\" width=\"178\" height=\"280\" srcset=\"https:\/\/martaberrocal.org\/cat\/wp-content\/uploads\/2016\/05\/DSC03754-Copiar-2-191x300.jpg 191w, https:\/\/martaberrocal.org\/cat\/wp-content\/uploads\/2016\/05\/DSC03754-Copiar-2.jpg 306w\" sizes=\"auto, (max-width: 178px) 100vw, 178px\" \/><\/p>\n<p>&nbsp;<\/p>\n<p>&nbsp;<\/p>\n<p><em><strong>Aprendre a pensar<\/strong><\/em>. Textos de les pon\u00e8ncies de les XXII Jornades interdisciplin\u00e0ries \u201c<a href=\"https:\/\/martaberrocal.org\/cat\/?page_id=536\">Aprendre a pensar<\/a>\u201d, celebrades a Barcelona els dies 3,10, 17, 24 de novembre i 1 de desembre de 2003. Publicat per l\u2019\u00c0mbit d\u2019Investigaci\u00f3 i Difusi\u00f3 Maria Corral. Editorial Edimurtra, S.A. Barcelona 2004.<\/p>\n<p>El text de la meva pon\u00e8ncia es titula: <strong><em>Crear pensament des de l\u2019educaci\u00f3 art\u00edstica <\/em><\/strong>(p\u00e0gines 165 a 171)<\/p>\n","protected":false},"excerpt":{"rendered":"<p>Autora &nbsp; &nbsp; Ens ho passem molt b\u00e9, l\u2019\u00e0via i jo. Barcelona: Edicions Baula. Col\u00b7lecci\u00f3 Ala Delta. Novembre de 1997. &nbsp; &nbsp; Es tracta d&#8217;una novel\u00b7la infantil que aborda la mort de les persones grans. Si es llegeix conjuntament (adults i nens), facilita poder parlar al voltant d&#8217;un tema que a tots ens preocupa i &hellip; <a href=\"https:\/\/martaberrocal.org\/cat\/publicacions-llibres\/\" class=\"more-link\">Continua la lectura de <span class=\"screen-reader-text\">Llibres<\/span> <span class=\"meta-nav\">&rarr;<\/span><\/a><\/p>\n","protected":false},"author":1,"featured_media":0,"parent":0,"menu_order":0,"comment_status":"closed","ping_status":"closed","template":"","meta":{"footnotes":""},"class_list":["post-90","page","type-page","status-publish","hentry"],"_links":{"self":[{"href":"https:\/\/martaberrocal.org\/cat\/wp-json\/wp\/v2\/pages\/90","targetHints":{"allow":["GET"]}}],"collection":[{"href":"https:\/\/martaberrocal.org\/cat\/wp-json\/wp\/v2\/pages"}],"about":[{"href":"https:\/\/martaberrocal.org\/cat\/wp-json\/wp\/v2\/types\/page"}],"author":[{"embeddable":true,"href":"https:\/\/martaberrocal.org\/cat\/wp-json\/wp\/v2\/users\/1"}],"replies":[{"embeddable":true,"href":"https:\/\/martaberrocal.org\/cat\/wp-json\/wp\/v2\/comments?post=90"}],"version-history":[{"count":14,"href":"https:\/\/martaberrocal.org\/cat\/wp-json\/wp\/v2\/pages\/90\/revisions"}],"predecessor-version":[{"id":3479,"href":"https:\/\/martaberrocal.org\/cat\/wp-json\/wp\/v2\/pages\/90\/revisions\/3479"}],"wp:attachment":[{"href":"https:\/\/martaberrocal.org\/cat\/wp-json\/wp\/v2\/media?parent=90"}],"curies":[{"name":"wp","href":"https:\/\/api.w.org\/{rel}","templated":true}]}}