
{"id":94,"date":"2016-05-16T17:35:38","date_gmt":"2016-05-16T17:35:38","guid":{"rendered":"http:\/\/marta.ecoresiduos.es\/?page_id=94"},"modified":"2017-05-30T10:02:05","modified_gmt":"2017-05-30T10:02:05","slug":"premis","status":"publish","type":"page","link":"https:\/\/martaberrocal.org\/cat\/premis\/","title":{"rendered":"Premis"},"content":{"rendered":"<p>&nbsp;<\/p>\n<p><img loading=\"lazy\" decoding=\"async\" class=\"wp-image-1378 alignleft\" src=\"http:\/\/martaberrocal.org\/es\/wp-content\/uploads\/2016\/05\/Premi-Serra-i-Moret-IMG_6448-R-278x300.jpg\" alt=\"premi-serra-i-moret-img_6448-r\" width=\"207\" height=\"223\" srcset=\"https:\/\/martaberrocal.org\/cat\/wp-content\/uploads\/2016\/05\/Premi-Serra-i-Moret-IMG_6448-R-278x300.jpg 278w, https:\/\/martaberrocal.org\/cat\/wp-content\/uploads\/2016\/05\/Premi-Serra-i-Moret-IMG_6448-R-768x827.jpg 768w, https:\/\/martaberrocal.org\/cat\/wp-content\/uploads\/2016\/05\/Premi-Serra-i-Moret-IMG_6448-R-951x1024.jpg 951w\" sizes=\"auto, (max-width: 207px) 100vw, 207px\" \/><\/p>\n<p>&nbsp;<\/p>\n<figure id=\"attachment_2297\" aria-describedby=\"caption-attachment-2297\" style=\"width: 191px\" class=\"wp-caption alignright\"><a href=\"https:\/\/martaberrocal.org\/cat\/wp-content\/uploads\/Serra-i-Moret-Copiar-e1485859353756.jpeg\"><img loading=\"lazy\" decoding=\"async\" class=\"wp-image-2297\" src=\"https:\/\/martaberrocal.org\/cat\/wp-content\/uploads\/Serra-i-Moret-Copiar-e1485859353756.jpeg\" width=\"191\" height=\"176\" srcset=\"https:\/\/martaberrocal.org\/cat\/wp-content\/uploads\/Serra-i-Moret-Copiar-e1485859353756.jpeg 600w, https:\/\/martaberrocal.org\/cat\/wp-content\/uploads\/Serra-i-Moret-Copiar-e1485859353756-300x277.jpeg 300w\" sizes=\"auto, (max-width: 191px) 100vw, 191px\" \/><\/a><figcaption id=\"caption-attachment-2297\" class=\"wp-caption-text\">Recollint el premi de mans del President Pujol<\/figcaption><\/figure>\n<p>&nbsp;<\/p>\n<p>&nbsp;<\/p>\n<p><strong>Guanyadora del XVIII Premi Serra i Moret per a obres i treballs sobre civisme, en la modalitat de treball pedag\u00f2gic<\/strong>, amb el treball: <strong>Projecte de formaci\u00f3 per a un grup de dones en risc d&#8217;exclusi\u00f3 social. La creaci\u00f3 d&#8217;una <a href=\"https:\/\/martaberrocal.org\/cat\/?page_id=765\">companyia de titelles<\/a><\/strong>. Abril 2000.<\/p>\n<p><strong>\u00a0<\/strong><\/p>\n<hr \/>\n<p><img loading=\"lazy\" decoding=\"async\" class=\"size-medium wp-image-252 alignnone\" src=\"http:\/\/martaberrocal.org\/es\/wp-content\/uploads\/2016\/05\/DSC03761-Copiar-1-215x300.jpg\" alt=\"DSC03761 (Copiar)\" width=\"215\" height=\"300\" \/><\/p>\n<p><a href=\"https:\/\/martaberrocal.org\/cat\/?page_id=90\"><em>Men\u00fas de Educaci\u00f3n Visual y Pl\u00e1stica<\/em><\/a><em>. Siete propuestas para desarrollar en el aula<\/em>. M. Berrocal (coord.) Barcelona: Editorial Gra\u00f3. Abril 2005. <strong>Guanyador del Primer Premi<\/strong> ex aequo en la categoria de <strong>Pr\u00e0ctica Educativa<\/strong>, en la 1a edici\u00f3 dels <strong>PREMIOS AULA, al Mejor\u00a0Libro de Educaci\u00f3n<\/strong>. Madrid, mar\u00e7 2006.<em><a href=\"http:\/\/martaberrocal.org\/es\/?page_id=90\"><br \/>\n<\/a><\/em><\/p>\n<p><strong>Aquest premi est\u00e0 dedicat a Jordi Caja<\/strong> que va morir al mes de juliol de 2005.<\/p>\n<p>No vaig poder despla\u00e7ar-me a Madrid a recollir el premi i vaig demanar a la Merc\u00e8 Gaja, una de les coautores del llibre, que lleg\u00eds en el meu nom el text que apareix a continuaci\u00f3:<\/p>\n<p style=\"padding-left: 60px;\"><span style=\"color: #999999; font-family: Calibri;\">&#8220;Marta, quien deb\u00eda recoger el premio, no ha podido venir y me ha pedido que leyera estas palabras:<\/span><\/p>\n<p style=\"padding-left: 60px;\"><strong><span style=\"color: #999999; font-family: Calibri;\">Dulce y salado: Un premio con sabor a bomb\u00f3n de l\u00e1grimas. <\/span><\/strong><\/p>\n<p style=\"padding-left: 60px;\"><span style=\"color: #999999; font-family: Calibri;\">Siento no poder estar hoy aqu\u00ed, pero quiero dejar constancia de que mi ausencia poco importa frente a la ausencia de Jordi Caja, nuestro querido amigo y compa\u00f1ero, que muri\u00f3 en el mes de julio del a\u00f1o pasado.<\/span><\/p>\n<p style=\"padding-left: 60px;\"><span style=\"color: #999999; font-family: Calibri;\">Quisiera que todos supieran que dedicamos este premio a Jordi, un hombre bueno, sencillo, cari\u00f1oso y sensible, comprometido con su trabajo y con sus amigos. Todos los que hemos colaborado en este libro, hoy premiado, sabemos que sin su empuje y entusiasmo, nunca lo hubi\u00e9ramos escrito. Fue \u00e9l quien en primera y \u00faltima instancia nos embarc\u00f3 en esta aventura y nos mantuvo en ella hasta el final con su comprensi\u00f3n, su entusiasmo e ilusi\u00f3n incombustibles.<\/span><\/p>\n<p style=\"padding-left: 60px;\"><span style=\"color: #999999; font-family: Calibri;\">As\u00ed que todos pensamos que hoy es una ocasi\u00f3n magn\u00edfica para rendirle homenaje y enviarle el premio all\u00e1 donde est\u00e9, mientras nosotros tratamos de saborear sin \u00e9l, este \u00e9xito con sabor a bomb\u00f3n y a l\u00e1grimas. Deseamos que pueda usar su paleta en la ventana del cielo y cuando alguien alce la vista al firmamento sucumba al influjo y a la magia de sus colores, de la misma forma que nosotros sucumbimos a su encanto.<\/span><\/p>\n<p style=\"padding-left: 60px;\"><span style=\"color: #999999; font-family: Calibri;\">Gracias Jordi, el sabor de tu amistad fue incomparable.<\/span><\/p>\n<p style=\"padding-left: 60px;\"><span style=\"color: #999999; font-family: Calibri;\">\u00a0Muchas gracias a todos.&#8221;<\/span><\/p>\n<p>&nbsp;<\/p>\n<hr \/>\n<p><img loading=\"lazy\" decoding=\"async\" class=\"wp-image-41 size-full alignnone\" src=\"http:\/\/martaberrocal.org\/es\/wp-content\/uploads\/2016\/05\/Museu-Ambulant-1-e1463673336519.jpg\" alt=\"C\u00f3moda del proyecto Museo Ambulante\" width=\"220\" height=\"239\" \/><\/p>\n<p><a href=\"https:\/\/martaberrocal.org\/cat\/?page_id=105\">El Museu Ambulant<\/a> ha rebut dos reconeixements: El <strong>3r premi INNOVA del Sal\u00f3 Expodid\u00e0ctica<\/strong> 2010 i una menci\u00f3 d&#8217;honor en el <strong>I Premio Iberoamericano Educaci\u00f3n y Museos<\/strong>, l&#8217;objectiu del qual \u00e9s identificar i premiar pr\u00e0ctiques d&#8217;acci\u00f3 educativa de museus que promouen el desenvolupament personal i la cohesi\u00f3 social.<a href=\"http:\/\/martaberrocal.org\/es\/?page_id=105\"><br \/>\n<\/a><\/p>\n<p>&nbsp;<\/p>\n<hr \/>\n<p><a href=\"https:\/\/martaberrocal.org\/cat\/wp-content\/uploads\/2016\/05\/Inconsciencia-Copiar.jpg\"><img loading=\"lazy\" decoding=\"async\" class=\"alignnone wp-image-277\" src=\"http:\/\/martaberrocal.org\/es\/wp-content\/uploads\/2016\/05\/Inconsciencia-Copiar-300x225.jpg\" alt=\"Inconsciencia \" width=\"253\" height=\"190\" srcset=\"https:\/\/martaberrocal.org\/cat\/wp-content\/uploads\/2016\/05\/Inconsciencia-Copiar-300x225.jpg 300w, https:\/\/martaberrocal.org\/cat\/wp-content\/uploads\/2016\/05\/Inconsciencia-Copiar.jpg 640w\" sizes=\"auto, (max-width: 253px) 100vw, 253px\" \/><\/a><\/p>\n<p>Premi de fotografia<strong> FotCiencia 05<br \/>\n<\/strong><\/p>\n<p>La imatge porta per t\u00edtol:<\/p>\n<p style=\"padding-left: 30px;\"><strong><span style=\"color: #808080;\">&#8220;Inconsci\u00e8ncia?<\/span> <\/strong><\/p>\n<p style=\"padding-left: 30px;\"><span style=\"color: #999999; font-family: Calibri;\">\u00bfAlg\u00fa ha parlat de camuflatge? \u00bfQu\u00e8 deu estar fent la somereta submergida en un mar de s\u00e8pals roses? Passar desapercebuda segur que no. Aqu\u00ed se la veu pl\u00e0cidament instal\u00b7lada en un matal\u00e0s vegetal que la descobreix a primera vista. \u00bfHaur\u00e0 oblidat que la seva verda aparen\u00e7a la fa vulnerable als depredadores quan s\u2019exhibeix sobre el rosa intens de les hort\u00e8nsies? \u00bfSer\u00e0 un acte de suprema inconsci\u00e8ncia?<\/span><\/p>\n<p style=\"padding-left: 30px;\"><span style=\"color: #999999; font-family: Calibri;\">Si jo fos somereta tamb\u00e9 hauria sucumbit a la temptaci\u00f3 de prendre un delici\u00f3s bany de sol estirada sobre un flonjo i espl\u00e8ndid matal\u00e0s de flors, tot i sabent que la meva esvelta figura podria convertir-se en objecte de desig per a un vora\u00e7 depredador.&#8221;<\/span><\/p>\n<p>&nbsp;<\/p>\n","protected":false},"excerpt":{"rendered":"<p>&nbsp; &nbsp; &nbsp; &nbsp; Guanyadora del XVIII Premi Serra i Moret per a obres i treballs sobre civisme, en la modalitat de treball pedag\u00f2gic, amb el treball: Projecte de formaci\u00f3 per a un grup de dones en risc d&#8217;exclusi\u00f3 social. La creaci\u00f3 d&#8217;una companyia de titelles. Abril 2000. \u00a0 Men\u00fas de Educaci\u00f3n Visual y Pl\u00e1stica. &hellip; <a href=\"https:\/\/martaberrocal.org\/cat\/premis\/\" class=\"more-link\">Continua la lectura de <span class=\"screen-reader-text\">Premis<\/span> <span class=\"meta-nav\">&rarr;<\/span><\/a><\/p>\n","protected":false},"author":1,"featured_media":0,"parent":0,"menu_order":0,"comment_status":"closed","ping_status":"closed","template":"page-templates\/full-width.php","meta":{"footnotes":""},"class_list":["post-94","page","type-page","status-publish","hentry"],"_links":{"self":[{"href":"https:\/\/martaberrocal.org\/cat\/wp-json\/wp\/v2\/pages\/94","targetHints":{"allow":["GET"]}}],"collection":[{"href":"https:\/\/martaberrocal.org\/cat\/wp-json\/wp\/v2\/pages"}],"about":[{"href":"https:\/\/martaberrocal.org\/cat\/wp-json\/wp\/v2\/types\/page"}],"author":[{"embeddable":true,"href":"https:\/\/martaberrocal.org\/cat\/wp-json\/wp\/v2\/users\/1"}],"replies":[{"embeddable":true,"href":"https:\/\/martaberrocal.org\/cat\/wp-json\/wp\/v2\/comments?post=94"}],"version-history":[{"count":14,"href":"https:\/\/martaberrocal.org\/cat\/wp-json\/wp\/v2\/pages\/94\/revisions"}],"predecessor-version":[{"id":3475,"href":"https:\/\/martaberrocal.org\/cat\/wp-json\/wp\/v2\/pages\/94\/revisions\/3475"}],"wp:attachment":[{"href":"https:\/\/martaberrocal.org\/cat\/wp-json\/wp\/v2\/media?parent=94"}],"curies":[{"name":"wp","href":"https:\/\/api.w.org\/{rel}","templated":true}]}}