
{"id":99,"date":"2016-05-17T16:25:04","date_gmt":"2016-05-17T16:25:04","guid":{"rendered":"http:\/\/marta.ecoresiduos.es\/?page_id=99"},"modified":"2017-03-09T13:09:49","modified_gmt":"2017-03-09T13:09:49","slug":"expressart-bressol","status":"publish","type":"page","link":"https:\/\/martaberrocal.org\/cat\/expressart-bressol\/","title":{"rendered":"ExpressArt. Museu Port\u00e0til per escoles bressol"},"content":{"rendered":"<p>&nbsp;<\/p>\n<figure id=\"attachment_39\" aria-describedby=\"caption-attachment-39\" style=\"width: 265px\" class=\"wp-caption alignleft\"><a href=\"https:\/\/martaberrocal.org\/cat\/wp-content\/uploads\/2016\/05\/Rrr-DSC00766-Copiar.jpg\"><img loading=\"lazy\" decoding=\"async\" class=\"wp-image-39 \" src=\"https:\/\/martaberrocal.org\/cat\/wp-content\/uploads\/2016\/05\/Rrr-DSC00766-Copiar-300x295.jpg\" alt=\"Caixa d\u2019objectes del projecte ExpressArt per escoles bressol \" width=\"265\" height=\"261\" srcset=\"https:\/\/martaberrocal.org\/cat\/wp-content\/uploads\/2016\/05\/Rrr-DSC00766-Copiar-300x295.jpg 300w, https:\/\/martaberrocal.org\/cat\/wp-content\/uploads\/2016\/05\/Rrr-DSC00766-Copiar.jpg 611w\" sizes=\"auto, (max-width: 265px) 100vw, 265px\" \/><\/a><figcaption id=\"caption-attachment-39\" class=\"wp-caption-text\">Caixa d\u2019objectes del projecte ExpressArt per escoles bressol. Curs 2015-16<\/figcaption><\/figure>\n<p><a href=\"http:\/\/www.macba.cat\/ca\/expressart-escoles-bressol-2016\" target=\"_blank\"><strong>ExpressArt. Museu port\u00e0til. Per escoles bressol\u00a0 <\/strong><\/a>\u00e9s un projecte realitzat per al MACBA l&#8217;any 2015. Actualment porta dos cursos escolars en funcionament.<\/p>\n<p>El projecte <strong>ExpressArt per a escoles bressol<\/strong> constitueix una adaptaci\u00f3 del projecte <a href=\"https:\/\/martaberrocal.org\/cat\/expressart-museu-portatil\/\">ExpressArt. Museu Port\u00e0til<\/a> per a infantil i prim\u00e0ria que va ser creat l\u2019any 2005, i de la mateixa manera que aquest, neix de considerar l\u2019art contemporani com un generador inesgotable d\u2019aprenentatges diversos i pren com a punt de partida la Col\u00b7lecci\u00f3 del MACBA.<\/p>\n<p>Est\u00e0 adre\u00e7at a infants de 2 a 3 anys i les seves mestres i educadores.<\/p>\n<p>ExpressArt s\u2019ha concebut com un <strong>projecte hol\u00edstic<\/strong> que implica totes les \u00e0rees d\u2019experi\u00e8ncia i desenvolupament en qu\u00e8 s\u2019estructura el curr\u00edculum, i que <strong>vol contribuir al desenvolupament integral dels infants.<\/strong><\/p>\n<p>ExpressArt \u00e9s un projecte absolutament <strong>flexible<\/strong> que permet adaptar-se a les necessitats dels infants, al seu grau de maduresa i habilitats i tamb\u00e9 als seus ritmes vitals. Tamb\u00e9 ha nascut amb la voluntat que cada educador que el dugui a terme se\u2019l faci seu i el desenvolupi com millor cregui, amb llibertat i sense limitacions.<\/p>\n<p>El projecte proporciona recursos per promoure a l\u2019escola activitats d\u2019exploraci\u00f3 i viv\u00e8ncies de caire l\u00fadic i creatiu que contribueixin al desenvolupament integral dels infants que hi participin, en contacte amb l\u2019art contemporani. En segon lloc el projecte proposa una visita al MACBA per veure en directe les obres d\u2019art que pr\u00e8viament hauran estat el punt de partida de les activitats desenvolupades a l\u2019aula i que tamb\u00e9 es poden continuar despr\u00e9s de la visita.<\/p>\n<p>ExpressArt vol contribuir al desenvolupament de les capacitats pr\u00f2pies dels infants d\u2019aquesta edat, estimulant les activitats que en ells s\u00f3n espont\u00e0nies i que es caracteritzen per una actitud activa d\u2019exploraci\u00f3 de tot all\u00f2 que tenen al seu abast, utilitzant les seves possibilitats motores, sensorials, emocionals , cognitives i comunicatives per con\u00e8ixer els seu entorn. En un primer moment, les activitats que es proposa desenvolupar a partir dels objectes i altres materials que formen part del projecte, tenen per objecte facilitar la interacci\u00f3 espont\u00e0nia amb aquests. Despr\u00e9s, seguint el fil de la curiositat i l\u2019 inter\u00e8s que despertin en els infants, els materials esdevenen el punt de partida per portar a terme altres activitats relacionades amb tot all\u00f2 que es consideri oport\u00fa i tamb\u00e9 amb el treball dels artistes contemporanis vinculats al projecte.<\/p>\n<p>La visita al museu en un segon moment \u00e9s clau, perqu\u00e8 obre la possibilitat de desenvolupar activitats d\u2019exploraci\u00f3 i descoberta en un espai desconegut pels infants.<\/p>\n<p><strong>L\u2019objectiu m\u00e9s important \u00e9s que tant els infants com els educadors GAUDEIXIN de l\u2019experi\u00e8ncia i del contacte amb l\u2019art contemporani, tant a trav\u00e9s de les activitats que es desenvolupin a\u00a0 l\u2019escola com en la visita al museu.<\/strong><\/p>\n<p><span style=\"color: #ff6600;\">L\u2019actualitzaci\u00f3 dels materials del projecte per al curs escolar 2016-17, corre a c\u00e0rrec de l\u2019equip d\u2019educaci\u00f3 del MACBA.<\/span><\/p>\n","protected":false},"excerpt":{"rendered":"<p>&nbsp; ExpressArt. Museu port\u00e0til. Per escoles bressol\u00a0 \u00e9s un projecte realitzat per al MACBA l&#8217;any 2015. Actualment porta dos cursos escolars en funcionament. El projecte ExpressArt per a escoles bressol constitueix una adaptaci\u00f3 del projecte ExpressArt. Museu Port\u00e0til per a infantil i prim\u00e0ria que va ser creat l\u2019any 2005, i de la mateixa manera que &hellip; <a href=\"https:\/\/martaberrocal.org\/cat\/expressart-bressol\/\" class=\"more-link\">Continua la lectura de <span class=\"screen-reader-text\">ExpressArt. Museu Port\u00e0til per escoles bressol<\/span> <span class=\"meta-nav\">&rarr;<\/span><\/a><\/p>\n","protected":false},"author":1,"featured_media":0,"parent":0,"menu_order":0,"comment_status":"closed","ping_status":"closed","template":"","meta":{"footnotes":""},"class_list":["post-99","page","type-page","status-publish","hentry"],"_links":{"self":[{"href":"https:\/\/martaberrocal.org\/cat\/wp-json\/wp\/v2\/pages\/99","targetHints":{"allow":["GET"]}}],"collection":[{"href":"https:\/\/martaberrocal.org\/cat\/wp-json\/wp\/v2\/pages"}],"about":[{"href":"https:\/\/martaberrocal.org\/cat\/wp-json\/wp\/v2\/types\/page"}],"author":[{"embeddable":true,"href":"https:\/\/martaberrocal.org\/cat\/wp-json\/wp\/v2\/users\/1"}],"replies":[{"embeddable":true,"href":"https:\/\/martaberrocal.org\/cat\/wp-json\/wp\/v2\/comments?post=99"}],"version-history":[{"count":9,"href":"https:\/\/martaberrocal.org\/cat\/wp-json\/wp\/v2\/pages\/99\/revisions"}],"predecessor-version":[{"id":2812,"href":"https:\/\/martaberrocal.org\/cat\/wp-json\/wp\/v2\/pages\/99\/revisions\/2812"}],"wp:attachment":[{"href":"https:\/\/martaberrocal.org\/cat\/wp-json\/wp\/v2\/media?parent=99"}],"curies":[{"name":"wp","href":"https:\/\/api.w.org\/{rel}","templated":true}]}}