
{"id":105,"date":"2016-05-17T16:38:47","date_gmt":"2016-05-17T16:38:47","guid":{"rendered":"http:\/\/marta.ecoresiduos.es\/?page_id=105"},"modified":"2017-03-28T20:47:42","modified_gmt":"2017-03-28T20:47:42","slug":"museo-ambulante","status":"publish","type":"page","link":"https:\/\/martaberrocal.org\/es\/museo-ambulante\/","title":{"rendered":"Museo Ambulante"},"content":{"rendered":"<p>&nbsp;<\/p>\n<figure id=\"attachment_41\" aria-describedby=\"caption-attachment-41\" style=\"width: 294px\" class=\"wp-caption alignleft\"><img loading=\"lazy\" decoding=\"async\" class=\"wp-image-41\" src=\"https:\/\/martaberrocal.org\/es\/wp-content\/uploads\/2016\/05\/Museu-Ambulant-1-e1463673336519.jpg\" alt=\"C\u00f3moda del proyecto Museo Ambulante\" width=\"294\" height=\"319\" \/><figcaption id=\"caption-attachment-41\" class=\"wp-caption-text\">C\u00f3moda del proyecto Museo Ambulante<\/figcaption><\/figure>\n<p><a href=\"http:\/\/www.blogmuseuciencies.org\/2010\/07\/el-museo-ambulant-un-exemple-de-bones-practiques\/\" target=\"_blank\"><strong>Museo Ambulante<\/strong><\/a> es un proyecto realizado para el <a href=\"http:\/\/museuciencies.cat\/es\/\" target=\"_blank\">Museo de Ciencias Naturales de Barcelona.<\/a><\/p>\n<p>El <strong>Museo Ambulante <\/strong>nace el a\u00f1o 2009 con la intenci\u00f3n de acercarse a grupos de personas que por motivos diferentes no pueden visitar el Museo de Ciencias Naturales de Barcelona (Secci\u00f3n de zoolog\u00eda). Consiste en una c\u00f3moda con ruedas, dise\u00f1ada para ser transportada con facilidad. Ofrece ocho cajones que contienen materiales para ser manipulados y estudiados (espec\u00edmenes reales, reproducciones, im\u00e1genes, instrumentos cient\u00edficos, libros, etc.), informaci\u00f3n variada y un conjunto de propuestas para desarrollar diversas actividades de manera aut\u00f3noma y flexible. Permite conocer una peque\u00f1a muestra de los contenidos del museo, as\u00ed como tambi\u00e9n algunas de las actividades cient\u00edficas y educativas que \u00e9ste lleva a cabo.<\/p>\n<p>Las im\u00e1genes que hay a continuaci\u00f3n constituyen una selecci\u00f3n de los materiales que contiene el Museo Ambulante:<\/p>\n<div id='gallery-1' class='gallery galleryid-105 gallery-columns-5 gallery-size-thumbnail'><figure class='gallery-item'>\n\t\t\t<div class='gallery-icon portrait'>\n\t\t\t\t<a href='https:\/\/martaberrocal.org\/es\/wp-content\/uploads\/2016\/05\/DSC09227-800x600-e1480970952872.jpg'><img loading=\"lazy\" decoding=\"async\" width=\"150\" height=\"150\" src=\"https:\/\/martaberrocal.org\/es\/wp-content\/uploads\/2016\/05\/DSC09227-800x600-e1480970952872-150x150.jpg\" class=\"attachment-thumbnail size-thumbnail\" alt=\"\" aria-describedby=\"gallery-1-1679\" \/><\/a>\n\t\t\t<\/div>\n\t\t\t\t<figcaption class='wp-caption-text gallery-caption' id='gallery-1-1679'>\n\t\t\t\tMuseo Ambulante\n\t\t\t\t<\/figcaption><\/figure><figure class='gallery-item'>\n\t\t\t<div class='gallery-icon landscape'>\n\t\t\t\t<a href='https:\/\/martaberrocal.org\/es\/wp-content\/uploads\/2016\/12\/Targetasplastificadas-II.jpg'><img loading=\"lazy\" decoding=\"async\" width=\"150\" height=\"150\" src=\"https:\/\/martaberrocal.org\/es\/wp-content\/uploads\/2016\/12\/Targetasplastificadas-II-150x150.jpg\" class=\"attachment-thumbnail size-thumbnail\" alt=\"\" aria-describedby=\"gallery-1-1674\" \/><\/a>\n\t\t\t<\/div>\n\t\t\t\t<figcaption class='wp-caption-text gallery-caption' id='gallery-1-1674'>\n\t\t\t\tTargetas: Clasificaci\u00f3n animal\n\t\t\t\t<\/figcaption><\/figure><figure class='gallery-item'>\n\t\t\t<div class='gallery-icon landscape'>\n\t\t\t\t<a href='https:\/\/martaberrocal.org\/es\/wp-content\/uploads\/2016\/12\/Esqueleto-marino.jpg'><img loading=\"lazy\" decoding=\"async\" width=\"150\" height=\"150\" src=\"https:\/\/martaberrocal.org\/es\/wp-content\/uploads\/2016\/12\/Esqueleto-marino-150x150.jpg\" class=\"attachment-thumbnail size-thumbnail\" alt=\"\" aria-describedby=\"gallery-1-1664\" \/><\/a>\n\t\t\t<\/div>\n\t\t\t\t<figcaption class='wp-caption-text gallery-caption' id='gallery-1-1664'>\n\t\t\t\tEsqueleto marino\n\t\t\t\t<\/figcaption><\/figure><figure class='gallery-item'>\n\t\t\t<div class='gallery-icon landscape'>\n\t\t\t\t<a href='https:\/\/martaberrocal.org\/es\/wp-content\/uploads\/2016\/12\/Cepaea-Nemoralis.jpg'><img loading=\"lazy\" decoding=\"async\" width=\"150\" height=\"150\" src=\"https:\/\/martaberrocal.org\/es\/wp-content\/uploads\/2016\/12\/Cepaea-Nemoralis-150x150.jpg\" class=\"attachment-thumbnail size-thumbnail\" alt=\"\" aria-describedby=\"gallery-1-1654\" \/><\/a>\n\t\t\t<\/div>\n\t\t\t\t<figcaption class='wp-caption-text gallery-caption' id='gallery-1-1654'>\n\t\t\t\tCepaea nemoralis\n\t\t\t\t<\/figcaption><\/figure><figure class='gallery-item'>\n\t\t\t<div class='gallery-icon landscape'>\n\t\t\t\t<a href='https:\/\/martaberrocal.org\/es\/wp-content\/uploads\/2016\/12\/Caracoles-terrestres.jpg'><img loading=\"lazy\" decoding=\"async\" width=\"150\" height=\"150\" src=\"https:\/\/martaberrocal.org\/es\/wp-content\/uploads\/2016\/12\/Caracoles-terrestres-150x150.jpg\" class=\"attachment-thumbnail size-thumbnail\" alt=\"\" aria-describedby=\"gallery-1-1653\" \/><\/a>\n\t\t\t<\/div>\n\t\t\t\t<figcaption class='wp-caption-text gallery-caption' id='gallery-1-1653'>\n\t\t\t\tCaracoles terrestres\n\t\t\t\t<\/figcaption><\/figure><figure class='gallery-item'>\n\t\t\t<div class='gallery-icon landscape'>\n\t\t\t\t<a href='https:\/\/martaberrocal.org\/es\/wp-content\/uploads\/2016\/05\/21-gener-004-800x600.jpg'><img loading=\"lazy\" decoding=\"async\" width=\"150\" height=\"150\" src=\"https:\/\/martaberrocal.org\/es\/wp-content\/uploads\/2016\/05\/21-gener-004-800x600-150x150.jpg\" class=\"attachment-thumbnail size-thumbnail\" alt=\"\" aria-describedby=\"gallery-1-1678\" \/><\/a>\n\t\t\t<\/div>\n\t\t\t\t<figcaption class='wp-caption-text gallery-caption' id='gallery-1-1678'>\n\t\t\t\tReproducciones de artr\u00f3podos\n\t\t\t\t<\/figcaption><\/figure><figure class='gallery-item'>\n\t\t\t<div class='gallery-icon landscape'>\n\t\t\t\t<a href='https:\/\/martaberrocal.org\/es\/wp-content\/uploads\/2016\/12\/Lepidopteros.jpg'><img loading=\"lazy\" decoding=\"async\" width=\"150\" height=\"150\" src=\"https:\/\/martaberrocal.org\/es\/wp-content\/uploads\/2016\/12\/Lepidopteros-150x150.jpg\" class=\"attachment-thumbnail size-thumbnail\" alt=\"\" aria-describedby=\"gallery-1-1668\" \/><\/a>\n\t\t\t<\/div>\n\t\t\t\t<figcaption class='wp-caption-text gallery-caption' id='gallery-1-1668'>\n\t\t\t\tLepid\u00f3pteros\n\t\t\t\t<\/figcaption><\/figure><figure class='gallery-item'>\n\t\t\t<div class='gallery-icon landscape'>\n\t\t\t\t<a href='https:\/\/martaberrocal.org\/es\/wp-content\/uploads\/2016\/12\/Alas-de-mariposa.jpg'><img loading=\"lazy\" decoding=\"async\" width=\"150\" height=\"150\" src=\"https:\/\/martaberrocal.org\/es\/wp-content\/uploads\/2016\/12\/Alas-de-mariposa-150x150.jpg\" class=\"attachment-thumbnail size-thumbnail\" alt=\"\" aria-describedby=\"gallery-1-1650\" \/><\/a>\n\t\t\t<\/div>\n\t\t\t\t<figcaption class='wp-caption-text gallery-caption' id='gallery-1-1650'>\n\t\t\t\tAlas de mariposa\n\t\t\t\t<\/figcaption><\/figure><figure class='gallery-item'>\n\t\t\t<div class='gallery-icon landscape'>\n\t\t\t\t<a href='https:\/\/martaberrocal.org\/es\/wp-content\/uploads\/2016\/12\/Detalle-de-ala-de-mariposa.jpg'><img loading=\"lazy\" decoding=\"async\" width=\"150\" height=\"150\" src=\"https:\/\/martaberrocal.org\/es\/wp-content\/uploads\/2016\/12\/Detalle-de-ala-de-mariposa-150x150.jpg\" class=\"attachment-thumbnail size-thumbnail\" alt=\"\" aria-describedby=\"gallery-1-1659\" \/><\/a>\n\t\t\t<\/div>\n\t\t\t\t<figcaption class='wp-caption-text gallery-caption' id='gallery-1-1659'>\n\t\t\t\tDetalle de ala de mariposa\n\t\t\t\t<\/figcaption><\/figure><figure class='gallery-item'>\n\t\t\t<div class='gallery-icon landscape'>\n\t\t\t\t<a href='https:\/\/martaberrocal.org\/es\/wp-content\/uploads\/2016\/05\/DSC08965-Copiar.jpg'><img loading=\"lazy\" decoding=\"async\" width=\"150\" height=\"150\" src=\"https:\/\/martaberrocal.org\/es\/wp-content\/uploads\/2016\/05\/DSC08965-Copiar-150x150.jpg\" class=\"attachment-thumbnail size-thumbnail\" alt=\"\" \/><\/a>\n\t\t\t<\/div><\/figure><figure class='gallery-item'>\n\t\t\t<div class='gallery-icon landscape'>\n\t\t\t\t<a href='https:\/\/martaberrocal.org\/es\/wp-content\/uploads\/2016\/05\/DSC08970-Copiar.jpg'><img loading=\"lazy\" decoding=\"async\" width=\"150\" height=\"150\" src=\"https:\/\/martaberrocal.org\/es\/wp-content\/uploads\/2016\/05\/DSC08970-Copiar-150x150.jpg\" class=\"attachment-thumbnail size-thumbnail\" alt=\"\" \/><\/a>\n\t\t\t<\/div><\/figure><figure class='gallery-item'>\n\t\t\t<div class='gallery-icon landscape'>\n\t\t\t\t<a href='https:\/\/martaberrocal.org\/es\/wp-content\/uploads\/2016\/12\/Pieles.jpg'><img loading=\"lazy\" decoding=\"async\" width=\"150\" height=\"150\" src=\"https:\/\/martaberrocal.org\/es\/wp-content\/uploads\/2016\/12\/Pieles-150x150.jpg\" class=\"attachment-thumbnail size-thumbnail\" alt=\"\" aria-describedby=\"gallery-1-1671\" \/><\/a>\n\t\t\t<\/div>\n\t\t\t\t<figcaption class='wp-caption-text gallery-caption' id='gallery-1-1671'>\n\t\t\t\tPieles\n\t\t\t\t<\/figcaption><\/figure><figure class='gallery-item'>\n\t\t\t<div class='gallery-icon landscape'>\n\t\t\t\t<a href='https:\/\/martaberrocal.org\/es\/wp-content\/uploads\/2016\/05\/DSC08995-Copiar.jpg'><img loading=\"lazy\" decoding=\"async\" width=\"150\" height=\"150\" src=\"https:\/\/martaberrocal.org\/es\/wp-content\/uploads\/2016\/05\/DSC08995-Copiar-150x150.jpg\" class=\"attachment-thumbnail size-thumbnail\" alt=\"\" aria-describedby=\"gallery-1-1683\" \/><\/a>\n\t\t\t<\/div>\n\t\t\t\t<figcaption class='wp-caption-text gallery-caption' id='gallery-1-1683'>\n\t\t\t\tDetalle piel de zorro\n\t\t\t\t<\/figcaption><\/figure><figure class='gallery-item'>\n\t\t\t<div class='gallery-icon landscape'>\n\t\t\t\t<a href='https:\/\/martaberrocal.org\/es\/wp-content\/uploads\/2016\/12\/Detalle-plumas.jpg'><img loading=\"lazy\" decoding=\"async\" width=\"150\" height=\"150\" src=\"https:\/\/martaberrocal.org\/es\/wp-content\/uploads\/2016\/12\/Detalle-plumas-150x150.jpg\" class=\"attachment-thumbnail size-thumbnail\" alt=\"\" aria-describedby=\"gallery-1-1662\" \/><\/a>\n\t\t\t<\/div>\n\t\t\t\t<figcaption class='wp-caption-text gallery-caption' id='gallery-1-1662'>\n\t\t\t\tDetalle de pluma\n\t\t\t\t<\/figcaption><\/figure><figure class='gallery-item'>\n\t\t\t<div class='gallery-icon landscape'>\n\t\t\t\t<a href='https:\/\/martaberrocal.org\/es\/wp-content\/uploads\/2016\/12\/Codorniz-naturalizada.jpg'><img loading=\"lazy\" decoding=\"async\" width=\"150\" height=\"150\" src=\"https:\/\/martaberrocal.org\/es\/wp-content\/uploads\/2016\/12\/Codorniz-naturalizada-150x150.jpg\" class=\"attachment-thumbnail size-thumbnail\" alt=\"\" aria-describedby=\"gallery-1-1655\" \/><\/a>\n\t\t\t<\/div>\n\t\t\t\t<figcaption class='wp-caption-text gallery-caption' id='gallery-1-1655'>\n\t\t\t\tCodorniz naturalizada\n\t\t\t\t<\/figcaption><\/figure><figure class='gallery-item'>\n\t\t\t<div class='gallery-icon landscape'>\n\t\t\t\t<a href='https:\/\/martaberrocal.org\/es\/wp-content\/uploads\/2016\/12\/Esqueleto-de-conejo.jpg'><img loading=\"lazy\" decoding=\"async\" width=\"150\" height=\"150\" src=\"https:\/\/martaberrocal.org\/es\/wp-content\/uploads\/2016\/12\/Esqueleto-de-conejo-150x150.jpg\" class=\"attachment-thumbnail size-thumbnail\" alt=\"\" aria-describedby=\"gallery-1-1663\" \/><\/a>\n\t\t\t<\/div>\n\t\t\t\t<figcaption class='wp-caption-text gallery-caption' id='gallery-1-1663'>\n\t\t\t\tEsqueleto de conejo\n\t\t\t\t<\/figcaption><\/figure><figure class='gallery-item'>\n\t\t\t<div class='gallery-icon landscape'>\n\t\t\t\t<a href='https:\/\/martaberrocal.org\/es\/wp-content\/uploads\/2016\/05\/DSC07443-Copiar.jpg'><img loading=\"lazy\" decoding=\"async\" width=\"150\" height=\"150\" src=\"https:\/\/martaberrocal.org\/es\/wp-content\/uploads\/2016\/05\/DSC07443-Copiar-150x150.jpg\" class=\"attachment-thumbnail size-thumbnail\" alt=\"\" aria-describedby=\"gallery-1-1687\" \/><\/a>\n\t\t\t<\/div>\n\t\t\t\t<figcaption class='wp-caption-text gallery-caption' id='gallery-1-1687'>\n\t\t\t\tEsqueleto de conejo \n\t\t\t\t<\/figcaption><\/figure><figure class='gallery-item'>\n\t\t\t<div class='gallery-icon portrait'>\n\t\t\t\t<a href='https:\/\/martaberrocal.org\/es\/wp-content\/uploads\/2016\/05\/DSC09012-Copiar.jpg'><img loading=\"lazy\" decoding=\"async\" width=\"150\" height=\"150\" src=\"https:\/\/martaberrocal.org\/es\/wp-content\/uploads\/2016\/05\/DSC09012-Copiar-150x150.jpg\" class=\"attachment-thumbnail size-thumbnail\" alt=\"\" aria-describedby=\"gallery-1-1684\" \/><\/a>\n\t\t\t<\/div>\n\t\t\t\t<figcaption class='wp-caption-text gallery-caption' id='gallery-1-1684'>\n\t\t\t\tParte de la mand\u00edbula de un tibur\u00f3n\n\t\t\t\t<\/figcaption><\/figure><figure class='gallery-item'>\n\t\t\t<div class='gallery-icon portrait'>\n\t\t\t\t<a href='https:\/\/martaberrocal.org\/es\/wp-content\/uploads\/2016\/12\/Muestras-conservadas-en-alcohol.jpg'><img loading=\"lazy\" decoding=\"async\" width=\"150\" height=\"150\" src=\"https:\/\/martaberrocal.org\/es\/wp-content\/uploads\/2016\/12\/Muestras-conservadas-en-alcohol-150x150.jpg\" class=\"attachment-thumbnail size-thumbnail\" alt=\"\" aria-describedby=\"gallery-1-1670\" \/><\/a>\n\t\t\t<\/div>\n\t\t\t\t<figcaption class='wp-caption-text gallery-caption' id='gallery-1-1670'>\n\t\t\t\tMuestras conservadas en alcohol\n\t\t\t\t<\/figcaption><\/figure><figure class='gallery-item'>\n\t\t\t<div class='gallery-icon landscape'>\n\t\t\t\t<a href='https:\/\/martaberrocal.org\/es\/wp-content\/uploads\/2016\/12\/Hormigas.jpg'><img loading=\"lazy\" decoding=\"async\" width=\"150\" height=\"150\" src=\"https:\/\/martaberrocal.org\/es\/wp-content\/uploads\/2016\/12\/Hormigas-150x150.jpg\" class=\"attachment-thumbnail size-thumbnail\" alt=\"\" aria-describedby=\"gallery-1-1667\" \/><\/a>\n\t\t\t<\/div>\n\t\t\t\t<figcaption class='wp-caption-text gallery-caption' id='gallery-1-1667'>\n\t\t\t\tHormigas\n\t\t\t\t<\/figcaption><\/figure>\n\t\t<\/div>\n\n<p>Este peque\u00f1o museo puede ser visitado y descubierto en cualquier sitio donde pueda instalarse una temporada. Se deja en pr\u00e9stamo de forma gratuita a las <strong>escuelas de adultos de los centros penitenciarios de Catalu\u00f1a<\/strong>, y desde el curso 2011-12, tambi\u00e9n a los<strong>\u00a0centros educativos de justicia juvenil<\/strong>.<\/p>\n<p>Durante los cursos escolares 2009-10 y 2010-11, el Museo Ambulante viaj\u00f3 a los siguientes centros penitenciarios:<\/p>\n<ul>\n<li>Lledoners, Girona, Figueres, Trinitat Joves, Brians II, Quatre Camins, La Model, Wad-Ras y Tarragona.<\/li>\n<\/ul>\n<p>Y el curso\u00a02011-12 a los siguientes centros de justicia juvenil:<\/p>\n<ul>\n<li>L\u2019Alzina, Can Llupi\u00e0, El Segre y \u00a0Els Til\u00b7lers.<\/li>\n<\/ul>\n<p>Tuve ocasi\u00f3n de impartir sesiones de <a href=\"https:\/\/martaberrocal.org\/es\/proyecto-museo-ambulante-escuelas-de-centros-penitenciarios-y-de-justicia-juvenil-de-cataluna\/\">formaci\u00f3n espec\u00edfica<\/a>, dirigida a los equipos de docentes que hab\u00edan pedido en pr\u00e9stamo el Museo Ambulante, y lo solicitaron. Me desplac\u00e9 en todos los casos a los centros penitenciarios para realizar la formaci\u00f3n.<\/p>\n<p>Lo que aprend\u00ed durante estas sesiones, as\u00ed como tambi\u00e9n los datos que proporcionaron las encuestas que se pasaron a los docentes para valorar el proyecto, posibilit\u00f3 darle continuaci\u00f3n con la creaci\u00f3n de nuevos materiales: <a href=\"https:\/\/martaberrocal.org\/es\/construcciones-y-constructores\">Construcciones y constructores<\/a>.<\/p>\n<p><strong>El proyecto Museo Ambulante ha recibido el <a href=\"https:\/\/martaberrocal.org\/es\/premios\">3er premio Innova <\/a>2011 y una menci\u00f3n de honor en el\u00a0I Concurso Iberoamericano de Educaci\u00f3n y Museos.<\/strong><\/p>\n<p>&nbsp;<\/p>\n","protected":false},"excerpt":{"rendered":"<p>&nbsp; Museo Ambulante es un proyecto realizado para el Museo de Ciencias Naturales de Barcelona. El Museo Ambulante nace el a\u00f1o 2009 con la intenci\u00f3n de acercarse a grupos de personas que por motivos diferentes no pueden visitar el Museo de Ciencias Naturales de Barcelona (Secci\u00f3n de zoolog\u00eda). Consiste en una c\u00f3moda con ruedas, dise\u00f1ada &hellip; <a href=\"https:\/\/martaberrocal.org\/es\/museo-ambulante\/\" class=\"more-link\">Seguir leyendo <span class=\"screen-reader-text\">Museo Ambulante<\/span> <span class=\"meta-nav\">&rarr;<\/span><\/a><\/p>\n","protected":false},"author":1,"featured_media":0,"parent":0,"menu_order":0,"comment_status":"closed","ping_status":"closed","template":"","meta":{"footnotes":""},"class_list":["post-105","page","type-page","status-publish","hentry"],"_links":{"self":[{"href":"https:\/\/martaberrocal.org\/es\/wp-json\/wp\/v2\/pages\/105","targetHints":{"allow":["GET"]}}],"collection":[{"href":"https:\/\/martaberrocal.org\/es\/wp-json\/wp\/v2\/pages"}],"about":[{"href":"https:\/\/martaberrocal.org\/es\/wp-json\/wp\/v2\/types\/page"}],"author":[{"embeddable":true,"href":"https:\/\/martaberrocal.org\/es\/wp-json\/wp\/v2\/users\/1"}],"replies":[{"embeddable":true,"href":"https:\/\/martaberrocal.org\/es\/wp-json\/wp\/v2\/comments?post=105"}],"version-history":[{"count":13,"href":"https:\/\/martaberrocal.org\/es\/wp-json\/wp\/v2\/pages\/105\/revisions"}],"predecessor-version":[{"id":2797,"href":"https:\/\/martaberrocal.org\/es\/wp-json\/wp\/v2\/pages\/105\/revisions\/2797"}],"wp:attachment":[{"href":"https:\/\/martaberrocal.org\/es\/wp-json\/wp\/v2\/media?parent=105"}],"curies":[{"name":"wp","href":"https:\/\/api.w.org\/{rel}","templated":true}]}}