
{"id":1068,"date":"2016-07-25T16:27:04","date_gmt":"2016-07-25T16:27:04","guid":{"rendered":"http:\/\/martaberrocal.org\/es\/?page_id=1068"},"modified":"2017-02-27T19:28:42","modified_gmt":"2017-02-27T19:28:42","slug":"arte-cocina-y-mercado","status":"publish","type":"page","link":"https:\/\/martaberrocal.org\/es\/arte-cocina-y-mercado\/","title":{"rendered":"Arte, cocina y mercado"},"content":{"rendered":"<p>Este apartado incluye dos cursos que resultaron\u00a0especialmente simp\u00e1ticos.<\/p>\n<p><strong>Una de las ideas que trato de defender y poner en pr\u00e1ctica es que cada profesor debe poder trabajar con sus alumnos a partir de cosas que le fascinen,<\/strong> en la medida que sea posible, porque de esta manera se contagia de forma natural el inter\u00e9s por las cosas.<\/p>\n<p>Como a m\u00ed me fascinan los mercados de todas partes y me une un v\u00ednculo emocional muy especial con el mercado de la Boquer\u00eda de Barcelona, propuse impartir un curso que relacionara el mercado con la educaci\u00f3n art\u00edstica, formando parte de la oferta de cursos de verano que organizaba el ICE de la Universidad de Barcelona.<\/p>\n<p>La iniciativa se concret\u00f3 en dos cursos diferentes en los cuales part\u00ed de la exploraci\u00f3n y el contacto con el mercado de la Boquer\u00eda para generar m\u00faltiples propuestas art\u00edsticas:<\/p>\n<ul>\n<li><strong>Formas, colores, texturas, composici\u00f3n, olores y sabores. Propuestas y experiencias creativosensitivas a partir del Mercado de la Boqueria<\/strong>.\n<ul>\n<li>Julio del 2009<\/li>\n<\/ul>\n<\/li>\n<\/ul>\n<div id='gallery-1' class='gallery galleryid-1068 gallery-columns-3 gallery-size-thumbnail'><figure class='gallery-item'>\n\t\t\t<div class='gallery-icon landscape'>\n\t\t\t\t<a href='https:\/\/martaberrocal.org\/es\/wp-content\/uploads\/2016\/07\/Esbossos-1.jpg'><img loading=\"lazy\" decoding=\"async\" width=\"150\" height=\"150\" src=\"https:\/\/martaberrocal.org\/es\/wp-content\/uploads\/2016\/07\/Esbossos-1-150x150.jpg\" class=\"attachment-thumbnail size-thumbnail\" alt=\"\" aria-describedby=\"gallery-1-1078\" \/><\/a>\n\t\t\t<\/div>\n\t\t\t\t<figcaption class='wp-caption-text gallery-caption' id='gallery-1-1078'>\n\t\t\t\tEsbozos 1\n\t\t\t\t<\/figcaption><\/figure><figure class='gallery-item'>\n\t\t\t<div class='gallery-icon landscape'>\n\t\t\t\t<a href='https:\/\/martaberrocal.org\/es\/wp-content\/uploads\/2016\/07\/Esbossos-2.jpg'><img loading=\"lazy\" decoding=\"async\" width=\"150\" height=\"150\" src=\"https:\/\/martaberrocal.org\/es\/wp-content\/uploads\/2016\/07\/Esbossos-2-150x150.jpg\" class=\"attachment-thumbnail size-thumbnail\" alt=\"\" aria-describedby=\"gallery-1-1079\" \/><\/a>\n\t\t\t<\/div>\n\t\t\t\t<figcaption class='wp-caption-text gallery-caption' id='gallery-1-1079'>\n\t\t\t\tEsbozos 2\n\t\t\t\t<\/figcaption><\/figure><figure class='gallery-item'>\n\t\t\t<div class='gallery-icon portrait'>\n\t\t\t\t<a href='https:\/\/martaberrocal.org\/es\/wp-content\/uploads\/2016\/07\/Esbossos-3.jpg'><img loading=\"lazy\" decoding=\"async\" width=\"150\" height=\"150\" src=\"https:\/\/martaberrocal.org\/es\/wp-content\/uploads\/2016\/07\/Esbossos-3-150x150.jpg\" class=\"attachment-thumbnail size-thumbnail\" alt=\"\" aria-describedby=\"gallery-1-1080\" \/><\/a>\n\t\t\t<\/div>\n\t\t\t\t<figcaption class='wp-caption-text gallery-caption' id='gallery-1-1080'>\n\t\t\t\tEsbozos 3\n\t\t\t\t<\/figcaption><\/figure><figure class='gallery-item'>\n\t\t\t<div class='gallery-icon portrait'>\n\t\t\t\t<a href='https:\/\/martaberrocal.org\/es\/wp-content\/uploads\/2016\/07\/Coctel-1.jpg'><img loading=\"lazy\" decoding=\"async\" width=\"150\" height=\"150\" src=\"https:\/\/martaberrocal.org\/es\/wp-content\/uploads\/2016\/07\/Coctel-1-150x150.jpg\" class=\"attachment-thumbnail size-thumbnail\" alt=\"\" aria-describedby=\"gallery-1-1098\" \/><\/a>\n\t\t\t<\/div>\n\t\t\t\t<figcaption class='wp-caption-text gallery-caption' id='gallery-1-1098'>\n\t\t\t\tC\u00f3ctel 1\n\t\t\t\t<\/figcaption><\/figure><figure class='gallery-item'>\n\t\t\t<div class='gallery-icon portrait'>\n\t\t\t\t<a href='https:\/\/martaberrocal.org\/es\/wp-content\/uploads\/2016\/07\/Coctel-2.jpg'><img loading=\"lazy\" decoding=\"async\" width=\"150\" height=\"150\" src=\"https:\/\/martaberrocal.org\/es\/wp-content\/uploads\/2016\/07\/Coctel-2-150x150.jpg\" class=\"attachment-thumbnail size-thumbnail\" alt=\"\" aria-describedby=\"gallery-1-1099\" \/><\/a>\n\t\t\t<\/div>\n\t\t\t\t<figcaption class='wp-caption-text gallery-caption' id='gallery-1-1099'>\n\t\t\t\tC\u00f3ctel 2\n\t\t\t\t<\/figcaption><\/figure><figure class='gallery-item'>\n\t\t\t<div class='gallery-icon landscape'>\n\t\t\t\t<a href='https:\/\/martaberrocal.org\/es\/wp-content\/uploads\/2016\/07\/Entrants.jpg'><img loading=\"lazy\" decoding=\"async\" width=\"150\" height=\"150\" src=\"https:\/\/martaberrocal.org\/es\/wp-content\/uploads\/2016\/07\/Entrants-150x150.jpg\" class=\"attachment-thumbnail size-thumbnail\" alt=\"\" aria-describedby=\"gallery-1-1077\" \/><\/a>\n\t\t\t<\/div>\n\t\t\t\t<figcaption class='wp-caption-text gallery-caption' id='gallery-1-1077'>\n\t\t\t\tEntrantes \n\t\t\t\t<\/figcaption><\/figure>\n\t\t<\/div>\n\n<p>Estas im\u00e1genes ilustran alguna de las actividades llevadas a cabo por el profesorado asistente al curso.<\/p>\n<ul>\n<li><strong>Men\u00fas de Educaci\u00f3n Visual y Pl\u00e0stica. Propuestas sensitivas de expresi\u00f3n y cocina.<\/strong>\n<ul>\n<li>Julio del 2006<\/li>\n<\/ul>\n<\/li>\n<\/ul>\n<div id='gallery-2' class='gallery galleryid-1068 gallery-columns-3 gallery-size-thumbnail'><figure class='gallery-item'>\n\t\t\t<div class='gallery-icon portrait'>\n\t\t\t\t<a href='https:\/\/martaberrocal.org\/es\/wp-content\/uploads\/2016\/07\/Pitahaya.jpg'><img loading=\"lazy\" decoding=\"async\" width=\"150\" height=\"150\" src=\"https:\/\/martaberrocal.org\/es\/wp-content\/uploads\/2016\/07\/Pitahaya-150x150.jpg\" class=\"attachment-thumbnail size-thumbnail\" alt=\"\" aria-describedby=\"gallery-2-1095\" \/><\/a>\n\t\t\t<\/div>\n\t\t\t\t<figcaption class='wp-caption-text gallery-caption' id='gallery-2-1095'>\n\t\t\t\tPitahaya\n\t\t\t\t<\/figcaption><\/figure><figure class='gallery-item'>\n\t\t\t<div class='gallery-icon portrait'>\n\t\t\t\t<a href='https:\/\/martaberrocal.org\/es\/wp-content\/uploads\/2016\/07\/Bolet.jpg'><img loading=\"lazy\" decoding=\"async\" width=\"150\" height=\"150\" src=\"https:\/\/martaberrocal.org\/es\/wp-content\/uploads\/2016\/07\/Bolet-150x150.jpg\" class=\"attachment-thumbnail size-thumbnail\" alt=\"\" aria-describedby=\"gallery-2-1088\" \/><\/a>\n\t\t\t<\/div>\n\t\t\t\t<figcaption class='wp-caption-text gallery-caption' id='gallery-2-1088'>\n\t\t\t\tBoletus\n\t\t\t\t<\/figcaption><\/figure><figure class='gallery-item'>\n\t\t\t<div class='gallery-icon landscape'>\n\t\t\t\t<a href='https:\/\/martaberrocal.org\/es\/wp-content\/uploads\/2016\/07\/Caqui.jpg'><img loading=\"lazy\" decoding=\"async\" width=\"150\" height=\"150\" src=\"https:\/\/martaberrocal.org\/es\/wp-content\/uploads\/2016\/07\/Caqui-150x150.jpg\" class=\"attachment-thumbnail size-thumbnail\" alt=\"\" aria-describedby=\"gallery-2-1089\" \/><\/a>\n\t\t\t<\/div>\n\t\t\t\t<figcaption class='wp-caption-text gallery-caption' id='gallery-2-1089'>\n\t\t\t\tCaqui\n\t\t\t\t<\/figcaption><\/figure><figure class='gallery-item'>\n\t\t\t<div class='gallery-icon portrait'>\n\t\t\t\t<a href='https:\/\/martaberrocal.org\/es\/wp-content\/uploads\/2016\/07\/Tallarines-bicolor.jpg'><img loading=\"lazy\" decoding=\"async\" width=\"150\" height=\"150\" src=\"https:\/\/martaberrocal.org\/es\/wp-content\/uploads\/2016\/07\/Tallarines-bicolor-150x150.jpg\" class=\"attachment-thumbnail size-thumbnail\" alt=\"\" aria-describedby=\"gallery-2-1096\" \/><\/a>\n\t\t\t<\/div>\n\t\t\t\t<figcaption class='wp-caption-text gallery-caption' id='gallery-2-1096'>\n\t\t\t\tTallarines bicolor\n\t\t\t\t<\/figcaption><\/figure><figure class='gallery-item'>\n\t\t\t<div class='gallery-icon portrait'>\n\t\t\t\t<a href='https:\/\/martaberrocal.org\/es\/wp-content\/uploads\/2016\/07\/Confite-de-atardecer.jpg'><img loading=\"lazy\" decoding=\"async\" width=\"150\" height=\"150\" src=\"https:\/\/martaberrocal.org\/es\/wp-content\/uploads\/2016\/07\/Confite-de-atardecer-150x150.jpg\" class=\"attachment-thumbnail size-thumbnail\" alt=\"\" aria-describedby=\"gallery-2-1091\" \/><\/a>\n\t\t\t<\/div>\n\t\t\t\t<figcaption class='wp-caption-text gallery-caption' id='gallery-2-1091'>\n\t\t\t\tConfite de atardecer\n\t\t\t\t<\/figcaption><\/figure><figure class='gallery-item'>\n\t\t\t<div class='gallery-icon portrait'>\n\t\t\t\t<a href='https:\/\/martaberrocal.org\/es\/wp-content\/uploads\/2016\/07\/Milfulles.jpg'><img loading=\"lazy\" decoding=\"async\" width=\"150\" height=\"150\" src=\"https:\/\/martaberrocal.org\/es\/wp-content\/uploads\/2016\/07\/Milfulles-150x150.jpg\" class=\"attachment-thumbnail size-thumbnail\" alt=\"\" aria-describedby=\"gallery-2-1094\" \/><\/a>\n\t\t\t<\/div>\n\t\t\t\t<figcaption class='wp-caption-text gallery-caption' id='gallery-2-1094'>\n\t\t\t\tMilhojas\n\t\t\t\t<\/figcaption><\/figure>\n\t\t<\/div>\n\n<p>Estas im\u00e1genes son de algunos de los trabajos realizados por el profesorado, durante el curso.<\/p>\n<p>&nbsp;<\/p>\n","protected":false},"excerpt":{"rendered":"<p>Este apartado incluye dos cursos que resultaron\u00a0especialmente simp\u00e1ticos. Una de las ideas que trato de defender y poner en pr\u00e1ctica es que cada profesor debe poder trabajar con sus alumnos a partir de cosas que le fascinen, en la medida que sea posible, porque de esta manera se contagia de forma natural el inter\u00e9s por &hellip; <a href=\"https:\/\/martaberrocal.org\/es\/arte-cocina-y-mercado\/\" class=\"more-link\">Seguir leyendo <span class=\"screen-reader-text\">Arte, cocina y mercado<\/span> <span class=\"meta-nav\">&rarr;<\/span><\/a><\/p>\n","protected":false},"author":1,"featured_media":0,"parent":0,"menu_order":0,"comment_status":"closed","ping_status":"closed","template":"","meta":{"footnotes":""},"class_list":["post-1068","page","type-page","status-publish","hentry"],"_links":{"self":[{"href":"https:\/\/martaberrocal.org\/es\/wp-json\/wp\/v2\/pages\/1068","targetHints":{"allow":["GET"]}}],"collection":[{"href":"https:\/\/martaberrocal.org\/es\/wp-json\/wp\/v2\/pages"}],"about":[{"href":"https:\/\/martaberrocal.org\/es\/wp-json\/wp\/v2\/types\/page"}],"author":[{"embeddable":true,"href":"https:\/\/martaberrocal.org\/es\/wp-json\/wp\/v2\/users\/1"}],"replies":[{"embeddable":true,"href":"https:\/\/martaberrocal.org\/es\/wp-json\/wp\/v2\/comments?post=1068"}],"version-history":[{"count":13,"href":"https:\/\/martaberrocal.org\/es\/wp-json\/wp\/v2\/pages\/1068\/revisions"}],"predecessor-version":[{"id":2494,"href":"https:\/\/martaberrocal.org\/es\/wp-json\/wp\/v2\/pages\/1068\/revisions\/2494"}],"wp:attachment":[{"href":"https:\/\/martaberrocal.org\/es\/wp-json\/wp\/v2\/media?parent=1068"}],"curies":[{"name":"wp","href":"https:\/\/api.w.org\/{rel}","templated":true}]}}