
{"id":1121,"date":"2016-08-02T15:47:32","date_gmt":"2016-08-02T15:47:32","guid":{"rendered":"http:\/\/martaberrocal.org\/es\/?page_id=1121"},"modified":"2017-05-30T10:21:37","modified_gmt":"2017-05-30T10:21:37","slug":"educacion-socio-sanitaria-2","status":"publish","type":"page","link":"https:\/\/martaberrocal.org\/es\/educacion-socio-sanitaria-2\/","title":{"rendered":"Educaci\u00f3n socio-sanitaria"},"content":{"rendered":"<p><img loading=\"lazy\" decoding=\"async\" class=\"alignleft wp-image-1178 size-medium\" src=\"https:\/\/martaberrocal.org\/es\/wp-content\/uploads\/2016\/08\/DSC03783-Copiar-175x300.jpg\" alt=\"DSC03783 (Copiar)\" width=\"175\" height=\"300\" srcset=\"https:\/\/martaberrocal.org\/es\/wp-content\/uploads\/2016\/08\/DSC03783-Copiar-175x300.jpg 175w, https:\/\/martaberrocal.org\/es\/wp-content\/uploads\/2016\/08\/DSC03783-Copiar.jpg 280w\" sizes=\"auto, (max-width: 175px) 100vw, 175px\" \/><\/p>\n<p>Proyecto <strong>KITSCAIXA HOSPITALES<\/strong>. Obra Social \u00abla Caixa\u00bb<\/p>\n<p>&nbsp;<\/p>\n<p>Participo en este proyecto colaborando con Toni Cirera en la conceptualizaci\u00f3n del material did\u00e1ctico del <strong>KitsCaixa Hospital<\/strong> del <strong>Proyecto CiberCaixa Hospitalarias<\/strong>. Este proyecto se inscribe dentro de las iniciativas que la Obra Social \u201cla Caixa\u201d lleva a cabo en colaboraci\u00f3n con las Consejer\u00edas de Sanidad de las diferentes comunidades aut\u00f3nomas.<\/p>\n<p>Las <strong>CiberCaixa Hospitalarias<\/strong> son espacios situados en los hospitales dise\u00f1ados espec\u00edficamente para que los ni\u00f1os y ni\u00f1as puedan relacionarse entre\u00a0s\u00ed y con sus familiares, en un entorno de entretenimiento, comunicaci\u00f3n y aprendizaje. Intentan contribuir a reducir el impacto de la hospitalizaci\u00f3n tanto en los menores como en sus familias.<\/p>\n<p>Las CiberCaixa Hospitalarias ofrecen:<\/p>\n<ul>\n<li><strong>Un espacio espec\u00edfico\u00a0donde los peque\u00f1os pueden conectarse a internet<\/strong>\u00a0y divertirse con programas educativos, interactivos y juegos. Los ni\u00f1os que no pueden desplazarse a la CiberCaixa disponen de ordenadores port\u00e1tiles que pueden utilizar en su habitaci\u00f3n.<\/li>\n<li><strong>Una zona destinada a la lectura y a los audiovisuales<\/strong>, con libros, v\u00eddeos y DVD para ni\u00f1os y familiares.<\/li>\n<li><strong>Actividades espec\u00edficas de ocio y formaci\u00f3n<\/strong> que los ni\u00f1os pueden realizar solos o con la participaci\u00f3n de un adulto.<\/li>\n<\/ul>\n<p><img loading=\"lazy\" decoding=\"async\" class=\"aligncenter wp-image-1179 size-medium\" src=\"https:\/\/martaberrocal.org\/es\/wp-content\/uploads\/2016\/08\/DSC03785-Copiar-210x300.jpg\" alt=\"DSC03785 (Copiar)\" width=\"210\" height=\"300\" srcset=\"https:\/\/martaberrocal.org\/es\/wp-content\/uploads\/2016\/08\/DSC03785-Copiar-210x300.jpg 210w, https:\/\/martaberrocal.org\/es\/wp-content\/uploads\/2016\/08\/DSC03785-Copiar.jpg 336w\" sizes=\"auto, (max-width: 210px) 100vw, 210px\" \/><\/p>\n<p>El <strong>kitsCaixa Hospital<\/strong> forma parte de los materiales que las Cibercaixas ponen a disposici\u00f3n de ni\u00f1os y adultos para llevar a cabo actividades de ocio y formaci\u00f3n. Consta de seis cajas tem\u00e1ticas: Hospital, Letras, Detectives, Magia, M\u00fasica y Hadas.<\/p>\n<p>Yo colabor\u00e9 exclusivamente en la conceptualizaci\u00f3n de la caja <strong>Hospital<\/strong>. \u00c9sta tiene un objetivo a\u00f1adido al de promover el juego y el entretenimiento. <strong>Pretende tambi\u00e9n facilitar a los ni\u00f1os el conocimiento de algunos de los protocolos, pruebas, situaciones, etc. que pueden vivir durante la hospitalizaci\u00f3n, con el fin de reducir sus miedos y dudas y favorecer su resiliencia ante las situaciones que se vean obligados a afrontar.<\/strong><\/p>\n<p>El KitCaixa Hospital fue producido por la empresa Materials Educatius en 2006. Durante los dos a\u00f1os posteriores tuve ocasi\u00f3n de impartir<a href=\"https:\/\/martaberrocal.org\/es\/?page_id=1168\"> formaci\u00f3n a los diversos equipos de voluntarios que dinamizan las cibercaixas hospitalarias.<\/a><\/p>\n<p>&nbsp;<\/p>\n<p>&nbsp;<\/p>\n<p>&nbsp;<\/p>\n","protected":false},"excerpt":{"rendered":"<p>Proyecto KITSCAIXA HOSPITALES. Obra Social \u00abla Caixa\u00bb &nbsp; Participo en este proyecto colaborando con Toni Cirera en la conceptualizaci\u00f3n del material did\u00e1ctico del KitsCaixa Hospital del Proyecto CiberCaixa Hospitalarias. Este proyecto se inscribe dentro de las iniciativas que la Obra Social \u201cla Caixa\u201d lleva a cabo en colaboraci\u00f3n con las Consejer\u00edas de Sanidad de las &hellip; <a href=\"https:\/\/martaberrocal.org\/es\/educacion-socio-sanitaria-2\/\" class=\"more-link\">Seguir leyendo <span class=\"screen-reader-text\">Educaci\u00f3n socio-sanitaria<\/span> <span class=\"meta-nav\">&rarr;<\/span><\/a><\/p>\n","protected":false},"author":1,"featured_media":0,"parent":0,"menu_order":0,"comment_status":"closed","ping_status":"closed","template":"","meta":{"footnotes":""},"class_list":["post-1121","page","type-page","status-publish","hentry"],"_links":{"self":[{"href":"https:\/\/martaberrocal.org\/es\/wp-json\/wp\/v2\/pages\/1121","targetHints":{"allow":["GET"]}}],"collection":[{"href":"https:\/\/martaberrocal.org\/es\/wp-json\/wp\/v2\/pages"}],"about":[{"href":"https:\/\/martaberrocal.org\/es\/wp-json\/wp\/v2\/types\/page"}],"author":[{"embeddable":true,"href":"https:\/\/martaberrocal.org\/es\/wp-json\/wp\/v2\/users\/1"}],"replies":[{"embeddable":true,"href":"https:\/\/martaberrocal.org\/es\/wp-json\/wp\/v2\/comments?post=1121"}],"version-history":[{"count":13,"href":"https:\/\/martaberrocal.org\/es\/wp-json\/wp\/v2\/pages\/1121\/revisions"}],"predecessor-version":[{"id":3365,"href":"https:\/\/martaberrocal.org\/es\/wp-json\/wp\/v2\/pages\/1121\/revisions\/3365"}],"wp:attachment":[{"href":"https:\/\/martaberrocal.org\/es\/wp-json\/wp\/v2\/media?parent=1121"}],"curies":[{"name":"wp","href":"https:\/\/api.w.org\/{rel}","templated":true}]}}