
{"id":1149,"date":"2016-08-05T09:20:48","date_gmt":"2016-08-05T09:20:48","guid":{"rendered":"http:\/\/martaberrocal.org\/es\/?page_id=1149"},"modified":"2017-02-23T21:10:43","modified_gmt":"2017-02-23T21:10:43","slug":"fundacion-pere-closa-para-la-formacion-y-la-promocion-del-pueblo-gitano-en-cataluna","status":"publish","type":"page","link":"https:\/\/martaberrocal.org\/es\/fundacion-pere-closa-para-la-formacion-y-la-promocion-del-pueblo-gitano-en-cataluna\/","title":{"rendered":"Fundaci\u00f3 Pere Closa para la formaci\u00f3n y la promoci\u00f3n del pueblo gitano en Catalu\u00f1a"},"content":{"rendered":"<p>&nbsp;<\/p>\n<p>Llegu\u00e9 a la <a href=\"http:\/\/www.fundaciopereclosa.org\/es\/home\" target=\"_blank\">Fundaci\u00f3 Pere Closa<\/a> despu\u00e9s de haber estado trabajando en el programa de la <a href=\"https:\/\/martaberrocal.org\/es\/?page_id=1146\">Renta M\u00ednima<\/a> como docente y haber tenido la ocasi\u00f3n de relacionarme con hombres y mujeres de etnia gitana. Fue una experiencia de la que disfrut\u00e9 enormemente y motiv\u00f3 mi inter\u00e9s y deseo por trabajar codo a codo con el pueblo gitano.<\/p>\n<p><strong>La Fundaci\u00f3n <\/strong><strong>tiene como objetivos principales la formaci\u00f3n y la promoci\u00f3n del pueblo gitano en Catalu\u00f1a<\/strong>. Centra su labor en el apoyo a la formaci\u00f3n de ni\u00f1os y j\u00f3venes gitanos y vela por una imagen positiva del pueblo gitano, y por preservar su legado cultural y darlo a conocer a toda la sociedad. <strong>Dos cosas los legitima para hacerlo: ser gitanos<\/strong>, que les posibilita establecer un v\u00ednculo real y consistente con las familias gitanas, <strong>y su formaci\u00f3n<\/strong>, que les permite dise\u00f1ar e implementar el proyecto.<\/p>\n<p>Me incorpor\u00e9 al equipo de la Fundaci\u00f3n en octubre de 2001 como t\u00e9cnico docente, con un objetivo muy concreto: implementar en Hospitalet de Llobregat el proyecto <strong><em>Siklavipen Savoren\u00e7a<\/em><\/strong> <b>(Educaci\u00f3n con todos<\/b>), que en aquel momento se llevaba a cabo en Badalona (zona sur), Sant Adri\u00e0 (la Mina), y Barcelona (Bes\u00f3s-Maresme y Zona Franca).<\/p>\n<p>El proyecto <strong><em>Siklavipen Savoren\u00e7a<\/em><\/strong> tiene un car\u00e1cter socioeducativo y est\u00e1 dirigido a la poblaci\u00f3n gitana. <strong>Persigue el \u00e9xito escolar de los ni\u00f1os y j\u00f3venes gitanos <\/strong>y para lograrlo se trabaja con las familias, los ni\u00f1os y j\u00f3venes y con los centros educativos donde cursan sus estudios. Tambi\u00e9n con algunas entidades o servicios de los barrios donde est\u00e1 implantado.<\/p>\n<p>Trabajar conjuntamente con familias, ni\u00f1os y escuelas posibilita tejer una red de relaciones que refuerza el sentido del proyecto.\u00a0 Tambi\u00e9n lo refuerza el hecho de que el equipo de trabajo lo form\u00e1ramos Mercedes Porras, gitana, licenciada en historia del arte y miembro de la fundaci\u00f3n, y yo misma. Combin\u00e1bamos nuestras funciones como mediadoras interculturales y docentes. Nos encargamos de contactar con los centros educativos del barrio de la Florida en Hospitalet de Llobregat para ofrecer clases de refuerzo y seguimiento escolar a los ni\u00f1os gitanos. Conseguimos que una entidad social del barrio nos cediera un espacio para poder impartir clases de refuerzo. Constituimos un peque\u00f1o grupo de ni\u00f1os y ni\u00f1as gitanas, escolarizados en varios centros diferentes, todos en primaria y empezamos las clases y los contactos constantes con las familias y con sus profesores para hacer un seguimiento y trazar planes de refuerzo personalizado que contribuyeran al \u00e9xito escolar de los ni\u00f1os y a la satisfacci\u00f3n de familias y escuelas por los logros conseguidos con el trabajo en equipo.<\/p>\n<p>El proyecto fue creciendo y se incorporaron m\u00e1s ni\u00f1os, familias y escuelas.<\/p>\n<p>Dej\u00e9 la Fundaci\u00f3n en Julio de 2003. El proyecto sigue actualmente funcionando, despu\u00e9s de 15 a\u00f1os de haber tenido el privilegio de participar en su puesta en marcha. Aprend\u00ed much\u00edsimo durante mi paso por la Fundaci\u00f3n. Fue un trabajo dif\u00edcil y complejo, plagado de retos que tratamos de superar con ilusi\u00f3n, esfuerzo y buen humor.<\/p>\n<p>A pesar de haber dejado la Fundaci\u00f3n, no he abandonado el contacto con los que fueron mis compa\u00f1eros y jefes gitanos. Fueron dos a\u00f1os de entra\u00f1able relaci\u00f3n y eso nos ha llevado a seguir colaborando cuando ha surgido la ocasi\u00f3n. \u00a0\u00a0(Ver el apartado de <a href=\"https:\/\/martaberrocal.org\/es\/?page_id=242\">materiales did\u00e1cticos<\/a>, relativo a Publicaciones)<\/p>\n","protected":false},"excerpt":{"rendered":"<p>&nbsp; Llegu\u00e9 a la Fundaci\u00f3 Pere Closa despu\u00e9s de haber estado trabajando en el programa de la Renta M\u00ednima como docente y haber tenido la ocasi\u00f3n de relacionarme con hombres y mujeres de etnia gitana. Fue una experiencia de la que disfrut\u00e9 enormemente y motiv\u00f3 mi inter\u00e9s y deseo por trabajar codo a codo con &hellip; <a href=\"https:\/\/martaberrocal.org\/es\/fundacion-pere-closa-para-la-formacion-y-la-promocion-del-pueblo-gitano-en-cataluna\/\" class=\"more-link\">Seguir leyendo <span class=\"screen-reader-text\">Fundaci\u00f3 Pere Closa para la formaci\u00f3n y la promoci\u00f3n del pueblo gitano en Catalu\u00f1a<\/span> <span class=\"meta-nav\">&rarr;<\/span><\/a><\/p>\n","protected":false},"author":1,"featured_media":0,"parent":0,"menu_order":0,"comment_status":"closed","ping_status":"closed","template":"","meta":{"footnotes":""},"class_list":["post-1149","page","type-page","status-publish","hentry"],"_links":{"self":[{"href":"https:\/\/martaberrocal.org\/es\/wp-json\/wp\/v2\/pages\/1149","targetHints":{"allow":["GET"]}}],"collection":[{"href":"https:\/\/martaberrocal.org\/es\/wp-json\/wp\/v2\/pages"}],"about":[{"href":"https:\/\/martaberrocal.org\/es\/wp-json\/wp\/v2\/types\/page"}],"author":[{"embeddable":true,"href":"https:\/\/martaberrocal.org\/es\/wp-json\/wp\/v2\/users\/1"}],"replies":[{"embeddable":true,"href":"https:\/\/martaberrocal.org\/es\/wp-json\/wp\/v2\/comments?post=1149"}],"version-history":[{"count":6,"href":"https:\/\/martaberrocal.org\/es\/wp-json\/wp\/v2\/pages\/1149\/revisions"}],"predecessor-version":[{"id":2441,"href":"https:\/\/martaberrocal.org\/es\/wp-json\/wp\/v2\/pages\/1149\/revisions\/2441"}],"wp:attachment":[{"href":"https:\/\/martaberrocal.org\/es\/wp-json\/wp\/v2\/media?parent=1149"}],"curies":[{"name":"wp","href":"https:\/\/api.w.org\/{rel}","templated":true}]}}