
{"id":1153,"date":"2016-08-05T09:21:51","date_gmt":"2016-08-05T09:21:51","guid":{"rendered":"http:\/\/martaberrocal.org\/es\/?page_id=1153"},"modified":"2017-02-27T11:29:36","modified_gmt":"2017-02-27T11:29:36","slug":"proyecto-museo-ambulante-escuelas-de-centros-penitenciarios-y-de-justicia-juvenil-de-cataluna","status":"publish","type":"page","link":"https:\/\/martaberrocal.org\/es\/proyecto-museo-ambulante-escuelas-de-centros-penitenciarios-y-de-justicia-juvenil-de-cataluna\/","title":{"rendered":"Proyecto Museo Ambulante. Escuelas de centros penitenciarios y centros educativos de justicia juvenil de Catalu\u00f1a"},"content":{"rendered":"<p>&nbsp;<\/p>\n<figure id=\"attachment_1679\" aria-describedby=\"caption-attachment-1679\" style=\"width: 201px\" class=\"wp-caption alignright\"><img loading=\"lazy\" decoding=\"async\" class=\"wp-image-1679\" src=\"https:\/\/martaberrocal.org\/es\/wp-content\/uploads\/2016\/05\/DSC09227-800x600-e1480970952872-277x300.jpg\" width=\"201\" height=\"218\" srcset=\"https:\/\/martaberrocal.org\/es\/wp-content\/uploads\/2016\/05\/DSC09227-800x600-e1480970952872-277x300.jpg 277w, https:\/\/martaberrocal.org\/es\/wp-content\/uploads\/2016\/05\/DSC09227-800x600-e1480970952872.jpg 442w\" sizes=\"auto, (max-width: 201px) 100vw, 201px\" \/><figcaption id=\"caption-attachment-1679\" class=\"wp-caption-text\">C\u00f3moda del proyecto <strong>Museo Ambulante<\/strong>. MCNB<\/figcaption><\/figure>\n<p>&nbsp;<\/p>\n<p>En 2009 conceptualic\u00e9 y produje el proyecto <strong><a href=\"https:\/\/martaberrocal.org\/es\/?page_id=105\">Museo Ambulante<\/a><\/strong>, para el Museo de Ciencias Naturales de Barcelona. Est\u00e1 dirigido a <span style=\"color: #ff6600;\">escuelas de adultos de los centros penitenciarios de Catalu\u00f1a<\/span>, y desde el curso 2011-12, tambi\u00e9n a <span style=\"color: #ff6600;\">los centros educativos de justicia juvenil. <\/span><\/p>\n<p><strong><span lang=\"ES\">Su objetivo es acercar los contenidos cient\u00edficos del museo a las persones que a causa de su reclusi\u00f3n no pueden visitarlo. Propone desarrollar actividades diversas partiendo de los materiales did\u00e1cticos que contiene, de una manera flexible, integradora, creativa e innovadora. Tambi\u00e9n pone \u00e9nfasis en la observaci\u00f3n directa y la manipulaci\u00f3n, la reflexi\u00f3n y el di\u00e1logo, con la intenci\u00f3n de potenciar la curiosidad y el deseo de aprender.<\/span><\/strong><span lang=\"ES\"><span style=\"color: #000000; font-family: Calibri;\">\u00a0<\/span><\/span>Se deja en pr\u00e9stamo de forma gratuita a los centros que lo solicitan.<\/p>\n<p>Present\u00e9 el<strong> Museo Ambulante<\/strong> en el Museo de Ciencias Naturales de Barcelona, en una sesi\u00f3n dirigida a jefes de estudio y otros representantes y profesionales de los centros penitenciarios de toda Catalu\u00f1a y tambi\u00e9n a todas las personas del museo que colaboraron en el proyecto (t\u00e9cnicos, conservadores, taxidermistas, educadores, etc.)<\/p>\n<p>Tambi\u00e9n se consider\u00f3 importante ofrecer una sesi\u00f3n de formaci\u00f3n a los centros que tuvieran inter\u00e9s en utilizarlo, con el objetivo de que los equipos docentes pudieran conocer de primera mano los objetivos del proyecto, as\u00ed como los materiales y las actividades que propone llevar a cabo. Ello posibilit\u00f3 que me desplazara a la mayor parte de centros que pidieron en pr\u00e9stamo el Museo Ambulante y conociera a una buena parte de los profesionales de la educaci\u00f3n que trabajan en ellos.<\/p>\n<p>Entrar en estos centros a impartir formaci\u00f3n es una experiencia inolvidable. Disfrut\u00e9 much\u00edsimo de la oportunidad de transitar y conocer espacios poco visibles para la sociedad en general y del contacto con los profesionales. Capt\u00e9 todo tipo de emociones en ellos. Especialmente agradecimiento, por la cantidad, variedad, flexibilidad y originalidad de los recursos que aportaba el proyecto.<\/p>\n<p>Lo que percib\u00ed y escuch\u00e9 en el transcurso de estas sesiones, en las cuales tambi\u00e9n tuve ocasi\u00f3n de conocer a algunos internos, constituy\u00f3 una informaci\u00f3n muy valiosa que me ayud\u00f3 tres a\u00f1os m\u00e1s tarde a conceptualizar y producir un nuevo proyecto dirigido al mismo p\u00fablico: <a href=\"https:\/\/martaberrocal.org\/es\/?page_id=1488\">Construcciones y constructores<\/a>.<\/p>\n<p><img loading=\"lazy\" decoding=\"async\" class=\"wp-image-40\" src=\"https:\/\/martaberrocal.org\/es\/wp-content\/uploads\/2016\/05\/maleti-CC-300x191.png\" alt=\"Malet\u00edn del proyecto Constructores y Construcciones. MCNB\" width=\"180\" height=\"115\" srcset=\"https:\/\/martaberrocal.org\/es\/wp-content\/uploads\/2016\/05\/maleti-CC-300x191.png 300w, https:\/\/martaberrocal.org\/es\/wp-content\/uploads\/2016\/05\/maleti-CC.png 684w\" sizes=\"auto, (max-width: 180px) 100vw, 180px\" \/><\/p>\n<p>Durante los cursos escolares 2009-2010 y 2010-2011 realic\u00e9 sesiones de formaci\u00f3n en los centros penitenciarios:<\/p>\n<ul>\n<li>Lledoners<\/li>\n<li>Brians II<\/li>\n<li>Quatre camins<\/li>\n<li>La Model<\/li>\n<li>Wad Ras<\/li>\n<li>Tarragona<\/li>\n<\/ul>\n<p>Y el curso siguiente en los centros educativos de justicia juvenil:<\/p>\n<ul>\n<li>L\u2019Alzina<\/li>\n<li>Can Llupi\u00e0<\/li>\n<li>El Segre<\/li>\n<li>Els Til\u00b7lers<\/li>\n<\/ul>\n","protected":false},"excerpt":{"rendered":"<p>&nbsp; &nbsp; En 2009 conceptualic\u00e9 y produje el proyecto Museo Ambulante, para el Museo de Ciencias Naturales de Barcelona. Est\u00e1 dirigido a escuelas de adultos de los centros penitenciarios de Catalu\u00f1a, y desde el curso 2011-12, tambi\u00e9n a los centros educativos de justicia juvenil. Su objetivo es acercar los contenidos cient\u00edficos del museo a las &hellip; <a href=\"https:\/\/martaberrocal.org\/es\/proyecto-museo-ambulante-escuelas-de-centros-penitenciarios-y-de-justicia-juvenil-de-cataluna\/\" class=\"more-link\">Seguir leyendo <span class=\"screen-reader-text\">Proyecto Museo Ambulante. Escuelas de centros penitenciarios y centros educativos de justicia juvenil de Catalu\u00f1a<\/span> <span class=\"meta-nav\">&rarr;<\/span><\/a><\/p>\n","protected":false},"author":1,"featured_media":0,"parent":0,"menu_order":0,"comment_status":"closed","ping_status":"closed","template":"","meta":{"footnotes":""},"class_list":["post-1153","page","type-page","status-publish","hentry"],"_links":{"self":[{"href":"https:\/\/martaberrocal.org\/es\/wp-json\/wp\/v2\/pages\/1153","targetHints":{"allow":["GET"]}}],"collection":[{"href":"https:\/\/martaberrocal.org\/es\/wp-json\/wp\/v2\/pages"}],"about":[{"href":"https:\/\/martaberrocal.org\/es\/wp-json\/wp\/v2\/types\/page"}],"author":[{"embeddable":true,"href":"https:\/\/martaberrocal.org\/es\/wp-json\/wp\/v2\/users\/1"}],"replies":[{"embeddable":true,"href":"https:\/\/martaberrocal.org\/es\/wp-json\/wp\/v2\/comments?post=1153"}],"version-history":[{"count":7,"href":"https:\/\/martaberrocal.org\/es\/wp-json\/wp\/v2\/pages\/1153\/revisions"}],"predecessor-version":[{"id":2487,"href":"https:\/\/martaberrocal.org\/es\/wp-json\/wp\/v2\/pages\/1153\/revisions\/2487"}],"wp:attachment":[{"href":"https:\/\/martaberrocal.org\/es\/wp-json\/wp\/v2\/media?parent=1153"}],"curies":[{"name":"wp","href":"https:\/\/api.w.org\/{rel}","templated":true}]}}