
{"id":1168,"date":"2016-08-05T09:27:27","date_gmt":"2016-08-05T09:27:27","guid":{"rendered":"http:\/\/martaberrocal.org\/es\/?page_id=1168"},"modified":"2017-02-24T10:07:03","modified_gmt":"2017-02-24T10:07:03","slug":"kitscaixa-hospital","status":"publish","type":"page","link":"https:\/\/martaberrocal.org\/es\/kitscaixa-hospital\/","title":{"rendered":"Kitscaixa hospital"},"content":{"rendered":"<p>&nbsp;<\/p>\n<p>Haber participado en la conceptualizaci\u00f3n de los materiales did\u00e1cticos de una de las cajas tem\u00e1ticas del <a href=\"https:\/\/martaberrocal.org\/es\/?page_id=1121\">KitsCaixa Hospitales<\/a>, dirigido a ni\u00f1os hospitalizados, me dio la oportunidad de realizar sesiones de formaci\u00f3n dirigidas a los grupos de voluntarios que dinamizan las <strong>CiberCaixa Hospitalarias<\/strong>, con el objetivo de que conocieran los recursos did\u00e1cticos del Kit y pudieran usarlos.<\/p>\n<p><img loading=\"lazy\" decoding=\"async\" class=\"wp-image-1645 alignleft\" src=\"https:\/\/martaberrocal.org\/es\/wp-content\/uploads\/2016\/08\/R-DSC03785-Copiar-300x300.jpg\" alt=\"r-dsc03785-copiar\" width=\"154\" height=\"154\" srcset=\"https:\/\/martaberrocal.org\/es\/wp-content\/uploads\/2016\/08\/R-DSC03785-Copiar-300x300.jpg 300w, https:\/\/martaberrocal.org\/es\/wp-content\/uploads\/2016\/08\/R-DSC03785-Copiar-150x150.jpg 150w, https:\/\/martaberrocal.org\/es\/wp-content\/uploads\/2016\/08\/R-DSC03785-Copiar.jpg 328w\" sizes=\"auto, (max-width: 154px) 100vw, 154px\" \/><\/p>\n<p>Las <strong>CiberCaixa Hospitalarias<\/strong> son espacios situados en los hospitales, dise\u00f1ados espec\u00edficamente para que los ni\u00f1os y ni\u00f1as puedan relacionarse entre ellos y con sus familiares, en un entorno de entretenimiento, comunicaci\u00f3n y aprendizaje. Intentan contribuir a reducir el impacto de la hospitalizaci\u00f3n tanto en los menores como en sus familias. Este proyecto se inscribe dentro de las iniciativas que <strong>la Obra Social \u201cla Caixa<\/strong>\u201d lleva a cabo en colaboraci\u00f3n con las Consejer\u00edas de Sanidad de las diferentes comunidades aut\u00f3nomas.<\/p>\n<p>La formaci\u00f3n me permiti\u00f3 viajar en 2007 y 2008 a los principales hospitales de referencia de toda Espa\u00f1a que disponen de una Ciberaula, y conocer a las personas que desinteresadamente comparten su tiempo con los ni\u00f1os.<\/p>\n<p>El voluntariado tiene un perfil muy diverso y pude trabajar con grupos de personas de la tercera edad, trabajadores corporativos de la entidad bancaria \u201cLa Caixa\u201d, j\u00f3venes pertenecientes a entidades sociales, maestros, etc.<\/p>\n<p>La experiencia profesional y personal fue fant\u00e1stica y despert\u00f3 en m\u00ed un intenso deseo de poder seguir contribuyendo de alguna manera al bienestar de los ni\u00f1os hospitalizados. En las sesiones de formaci\u00f3n no s\u00f3lo nos dedicamos a descubrir los materiales del kit y las posibilidades de ponerlos en juego, abordamos tambi\u00e9n cuestiones relacionadas con las emociones que experimentan los voluntarios en\u00a0contacto con los ni\u00f1os y\u00a0 sobre las que experimentan los propios ni\u00f1os y sus familias.<\/p>\n<p>Compart\u00ed con todos los voluntarios momentos entra\u00f1ables y recuerdo muchas an\u00e9cdotas de este tour hospitalario. Encontr\u00e9 personas especialmente amables, creativas, altruistas, sensibles y cari\u00f1osas y aprend\u00ed much\u00edsimo de todas ellas.<\/p>\n<p>Tambi\u00e9n sent\u00ed tristeza en muchos momentos. Los hospitales no gustan a nadie y los rostros de las personas que en ellos encuentras denotan much\u00edsimas veces preocupaci\u00f3n, cansancio, angustia, tristeza, resignaci\u00f3n, etc. Tambi\u00e9n esperanza.<\/p>\n<p>Transitar por los pasillos y las salas de los hospitales, tratando de ofrecer una sonrisa reconfortante, se convirti\u00f3 en un peque\u00f1o objetivo personal, en todos los viajes.<\/p>\n<p>Los hospitales donde impart\u00ed formaci\u00f3n son:<\/p>\n<ul>\n<li>Hospital General Universitario de Elche<\/li>\n<li>Hospital Universitari Son Dureta, Palma de Mallorca<\/li>\n<li>Complexo Hospitalario de Ourense<\/li>\n<li>Hospital de Cabue\u00f1es, Gij\u00f3n<\/li>\n<li>Hospital Universitario Central de Asturias, Oviedo<\/li>\n<li>Hospital San Pedro de Alc\u00e1ntara, C\u00e1ceres<\/li>\n<li>Hospital Universitario de Guadalajara<\/li>\n<li>Hospital Universitario La Paz o \u00a0Ni\u00f1o Jes\u00fas (no me acuerdo\u00a0ahora exactamente), Madrid<\/li>\n<li>Hospital Universitario Miguel Servet, Zaragoza<\/li>\n<li>Hospital Universitario Donostia, San Sebasti\u00e1n<\/li>\n<li>Hospital Universitario Reina Sof\u00eda, C\u00f3rdoba<\/li>\n<li>Hospital Universitario Virgen del Roc\u00edo, Sevilla<\/li>\n<li>Hospital Universitario Materno-infantil de Gran Canaria, Las Palmas de Gran Canaria<\/li>\n<li>Hospital General de Fuerteventura Virgen de la Pe\u00f1a, Fuerteventura<\/li>\n<li>Hospital Universitario Doctor Josep Trueta, Girona<\/li>\n<li>Hospital General Universitari de Castell\u00f3n de la Plana<\/li>\n<li>Consorci Hospital General Universitari, Valencia<\/li>\n<li>Hospital Universitari Vall d\u2019Hebron, Barcelona<\/li>\n<\/ul>\n<p>&nbsp;<\/p>\n<p>&nbsp;<\/p>\n","protected":false},"excerpt":{"rendered":"<p>&nbsp; Haber participado en la conceptualizaci\u00f3n de los materiales did\u00e1cticos de una de las cajas tem\u00e1ticas del KitsCaixa Hospitales, dirigido a ni\u00f1os hospitalizados, me dio la oportunidad de realizar sesiones de formaci\u00f3n dirigidas a los grupos de voluntarios que dinamizan las CiberCaixa Hospitalarias, con el objetivo de que conocieran los recursos did\u00e1cticos del Kit y &hellip; <a href=\"https:\/\/martaberrocal.org\/es\/kitscaixa-hospital\/\" class=\"more-link\">Seguir leyendo <span class=\"screen-reader-text\">Kitscaixa hospital<\/span> <span class=\"meta-nav\">&rarr;<\/span><\/a><\/p>\n","protected":false},"author":1,"featured_media":0,"parent":0,"menu_order":0,"comment_status":"closed","ping_status":"closed","template":"","meta":{"footnotes":""},"class_list":["post-1168","page","type-page","status-publish","hentry"],"_links":{"self":[{"href":"https:\/\/martaberrocal.org\/es\/wp-json\/wp\/v2\/pages\/1168","targetHints":{"allow":["GET"]}}],"collection":[{"href":"https:\/\/martaberrocal.org\/es\/wp-json\/wp\/v2\/pages"}],"about":[{"href":"https:\/\/martaberrocal.org\/es\/wp-json\/wp\/v2\/types\/page"}],"author":[{"embeddable":true,"href":"https:\/\/martaberrocal.org\/es\/wp-json\/wp\/v2\/users\/1"}],"replies":[{"embeddable":true,"href":"https:\/\/martaberrocal.org\/es\/wp-json\/wp\/v2\/comments?post=1168"}],"version-history":[{"count":6,"href":"https:\/\/martaberrocal.org\/es\/wp-json\/wp\/v2\/pages\/1168\/revisions"}],"predecessor-version":[{"id":2448,"href":"https:\/\/martaberrocal.org\/es\/wp-json\/wp\/v2\/pages\/1168\/revisions\/2448"}],"wp:attachment":[{"href":"https:\/\/martaberrocal.org\/es\/wp-json\/wp\/v2\/media?parent=1168"}],"curies":[{"name":"wp","href":"https:\/\/api.w.org\/{rel}","templated":true}]}}