
{"id":131,"date":"2016-05-18T10:39:25","date_gmt":"2016-05-18T10:39:25","guid":{"rendered":"http:\/\/marta.ecoresiduos.es\/?page_id=131"},"modified":"2017-08-16T10:00:29","modified_gmt":"2017-08-16T10:00:29","slug":"chaleco-del-naturalista","status":"publish","type":"page","link":"https:\/\/martaberrocal.org\/es\/chaleco-del-naturalista\/","title":{"rendered":"Chaleco del naturalista"},"content":{"rendered":"<p>&nbsp;<\/p>\n<figure id=\"attachment_45\" aria-describedby=\"caption-attachment-45\" style=\"width: 213px\" class=\"wp-caption alignleft\"><img loading=\"lazy\" decoding=\"async\" class=\"wp-image-45 size-medium\" src=\"https:\/\/martaberrocal.org\/es\/wp-content\/uploads\/2016\/05\/armilla-retallada-213x300.jpg\" alt=\"Chaleco del Naturalista\" width=\"213\" height=\"300\" srcset=\"https:\/\/martaberrocal.org\/es\/wp-content\/uploads\/2016\/05\/armilla-retallada-213x300.jpg 213w, https:\/\/martaberrocal.org\/es\/wp-content\/uploads\/2016\/05\/armilla-retallada-768x1080.jpg 768w, https:\/\/martaberrocal.org\/es\/wp-content\/uploads\/2016\/05\/armilla-retallada-728x1024.jpg 728w, https:\/\/martaberrocal.org\/es\/wp-content\/uploads\/2016\/05\/armilla-retallada-1200x1688.jpg 1200w, https:\/\/martaberrocal.org\/es\/wp-content\/uploads\/2016\/05\/armilla-retallada.jpg 1728w\" sizes=\"auto, (max-width: 213px) 100vw, 213px\" \/><figcaption id=\"caption-attachment-45\" class=\"wp-caption-text\">Chaleco del Naturalista<\/figcaption><\/figure>\n<p><strong>\u00a0<\/strong><\/p>\n<p>El <strong>Chaleco del Naturalista<\/strong><span lang=\"ES\"><span style=\"color: #000000;\"> es un proyecto realizado para el Jard\u00edn <a href=\"http:\/\/museuciencies.cat\/es\/visitanos\/jardi-botanic\/\" target=\"_blank\" rel=\"noopener\">Bot\u00e1nico de Barcelona<\/a>. <\/span>Naci\u00f3 en el a\u00f1o 2007 y ha estado a disposici\u00f3n de los visitantes del Jard\u00edn durante 10 a\u00f1os. <\/span><\/p>\n<p><span lang=\"ES\">A principios del 2017 un nuevo proyecto, inspirado en \u00e9l, lo ha reemplazado: \u00a0<strong><a href=\"http:\/\/museuciencies.cat\/es\/visitanos\/jardi-botanic\/serveis\/mochila-naturalistas\/\" target=\"_blank\" rel=\"noopener\"><span style=\"color: #800080;\">Mochila para naturalistas<\/span><\/a>.\u00a0<\/strong><\/span> Tengo la impresi\u00f3n de que algunos materiales originales del Chaleco han pasado ahora a ocupar un lugar en la Mochila y pervive a\u00fan su utilidad. Me complace que sea as\u00ed<\/p>\n<p><strong>El Chaleco<\/strong> estaba dirigido a familias con ni\u00f1os que visitaran el Jard\u00edn. Proporcionaba recursos para llevar a cabo de forma aut\u00f3noma y flexible, actividades\u00a0vinculadas a determinadas zonas del jard\u00edn, con el objetivo de jugar y aprender a la vez, de estimular el inter\u00e9s y el respeto por la naturaleza, la curiosidad, las ganas de saber, etc.<\/p>\n<p>Los diferentes bolsillos del chaleco conten\u00edan materiales diversos en su interior, muchos de ellos naturales y cuyo origen estaba en alguna zona del jard\u00edn. \u00a0Lo acompa\u00f1aba una gu\u00eda de actividades que proporcionaba indicaciones para llevarlas a cabo y tambi\u00e9n informaci\u00f3n sobre algunas cuestiones relacionadas con las especies vegetales o animales protagonistas de cada actividad. \u00a0La mayor parte de ellas invitaban a participar a todos los miembros de la familia, independientemente de la edad y algunas de ellas estaban concebidas a modo de juego para propiciar un paseo l\u00fadico y agradable.<\/p>\n<p>Se invitaba a los visitantes a utilizar algunos elementos como por ejemplo una lupa o un cuaderno de dibujo en cualquier momento del paseo.\u00a0 Otros, como una colecci\u00f3n de frutos de diversas especies de eucaliptus\u00a0o un juego de memoria para aparejar flores de gazanias se recomendaban utilizar en los lugares donde se ten\u00eda la oportunidad de observar en directo las especies que eran el centro de la actividad.<\/p>\n<p>Estas son im\u00e1genes de algunos de los materiales que conten\u00edan los bolsillos del chaleco:<\/p>\n<div id='gallery-1' class='gallery galleryid-131 gallery-columns-3 gallery-size-thumbnail'><figure class='gallery-item'>\n\t\t\t<div class='gallery-icon landscape'>\n\t\t\t\t<img loading=\"lazy\" decoding=\"async\" width=\"150\" height=\"150\" src=\"https:\/\/martaberrocal.org\/es\/wp-content\/uploads\/2016\/05\/material-armilla-013-Copiar-150x150.jpg\" class=\"attachment-thumbnail size-thumbnail\" alt=\"\" aria-describedby=\"gallery-1-448\" \/>\n\t\t\t<\/div>\n\t\t\t\t<figcaption class='wp-caption-text gallery-caption' id='gallery-1-448'>\n\t\t\t\tAverigua la edad de los \u00e1rboles \n\t\t\t\t<\/figcaption><\/figure><figure class='gallery-item'>\n\t\t\t<div class='gallery-icon portrait'>\n\t\t\t\t<img loading=\"lazy\" decoding=\"async\" width=\"150\" height=\"150\" src=\"https:\/\/martaberrocal.org\/es\/wp-content\/uploads\/2016\/05\/material-armilla-014-Copiar-150x150.jpg\" class=\"attachment-thumbnail size-thumbnail\" alt=\"\" aria-describedby=\"gallery-1-449\" \/>\n\t\t\t<\/div>\n\t\t\t\t<figcaption class='wp-caption-text gallery-caption' id='gallery-1-449'>\n\t\t\t\tDibuja en el cuaderno\n\t\t\t\t<\/figcaption><\/figure><figure class='gallery-item'>\n\t\t\t<div class='gallery-icon landscape'>\n\t\t\t\t<img loading=\"lazy\" decoding=\"async\" width=\"150\" height=\"150\" src=\"https:\/\/martaberrocal.org\/es\/wp-content\/uploads\/2016\/05\/material-armilla-022-Copiar-150x150.jpg\" class=\"attachment-thumbnail size-thumbnail\" alt=\"\" aria-describedby=\"gallery-1-450\" \/>\n\t\t\t<\/div>\n\t\t\t\t<figcaption class='wp-caption-text gallery-caption' id='gallery-1-450'>\n\t\t\t\tEncaja las hojas\n\t\t\t\t<\/figcaption><\/figure><figure class='gallery-item'>\n\t\t\t<div class='gallery-icon portrait'>\n\t\t\t\t<img loading=\"lazy\" decoding=\"async\" width=\"150\" height=\"150\" src=\"https:\/\/martaberrocal.org\/es\/wp-content\/uploads\/2016\/05\/material-armilla-035-Copiar-150x150.jpg\" class=\"attachment-thumbnail size-thumbnail\" alt=\"\" aria-describedby=\"gallery-1-451\" \/>\n\t\t\t<\/div>\n\t\t\t\t<figcaption class='wp-caption-text gallery-caption' id='gallery-1-451'>\n\t\t\t\tApareja flores y frutos\n\t\t\t\t<\/figcaption><\/figure><figure class='gallery-item'>\n\t\t\t<div class='gallery-icon portrait'>\n\t\t\t\t<img loading=\"lazy\" decoding=\"async\" width=\"150\" height=\"150\" src=\"https:\/\/martaberrocal.org\/es\/wp-content\/uploads\/2016\/05\/material-armilla-040-Copiar-150x150.jpg\" class=\"attachment-thumbnail size-thumbnail\" alt=\"\" aria-describedby=\"gallery-1-452\" \/>\n\t\t\t<\/div>\n\t\t\t\t<figcaption class='wp-caption-text gallery-caption' id='gallery-1-452'>\n\t\t\t\tFrutos de eucaliptus\n\t\t\t\t<\/figcaption><\/figure><figure class='gallery-item'>\n\t\t\t<div class='gallery-icon landscape'>\n\t\t\t\t<img loading=\"lazy\" decoding=\"async\" width=\"150\" height=\"150\" src=\"https:\/\/martaberrocal.org\/es\/wp-content\/uploads\/2016\/05\/material-armilla-043-Copiar-150x150.jpg\" class=\"attachment-thumbnail size-thumbnail\" alt=\"\" aria-describedby=\"gallery-1-453\" \/>\n\t\t\t<\/div>\n\t\t\t\t<figcaption class='wp-caption-text gallery-caption' id='gallery-1-453'>\n\t\t\t\tLos caracoles del jard\u00edn\n\t\t\t\t<\/figcaption><\/figure>\n\t\t<\/div>\n\n<p>&nbsp;<\/p>\n<hr \/>\n<p>En el a\u00f1o 2009 el <strong>Chaleco<\/strong> inspir\u00f3 el \u201c<strong>Guardapits del Bot\u00e0nic<\/strong>\u201d, que pusieron en marcha desde el departamento de educaci\u00f3n del <a href=\"http:\/\/www.jardibotanicdesoller.org\/es\/jbs.php\" target=\"_blank\" rel=\"noopener\">Jard\u00edn Bot\u00e1nico de S\u00f3ller<\/a>, en Mallorca, con motivo de la celebraci\u00f3n del a\u00f1o Darwin.<\/p>\n<p>Conservo esta rese\u00f1a:<\/p>\n<p><img loading=\"lazy\" decoding=\"async\" class=\"aligncenter wp-image-3963\" src=\"https:\/\/martaberrocal.org\/es\/wp-content\/uploads\/guardapits-botanic-soller.png\" alt=\"\" width=\"506\" height=\"511\" srcset=\"https:\/\/martaberrocal.org\/es\/wp-content\/uploads\/guardapits-botanic-soller.png 690w, https:\/\/martaberrocal.org\/es\/wp-content\/uploads\/guardapits-botanic-soller-150x150.png 150w, https:\/\/martaberrocal.org\/es\/wp-content\/uploads\/guardapits-botanic-soller-297x300.png 297w\" sizes=\"auto, (max-width: 506px) 100vw, 506px\" \/><\/p>\n<p>&nbsp;<\/p>\n<p>En 2017 el \u201c<a href=\"http:\/\/www.jardibotanicdesoller.org\/userFiles\/File\/actividades\/Publicacin1.pdf\" target=\"_blank\" rel=\"noopener\"><strong>Guardapits del Bot\u00e0nic<\/strong><\/a>\u201d sigue en funcionamiento en S\u00f3ller. Creo que en alg\u00fan momento han revisado materiales y probablemente contenidos y han introducido algunos cambios en relaci\u00f3n\u00a0 al original, producido en 2009.<\/p>\n<p>&nbsp;<\/p>\n","protected":false},"excerpt":{"rendered":"<p>&nbsp; \u00a0 El Chaleco del Naturalista es un proyecto realizado para el Jard\u00edn Bot\u00e1nico de Barcelona. Naci\u00f3 en el a\u00f1o 2007 y ha estado a disposici\u00f3n de los visitantes del Jard\u00edn durante 10 a\u00f1os. A principios del 2017 un nuevo proyecto, inspirado en \u00e9l, lo ha reemplazado: \u00a0Mochila para naturalistas.\u00a0 Tengo la impresi\u00f3n de que &hellip; <a href=\"https:\/\/martaberrocal.org\/es\/chaleco-del-naturalista\/\" class=\"more-link\">Seguir leyendo <span class=\"screen-reader-text\">Chaleco del naturalista<\/span> <span class=\"meta-nav\">&rarr;<\/span><\/a><\/p>\n","protected":false},"author":1,"featured_media":0,"parent":0,"menu_order":0,"comment_status":"closed","ping_status":"closed","template":"","meta":{"footnotes":""},"class_list":["post-131","page","type-page","status-publish","hentry"],"_links":{"self":[{"href":"https:\/\/martaberrocal.org\/es\/wp-json\/wp\/v2\/pages\/131","targetHints":{"allow":["GET"]}}],"collection":[{"href":"https:\/\/martaberrocal.org\/es\/wp-json\/wp\/v2\/pages"}],"about":[{"href":"https:\/\/martaberrocal.org\/es\/wp-json\/wp\/v2\/types\/page"}],"author":[{"embeddable":true,"href":"https:\/\/martaberrocal.org\/es\/wp-json\/wp\/v2\/users\/1"}],"replies":[{"embeddable":true,"href":"https:\/\/martaberrocal.org\/es\/wp-json\/wp\/v2\/comments?post=131"}],"version-history":[{"count":12,"href":"https:\/\/martaberrocal.org\/es\/wp-json\/wp\/v2\/pages\/131\/revisions"}],"predecessor-version":[{"id":3976,"href":"https:\/\/martaberrocal.org\/es\/wp-json\/wp\/v2\/pages\/131\/revisions\/3976"}],"wp:attachment":[{"href":"https:\/\/martaberrocal.org\/es\/wp-json\/wp\/v2\/media?parent=131"}],"curies":[{"name":"wp","href":"https:\/\/api.w.org\/{rel}","templated":true}]}}