
{"id":135,"date":"2016-05-18T10:42:45","date_gmt":"2016-05-18T10:42:45","guid":{"rendered":"http:\/\/marta.ecoresiduos.es\/?page_id=135"},"modified":"2016-10-23T16:27:10","modified_gmt":"2016-10-23T16:27:10","slug":"drago-dragonet","status":"publish","type":"page","link":"https:\/\/martaberrocal.org\/es\/drago-dragonet\/","title":{"rendered":"Drag\u00f3 Dragonet"},"content":{"rendered":"<p>&nbsp;<\/p>\n<p><img loading=\"lazy\" decoding=\"async\" class=\"size-medium wp-image-396 alignleft\" src=\"https:\/\/martaberrocal.org\/es\/wp-content\/uploads\/2016\/05\/DSC03781-Copiar-225x300.jpg\" alt=\"DSC03781 (Copiar)\" width=\"225\" height=\"300\" srcset=\"https:\/\/martaberrocal.org\/es\/wp-content\/uploads\/2016\/05\/DSC03781-Copiar-225x300.jpg 225w, https:\/\/martaberrocal.org\/es\/wp-content\/uploads\/2016\/05\/DSC03781-Copiar.jpg 360w\" sizes=\"auto, (max-width: 225px) 100vw, 225px\" \/><\/p>\n<p>&nbsp;<\/p>\n<p>&nbsp;<\/p>\n<p>&nbsp;<\/p>\n<p>&nbsp;<\/p>\n<p>&nbsp;<\/p>\n<p>&nbsp;<\/p>\n<p>&nbsp;<\/p>\n<p><strong>Drag\u00f3 Dragonet<\/strong> es un proyecto realizado para el Museu de Ci\u00e8ncies Naturals de Barcelona en el a\u00f1o 2005 cuando el museo estaba ubicado en el edificio conocido popularmente como el Castell dels Tres Dragons, obra del arquitecto Llu\u00eds Dom\u00e8nech i Montaner.<\/p>\n<p>El estuche ten\u00eda como objetivo proporcionar recursos atractivos a las familias con ni\u00f1os que visitaban de forma aut\u00f3noma la Sala de la Clasificaci\u00f3n del Reino Animal.\u00a0 Los materiales que conten\u00eda permit\u00edan llevar a cabo juegos, actividades de observaci\u00f3n, dibujos, etc. con la intenci\u00f3n de estimular la curiosidad por los seres vivos\u00a0y fomentar el deseo de conocerlos y respetarlos.<\/p>\n<p>Cuando el museo\u00a0se traslad\u00f3 a su nueva sede en el F\u00f3rum, en el a\u00f1o 2010, el proyecto se extingui\u00f3.<\/p>\n<p>&nbsp;<\/p>\n<div id='gallery-1' class='gallery galleryid-135 gallery-columns-3 gallery-size-thumbnail'><figure class='gallery-item'>\n\t\t\t<div class='gallery-icon landscape'>\n\t\t\t\t<img loading=\"lazy\" decoding=\"async\" width=\"150\" height=\"150\" src=\"https:\/\/martaberrocal.org\/es\/wp-content\/uploads\/2016\/05\/foto-caixa-provisional-020-Copiar-150x150.jpg\" class=\"attachment-thumbnail size-thumbnail\" alt=\"\" aria-describedby=\"gallery-1-399\" \/>\n\t\t\t<\/div>\n\t\t\t\t<figcaption class='wp-caption-text gallery-caption' id='gallery-1-399'>\n\t\t\t\tMateriales del estuche\n\t\t\t\t<\/figcaption><\/figure><figure class='gallery-item'>\n\t\t\t<div class='gallery-icon landscape'>\n\t\t\t\t<img loading=\"lazy\" decoding=\"async\" width=\"150\" height=\"150\" src=\"https:\/\/martaberrocal.org\/es\/wp-content\/uploads\/2016\/05\/elements-caixa-011-Copiar-150x150.jpg\" class=\"attachment-thumbnail size-thumbnail\" alt=\"\" aria-describedby=\"gallery-1-398\" \/>\n\t\t\t<\/div>\n\t\t\t\t<figcaption class='wp-caption-text gallery-caption' id='gallery-1-398'>\n\t\t\t\tColoraciones: camuflaje y advertencia\n\t\t\t\t<\/figcaption><\/figure><figure class='gallery-item'>\n\t\t\t<div class='gallery-icon landscape'>\n\t\t\t\t<img loading=\"lazy\" decoding=\"async\" width=\"150\" height=\"150\" src=\"https:\/\/martaberrocal.org\/es\/wp-content\/uploads\/2016\/05\/21-febrer-06-032-Copiar-150x150.jpg\" class=\"attachment-thumbnail size-thumbnail\" alt=\"\" aria-describedby=\"gallery-1-389\" \/>\n\t\t\t<\/div>\n\t\t\t\t<figcaption class='wp-caption-text gallery-caption' id='gallery-1-389'>\n\t\t\t\tObserva con la lupa\n\t\t\t\t<\/figcaption><\/figure><figure class='gallery-item'>\n\t\t\t<div class='gallery-icon landscape'>\n\t\t\t\t<img loading=\"lazy\" decoding=\"async\" width=\"150\" height=\"150\" src=\"https:\/\/martaberrocal.org\/es\/wp-content\/uploads\/2016\/05\/21-febrer-06-046-Copiar-150x150.jpg\" class=\"attachment-thumbnail size-thumbnail\" alt=\"\" aria-describedby=\"gallery-1-394\" \/>\n\t\t\t<\/div>\n\t\t\t\t<figcaption class='wp-caption-text gallery-caption' id='gallery-1-394'>\n\t\t\t\tMariposas y orugas\n\t\t\t\t<\/figcaption><\/figure><figure class='gallery-item'>\n\t\t\t<div class='gallery-icon landscape'>\n\t\t\t\t<img loading=\"lazy\" decoding=\"async\" width=\"150\" height=\"150\" src=\"https:\/\/martaberrocal.org\/es\/wp-content\/uploads\/2016\/05\/21-febrer-06-033-Copiar-150x150.jpg\" class=\"attachment-thumbnail size-thumbnail\" alt=\"\" aria-describedby=\"gallery-1-390\" \/>\n\t\t\t<\/div>\n\t\t\t\t<figcaption class='wp-caption-text gallery-caption' id='gallery-1-390'>\n\t\t\t\tEncuentra las diferencias\n\t\t\t\t<\/figcaption><\/figure><figure class='gallery-item'>\n\t\t\t<div class='gallery-icon landscape'>\n\t\t\t\t<img loading=\"lazy\" decoding=\"async\" width=\"150\" height=\"150\" src=\"https:\/\/martaberrocal.org\/es\/wp-content\/uploads\/2016\/05\/21-febrer-06-044-Copiar-150x150.jpg\" class=\"attachment-thumbnail size-thumbnail\" alt=\"\" aria-describedby=\"gallery-1-393\" \/>\n\t\t\t<\/div>\n\t\t\t\t<figcaption class='wp-caption-text gallery-caption' id='gallery-1-393'>\n\t\t\t\tApareja esqueletos marinos\n\t\t\t\t<\/figcaption><\/figure>\n\t\t<\/div>\n\n<p>&nbsp;<\/p>\n","protected":false},"excerpt":{"rendered":"<p>&nbsp; &nbsp; &nbsp; &nbsp; &nbsp; &nbsp; &nbsp; &nbsp; Drag\u00f3 Dragonet es un proyecto realizado para el Museu de Ci\u00e8ncies Naturals de Barcelona en el a\u00f1o 2005 cuando el museo estaba ubicado en el edificio conocido popularmente como el Castell dels Tres Dragons, obra del arquitecto Llu\u00eds Dom\u00e8nech i Montaner. El estuche ten\u00eda como objetivo proporcionar &hellip; <a href=\"https:\/\/martaberrocal.org\/es\/drago-dragonet\/\" class=\"more-link\">Seguir leyendo <span class=\"screen-reader-text\">Drag\u00f3 Dragonet<\/span> <span class=\"meta-nav\">&rarr;<\/span><\/a><\/p>\n","protected":false},"author":1,"featured_media":0,"parent":0,"menu_order":0,"comment_status":"closed","ping_status":"closed","template":"","meta":{"footnotes":""},"class_list":["post-135","page","type-page","status-publish","hentry"],"_links":{"self":[{"href":"https:\/\/martaberrocal.org\/es\/wp-json\/wp\/v2\/pages\/135","targetHints":{"allow":["GET"]}}],"collection":[{"href":"https:\/\/martaberrocal.org\/es\/wp-json\/wp\/v2\/pages"}],"about":[{"href":"https:\/\/martaberrocal.org\/es\/wp-json\/wp\/v2\/types\/page"}],"author":[{"embeddable":true,"href":"https:\/\/martaberrocal.org\/es\/wp-json\/wp\/v2\/users\/1"}],"replies":[{"embeddable":true,"href":"https:\/\/martaberrocal.org\/es\/wp-json\/wp\/v2\/comments?post=135"}],"version-history":[{"count":3,"href":"https:\/\/martaberrocal.org\/es\/wp-json\/wp\/v2\/pages\/135\/revisions"}],"predecessor-version":[{"id":1395,"href":"https:\/\/martaberrocal.org\/es\/wp-json\/wp\/v2\/pages\/135\/revisions\/1395"}],"wp:attachment":[{"href":"https:\/\/martaberrocal.org\/es\/wp-json\/wp\/v2\/media?parent=135"}],"curies":[{"name":"wp","href":"https:\/\/api.w.org\/{rel}","templated":true}]}}