
{"id":1357,"date":"2016-10-22T15:51:20","date_gmt":"2016-10-22T15:51:20","guid":{"rendered":"http:\/\/martaberrocal.org\/es\/?page_id=1357"},"modified":"2016-10-26T17:26:47","modified_gmt":"2016-10-26T17:26:47","slug":"cultura-del-vino","status":"publish","type":"page","link":"https:\/\/martaberrocal.org\/es\/cultura-del-vino\/","title":{"rendered":"Cultura del vino"},"content":{"rendered":"<p>&nbsp;<\/p>\n<p><strong>Tast de Vinseum, <\/strong><strong>Qu\u00e8 hi ha dins una copa de vi?<\/strong> es un proyecto realizado en 2008 para el Museu de les Cultures del Vi de Catalunya, <a href=\"http:\/\/www.vinseum.cat\/\">VINSEUM<\/a>.<\/p>\n<p>El encargo consisti\u00f3 en la conceptualizaci\u00f3n, dise\u00f1o y elaboraci\u00f3n de los materiales did\u00e1cticos de soporte, del taller transdisciplinar: <strong>\u201cQu\u00e8 hi ha dins una copa de vi\u201d<\/strong>. \u00a0Est\u00e1 dirigido a alumnos de educaci\u00f3n secundaria, con el objetivo de dinamizar actividades conectadas con diversas \u00e1reas de conocimiento, en torno a los diferentes \u00e1mbitos en que se estructura la exposici\u00f3n permanente del museo. Las actividades permiten establecer una competici\u00f3n por equipos con el objetivo de responder acertadamente a las cuestiones que el juego plantea.<\/p>\n<figure id=\"attachment_350\" aria-describedby=\"caption-attachment-350\" style=\"width: 186px\" class=\"wp-caption alignnone\"><a href=\"https:\/\/martaberrocal.org\/es\/wp-content\/uploads\/2016\/05\/tauler-joc.png\"><img loading=\"lazy\" decoding=\"async\" class=\"wp-image-350 size-medium\" src=\"https:\/\/martaberrocal.org\/es\/wp-content\/uploads\/2016\/05\/tauler-joc-186x300.png\" alt=\"Tablero de juego Tast de Vinseum. Qu\u00e8 hi ha dins una copa de vi. \" width=\"186\" height=\"300\" srcset=\"https:\/\/martaberrocal.org\/es\/wp-content\/uploads\/2016\/05\/tauler-joc-186x300.png 186w, https:\/\/martaberrocal.org\/es\/wp-content\/uploads\/2016\/05\/tauler-joc.png 456w\" sizes=\"auto, (max-width: 186px) 100vw, 186px\" \/><\/a><figcaption id=\"caption-attachment-350\" class=\"wp-caption-text\">Tablero de juego <strong>Tast de Vinseum. Qu\u00e8 hi ha dins una copa de vi?.<\/strong><\/figcaption><\/figure>\n<p>En alg\u00fan momento que desconozco el taller se dej\u00f3 de impartir.<\/p>\n","protected":false},"excerpt":{"rendered":"<p>&nbsp; Tast de Vinseum, Qu\u00e8 hi ha dins una copa de vi? es un proyecto realizado en 2008 para el Museu de les Cultures del Vi de Catalunya, VINSEUM. El encargo consisti\u00f3 en la conceptualizaci\u00f3n, dise\u00f1o y elaboraci\u00f3n de los materiales did\u00e1cticos de soporte, del taller transdisciplinar: \u201cQu\u00e8 hi ha dins una copa de vi\u201d. &hellip; <a href=\"https:\/\/martaberrocal.org\/es\/cultura-del-vino\/\" class=\"more-link\">Seguir leyendo <span class=\"screen-reader-text\">Cultura del vino<\/span> <span class=\"meta-nav\">&rarr;<\/span><\/a><\/p>\n","protected":false},"author":1,"featured_media":0,"parent":0,"menu_order":0,"comment_status":"closed","ping_status":"closed","template":"","meta":{"footnotes":""},"class_list":["post-1357","page","type-page","status-publish","hentry"],"_links":{"self":[{"href":"https:\/\/martaberrocal.org\/es\/wp-json\/wp\/v2\/pages\/1357","targetHints":{"allow":["GET"]}}],"collection":[{"href":"https:\/\/martaberrocal.org\/es\/wp-json\/wp\/v2\/pages"}],"about":[{"href":"https:\/\/martaberrocal.org\/es\/wp-json\/wp\/v2\/types\/page"}],"author":[{"embeddable":true,"href":"https:\/\/martaberrocal.org\/es\/wp-json\/wp\/v2\/users\/1"}],"replies":[{"embeddable":true,"href":"https:\/\/martaberrocal.org\/es\/wp-json\/wp\/v2\/comments?post=1357"}],"version-history":[{"count":4,"href":"https:\/\/martaberrocal.org\/es\/wp-json\/wp\/v2\/pages\/1357\/revisions"}],"predecessor-version":[{"id":1424,"href":"https:\/\/martaberrocal.org\/es\/wp-json\/wp\/v2\/pages\/1357\/revisions\/1424"}],"wp:attachment":[{"href":"https:\/\/martaberrocal.org\/es\/wp-json\/wp\/v2\/media?parent=1357"}],"curies":[{"name":"wp","href":"https:\/\/api.w.org\/{rel}","templated":true}]}}