
{"id":1506,"date":"2016-11-05T12:57:54","date_gmt":"2016-11-05T12:57:54","guid":{"rendered":"http:\/\/martaberrocal.org\/es\/?page_id=1506"},"modified":"2019-03-29T13:49:56","modified_gmt":"2019-03-29T13:49:56","slug":"contactar","status":"publish","type":"page","link":"https:\/\/martaberrocal.org\/es\/contactar\/","title":{"rendered":"Contactar"},"content":{"rendered":"<p>\u00a0<\/p>\n<p>Si quer\u00e9is contar conmigo para llevar a cabo un Proyecto EducArt\u00edstico o un Curso, Taller, Asesoramiento, etc., <strong>adaptado a vuestras necesidades,<\/strong> pod\u00e9is poneros en contacto conmigo a trav\u00e9s del correo:<\/p>\n<p style=\"text-align: center;\"><strong>\u00a0<a href=\"mailto:martolis2@gmail.com\">martolis2@gmail.com<\/a><\/strong><\/p>\n\n\n<p><\/p>\n","protected":false},"excerpt":{"rendered":"<p>\u00a0 Si quer\u00e9is contar conmigo para llevar a cabo un Proyecto EducArt\u00edstico o un Curso, Taller, Asesoramiento, etc., adaptado a vuestras necesidades, pod\u00e9is poneros en contacto conmigo a trav\u00e9s del correo: \u00a0martolis2@gmail.com<\/p>\n","protected":false},"author":1,"featured_media":0,"parent":0,"menu_order":0,"comment_status":"closed","ping_status":"closed","template":"","meta":{"footnotes":""},"class_list":["post-1506","page","type-page","status-publish","hentry"],"_links":{"self":[{"href":"https:\/\/martaberrocal.org\/es\/wp-json\/wp\/v2\/pages\/1506","targetHints":{"allow":["GET"]}}],"collection":[{"href":"https:\/\/martaberrocal.org\/es\/wp-json\/wp\/v2\/pages"}],"about":[{"href":"https:\/\/martaberrocal.org\/es\/wp-json\/wp\/v2\/types\/page"}],"author":[{"embeddable":true,"href":"https:\/\/martaberrocal.org\/es\/wp-json\/wp\/v2\/users\/1"}],"replies":[{"embeddable":true,"href":"https:\/\/martaberrocal.org\/es\/wp-json\/wp\/v2\/comments?post=1506"}],"version-history":[{"count":14,"href":"https:\/\/martaberrocal.org\/es\/wp-json\/wp\/v2\/pages\/1506\/revisions"}],"predecessor-version":[{"id":6391,"href":"https:\/\/martaberrocal.org\/es\/wp-json\/wp\/v2\/pages\/1506\/revisions\/6391"}],"wp:attachment":[{"href":"https:\/\/martaberrocal.org\/es\/wp-json\/wp\/v2\/media?parent=1506"}],"curies":[{"name":"wp","href":"https:\/\/api.w.org\/{rel}","templated":true}]}}